{"id":93,"date":"2016-07-18T15:48:59","date_gmt":"2016-07-18T13:48:59","guid":{"rendered":"http:\/\/hiphi.ubbcluj.ro\/fam\/morfologiapolitica\/?page_id=93"},"modified":"2016-11-21T13:56:28","modified_gmt":"2016-11-21T11:56:28","slug":"isidor-din-sevilla","status":"publish","type":"page","link":"https:\/\/hiphi.ubbcluj.ro\/fam\/morfologiapolitica\/instrumentum\/evul-mediu-timpuriu\/isidor-din-sevilla\/","title":{"rendered":"Isidor din Sevilla"},"content":{"rendered":"<p style=\"text-align: center;\"><a href=\"http:\/\/hiphi.ubbcluj.ro\/fam\/morfologiapolitica\/wp-content\/uploads\/2016\/07\/Isidor_von_Sevilla.jpeg.jpeg\"><img decoding=\"async\" loading=\"lazy\" class=\"alignnone wp-image-96 \" src=\"http:\/\/hiphi.ubbcluj.ro\/fam\/morfologiapolitica\/wp-content\/uploads\/2016\/07\/Isidor_von_Sevilla.jpeg.jpeg\" alt=\"Isidor_von_Sevilla.jpeg\" width=\"485\" height=\"540\" srcset=\"https:\/\/hiphi.ubbcluj.ro\/fam\/morfologiapolitica\/wp-content\/uploads\/2016\/07\/Isidor_von_Sevilla.jpeg.jpeg 690w, https:\/\/hiphi.ubbcluj.ro\/fam\/morfologiapolitica\/wp-content\/uploads\/2016\/07\/Isidor_von_Sevilla.jpeg-270x300.jpeg 270w\" sizes=\"(max-width: 485px) 100vw, 485px\" \/><\/a><\/p>\n<h6 style=\"text-align: center;\">Isidor din Sevilla, pictur\u0103 de\u00a0Bartolom\u00e9 Esteban Murillo (1655) (<a href=\"https:\/\/en.wikipedia.org\/wiki\/Isidore_of_Seville#\/media\/File:Isidor_von_Sevilla.jpeg\">sursa<\/a>).<\/h6>\n<p style=\"text-align: justify;\"><strong>(Sf\u00e2ntul) Isidor din Sevilla:<\/strong> s-a n\u0103scut \u00een Cartagena (Spania) \u00eentr-o familie apar\u021bin\u00e2nd aristocra\u021biei hispano-romane. Familia sa a fost foarte influent\u0103 \u0219i a jucat un rol important \u00een trecerea regatului vizigot de la arianism la catolicism. Educa\u021bia primar\u0103 \u00een cele \u0219apte arte, trivium \u0219i quadrivium, \u0219i-a f\u0103cut-o la Sevilla. Dup\u0103 moartea fratelui s\u0103u, Leandru de Sevilla, Isidor i-a urmat acestuia \u00een func\u021bia de arhiepiscop de Sevilla. De-a lungul carierei episcopale a participat \u0219i a prezidat c\u00e2teva concilii (Toledo, Sevilla) hot\u0103r\u00e2toare din punct de vedere politico-religios pentru Spania vizigot\u0103. At\u00e2t el c\u00e2t \u0219i fra\u021bii s\u0103i, Sf\u00e2ntul Leandru de Sevilla, Sf\u00e2ntul Fulgentius de Cartagena, Sf\u00e2nta Florentina, au fost sanctifica\u021bi de biserica catolic\u0103. Dintre lucr\u0103rile sale, cele mai importante sunt considerate <em>Etymologiae<\/em>, <em>De fide catholica contra Iudaeos<\/em>, <em>Historia de regibus Gothorum, Vandalorum et Suevorum<\/em>.<\/p>\n<p>&nbsp;<\/p>\n<p>&nbsp;<\/p>\n<p>&nbsp;<\/p>\n<p><strong>Context politic:<\/strong><\/p>\n<p>&nbsp;<\/p>\n<p>&nbsp;<\/p>\n<p>&nbsp;<\/p>\n<p style=\"text-align: center;\"><a href=\"http:\/\/hiphi.ubbcluj.ro\/fam\/morfologiapolitica\/wp-content\/uploads\/2016\/07\/Visigothic_Kingdom_586-711_map.png\"><img decoding=\"async\" loading=\"lazy\" class=\"alignnone wp-image-284 size-full\" src=\"http:\/\/hiphi.ubbcluj.ro\/fam\/morfologiapolitica\/wp-content\/uploads\/2016\/07\/Visigothic_Kingdom_586-711_map.png\" alt=\"visigothic_kingdom_586-711_map\" width=\"614\" height=\"480\" srcset=\"https:\/\/hiphi.ubbcluj.ro\/fam\/morfologiapolitica\/wp-content\/uploads\/2016\/07\/Visigothic_Kingdom_586-711_map.png 614w, https:\/\/hiphi.ubbcluj.ro\/fam\/morfologiapolitica\/wp-content\/uploads\/2016\/07\/Visigothic_Kingdom_586-711_map-300x235.png 300w\" sizes=\"(max-width: 614px) 100vw, 614px\" \/><\/a><\/p>\n<h6 style=\"text-align: center;\">Harta regatului vizigot (586-711) (<a href=\"https:\/\/commons.wikimedia.org\/wiki\/File:Visigothic_Kingdom_586-711_es.svg\">sursa<\/a>)<\/h6>\n<p><strong>Concepte: <\/strong><a href=\"http:\/\/hiphi.ubbcluj.ro\/fam\/morfologiapolitica\/instrumentum\/evul-mediu-timpuriu\/isidor-din-sevilla\/monarhie\/\">monarhie<\/a>, <a href=\"http:\/\/hiphi.ubbcluj.ro\/fam\/morfologiapolitica\/instrumentum\/evul-mediu-timpuriu\/isidor-din-sevilla\/tiranie\/\">tiranie<\/a>.<\/p>\n","protected":false},"excerpt":{"rendered":"<p>Isidor din Sevilla, pictur\u0103 de\u00a0Bartolom\u00e9 Esteban Murillo (1655) (sursa). (Sf\u00e2ntul) Isidor din Sevilla: s-a n\u0103scut \u00een Cartagena (Spania) \u00eentr-o familie apar\u021bin\u00e2nd aristocra\u021biei hispano-romane. Familia sa a fost foarte influent\u0103 \u0219i a jucat un rol important \u00een trecerea regatului vizigot de la arianism la catolicism. Educa\u021bia primar\u0103 \u00een cele \u0219apte arte, trivium \u0219i quadrivium, \u0219i-a f\u0103cut-o &hellip; <a href=\"https:\/\/hiphi.ubbcluj.ro\/fam\/morfologiapolitica\/instrumentum\/evul-mediu-timpuriu\/isidor-din-sevilla\/\" class=\"more-link\">Continue reading <span class=\"screen-reader-text\">Isidor din Sevilla<\/span> <span class=\"meta-nav\">&rarr;<\/span><\/a><\/p>\n","protected":false},"author":1,"featured_media":0,"parent":85,"menu_order":1,"comment_status":"closed","ping_status":"closed","template":"","meta":[],"_links":{"self":[{"href":"https:\/\/hiphi.ubbcluj.ro\/fam\/morfologiapolitica\/wp-json\/wp\/v2\/pages\/93"}],"collection":[{"href":"https:\/\/hiphi.ubbcluj.ro\/fam\/morfologiapolitica\/wp-json\/wp\/v2\/pages"}],"about":[{"href":"https:\/\/hiphi.ubbcluj.ro\/fam\/morfologiapolitica\/wp-json\/wp\/v2\/types\/page"}],"author":[{"embeddable":true,"href":"https:\/\/hiphi.ubbcluj.ro\/fam\/morfologiapolitica\/wp-json\/wp\/v2\/users\/1"}],"replies":[{"embeddable":true,"href":"https:\/\/hiphi.ubbcluj.ro\/fam\/morfologiapolitica\/wp-json\/wp\/v2\/comments?post=93"}],"version-history":[{"count":8,"href":"https:\/\/hiphi.ubbcluj.ro\/fam\/morfologiapolitica\/wp-json\/wp\/v2\/pages\/93\/revisions"}],"predecessor-version":[{"id":287,"href":"https:\/\/hiphi.ubbcluj.ro\/fam\/morfologiapolitica\/wp-json\/wp\/v2\/pages\/93\/revisions\/287"}],"up":[{"embeddable":true,"href":"https:\/\/hiphi.ubbcluj.ro\/fam\/morfologiapolitica\/wp-json\/wp\/v2\/pages\/85"}],"wp:attachment":[{"href":"https:\/\/hiphi.ubbcluj.ro\/fam\/morfologiapolitica\/wp-json\/wp\/v2\/media?parent=93"}],"curies":[{"name":"wp","href":"https:\/\/api.w.org\/{rel}","templated":true}]}}