{"id":9,"date":"2015-11-25T11:57:23","date_gmt":"2015-11-25T09:57:23","guid":{"rendered":"http:\/\/hiphi.ubbcluj.ro\/fam\/morfologiapolitica\/?page_id=9"},"modified":"2015-11-25T12:39:34","modified_gmt":"2015-11-25T10:39:34","slug":"descriere","status":"publish","type":"page","link":"https:\/\/hiphi.ubbcluj.ro\/fam\/morfologiapolitica\/descriere\/","title":{"rendered":"Descriere"},"content":{"rendered":"<p style=\"text-align: justify;\">Faptul c\u0103 ast\u0103zi analiza formelor politice se face utiliz\u00e2nd termeni precum democra\u0163ie, aristocra\u0163ie, monarhie, oligarhie sau tiranie se datoreaz\u0103 faptului c\u0103 a existat o teoretizare consistent\u0103 \u00een tradi\u0163ia filosofic\u0103 european\u0103, care a definit spa\u0163iul logic al fiec\u0103reia dintre aceste forme, a creat apoi o taxonomie sistematic\u0103 a acestor forme \u015fi a transmis aceste categorii prin epoci istorice diferite. \u00cen contextul contemporan, termenul de morfologie politic\u0103 este folosit \u00een terminologia geopolitic\u0103, dar cu sensul de morfologie teritorial\u0103. Ast\u0103zi, democra\u0163ia pare a fi forma politic\u0103 care concentreaz\u0103 cele mai multe teoretiz\u0103ri. Democra\u0163ia este \u00eens\u0103 parte a conceptului de morfologie politic\u0103 \u015fi se profileaz\u0103 ca una dintre formele politice care au fost configurate istoric. Sistemul general al formelor politice \u015fi transmiterea lor nu a f\u0103cut \u00eenc\u0103 obiectul unei cercet\u0103ri filosofice. A\u015fadar, proiectul nostru propune o reconstruc\u0163ie a conceptului de morfologie politic\u0103, plec\u00e2nd de la maniera \u00een care primele teoretiz\u0103ri ale posibilit\u0103\u0163ii de configurare a unor forme politice au circumscris c\u00e2mpul de reflec\u0163ie asupra acestui tip de morfologie prin analiza filosofic\u0103 a formelor de guvernare. De\u015fi urm\u0103re\u015fte sistematica morfologiei politice din antichitate p\u00e2n\u0103 \u00een Evul Mediu la \u00eenceputul secolului al XV-lea (c\u00e2nd, conform periodiz\u0103rii filosofiei politice \u00eencepe perioada modern\u0103 timpurie \u015fi cu excep\u0163ia privitoare la D. Cantemir \u2013 <a href=\"http:\/\/hiphi.ubbcluj.ro\/fam\/morfologiapolitica\/obiective\/\" target=\"_blank\">conform obiectivului IV<\/a>) extensia proiectului nu este deloc vast\u0103, deoarece el sec\u0163ioneaz\u0103 precis doar o singur\u0103 instan\u0163\u0103 textual\u0103 \u015fi ideatic\u0103: anume, teoria formelor de guvernare \u00een principalele doctrine de filozofie politic\u0103 din antichitate \u015fi Evul Mediu.<\/p>\n","protected":false},"excerpt":{"rendered":"<p>Faptul c\u0103 ast\u0103zi analiza formelor politice se face utiliz\u00e2nd termeni precum democra\u0163ie, aristocra\u0163ie, monarhie, oligarhie sau tiranie se datoreaz\u0103 faptului c\u0103 a existat o teoretizare consistent\u0103 \u00een tradi\u0163ia filosofic\u0103 european\u0103, care a definit spa\u0163iul logic al fiec\u0103reia dintre aceste forme, a creat apoi o taxonomie sistematic\u0103 a acestor forme \u015fi a transmis aceste categorii prin &hellip; <a href=\"https:\/\/hiphi.ubbcluj.ro\/fam\/morfologiapolitica\/descriere\/\" class=\"more-link\">Continue reading <span class=\"screen-reader-text\">Descriere<\/span> <span class=\"meta-nav\">&rarr;<\/span><\/a><\/p>\n","protected":false},"author":1,"featured_media":0,"parent":0,"menu_order":2,"comment_status":"closed","ping_status":"closed","template":"","meta":[],"_links":{"self":[{"href":"https:\/\/hiphi.ubbcluj.ro\/fam\/morfologiapolitica\/wp-json\/wp\/v2\/pages\/9"}],"collection":[{"href":"https:\/\/hiphi.ubbcluj.ro\/fam\/morfologiapolitica\/wp-json\/wp\/v2\/pages"}],"about":[{"href":"https:\/\/hiphi.ubbcluj.ro\/fam\/morfologiapolitica\/wp-json\/wp\/v2\/types\/page"}],"author":[{"embeddable":true,"href":"https:\/\/hiphi.ubbcluj.ro\/fam\/morfologiapolitica\/wp-json\/wp\/v2\/users\/1"}],"replies":[{"embeddable":true,"href":"https:\/\/hiphi.ubbcluj.ro\/fam\/morfologiapolitica\/wp-json\/wp\/v2\/comments?post=9"}],"version-history":[{"count":4,"href":"https:\/\/hiphi.ubbcluj.ro\/fam\/morfologiapolitica\/wp-json\/wp\/v2\/pages\/9\/revisions"}],"predecessor-version":[{"id":35,"href":"https:\/\/hiphi.ubbcluj.ro\/fam\/morfologiapolitica\/wp-json\/wp\/v2\/pages\/9\/revisions\/35"}],"wp:attachment":[{"href":"https:\/\/hiphi.ubbcluj.ro\/fam\/morfologiapolitica\/wp-json\/wp\/v2\/media?parent=9"}],"curies":[{"name":"wp","href":"https:\/\/api.w.org\/{rel}","templated":true}]}}