{"id":58,"date":"2016-07-17T15:18:34","date_gmt":"2016-07-17T13:18:34","guid":{"rendered":"http:\/\/hiphi.ubbcluj.ro\/fam\/morfologiapolitica\/?page_id=58"},"modified":"2016-11-19T02:00:06","modified_gmt":"2016-11-19T00:00:06","slug":"instrumentum","status":"publish","type":"page","link":"https:\/\/hiphi.ubbcluj.ro\/fam\/morfologiapolitica\/instrumentum\/","title":{"rendered":"Instrumentum (\u00een construc\u021bie)"},"content":{"rendered":"<table>\n<tbody>\n<tr>\n<td width=\"109\"><\/td>\n<td style=\"text-align: center;\" width=\"258\"><strong>Perioada<\/strong><\/td>\n<td style=\"text-align: center;\" width=\"271\"><strong>Autori (alfabetic)<\/strong><\/td>\n<\/tr>\n<tr>\n<td width=\"109\">\u00a0<img decoding=\"async\" loading=\"lazy\" class=\"size-medium wp-image-62 aligncenter\" src=\"http:\/\/hiphi.ubbcluj.ro\/fam\/morfologiapolitica\/wp-content\/uploads\/2016\/07\/01-300x282.jpg\" alt=\"01\" width=\"300\" height=\"282\" srcset=\"https:\/\/hiphi.ubbcluj.ro\/fam\/morfologiapolitica\/wp-content\/uploads\/2016\/07\/01-300x282.jpg 300w, https:\/\/hiphi.ubbcluj.ro\/fam\/morfologiapolitica\/wp-content\/uploads\/2016\/07\/01-1024x964.jpg 1024w, https:\/\/hiphi.ubbcluj.ro\/fam\/morfologiapolitica\/wp-content\/uploads\/2016\/07\/01.jpg 1880w\" sizes=\"(max-width: 300px) 100vw, 300px\" \/><\/td>\n<td style=\"text-align: center;\" width=\"258\"><a href=\"http:\/\/hiphi.ubbcluj.ro\/fam\/morfologiapolitica\/instrumentum\/perioada-presocratica\/\" target=\"_blank\">Presocratic\u0103<\/a><\/td>\n<td width=\"271\"><\/td>\n<\/tr>\n<tr>\n<td width=\"109\">\u00a0<a href=\"http:\/\/hiphi.ubbcluj.ro\/fam\/morfologiapolitica\/wp-content\/uploads\/2016\/07\/02.jpg\"><img decoding=\"async\" loading=\"lazy\" class=\"alignnone size-medium wp-image-63\" src=\"http:\/\/hiphi.ubbcluj.ro\/fam\/morfologiapolitica\/wp-content\/uploads\/2016\/07\/02-300x225.jpg\" alt=\"02\" width=\"300\" height=\"225\" srcset=\"https:\/\/hiphi.ubbcluj.ro\/fam\/morfologiapolitica\/wp-content\/uploads\/2016\/07\/02-300x225.jpg 300w, https:\/\/hiphi.ubbcluj.ro\/fam\/morfologiapolitica\/wp-content\/uploads\/2016\/07\/02-1024x768.jpg 1024w\" sizes=\"(max-width: 300px) 100vw, 300px\" \/><\/a><\/td>\n<td style=\"text-align: center;\" width=\"258\"><a href=\"http:\/\/hiphi.ubbcluj.ro\/fam\/morfologiapolitica\/instrumentum\/perioada-clasica\/\" target=\"_blank\">Clasic\u0103<\/a><\/td>\n<td width=\"271\"><a href=\"http:\/\/hiphi.ubbcluj.ro\/fam\/morfologiapolitica\/instrumentum\/perioada-clasica\/aristotel\/\">Aristotel<\/a>, <a href=\"http:\/\/hiphi.ubbcluj.ro\/fam\/morfologiapolitica\/instrumentum\/perioada-clasica\/platon\/\">Platon<\/a>, <a href=\"http:\/\/hiphi.ubbcluj.ro\/fam\/morfologiapolitica\/instrumentum\/perioada-clasica\/xenofon\/\">Xenofon<\/a><\/td>\n<\/tr>\n<tr>\n<td width=\"109\">\u00a0<a href=\"http:\/\/hiphi.ubbcluj.ro\/fam\/morfologiapolitica\/wp-content\/uploads\/2016\/07\/03.jpg\"><img decoding=\"async\" loading=\"lazy\" class=\"alignnone size-medium wp-image-70\" src=\"http:\/\/hiphi.ubbcluj.ro\/fam\/morfologiapolitica\/wp-content\/uploads\/2016\/07\/03-294x300.jpg\" alt=\"03\" width=\"294\" height=\"300\" srcset=\"https:\/\/hiphi.ubbcluj.ro\/fam\/morfologiapolitica\/wp-content\/uploads\/2016\/07\/03-294x300.jpg 294w, https:\/\/hiphi.ubbcluj.ro\/fam\/morfologiapolitica\/wp-content\/uploads\/2016\/07\/03.jpg 1003w\" sizes=\"(max-width: 294px) 100vw, 294px\" \/><\/a><\/td>\n<td style=\"text-align: center;\" width=\"258\"><a href=\"http:\/\/hiphi.ubbcluj.ro\/fam\/morfologiapolitica\/instrumentum\/perioada-elenistica\/\" target=\"_blank\">Elenistic\u0103<\/a><\/td>\n<td width=\"271\"><a href=\"http:\/\/hiphi.ubbcluj.ro\/fam\/morfologiapolitica\/instrumentum\/perioada-elenistica\/apostolul-pavel\/\">Apostolul Pavel<\/a>, <a href=\"http:\/\/hiphi.ubbcluj.ro\/fam\/morfologiapolitica\/instrumentum\/perioada-elenistica\/cicero-2\/\">Cicero<\/a>, <a href=\"http:\/\/hiphi.ubbcluj.ro\/fam\/morfologiapolitica\/instrumentum\/perioada-elenistica\/cornelius-nepos-2\/\">Cornelius Nepos<\/a>, <a href=\"http:\/\/hiphi.ubbcluj.ro\/fam\/morfologiapolitica\/instrumentum\/perioada-elenistica\/dion-hrisostomos\/\">Dion Hrisostomos<\/a>, <a href=\"http:\/\/hiphi.ubbcluj.ro\/fam\/morfologiapolitica\/instrumentum\/perioada-elenistica\/lucretius\/\">Lucretius<\/a>, <a href=\"http:\/\/hiphi.ubbcluj.ro\/fam\/morfologiapolitica\/instrumentum\/perioada-elenistica\/marcus-aurelius\/\">Marc Aureliu<\/a>, <a href=\"http:\/\/hiphi.ubbcluj.ro\/fam\/morfologiapolitica\/instrumentum\/perioada-elenistica\/philostrat\/\">Philostrat<\/a>, <a href=\"http:\/\/hiphi.ubbcluj.ro\/fam\/morfologiapolitica\/instrumentum\/perioada-elenistica\/plinius-cel-tanar-2\/\">Plinius cel T\u00e2n\u0103r<\/a>, <a href=\"http:\/\/hiphi.ubbcluj.ro\/fam\/morfologiapolitica\/instrumentum\/perioada-elenistica\/plutarh-2\/\">Plutarh<\/a>, <a href=\"http:\/\/hiphi.ubbcluj.ro\/fam\/morfologiapolitica\/instrumentum\/perioada-elenistica\/polybius-2\/\">Polybius<\/a>, <a href=\"http:\/\/hiphi.ubbcluj.ro\/fam\/morfologiapolitica\/instrumentum\/perioada-elenistica\/gaius-sallustius-crispus\/\">Sallust<\/a>, <a href=\"http:\/\/hiphi.ubbcluj.ro\/fam\/morfologiapolitica\/instrumentum\/perioada-elenistica\/seneca-2\/\">Seneca<\/a>, <a href=\"http:\/\/hiphi.ubbcluj.ro\/fam\/morfologiapolitica\/instrumentum\/perioada-elenistica\/tacitus-2\/\">Tacitus<\/a>, <a href=\"http:\/\/hiphi.ubbcluj.ro\/fam\/morfologiapolitica\/instrumentum\/perioada-elenistica\/titus-livius-2\/\">Titus Livius<\/a><\/td>\n<\/tr>\n<tr>\n<td width=\"109\">\u00a0<img decoding=\"async\" loading=\"lazy\" class=\"alignnone size-full wp-image-69\" src=\"http:\/\/hiphi.ubbcluj.ro\/fam\/morfologiapolitica\/wp-content\/uploads\/2016\/07\/04.png\" alt=\"04\" width=\"260\" height=\"255\" \/><\/td>\n<td style=\"text-align: center;\" width=\"258\"><a href=\"http:\/\/hiphi.ubbcluj.ro\/fam\/morfologiapolitica\/instrumentum\/perioada-antichitatii-tarzii\/\" target=\"_blank\">Antichitatea t\u00e2rzie<\/a><\/td>\n<td width=\"271\"><a href=\"http:\/\/hiphi.ubbcluj.ro\/fam\/morfologiapolitica\/instrumentum\/perioada-antichitatii-tarzii\/augustin\/\">Augustin<\/a>, <a href=\"http:\/\/hiphi.ubbcluj.ro\/fam\/morfologiapolitica\/instrumentum\/perioada-antichitatii-tarzii\/eusebiu-din-cezareea\/\">Eusebiu din Cezareea<\/a>, <a href=\"http:\/\/hiphi.ubbcluj.ro\/fam\/morfologiapolitica\/instrumentum\/perioada-antichitatii-tarzii\/macrobius-2\/\">Macrobius<\/a><\/td>\n<\/tr>\n<tr>\n<td width=\"109\">\u00a0<a href=\"http:\/\/hiphi.ubbcluj.ro\/fam\/morfologiapolitica\/wp-content\/uploads\/2016\/07\/05.jpg\"><img decoding=\"async\" loading=\"lazy\" class=\"alignnone size-medium wp-image-65\" src=\"http:\/\/hiphi.ubbcluj.ro\/fam\/morfologiapolitica\/wp-content\/uploads\/2016\/07\/05-300x278.jpg\" alt=\"05\" width=\"300\" height=\"278\" srcset=\"https:\/\/hiphi.ubbcluj.ro\/fam\/morfologiapolitica\/wp-content\/uploads\/2016\/07\/05-300x278.jpg 300w, https:\/\/hiphi.ubbcluj.ro\/fam\/morfologiapolitica\/wp-content\/uploads\/2016\/07\/05.jpg 447w\" sizes=\"(max-width: 300px) 100vw, 300px\" \/><\/a><\/td>\n<td style=\"text-align: center;\" width=\"258\"><a href=\"http:\/\/hiphi.ubbcluj.ro\/fam\/morfologiapolitica\/instrumentum\/evul-mediu-timpuriu\/\" target=\"_blank\">Evul mediu timpuriu<\/a><\/td>\n<td width=\"271\"><a href=\"http:\/\/hiphi.ubbcluj.ro\/fam\/morfologiapolitica\/instrumentum\/evul-mediu-timpuriu\/isidor-din-sevilla\/\">Isidor din Sevilla<\/a>,\u00a0<a href=\"http:\/\/hiphi.ubbcluj.ro\/fam\/morfologiapolitica\/instrumentum\/evul-mediu-timpuriu\/jonas-dorleans\/\">Jonas D\u2019Orleans<\/a><\/td>\n<\/tr>\n<tr>\n<td width=\"109\">\u00a0<a href=\"http:\/\/hiphi.ubbcluj.ro\/fam\/morfologiapolitica\/wp-content\/uploads\/2016\/07\/06.jpg\"><img decoding=\"async\" loading=\"lazy\" class=\"alignnone size-medium wp-image-66\" src=\"http:\/\/hiphi.ubbcluj.ro\/fam\/morfologiapolitica\/wp-content\/uploads\/2016\/07\/06-293x300.jpg\" alt=\"06\" width=\"293\" height=\"300\" srcset=\"https:\/\/hiphi.ubbcluj.ro\/fam\/morfologiapolitica\/wp-content\/uploads\/2016\/07\/06-293x300.jpg 293w, https:\/\/hiphi.ubbcluj.ro\/fam\/morfologiapolitica\/wp-content\/uploads\/2016\/07\/06.jpg 656w\" sizes=\"(max-width: 293px) 100vw, 293px\" \/><\/a><\/td>\n<td style=\"text-align: center;\" width=\"258\"><a href=\"http:\/\/hiphi.ubbcluj.ro\/fam\/morfologiapolitica\/instrumentum\/evul-mediu-central\/\" target=\"_blank\">Evul mediu central<\/a><\/td>\n<td width=\"271\"><a href=\"http:\/\/hiphi.ubbcluj.ro\/fam\/morfologiapolitica\/instrumentum\/evul-mediu-central\/albertus-magnus\/\">Albertus Magnus<\/a>, <a href=\"http:\/\/hiphi.ubbcluj.ro\/fam\/morfologiapolitica\/instrumentum\/evul-mediu-central\/gilles-de-rome\/\">Gilles de Rome<\/a>, <a href=\"http:\/\/hiphi.ubbcluj.ro\/fam\/morfologiapolitica\/instrumentum\/evul-mediu-central\/giacomo-de-viterbo\/\">Giacomo de Viterbo<\/a>, <a href=\"http:\/\/hiphi.ubbcluj.ro\/fam\/morfologiapolitica\/instrumentum\/evul-mediu-central\/john-de-paris\/\">John de Paris<\/a>, <a href=\"http:\/\/hiphi.ubbcluj.ro\/fam\/morfologiapolitica\/instrumentum\/evul-mediu-central\/john-de-salisbury\/\">John de Salisbury<\/a>, <a href=\"http:\/\/hiphi.ubbcluj.ro\/fam\/morfologiapolitica\/instrumentum\/evul-mediu-central\/pierre-dauvergne-2\/\">Pierre d&#8217;Auvergne<\/a>, <a href=\"http:\/\/hiphi.ubbcluj.ro\/fam\/morfologiapolitica\/instrumentum\/evul-mediu-central\/ptolomeo-da-lucca\/\">Ptolomeo da Lucca<\/a>, <a href=\"http:\/\/hiphi.ubbcluj.ro\/fam\/morfologiapolitica\/instrumentum\/evul-mediu-central\/toma-din-aquino\/\">Toma din Aquino<\/a><\/td>\n<\/tr>\n<tr>\n<td width=\"109\">\u00a0<a href=\"http:\/\/hiphi.ubbcluj.ro\/fam\/morfologiapolitica\/wp-content\/uploads\/2016\/07\/07.png\"><img decoding=\"async\" loading=\"lazy\" class=\"alignnone size-medium wp-image-71\" src=\"http:\/\/hiphi.ubbcluj.ro\/fam\/morfologiapolitica\/wp-content\/uploads\/2016\/07\/07-300x289.png\" alt=\"07\" width=\"300\" height=\"289\" srcset=\"https:\/\/hiphi.ubbcluj.ro\/fam\/morfologiapolitica\/wp-content\/uploads\/2016\/07\/07-300x289.png 300w, https:\/\/hiphi.ubbcluj.ro\/fam\/morfologiapolitica\/wp-content\/uploads\/2016\/07\/07.png 678w\" sizes=\"(max-width: 300px) 100vw, 300px\" \/><\/a><\/td>\n<td style=\"text-align: center;\" width=\"258\"><a href=\"http:\/\/hiphi.ubbcluj.ro\/fam\/morfologiapolitica\/instrumentum\/evul-mediu-tarziu\/\" target=\"_blank\">Evul mediu t\u00e2rziu<\/a><\/td>\n<td width=\"271\"><a href=\"http:\/\/hiphi.ubbcluj.ro\/fam\/morfologiapolitica\/instrumentum\/evul-mediu-tarziu\/dante-alighieri\/\">Dante Alighieri<\/a>, <a href=\"http:\/\/hiphi.ubbcluj.ro\/fam\/morfologiapolitica\/instrumentum\/evul-mediu-tarziu\/jean-gerson\/\">Jean Gerson<\/a>, <a href=\"http:\/\/hiphi.ubbcluj.ro\/fam\/morfologiapolitica\/instrumentum\/evul-mediu-tarziu\/nicolaus-cusanus\/\">Nicolaus Cusanus<\/a>, <a href=\"http:\/\/hiphi.ubbcluj.ro\/fam\/morfologiapolitica\/instrumentum\/evul-mediu-tarziu\/nicole-oresme\/\">Nicole Oresme<\/a>, <a href=\"http:\/\/hiphi.ubbcluj.ro\/fam\/morfologiapolitica\/instrumentum\/evul-mediu-tarziu\/william-ockham\/\">William Ockham<\/a><\/td>\n<\/tr>\n<\/tbody>\n<\/table>\n<p>&nbsp;<\/p>\n<p>&nbsp;<\/p>\n<p style=\"text-align: center;\">(\u00een construc\u021bie)<\/p>\n<p style=\"text-align: center;\">Sursele imaginilor: <a href=\"https:\/\/commons.wikimedia.org\/wiki\/Category:Athena_in_ancient_Greek_pottery#\/media\/File:Antikensammlung_Berlin_369.JPG\" target=\"_blank\">1<\/a>, <a href=\"https:\/\/commons.wikimedia.org\/wiki\/Category:Classical_Greek_sculptures#\/media\/File:Altes_Museum_-_Antikensammlung_252.JPG\" target=\"_blank\">2<\/a>, <a href=\"https:\/\/commons.wikimedia.org\/wiki\/File:MANNapoli_124545_plato%27s_academy_mosaic.jpg\" target=\"_blank\">3<\/a>, <a href=\"https:\/\/en.wikipedia.org\/wiki\/Augustine_of_Hippo#\/media\/File:Augustine_Lateran.jpg\" target=\"_blank\">4<\/a>, <a href=\"https:\/\/en.wikipedia.org\/wiki\/Charlemagne#\/media\/File:Charlemagne_et_Louis_le_Pieux.jpg\" target=\"_blank\">5<\/a>, <a href=\"https:\/\/en.wikipedia.org\/wiki\/Middle_Ages#\/media\/File:Cleric-Knight-Workman.jpg\" target=\"_blank\">6<\/a>, <a href=\"https:\/\/commons.wikimedia.org\/wiki\/File:Dante_Domenico_di_Michelino_Duomo_Florence.jpg\" target=\"_blank\">7<\/a>.<\/p>\n","protected":false},"excerpt":{"rendered":"<p>Perioada Autori (alfabetic) \u00a0 Presocratic\u0103 \u00a0 Clasic\u0103 Aristotel, Platon, Xenofon \u00a0 Elenistic\u0103 Apostolul Pavel, Cicero, Cornelius Nepos, Dion Hrisostomos, Lucretius, Marc Aureliu, Philostrat, Plinius cel T\u00e2n\u0103r, Plutarh, Polybius, Sallust, Seneca, Tacitus, Titus Livius \u00a0 Antichitatea t\u00e2rzie Augustin, Eusebiu din Cezareea, Macrobius \u00a0 Evul mediu timpuriu Isidor din Sevilla,\u00a0Jonas D\u2019Orleans \u00a0 Evul mediu central Albertus Magnus, &hellip; <a href=\"https:\/\/hiphi.ubbcluj.ro\/fam\/morfologiapolitica\/instrumentum\/\" class=\"more-link\">Continue reading <span class=\"screen-reader-text\">Instrumentum (\u00een construc\u021bie)<\/span> <span class=\"meta-nav\">&rarr;<\/span><\/a><\/p>\n","protected":false},"author":1,"featured_media":0,"parent":0,"menu_order":6,"comment_status":"closed","ping_status":"closed","template":"","meta":[],"_links":{"self":[{"href":"https:\/\/hiphi.ubbcluj.ro\/fam\/morfologiapolitica\/wp-json\/wp\/v2\/pages\/58"}],"collection":[{"href":"https:\/\/hiphi.ubbcluj.ro\/fam\/morfologiapolitica\/wp-json\/wp\/v2\/pages"}],"about":[{"href":"https:\/\/hiphi.ubbcluj.ro\/fam\/morfologiapolitica\/wp-json\/wp\/v2\/types\/page"}],"author":[{"embeddable":true,"href":"https:\/\/hiphi.ubbcluj.ro\/fam\/morfologiapolitica\/wp-json\/wp\/v2\/users\/1"}],"replies":[{"embeddable":true,"href":"https:\/\/hiphi.ubbcluj.ro\/fam\/morfologiapolitica\/wp-json\/wp\/v2\/comments?post=58"}],"version-history":[{"count":25,"href":"https:\/\/hiphi.ubbcluj.ro\/fam\/morfologiapolitica\/wp-json\/wp\/v2\/pages\/58\/revisions"}],"predecessor-version":[{"id":269,"href":"https:\/\/hiphi.ubbcluj.ro\/fam\/morfologiapolitica\/wp-json\/wp\/v2\/pages\/58\/revisions\/269"}],"wp:attachment":[{"href":"https:\/\/hiphi.ubbcluj.ro\/fam\/morfologiapolitica\/wp-json\/wp\/v2\/media?parent=58"}],"curies":[{"name":"wp","href":"https:\/\/api.w.org\/{rel}","templated":true}]}}