{"id":2,"date":"2015-11-20T14:51:20","date_gmt":"2015-11-20T14:51:20","guid":{"rendered":"http:\/\/hiphi.ubbcluj.ro\/fam\/morfologiapolitica\/?page_id=2"},"modified":"2015-11-26T16:35:03","modified_gmt":"2015-11-26T14:35:03","slug":"pagina-exemplu","status":"publish","type":"page","link":"https:\/\/hiphi.ubbcluj.ro\/fam\/morfologiapolitica\/","title":{"rendered":"Prima pagin\u0103"},"content":{"rendered":"<p>Aceasta este pagina oficial\u0103\u00a0a proiectului:<\/p>\n<p><em><strong>Morfologia Politic\u0103:\u00a0<\/strong><strong>surse \u015fi instrumente din filosofia politic\u0103 antic\u0103 \u015fi medieval\u0103 pentru configurarea sistematic\u0103 a teoriei formelor de guvernare<\/strong><\/em><\/p>\n<div>\n<p><strong>Grant CNCS<strong> PN-II-RU-TE-2014-4-1207, Contract nr. 211\u00a0din 01\/10\/2015<\/strong><\/strong><\/p>\n<div><\/div>\n<div>Director de Grant:\u00a0<strong><a href=\"http:\/\/hiphi.ubbcluj.ro\/fam\/morfologiapolitica\/echipa\/\" target=\"_blank\">Conf. Univ. Dr. Andrei Bereschi<\/a><\/strong><\/div>\n<div><\/div>\n<div>Implementat \u00een cadrul <a href=\"http:\/\/hiphi.ubbcluj.ro\/fam\/\" target=\"_blank\">Centrului de Filosofie Antic\u0103 \u0219i Medieval\u0103<\/a>,\u00a0Universitatea Babe\u0219-Bolyai (Cluj-Napoca).<\/div>\n<div>Perioada de implementare: 01\/10\/2015 &#8211; 30\/09\/2017<\/div>\n<div><\/div>\n<\/div>\n<div><\/div>\n<div><\/div>\n<div><\/div>\n<div><\/div>\n<div><\/div>\n<div><\/div>\n<div><\/div>\n","protected":false},"excerpt":{"rendered":"<p>Aceasta este pagina oficial\u0103\u00a0a proiectului: Morfologia Politic\u0103:\u00a0surse \u015fi instrumente din filosofia politic\u0103 antic\u0103 \u015fi medieval\u0103 pentru configurarea sistematic\u0103 a teoriei formelor de guvernare Grant CNCS PN-II-RU-TE-2014-4-1207, Contract nr. 211\u00a0din 01\/10\/2015 Director de Grant:\u00a0Conf. Univ. Dr. Andrei Bereschi Implementat \u00een cadrul Centrului de Filosofie Antic\u0103 \u0219i Medieval\u0103,\u00a0Universitatea Babe\u0219-Bolyai (Cluj-Napoca). Perioada de implementare: 01\/10\/2015 &#8211; 30\/09\/2017<\/p>\n","protected":false},"author":1,"featured_media":0,"parent":0,"menu_order":1,"comment_status":"closed","ping_status":"open","template":"","meta":[],"_links":{"self":[{"href":"https:\/\/hiphi.ubbcluj.ro\/fam\/morfologiapolitica\/wp-json\/wp\/v2\/pages\/2"}],"collection":[{"href":"https:\/\/hiphi.ubbcluj.ro\/fam\/morfologiapolitica\/wp-json\/wp\/v2\/pages"}],"about":[{"href":"https:\/\/hiphi.ubbcluj.ro\/fam\/morfologiapolitica\/wp-json\/wp\/v2\/types\/page"}],"author":[{"embeddable":true,"href":"https:\/\/hiphi.ubbcluj.ro\/fam\/morfologiapolitica\/wp-json\/wp\/v2\/users\/1"}],"replies":[{"embeddable":true,"href":"https:\/\/hiphi.ubbcluj.ro\/fam\/morfologiapolitica\/wp-json\/wp\/v2\/comments?post=2"}],"version-history":[{"count":7,"href":"https:\/\/hiphi.ubbcluj.ro\/fam\/morfologiapolitica\/wp-json\/wp\/v2\/pages\/2\/revisions"}],"predecessor-version":[{"id":50,"href":"https:\/\/hiphi.ubbcluj.ro\/fam\/morfologiapolitica\/wp-json\/wp\/v2\/pages\/2\/revisions\/50"}],"wp:attachment":[{"href":"https:\/\/hiphi.ubbcluj.ro\/fam\/morfologiapolitica\/wp-json\/wp\/v2\/media?parent=2"}],"curies":[{"name":"wp","href":"https:\/\/api.w.org\/{rel}","templated":true}]}}