{"id":19,"date":"2015-11-25T11:59:19","date_gmt":"2015-11-25T09:59:19","guid":{"rendered":"http:\/\/hiphi.ubbcluj.ro\/fam\/morfologiapolitica\/?page_id=19"},"modified":"2016-07-17T15:19:48","modified_gmt":"2016-07-17T13:19:48","slug":"contact","status":"publish","type":"page","link":"https:\/\/hiphi.ubbcluj.ro\/fam\/morfologiapolitica\/contact\/","title":{"rendered":"Contact"},"content":{"rendered":"<p>&nbsp;<\/p>\n<p>iovan.drehe@ubbcluj.ro<\/p>\n<p><b>Centrul de Filosofie Antic\u0103 \u015fi Medieval\u0103<\/b>,<br \/>\nFacultatea de Istorie \u015fi Filosofie, Universitatea &#8220;Babe\u015f-Bolyai&#8221; din Cluj-Napoca<\/p>\n<p>Str. M. Kog\u0103lniceanu, nr. 1<br \/>\nSala 131, etaj I<br \/>\n400084 Cluj-Napoca<br \/>\nemail: <a href=\"mailto:fam@hiphi.ubbcluj.ro\">fam@hiphi.ubbcluj.ro<\/a><br \/>\ntel. 0264 405300 interior 5278<br \/>\nfax 0264 591906<\/p>\n<p>&nbsp;<\/p>\n","protected":false},"excerpt":{"rendered":"<p>&nbsp; iovan.drehe@ubbcluj.ro Centrul de Filosofie Antic\u0103 \u015fi Medieval\u0103, Facultatea de Istorie \u015fi Filosofie, Universitatea &#8220;Babe\u015f-Bolyai&#8221; din Cluj-Napoca Str. M. Kog\u0103lniceanu, nr. 1 Sala 131, etaj I 400084 Cluj-Napoca email: fam@hiphi.ubbcluj.ro tel. 0264 405300 interior 5278 fax 0264 591906 &nbsp;<\/p>\n","protected":false},"author":1,"featured_media":0,"parent":0,"menu_order":8,"comment_status":"closed","ping_status":"closed","template":"","meta":[],"_links":{"self":[{"href":"https:\/\/hiphi.ubbcluj.ro\/fam\/morfologiapolitica\/wp-json\/wp\/v2\/pages\/19"}],"collection":[{"href":"https:\/\/hiphi.ubbcluj.ro\/fam\/morfologiapolitica\/wp-json\/wp\/v2\/pages"}],"about":[{"href":"https:\/\/hiphi.ubbcluj.ro\/fam\/morfologiapolitica\/wp-json\/wp\/v2\/types\/page"}],"author":[{"embeddable":true,"href":"https:\/\/hiphi.ubbcluj.ro\/fam\/morfologiapolitica\/wp-json\/wp\/v2\/users\/1"}],"replies":[{"embeddable":true,"href":"https:\/\/hiphi.ubbcluj.ro\/fam\/morfologiapolitica\/wp-json\/wp\/v2\/comments?post=19"}],"version-history":[{"count":3,"href":"https:\/\/hiphi.ubbcluj.ro\/fam\/morfologiapolitica\/wp-json\/wp\/v2\/pages\/19\/revisions"}],"predecessor-version":[{"id":42,"href":"https:\/\/hiphi.ubbcluj.ro\/fam\/morfologiapolitica\/wp-json\/wp\/v2\/pages\/19\/revisions\/42"}],"wp:attachment":[{"href":"https:\/\/hiphi.ubbcluj.ro\/fam\/morfologiapolitica\/wp-json\/wp\/v2\/media?parent=19"}],"curies":[{"name":"wp","href":"https:\/\/api.w.org\/{rel}","templated":true}]}}