{"id":188,"date":"2016-11-19T01:13:08","date_gmt":"2016-11-18T23:13:08","guid":{"rendered":"http:\/\/hiphi.ubbcluj.ro\/fam\/morfologiapolitica\/?page_id=188"},"modified":"2017-09-20T19:13:19","modified_gmt":"2017-09-20T17:13:19","slug":"xenofon","status":"publish","type":"page","link":"https:\/\/hiphi.ubbcluj.ro\/fam\/morfologiapolitica\/instrumentum\/perioada-clasica\/xenofon\/","title":{"rendered":"Xenofon"},"content":{"rendered":"<p>&nbsp;<\/p>\n<p>&nbsp;<\/p>\n<p>&nbsp;<\/p>\n<p><a href=\"http:\/\/hiphi.ubbcluj.ro\/fam\/morfologiapolitica\/wp-content\/uploads\/2016\/11\/Persian_Empire_490_BC.png\"><img decoding=\"async\" loading=\"lazy\" class=\"aligncenter size-full wp-image-338\" src=\"http:\/\/hiphi.ubbcluj.ro\/fam\/morfologiapolitica\/wp-content\/uploads\/2016\/11\/Persian_Empire_490_BC.png\" alt=\"Persian_Empire,_490_BC\" width=\"946\" height=\"682\" srcset=\"https:\/\/hiphi.ubbcluj.ro\/fam\/morfologiapolitica\/wp-content\/uploads\/2016\/11\/Persian_Empire_490_BC.png 946w, https:\/\/hiphi.ubbcluj.ro\/fam\/morfologiapolitica\/wp-content\/uploads\/2016\/11\/Persian_Empire_490_BC-300x216.png 300w, https:\/\/hiphi.ubbcluj.ro\/fam\/morfologiapolitica\/wp-content\/uploads\/2016\/11\/Persian_Empire_490_BC-768x554.png 768w\" sizes=\"(max-width: 946px) 100vw, 946px\" \/><\/a><\/p>\n<p style=\"text-align: center;\">Traseul celor 10000 \u00een interiorul Imperiului Persan \u00eentre 401-399 \u00ee.e.n. (<a href=\"https:\/\/en.wikipedia.org\/wiki\/Xenophon#\/media\/File:Persian_Empire,_490_BC.png\">sursa<\/a>)<\/p>\n","protected":false},"excerpt":{"rendered":"<p>&nbsp; &nbsp; &nbsp; Traseul celor 10000 \u00een interiorul Imperiului Persan \u00eentre 401-399 \u00ee.e.n. (sursa)<\/p>\n","protected":false},"author":1,"featured_media":0,"parent":78,"menu_order":1,"comment_status":"closed","ping_status":"closed","template":"","meta":[],"_links":{"self":[{"href":"https:\/\/hiphi.ubbcluj.ro\/fam\/morfologiapolitica\/wp-json\/wp\/v2\/pages\/188"}],"collection":[{"href":"https:\/\/hiphi.ubbcluj.ro\/fam\/morfologiapolitica\/wp-json\/wp\/v2\/pages"}],"about":[{"href":"https:\/\/hiphi.ubbcluj.ro\/fam\/morfologiapolitica\/wp-json\/wp\/v2\/types\/page"}],"author":[{"embeddable":true,"href":"https:\/\/hiphi.ubbcluj.ro\/fam\/morfologiapolitica\/wp-json\/wp\/v2\/users\/1"}],"replies":[{"embeddable":true,"href":"https:\/\/hiphi.ubbcluj.ro\/fam\/morfologiapolitica\/wp-json\/wp\/v2\/comments?post=188"}],"version-history":[{"count":3,"href":"https:\/\/hiphi.ubbcluj.ro\/fam\/morfologiapolitica\/wp-json\/wp\/v2\/pages\/188\/revisions"}],"predecessor-version":[{"id":339,"href":"https:\/\/hiphi.ubbcluj.ro\/fam\/morfologiapolitica\/wp-json\/wp\/v2\/pages\/188\/revisions\/339"}],"up":[{"embeddable":true,"href":"https:\/\/hiphi.ubbcluj.ro\/fam\/morfologiapolitica\/wp-json\/wp\/v2\/pages\/78"}],"wp:attachment":[{"href":"https:\/\/hiphi.ubbcluj.ro\/fam\/morfologiapolitica\/wp-json\/wp\/v2\/media?parent=188"}],"curies":[{"name":"wp","href":"https:\/\/api.w.org\/{rel}","templated":true}]}}