{"id":17,"date":"2015-11-25T11:59:10","date_gmt":"2015-11-25T09:59:10","guid":{"rendered":"http:\/\/hiphi.ubbcluj.ro\/fam\/morfologiapolitica\/?page_id=17"},"modified":"2017-12-05T22:55:28","modified_gmt":"2017-12-05T20:55:28","slug":"echipa","status":"publish","type":"page","link":"https:\/\/hiphi.ubbcluj.ro\/fam\/morfologiapolitica\/echipa\/","title":{"rendered":"Echipa"},"content":{"rendered":"<p>I. DIRECTOR PROIECT:<\/p>\n<p style=\"text-align: justify;\"><strong>Andrei Bereschi<\/strong> (n. 1977) este \u00een prezent conferen\u021biar universitar doctor al Departamentului de Filosofie Premodern\u0103 \u015fi Rom\u00e2neasc\u0103 (Facultatea de Istorie \u015fi Filosofie, Universitatea \u201eBabe\u015f-Bolyai\u201d, Cluj-Napoca). Este licen\u021biat \u00een filosofie (UBB Cluj, 1999), \u00een filologie clasic\u0103 (UBB Cluj, 2006), \u0219i are un masterat \u00een filosofie antic\u0103 (UBB Cluj, 2000). Din 2008 este doctor al Universit\u0103\u021bii \u201eBabe\u0219-Bolyai\u201d din Cluj-Napoca cu o tez\u0103 intitulat\u0103 \u201eMitologie politic\u0103 \u0219i logic\u0103 a mitului \u00een opera \u0219i \u00een tradi\u021bia platonician\u0103\u201d.<\/p>\n<p style=\"text-align: justify;\">\u00cen perioada 2007-2008 a fost bursier al programului NEC-LINK, \u00een proiectul Knowledge and Literature within the Encyclopaedical Discourse of the Middle Ages, \u00een parteneriat cu conf. univ. dr. Anca Criv\u0103\u0163 de la Facultatea de Litere din Bucure\u015fti. Program interna\u0163ional finan\u0163at de New Europe College \u00een colaborare cu Higher Education Support Programme (HESP) din Budapesta. Publica\u0163ie rezultat\u0103: Nicolaus Cusanus, De docta ignoratia, editura Polirom, Ia\u015fi, 2008. \u00cen perioada 2009-2011 a fost Membru \u00een echipa grantului na\u0163ional CNCSIS PN II IDEI 2410 \u201eToma din Aquino: Fundamente medievale ale modernit\u0103\u0163ii filosofice europene\u201d (Director de proiect conf. univ. dr. A. Baumgarten). Publica\u0163ii rezultate: coordonarea volumului Studii tomiste II, 2010, la editura Zetabooks, Bucure\u015fti \u015fi contribu\u0163ie la publicarea primei p\u0103r\u0163i din Summa Theologiae la editura Polirom.<\/p>\n<p style=\"text-align: justify;\">\u00cen perioada 2011-2013 a fost cercet\u0103tor postdoctoral \u00een cadrul \u00een cadrul proiectului finan\u0163at POSDRU\/89\/1.5\/S\/61104 implementat de c\u0103tre un consor\u0163iu condus de Academia Rom\u00e2n\u0103. Proiect individual de cercetare: \u201cDe partibus animalium: recuperarea operei biologice a lui Aristotel \u00een limba rom\u00e2n\u0103\u201d. \u00cen aceast\u0103 perioad\u0103 a efectual un stagiu de cercetare la Institut f\u00fcr Klassische Philologie Mittel- und Neulatein, Universit\u00e4t Wien \u2013 4 luni cumulate\u00a0 \u00een 2012, sub tutoriatul lui Ao. Univ.-Prof. Herbert Bannert.<\/p>\n<p style=\"text-align: justify;\">Este membru \u00een consiliul de readac\u021bie al revistei Studia Universitatis Babe\u0219-Bolyai, Studia Theologia Graeco-Catholica Varadiensis, membru al consiliului \u0219tiin\u021bific al colec\u021biei Biblioteca Medieval\u0103 al editurii Polirom din Ia\u0219i, membru al Societ\u0103\u021bii Na\u021bionale de Studii Clasice (din 2003), membru al Societ\u0103\u021bii Interna\u021bionale Toma de Aquino, SITA Rom\u00e2nia (din 2001) \u0219i membru al Centrului de filosofie antic\u0103 \u0219i medieval\u0103 (Universitatea \u201eBabe\u0219-Bolyai\u201d din Cluj-Napoca, Facultatea de Istorie \u0219i Filosofie). De asemenea este colaborator al Centrului de Editare \u0219i Traducere TRADITIO (Universitatea \u201eAl. I. Cuza\u201d din Ia\u0219i, Departamentul de Cercetare Interdisciplinar\u0103 \u00een domeniul \u0218tiin\u021belor Umaniste).<\/p>\n<p style=\"text-align: justify;\">Dintre lucr\u0103rile aflate \u00een preg\u0103tire amintim: tratatul <em>Despre p\u0103r\u0163ile animalelor<\/em> la editura Univers Encilopedic Gold, \u00een colec\u0163ia <em>Opere Aristotel<\/em>; Giordano Bruno, <em>De vinculis, De magia<\/em>, \u00een preg\u0103tire pentru publicare la editura Humanitas.<\/p>\n<p style=\"text-align: justify;\">Mai multe informa\u021bii: <a href=\"http:\/\/hiphi.ubbcluj.ro\/personal\/Andrei_Bereschi.html\">http:\/\/hiphi.ubbcluj.ro\/personal\/Andrei_Bereschi.html<\/a><\/p>\n<hr \/>\n<p>II. CERCETAT\u0102RI POSTDOCTORALI:<\/p>\n<p style=\"text-align: justify;\"><strong>Adela Pop-C\u00eempean<\/strong> (asist. univ. la Facultatea de Psihologie \u0219i \u0218tiin\u021be ale Educa\u021biei, Universitatea Babe\u0219-Bolyai) este doctor \u00een domeniul filosofie (2009) la Universitatea Babe\u0219-Bolyai cu o tez\u0103 cu titlul <em>Cetatea greac\u0103 \u00eentre utopism \u0219i realism. Teorii ale degener\u0103rii politice la Platon \u0219i Aristotel<\/em>, coordonator \u0219tiin\u021bific prof. univ. dr. Vasile Musc\u0103. A ob\u021binut licen\u021ba \u00een filosofie \u0219i master \u00een filosofie antic\u0103 \u0219i medieval\u0103 \u00een cadrul aceleia\u0219i universit\u0103\u021bi.<\/p>\n<p style=\"text-align: justify;\">A fost director de proiect CNCSIS tip TD (45\/2007), durata 12 luni, suma aprobat\u0103 de 26.985 ron, cu titlul <em>Cetatea greaca \u00eentre utopism \u0219i realism la Platon \u0219i Aristotel. Teorii ale degener\u0103rii politice la Platon \u0219i Aristotel<\/em>, membru \u00een proiectul CNCSIS tip A 1389\/2006 (durata 3 ani) cu titlul <em>G\u00e2ndirea politic\u0103 a lui Platon \u0219i Aristotel, fundament al construc\u021biei europene<\/em>, director proiect prof. univ. dr. Vasile Musc\u0103, suma aprobat\u0103 44.219,2 ron \u0219i membru (timp de 2 ani 2009 \u0219i 2010) \u00a0\u00een proiectul Idei \u2013 PN II CNCSIS, cod 2410, cu titlul <em>Toma din Aquino, fundamente medievale ale modernit\u0103\u0163ii filosofice europene<\/em>, director proiect conf. univ. dr. Alexander Baumgarten, suma aprobat\u0103 976.523 Ron.<\/p>\n<p style=\"text-align: justify;\">A fost bursier (2007-2008) al Colegiului Noua Europa \u00eentr-un program NEC-LINK \u00een colaborare cu Universitatea din Bucuresti. A publicat studii (<em>Despre tiranie \u0219i alte ne\u00een\u021belegeri<\/em>, \u00een volumul <em>Filosofia politic\u0103 a lui Platon<\/em>, Polirom, Iasi, 2006, pp. 105-131, coord. Vasile Musc\u0103 \u0219i Alexander Baumgarten, <em>Meta-polis sau despre cetatea de dincolo de cuvinte. Aspecte ale politicului, cenzurii \u015fi utopiei \u00een Republica lui Platon<\/em> \u00een volumul <em>Ipostaze ale politicului. Paradigme filosofice clasice \u0219i moderne<\/em>, coord. Adela C\u00eempean \u0219i Laura Ilinescu, Editura Eikon,2008, pp. 127-153,<em>Forme ale metaforei politice la Plotin. Exerci\u0163iu de interpretare <\/em>\u00een volumul <em>Studii de Istoria Filosofiei dedicate profesorului Vasile Musc\u0103<\/em>,coord. Alexander Baumgarten \u0219i Adela C\u00eempean, Editura Eikon, Cluj-Napoca, 2009, pp. 460-469, <em>Utopia cenzurii versus cenzura utopiei sau despre ce mai putem \u00eenv\u0103\u0163a citind Republica lui Platon <\/em>\u00een volumul <em>Recept\u0103ri ale filosofiei lui Platon \u015fi Aristotel \u00een spa\u0163iul cultural rom\u00e2nesc<\/em>, coordonator Daniela Maci, Editura Eikon, Cluj-Napoca, 2010, <em>A fost sau nu a fost \u2026 \u201eutopie\u201d? Studiu de caz: Republica \u0219i Politica <\/em>\u00een volumul <em>Despre culori si desene didactice<\/em>, coord. Ioana Velica si Mirona Stanescu, Editura Argonaut, Cluj-Napoca, 2010) \u0219i a coordonat mai multe volume de studii. Este autoarea aparatului critic plotinian (index de concepte, nume, citari si metafore) in volumul 3 al <em>Enneade<\/em>-lor lui Plotin, Iri, Bucuresti, 2007, pp. 577-710, trad. A. Baumgarten, V. Rus, G. Chindea et al.<\/p>\n<p style=\"text-align: justify;\"><strong>Iovan Drehe<\/strong> (n. 1984) este licen\u021biat \u00een filosofie al Universit\u0103\u021bii de Vest din Timi\u0219oara (2007). De asemenea este absolvent al Masteratului de Antic\u0103 \u0219i Medieval\u0103 din cadrul Universit\u0103\u021bii \u201eBabe\u0219-Bolyai\u201d din Cluj-Napoca (2008) \u0219i Doctor \u00een filosofie \u00een cadrul aceleia\u0219i institu\u021bii din 2012.<\/p>\n<p style=\"text-align: justify;\">\u00cen perioada octombrie 2008 \u2013 septembrie 2011 am beneficiat de o Burs\u0103 doctoral\u0103 oferit\u0103 \u00een cadrul <em>Programului Opera\u021bional Sectorial Dezvoltarea Resurselor Umane 2007-2013, <\/em>Contract POSDRU 6\/1.5\/S\/3, Universitatea \u201eBabe\u0219-Bolyai\u201d din Cluj-Napoca. \u00cen perioada octombrie 2008-2009, am fost asistent de cercetare \u00een cadrul proiectului <em>Toma din Aquino \u015fi Summa Theologica. Dezbaterile intelectuale ale Evului Mediu latin \u015fi sursele modernit\u0103\u0163ii<\/em>, burs\u0103 NEC-Link oferit\u0103 de Colegiul \u201cNoua Europ\u0103\u201d din Bucure\u015fti pentru semestrul I al anului universitar 2008-2009. \u00cen perioada iunie 2014 \u2013 septembrie 2015 am fost Bursier Postdoctorand \u00een cadrul Proiect POSDRU\/150\/1.5\/133675, Academia Rom\u00e2n\u0103, Filiala Ia\u0219i. P\u00e2n\u0103 \u00een prezent am efectuat trei stagii de cercetare \u00een str\u0103in\u0103tate: la Universitatea din Geneva (februarie-iunie 2010), Universitatea Central Europeana Budapesta (octombrie 2010-mai 2011) \u0219i Universitatea din Groningen (februarie \u2013 aprilie 2015).<\/p>\n<p style=\"text-align: justify;\">Profil academia.edu: <a href=\"https:\/\/universitateadevest.academia.edu\/IovanDrehe\">https:\/\/universitateadevest.academia.edu\/IovanDrehe<\/a><\/p>\n<hr \/>\n<p>III. ASISTEN\u021aI CERCETARE DOCTORANZI:<\/p>\n<p style=\"text-align: justify;\"><strong>Cristina Melania Horotan<\/strong> (n. 1973) este licen\u021biat\u0103 \u00een filologie clasic\u0103, absolvent\u0103 a Facult\u0103\u021bii de Limbi \u0219i Literaturi Str\u0103ine din cadrul Universit\u0103\u021bii din Bucure\u0219ti (1995). Este profesoar\u0103 de limba \u0219i literatura latin\u0103 la Colegiul Na\u021bional \u201eIoan Slavici\u201d din Satul Mare. Din 2015 este doctorand\u0103 \u00een domeniul Filosofie, cu teza <em>Redescoperirea unui senten\u021biar: dimensiunea filosofic\u0103 a Prologului <\/em>Comentariului la Sentin\u021be <em>al lui Iacobus de Spinalo<\/em>, sub \u00eendrumarea conf. univ. dr. habil. Alexander Baumgarten.<\/p>\n<p style=\"text-align: justify;\"><strong>Vlad-Lucian Ile<\/strong> (n. 1992) este licen\u021biat \u00een filosofie la Universitatea \u201eBabe\u0219-Bolyai\u201d din Cluj-Napoca (2014)\u00a0\u0219i absolvent al Masteratului de Filosofie Antic\u0103 \u0219i Medieval\u0103 al aceleia\u0219i universit\u0103\u021bi (2016). \u00cen prezent este doctorand \u00een domeniul Filosofie cu teza: <em>Teoria lui suppositio \u015fi Summulae logicales ale lui Petrus Hispanus<\/em>, sub \u00eendrumarea conf. univ. dr. habil. Alexander Baumgarten.<\/p>\n<hr \/>\n<p>IV. Membri anteriori:<\/p>\n<p style=\"text-align: justify;\"><strong>Daniela Geonea P\u00e2rvulescu <\/strong>este licen\u021biat\u0103 a Facult\u0103\u021bii de Istorie \u015fi Filosofie din cadrul Universit\u0103\u021bii din Bucure\u015fti \u0219i a Facult\u0103\u021bii de \u015etiin\u0163e Politice. Studii academice postuniversitare \u00een cadrul Scolii Na\u021bionale de Studii Politice si Administrative din Bucure\u0219ti. A f\u0103cut studii de specializare \u0219i cercetare la \u00c9cole nationale d&#8217;administration (ENA) \u0219i Institut International d\u2019Administration Publique (IIAP), Paris., Este absolvent\u0103 a\u00a0 programului de formare specializat\u0103 pentru \u00eenal\u0163i func\u0163ionari publici, iar \u00een prezent este doctorand\u0103 la Facultatea de Istorie \u0219i Filosofie din cadrul Universit\u0103\u021bii \u201eBabe\u0219-Boylai\u201d din Cluj. A fost profesor de \u015ftiin\u0163e sociale, expert, director. \u00cen prezent este consilier \u00een Cancelaria Primului ministru.<\/p>\n<p style=\"text-align: justify;\">A tradus \u0219i publicat \u00een <em>Sfera Politicii<\/em> (Georges Sorel, Karl Jaspers, Istv\u00e1n Bib\u00f3, Marcel Gauchet, Georges Burdeau, Michel Crozier, Olivier Duhamel, Hugues Portelli); \u201ePrefa\u0163a\u201d la Guy Hermet, <em>Poporul contra democra\u0163iei<\/em>, Ia\u015fi, Editura Institutul european, traducere de Rodica Caragea, 1998.<\/p>\n","protected":false},"excerpt":{"rendered":"<p>I. DIRECTOR PROIECT: Andrei Bereschi (n. 1977) este \u00een prezent conferen\u021biar universitar doctor al Departamentului de Filosofie Premodern\u0103 \u015fi Rom\u00e2neasc\u0103 (Facultatea de Istorie \u015fi Filosofie, Universitatea \u201eBabe\u015f-Bolyai\u201d, Cluj-Napoca). Este licen\u021biat \u00een filosofie (UBB Cluj, 1999), \u00een filologie clasic\u0103 (UBB Cluj, 2006), \u0219i are un masterat \u00een filosofie antic\u0103 (UBB Cluj, 2000). Din 2008 este doctor &hellip; <a href=\"https:\/\/hiphi.ubbcluj.ro\/fam\/morfologiapolitica\/echipa\/\" class=\"more-link\">Continue reading <span class=\"screen-reader-text\">Echipa<\/span> <span class=\"meta-nav\">&rarr;<\/span><\/a><\/p>\n","protected":false},"author":1,"featured_media":0,"parent":0,"menu_order":7,"comment_status":"closed","ping_status":"closed","template":"","meta":[],"_links":{"self":[{"href":"https:\/\/hiphi.ubbcluj.ro\/fam\/morfologiapolitica\/wp-json\/wp\/v2\/pages\/17"}],"collection":[{"href":"https:\/\/hiphi.ubbcluj.ro\/fam\/morfologiapolitica\/wp-json\/wp\/v2\/pages"}],"about":[{"href":"https:\/\/hiphi.ubbcluj.ro\/fam\/morfologiapolitica\/wp-json\/wp\/v2\/types\/page"}],"author":[{"embeddable":true,"href":"https:\/\/hiphi.ubbcluj.ro\/fam\/morfologiapolitica\/wp-json\/wp\/v2\/users\/1"}],"replies":[{"embeddable":true,"href":"https:\/\/hiphi.ubbcluj.ro\/fam\/morfologiapolitica\/wp-json\/wp\/v2\/comments?post=17"}],"version-history":[{"count":14,"href":"https:\/\/hiphi.ubbcluj.ro\/fam\/morfologiapolitica\/wp-json\/wp\/v2\/pages\/17\/revisions"}],"predecessor-version":[{"id":359,"href":"https:\/\/hiphi.ubbcluj.ro\/fam\/morfologiapolitica\/wp-json\/wp\/v2\/pages\/17\/revisions\/359"}],"wp:attachment":[{"href":"https:\/\/hiphi.ubbcluj.ro\/fam\/morfologiapolitica\/wp-json\/wp\/v2\/media?parent=17"}],"curies":[{"name":"wp","href":"https:\/\/api.w.org\/{rel}","templated":true}]}}