{"id":15,"date":"2015-11-25T11:59:00","date_gmt":"2015-11-25T09:59:00","guid":{"rendered":"http:\/\/hiphi.ubbcluj.ro\/fam\/morfologiapolitica\/?page_id=15"},"modified":"2017-12-21T10:02:14","modified_gmt":"2017-12-21T08:02:14","slug":"rezultate","status":"publish","type":"page","link":"https:\/\/hiphi.ubbcluj.ro\/fam\/morfologiapolitica\/rezultate\/","title":{"rendered":"Rezultate"},"content":{"rendered":"<p style=\"text-align: center;\"><strong>2015<\/strong><\/p>\n<p style=\"text-align: justify;\">Andrei Bereschi, Adela Pop-C\u00eempean (coordonatori), \u201eFilosofia tipurilor statale ca morfologie politic\u0103. Incursiuni \u00een istoria constituirii teoriei regimurilor politice, Editura Eikon &amp; Editura \u0218coala Ardelean\u0103, Cluj-Napoca, 2015.<\/p>\n<p style=\"text-align: center;\"><strong>2016<\/strong><\/p>\n<p style=\"text-align: justify;\">Melania Cristina Horotan, \u201cEvolution of mentalities and political forms reflected in the work of C. Sallustius Crispus \u2013 Platonic Influences\u201d, acceptat spre publicare \u00een revista <em>Philobiblon. Transylvanian Journal of Multidisciplinary Research in Humanities.<\/em><\/p>\n<p style=\"text-align: justify;\">Andrei Bereschi, \u201cTranslating Aristotelian Political Morphology into Medieval Latin: The Cases of Albert the Great, Thomas Aquinas and Dante Alighieri\u201d, \u00een revista <em>Hermeneia. Journal of Hermeneutics, Art Theory and Criticism<\/em>, 2016, Issue 17, pp. 38-52.<\/p>\n<p style=\"text-align: justify;\">Iovan Drehe, \u201cDialectic and its role in Aristotle\u2019s political morphology. The case of distinguishing oligarchy and democracy\u201d, \u00een revista <em>Studia UBB Philosophia<\/em>, 2016, Vol. 61, Issue no. 3, pp. 23-39.<\/p>\n<p style=\"text-align: center;\"><strong>2017<\/strong><\/p>\n<p style=\"text-align: justify;\">Dimitrie Cantemir, Monarchiarum physica examinatio, traducere de Cristina Melania Horotan, Introduceri de Andrei Bereschi \u0219i Iovan Drehe, \u201eStructura textului\u201d de Andrei Bereschi, note de Andrei Bereschi, Vlad Lucian Ile \u0219i Iovan Drehe, Editura \u0218coala Ardelean\u0103\/Eikon, Cluj-Napoca, 2017, 120 p., ISBN 978-606-797-202-3. Volumul se poate downloada aici:<\/p>\n<p style=\"text-align: justify;\"><a href=\"http:\/\/hiphi.ubbcluj.ro\/fam\/morfologiapolitica\/wp-content\/uploads\/2015\/11\/coperta-Bereschi-Cantemir.pdf\">Coperta D Cantemir Monarchiarum Physica Examinatio<\/a><\/p>\n<p><a href=\"http:\/\/hiphi.ubbcluj.ro\/fam\/morfologiapolitica\/wp-content\/uploads\/2015\/11\/cantemir-final.pdf\">D Cantemir, Monarchiarum Physica Examinatio<\/a><\/p>\n<p style=\"text-align: justify;\">Andrei Bereschi, \u201eRobustul, fragilul \u0219i antifragilul \u00een raportul filosofico-teologic dintre bine \u0219i r\u0103u\u201d, \u00een Alin Tat &amp; Nicolae Turcan (coord.), <em>Simetriile \u00een\u021belepciunii. Studii de filosofie \u0219i teologie<\/em>, Editura Eikon, editur\u0103 acreditat\u0103 CNCS, 2017, pp. 177-196<\/p>\n<p style=\"text-align: justify;\">Ile Vlad Lucian, \u201eSaint Augustine`s and Dante`s models of history\u201d, acceptat spre publicare \u00een revista <em>Studia UBB Philosophia.<\/em><\/p>\n<p style=\"text-align: justify;\">Iovan Drehe, \u201eThe Virtuous Citizen: Regimes and Audiences\u201d, acceptat spre publicare \u00een revista <em>Studia UBB Philosophia.<\/em><\/p>\n<p style=\"text-align: justify;\">Iovan Drehe, \u201eOn Philosophical Colonialism\u201d, \u00een volumul Manuela Boatc\u0103 (Albert-Ludwigs-Universit\u00e4t Freiburg Institut f\u00fcr Soziologie) &amp; Valer Simion Cosma (UBB Cluj) (coord.), \u201eBeyond East and West. Decolonizing Modernization\u201d, \u00een curs de apari\u021bie la editura Lexington Books. Series Decolonial Options for the Social Sciences<\/p>\n<p style=\"text-align: justify;\">Iovan Drehe, \u201eDespre cunoa\u0219terea constitu\u021biilor politice: un model grec\u201d, \u00een volumul Ionu\u021b Mihai Popescu (coord.), <em>Educa\u021bie \u0219i societate<\/em>, Editura Presa Universitar\u0103 Clujean\u0103, 2017<\/p>\n<p style=\"text-align: justify;\">Iovan Drehe, \u201eIn Search of the Best Regime: On Aristotle\u2019s Use of the Dialectical Method in the <em>Politics<\/em>\u201d, acceptat spre publicare \u00een volumul <em>Proceedings of the Aristotle 2400 Years World Congress<\/em>, May 23-28 2016, Aristotle University of Thessaloniki.<\/p>\n<p style=\"text-align: justify;\">Iovan Drehe, \u201eTopoi and refutations in Aristotle\u201d, \u00een curs de apari\u021bie la editura College Publications, \u00een volumul de Dima Mohammed and Marcin Lewinski (eds.), <em>Argumentation and Inference: Proceedings of the Second European Conference on Argumentation, Fribourg, 2017<\/em>, London: College Publications, Studies in Logic and Argumentation Series , \u00een Studies in Logic and Argumentation series. Apari\u021bie \u00een 2018.<\/p>\n","protected":false},"excerpt":{"rendered":"<p>2015 Andrei Bereschi, Adela Pop-C\u00eempean (coordonatori), \u201eFilosofia tipurilor statale ca morfologie politic\u0103. Incursiuni \u00een istoria constituirii teoriei regimurilor politice, Editura Eikon &amp; Editura \u0218coala Ardelean\u0103, Cluj-Napoca, 2015. 2016 Melania Cristina Horotan, \u201cEvolution of mentalities and political forms reflected in the work of C. Sallustius Crispus \u2013 Platonic Influences\u201d, acceptat spre publicare \u00een revista Philobiblon. Transylvanian &hellip; <a href=\"https:\/\/hiphi.ubbcluj.ro\/fam\/morfologiapolitica\/rezultate\/\" class=\"more-link\">Continue reading <span class=\"screen-reader-text\">Rezultate<\/span> <span class=\"meta-nav\">&rarr;<\/span><\/a><\/p>\n","protected":false},"author":1,"featured_media":0,"parent":0,"menu_order":5,"comment_status":"closed","ping_status":"closed","template":"","meta":[],"_links":{"self":[{"href":"https:\/\/hiphi.ubbcluj.ro\/fam\/morfologiapolitica\/wp-json\/wp\/v2\/pages\/15"}],"collection":[{"href":"https:\/\/hiphi.ubbcluj.ro\/fam\/morfologiapolitica\/wp-json\/wp\/v2\/pages"}],"about":[{"href":"https:\/\/hiphi.ubbcluj.ro\/fam\/morfologiapolitica\/wp-json\/wp\/v2\/types\/page"}],"author":[{"embeddable":true,"href":"https:\/\/hiphi.ubbcluj.ro\/fam\/morfologiapolitica\/wp-json\/wp\/v2\/users\/1"}],"replies":[{"embeddable":true,"href":"https:\/\/hiphi.ubbcluj.ro\/fam\/morfologiapolitica\/wp-json\/wp\/v2\/comments?post=15"}],"version-history":[{"count":7,"href":"https:\/\/hiphi.ubbcluj.ro\/fam\/morfologiapolitica\/wp-json\/wp\/v2\/pages\/15\/revisions"}],"predecessor-version":[{"id":363,"href":"https:\/\/hiphi.ubbcluj.ro\/fam\/morfologiapolitica\/wp-json\/wp\/v2\/pages\/15\/revisions\/363"}],"wp:attachment":[{"href":"https:\/\/hiphi.ubbcluj.ro\/fam\/morfologiapolitica\/wp-json\/wp\/v2\/media?parent=15"}],"curies":[{"name":"wp","href":"https:\/\/api.w.org\/{rel}","templated":true}]}}