{"id":878,"date":"2021-10-27T19:15:26","date_gmt":"2021-10-27T19:15:26","guid":{"rendered":"http:\/\/hiphi.ubbcluj.ro\/SD_ICC\/?page_id=878"},"modified":"2022-10-07T09:24:57","modified_gmt":"2022-10-07T09:24:57","slug":"buget-fara-bursa","status":"publish","type":"page","link":"https:\/\/hiphi.ubbcluj.ro\/SD_ICC\/doctoranzi\/anul-i-2\/buget-fara-bursa\/","title":{"rendered":"Buget f\u0103r\u0103 burs\u0103"},"content":{"rendered":"\n<p style=\"color:#006851\" class=\"has-text-color\"><strong>K\u0151vecsi Gerzson-\u00c1kos<br>Coordonator: conf. univ. dr. Florin FODOREAN<\/strong><\/p>\n\n\n\n<p class=\"has-small-font-size\"><strong>Titlul tezei<br><\/strong><em>Colec\u021bii epigrafice din Transilvania secolelor XVI-XIX<br><\/em><br><strong>Comisia de \u00eendrumare<br><\/strong>profesor emerit. dr. Radu Ardevan<br>prof. univ. dr. Sorin Nemeti<br>lect. dr. D\u00e1vid Petru\u021b<\/p>\n\n\n\n<p style=\"color:#006851\" class=\"has-text-color\"><strong>L\u0103c\u0103tu\u0219 Maftei-Viorel<br>Coordonator: conf. univ. dr. Mihai T. NICOAR\u0102<\/strong><\/p>\n\n\n\n<p class=\"has-small-font-size\"><strong>Titlul tezei<br><\/strong><em>Jude\u021bul Some\u0219 \u2013 evolu\u021bie administrativ\u0103 \u0219i social-politic\u0103 \u00eentre anii 1918-1950<\/em><br><strong><br>Comisia de \u00eendrumare<\/strong><br>prof. univ. dr. Ovidiu Ghitta<br>conf. univ. dr. Constantin B\u0103rbulescu<br>C.\u0218. II dr. hab. Viorica-Mihaela Gligor<\/p>\n\n\n\n<p style=\"color:#006851\" class=\"has-text-color\"><strong>Mari\u0219 Horia \u0218tefan<br>Coordonator: conf. univ. dr. Florin FODOREAN<\/strong><\/p>\n\n\n\n<p class=\"has-small-font-size\"><strong>Titlul tezei<br><\/strong><em>Muzee \u0219i colec\u021bii arheologice din Banat (secolele XVIII-XX)<br><\/em><br><strong>Comisia de \u00eendrumare<\/strong><br>profesor emerit. dr. Radu Ardevan<br>prof. univ. dr. Sorin Nemeti<br>lect. dr. Silvia Musta\u021b\u0103<\/p>\n\n\n\n<p style=\"color:#006851\" class=\"has-text-color\"><strong>Mosutan Ioan-Adrian<br>Coordonator: conf. univ. dr. Mihai T. NICOAR\u0102<\/strong><\/p>\n\n\n\n<p class=\"has-small-font-size\"><strong>Titlul tezei<br><\/strong><em>Penitenciarul \u2013 actor \u00een asigurarea securit\u0103\u021bii statale. Evolu\u021bie. Actualitate. Perspective\/provoc\u0103ri<\/em><br><strong><br>Comisia de \u00eendrumare<\/strong><br>prof. univ. dr. Lumini\u021ba Ro\u0219ca<br>C.\u0218. II dr. Viorica-Mihaela Gligor<br>lect. univ. dr. Marius Laz\u0103r     <\/p>\n\n\n\n<p style=\"color:#006851\" class=\"has-text-color\"><strong>Mure\u0219an Tudor<br>Coordonator: prof. univ. dr. Marcela S\u0102L\u0102GEAN<\/strong><\/p>\n\n\n\n<p class=\"has-small-font-size\"><strong>Titlul tezei<br><\/strong><em>Politic\u0103, ideologie, art\u0103, ca repertoriu al teatrului subordonat politicului \u00een epoca comunist\u0103<\/em><br><br><strong>Comisia de \u00eendrumare<\/strong><br>prof. univ. dr. Virgiliu \u021a\u00e2r\u0103u<br>lect. dr. Natalia Cugle\u0219an<br>lect. dr. Mihai Alexandrescu<\/p>\n\n\n\n<p style=\"color:#006851\" class=\"has-text-color\"><strong>Oltean Tam\u00e1s-Zolt\u00e1n<br>Coordonator: prof. univ. dr. Toader NICOAR\u0102<\/strong><\/p>\n\n\n\n<p class=\"has-small-font-size\"><strong>Titlul tezei<\/strong><br><em>Epidemia de holer\u0103 din Scaunul Mure\u0219 din anul 1831 \u0219i revenirea din anul 1836<\/em><br><em><br><\/em><strong>Comisia de \u00eendrumare<\/strong><br>C.\u0218. III dr. Ovidiu Pecican<br>C.\u0218. I dr. Remus C\u00e2mpeanu<br>conf. univ. dr. Constantin B\u0103rbulescu<\/p>\n\n\n\n<p style=\"color:#006851\" class=\"has-text-color\"><strong>Pintzoi Raluca-Maria<br>Coordonator: conf. univ. dr. Constantin B\u0102RBULESCU<\/strong><\/p>\n\n\n\n<p class=\"has-small-font-size\"><strong>Titlul tezei<br><\/strong><em>Miniaturile \u00een sticl\u0103, un me\u0219te\u0219ug din Cavnic<br><\/em><br><strong>Comisia de \u00eendrumare<br><\/strong>prof. univ. dr. Sorin Mitu<br>conf. univ. dr. Ion C\u00e2rja<br>lect. dr. Lucian Turcu<\/p>\n\n\n\n<p style=\"color:#006851\" class=\"has-text-color\"><strong>Potra Ioana Mihaela<br>Coordonator: conf. univ. dr. Sorin NEMETI<\/strong><br><\/p>\n\n\n\n<p class=\"has-small-font-size\"><strong>Titlul tezei<br><\/strong><em>Produc\u021bia local\u0103 \u0219i comer\u021bul prin prisma amforelor din Dacia roman\u0103<\/em><br><em><br><\/em><strong>Comisia de \u00eendrumare<br><\/strong>profesor emerit dr. Radu Ardevan<br>conf. univ. dr. Florin Fodorean<br>lect. dr. D\u00e1vid Petru\u021b<\/p>\n\n\n\n<p style=\"color:#006851\" class=\"has-text-color\"><strong>R\u0103dulescu Dan-\u0218tefan<br>Coordonator: prof. univ. dr. \u0218erban TURCU\u0218<\/strong><br><\/p>\n\n\n\n<p class=\"has-small-font-size\"><strong>Titlul tezei<br><\/strong><em>Istoria medieval\u0103 a rom\u00e2nilor reflectat\u0103 \u00een pictura din secolele XIX-XX<br><\/em><br><strong>Comisia de \u00eendrumare<\/strong><br>prof. univ. dr. Sorin Mitu<br>prof. univ. dr. Toader Nicoar\u0103<br>prof. univ. dr. Marcela S\u0103l\u0103gean<\/p>\n\n\n\n<p style=\"color:#006851\" class=\"has-text-color\"><strong>Sipos Istv\u00e1n <br>Coordonator: prof. univ. dr. R\u00dcSZ-FOGARASI Enik\u0151<\/strong><br><\/p>\n\n\n\n<p class=\"has-small-font-size\"><strong>Titlul tezei<br><\/strong><em>Educa\u021bia protestant\u0103 \u00een Secuime de la secolul al XVI-lea p\u00e2n\u0103 la \u00eenceputul secolului al XIX-lea<br><\/em><br><strong>Comisia de \u00eendrumare<br><\/strong>profesor emerit dr. G\u00e1bor Sipos<br>conf. univ. dr. Nagy R\u00f3bert<br>lect. dr. Andrea Feh\u00e9r<\/p>\n\n\n\n<p style=\"color:#006851\" class=\"has-text-color\"><strong>Suciu Adi<br>Coordonator: prof. univ. dr. Maria CR\u0102CIUN<\/strong><br><\/p>\n\n\n\n<p class=\"has-small-font-size\"><strong>Titlul tezei<br><\/strong><em>Perspective religioase asupra \u00eenfiin\u021b\u0103rii statului Israel<\/em><br><em><br><\/em><strong>Comisia de \u00eendrumare<br><\/strong>profesor emerit dr. Doru Radosav<br>prof. univ. dr. Ioan-Marius Bucur<br>conf. univ. dr. Ionu\u021b Costea<br>C.\u0218. III dr. Lavinia-Snejana Costea<\/p>\n\n\n\n<p style=\"color:#006851\" class=\"has-text-color\"><strong>Sz\u00e1sz Carol-Adam<br>Coordonator: conf. univ. dr. Eduard NEMETH<\/strong><br><\/p>\n\n\n\n<p class=\"has-small-font-size\"><strong>Titlul tezei<br><\/strong><em>Propaganda imperial\u0103 roman\u0103 pe monedele dinastiilor flavian\u0103 \u0219i antonin\u0103<br><\/em><br><strong>Comisia de \u00eendrumare<br><\/strong>prof. univ. dr.Sorin Nemeti<br>lect. dr. Silvia Musta\u021b\u0103<br>lect. dr. D\u00e1vid Petru\u021b<\/p>\n\n\n\n<p style=\"color:#006851\" class=\"has-text-color\"><strong>\u0218tef\u0103nescu Bogdan<br>Coordonator: prof. univ. dr. Sorin MITU<\/strong><\/p>\n\n\n\n<p class=\"has-small-font-size\"><strong>Titlul tezei<br><\/strong><em>Receptarea civiliza\u021biei engleze de c\u0103tre rom\u00e2nii din Transilvania p\u00e2n\u0103 la Primul R\u0103zboi Mondial<\/em><br><br><strong>Comisia de \u00eendrumare<br><\/strong>conf. univ. dr. Constantin B\u0103rbulescu<br>lect. dr. Vlad Popovici<br>lect. dr. Lucian Turcu<\/p>\n","protected":false},"excerpt":{"rendered":"<p>K\u0151vecsi Gerzson-\u00c1kosCoordonator: conf. univ. dr. Florin FODOREAN Titlul tezeiColec\u021bii epigrafice din Transilvania secolelor XVI-XIXComisia de \u00eendrumareprofesor emerit. dr. Radu Ardevanprof. univ. dr. Sorin Nemetilect. dr. D\u00e1vid Petru\u021b L\u0103c\u0103tu\u0219 Maftei-ViorelCoordonator: conf. univ. dr. Mihai T. NICOAR\u0102 Titlul tezeiJude\u021bul Some\u0219 \u2013 evolu\u021bie administrativ\u0103 \u0219i social-politic\u0103 \u00eentre anii 1918-1950Comisia de \u00eendrumareprof. univ. dr. Ovidiu Ghittaconf. univ. dr. Constantin &hellip; <\/p>\n<p class=\"link-more\"><a href=\"https:\/\/hiphi.ubbcluj.ro\/SD_ICC\/doctoranzi\/anul-i-2\/buget-fara-bursa\/\" class=\"more-link\">Cite\u0219te mai multe<span class=\"screen-reader-text\">\u201eBuget f\u0103r\u0103 burs\u0103\u201d<\/span><\/a><\/p>\n","protected":false},"author":1,"featured_media":0,"parent":193,"menu_order":2,"comment_status":"closed","ping_status":"closed","template":"","meta":{"_inspiro_hide_title":false,"footnotes":""},"class_list":["post-878","page","type-page","status-publish","hentry"],"_links":{"self":[{"href":"https:\/\/hiphi.ubbcluj.ro\/SD_ICC\/wp-json\/wp\/v2\/pages\/878","targetHints":{"allow":["GET"]}}],"collection":[{"href":"https:\/\/hiphi.ubbcluj.ro\/SD_ICC\/wp-json\/wp\/v2\/pages"}],"about":[{"href":"https:\/\/hiphi.ubbcluj.ro\/SD_ICC\/wp-json\/wp\/v2\/types\/page"}],"author":[{"embeddable":true,"href":"https:\/\/hiphi.ubbcluj.ro\/SD_ICC\/wp-json\/wp\/v2\/users\/1"}],"replies":[{"embeddable":true,"href":"https:\/\/hiphi.ubbcluj.ro\/SD_ICC\/wp-json\/wp\/v2\/comments?post=878"}],"version-history":[{"count":15,"href":"https:\/\/hiphi.ubbcluj.ro\/SD_ICC\/wp-json\/wp\/v2\/pages\/878\/revisions"}],"predecessor-version":[{"id":1614,"href":"https:\/\/hiphi.ubbcluj.ro\/SD_ICC\/wp-json\/wp\/v2\/pages\/878\/revisions\/1614"}],"up":[{"embeddable":true,"href":"https:\/\/hiphi.ubbcluj.ro\/SD_ICC\/wp-json\/wp\/v2\/pages\/193"}],"wp:attachment":[{"href":"https:\/\/hiphi.ubbcluj.ro\/SD_ICC\/wp-json\/wp\/v2\/media?parent=878"}],"curies":[{"name":"wp","href":"https:\/\/api.w.org\/{rel}","templated":true}]}}