{"id":876,"date":"2021-10-27T19:15:05","date_gmt":"2021-10-27T19:15:05","guid":{"rendered":"http:\/\/hiphi.ubbcluj.ro\/SD_ICC\/?page_id=876"},"modified":"2022-10-04T14:49:25","modified_gmt":"2022-10-04T14:49:25","slug":"buget-cu-bursa","status":"publish","type":"page","link":"https:\/\/hiphi.ubbcluj.ro\/SD_ICC\/doctoranzi\/anul-i-2\/buget-cu-bursa\/","title":{"rendered":"Buget cu burs\u0103"},"content":{"rendered":"\n<p style=\"color:#006851\" class=\"has-text-color\"><strong>Barbocz Be\u00e1ta<br>Coordonator: conf. univ. dr. Sorin NEMETI<\/strong><br><\/p>\n\n\n\n<p class=\"has-small-font-size\"><strong>Titlul tezei<br><\/strong><em>Ceramica din epoca migra\u021biilor f\u0103cut\u0103 dup\u0103 tradi\u021bii germanice din nord-estul Transilvaniei<\/em><br><br><strong>Comisia de \u00eendrumare<br><\/strong>profesor emerit dr. Radu Ardevan<br>conf. univ. dr. Florin Fodorean<br>C.\u0218. I dr. Ioan Stanciu<\/p>\n\n\n\n<p style=\"color:#006851\" class=\"has-text-color\"><strong>B\u0103l\u0103nean Bogdan<br>Coordonator: conf. univ. dr. Constantin B\u0102RBULESCU<\/strong><br><\/p>\n\n\n\n<p class=\"has-small-font-size\"><strong>Titlul tezei<br><\/strong><em>Via\u021b\u0103 social\u0103 \u0219i sexualitate. O perspectiv\u0103 asupra evolu\u021biei reprezent\u0103rilor sociale fa\u021b\u0103 de persoanele gay din Rom\u00e2nia contemporan\u0103<\/em><br><br><strong>Comisia de \u00eendrumare<br><\/strong>prof. univ. dr. Sorin Mitu<br>conf. univ. dr. Ion C\u00e2rja<br>lect. dr. Vlad Popovici<\/p>\n\n\n\n<p style=\"color:#006851\" class=\"has-text-color\"><strong>Binder Gerard Robert<br>Coordonator: prof. univ. dr. Toader NICOAR\u0102<\/strong><br><\/p>\n\n\n\n<p class=\"has-small-font-size\"><strong>Titlul tezei<br><\/strong><em>Aspecte ale loisirului transilv\u0103nean (sf\u00e2r\u0219itul sec. XIX &#8211; \u00eenceputul sec. XX)<\/em><br><br><strong>Comisia de \u00eendrumare<\/strong><br>C.\u0218. III dr. Ovidiu Pecican<br>C.\u0218. I dr. Remus C\u00e2mpeanu<br>conf. univ. dr. Constantin B\u0103rbulescu<\/p>\n\n\n\n<p style=\"color:#006851\" class=\"has-text-color\"><strong>Criste Tania Mirela<br>Coordonator: prof. univ. dr. Ovidiu GHITTA<\/strong><\/p>\n\n\n\n<p class=\"has-small-font-size\"><strong>Titlul tezei<br><\/strong><em>Arhitectura vernacular\u0103 din \u021aara Oa\u0219ului. \u00cen c\u0103utarea identit\u0103\u021bii pierdute. <br><\/em><br><strong>Comisia de \u00eendrumare<br><\/strong>prof. univ. dr. Ioan-Marius Bucur<br>prof. univ. dr. Marcela S\u0103l\u0103gean<br>conf. univ. dr. Ionu\u021b Costea<\/p>\n\n\n\n<p style=\"color:#006851\" class=\"has-text-color\"><strong>D\u0103l\u0103l\u0103u Andrei<br>Coordonator: prof. univ. dr. Marcela S\u0102L\u0102GEAN<\/strong><\/p>\n\n\n\n<p class=\"has-small-font-size\"><strong>Titlul tezei<br><\/strong><em>\u201eZborul lui Icar\u201d. Procese politice intentate intelectualit\u0103\u021bii \u00een anii \u201950 \u00een Rom\u00e2nia comunist\u0103<\/em><br><br><strong>Comisia de \u00eendrumare<\/strong><br>prof. univ. dr. Ioan-Marius Bucur<br>prof. univ. dr. Virgiliu \u021a\u00e2r\u0103u<br>lect. dr. Mihai Croitor<\/p>\n\n\n\n<p style=\"color:#006851\" class=\"has-text-color\"><strong>Divile Alexandru<br>Coordonator: prof. univ. dr. \u0218erban TURCU\u0218<\/strong><\/p>\n\n\n\n<p class=\"has-small-font-size\"><strong>Titlul tezei<br><\/strong><em>Monede \u0219i bancnote \u00een timpul regimului ideocratic &#8211; stilistic\u0103 \u0219i mesaj<br><\/em><br><strong>Comisia de \u00eendrumare<br><\/strong>prof. univ. dr. Sorin Mitu<br>prof univ. dr. Toader Nicoar\u0103<br>prof. univ. dr. Marcela S\u0103l\u0103gean<\/p>\n\n\n\n<p style=\"color:#006851\" class=\"has-text-color\"><strong>Keresztes Timea<br>Coordonator: prof. univ. dr. R\u00dcSZ-FOGARASI Enik\u0151<\/strong><\/p>\n\n\n\n<p class=\"has-small-font-size\"><strong>Titlul tezei<br><\/strong><em>Bijuterii \u0219i accesorii vestimentare nobiliare \u00een Transilvania. Perioada Principatului<br><\/em><br><strong>Comisia de \u00eendrumare<\/strong><br>conf. univ. dr. Moln\u00e1r Kov\u00e1cs Zsolt<br>conf. univ. dr. M\u00e1ria Lupescu Mak\u00f3<br>dr. Cs\u00f3k Zsolt<\/p>\n\n\n\n<p style=\"color:#006851\" class=\"has-text-color\"><strong>Petru\u0219 Andrei-Gabriel<br>Coordonator: prof. univ. dr. Sorin MITU<\/strong><\/p>\n\n\n\n<p class=\"has-small-font-size\"><strong>Titlul tezei <br><\/strong><em>Conceptul s\u0103r\u0103ciei \u00een Transilvania \u00een a doua jum\u0103tate a secolului al XIX-lea<br><\/em><br><strong>Comisia de \u00eendrumare<br><\/strong>conf. univ. dr. Constantin B\u0103rbulescu<br>lect. dr. Vlad Popovici<br>lect. dr. Lucian Turcu<\/p>\n\n\n\n<p style=\"color:#006851\" class=\"has-text-color\"><strong>Piticaru Alina-Ioana<br>Coordonator: conf. univ. dr. Florin FODOREAN<\/strong><\/p>\n\n\n\n<p class=\"has-small-font-size\"><strong>Titlul tezei<br><\/strong><em>Feminine Elites in the Danubian Provinces During the Principate<br><\/em><br><strong>Comisia de \u00eendrumare<br><\/strong>profesor emerit dr. Radu Ardevan<br>prof. univ. dr. Sorin Nemeti<br>conf. univ. dr. Ligia Ruscu<\/p>\n\n\n\n<p style=\"color:#006851\" class=\"has-text-color\"><strong>Pop Alexandru-Mihai<br>Coordonator: prof. univ. dr. Maria CR\u0102CIUN<\/strong><br><\/p>\n\n\n\n<p class=\"has-small-font-size\"><strong>Titlul tezei<br><\/strong><em>Formarea elitelor \u00een a\u0219ez\u0103rile miniere din Regatul Ungariei<br><\/em><br><strong>Comisia de \u00eendrumare<br><\/strong>conf. univ. dr. M\u00e1ria Lupescu Mak\u00f3<br>lect. dr. Carmen Florea<br>prof. univ. dr. Katalin Szende<\/p>\n\n\n\n<p style=\"color:#006851\" class=\"has-text-color\"><strong>Posto\u0219 R\u0103zvan-George<br>Coordonator: conf. univ. dr. Eduard NEMETH<br><\/strong><\/p>\n\n\n\n<p class=\"has-small-font-size\"><strong>Titlul tezei <br><\/strong><em>Cultul lui Apollo \u00een provinciile danubiene<br><\/em><br><strong>Comisia de \u00eendrumare<br><\/strong>prof. univ. dr. Sorin Nemeti<br>lect. dr. Silvia Musta\u021b\u0103<br>lect. dr. D\u00e1vid Petru\u021b<\/p>\n","protected":false},"excerpt":{"rendered":"<p>Barbocz Be\u00e1taCoordonator: conf. univ. dr. Sorin NEMETI Titlul tezeiCeramica din epoca migra\u021biilor f\u0103cut\u0103 dup\u0103 tradi\u021bii germanice din nord-estul Transilvaniei Comisia de \u00eendrumareprofesor emerit dr. Radu Ardevanconf. univ. dr. Florin FodoreanC.\u0218. I dr. Ioan Stanciu B\u0103l\u0103nean BogdanCoordonator: conf. univ. dr. Constantin B\u0102RBULESCU Titlul tezeiVia\u021b\u0103 social\u0103 \u0219i sexualitate. O perspectiv\u0103 asupra evolu\u021biei reprezent\u0103rilor sociale fa\u021b\u0103 de persoanele &hellip; <\/p>\n<p class=\"link-more\"><a href=\"https:\/\/hiphi.ubbcluj.ro\/SD_ICC\/doctoranzi\/anul-i-2\/buget-cu-bursa\/\" class=\"more-link\">Cite\u0219te mai multe<span class=\"screen-reader-text\">\u201eBuget cu burs\u0103\u201d<\/span><\/a><\/p>\n","protected":false},"author":1,"featured_media":0,"parent":193,"menu_order":1,"comment_status":"closed","ping_status":"closed","template":"","meta":{"_inspiro_hide_title":false,"footnotes":""},"class_list":["post-876","page","type-page","status-publish","hentry"],"_links":{"self":[{"href":"https:\/\/hiphi.ubbcluj.ro\/SD_ICC\/wp-json\/wp\/v2\/pages\/876","targetHints":{"allow":["GET"]}}],"collection":[{"href":"https:\/\/hiphi.ubbcluj.ro\/SD_ICC\/wp-json\/wp\/v2\/pages"}],"about":[{"href":"https:\/\/hiphi.ubbcluj.ro\/SD_ICC\/wp-json\/wp\/v2\/types\/page"}],"author":[{"embeddable":true,"href":"https:\/\/hiphi.ubbcluj.ro\/SD_ICC\/wp-json\/wp\/v2\/users\/1"}],"replies":[{"embeddable":true,"href":"https:\/\/hiphi.ubbcluj.ro\/SD_ICC\/wp-json\/wp\/v2\/comments?post=876"}],"version-history":[{"count":23,"href":"https:\/\/hiphi.ubbcluj.ro\/SD_ICC\/wp-json\/wp\/v2\/pages\/876\/revisions"}],"predecessor-version":[{"id":1538,"href":"https:\/\/hiphi.ubbcluj.ro\/SD_ICC\/wp-json\/wp\/v2\/pages\/876\/revisions\/1538"}],"up":[{"embeddable":true,"href":"https:\/\/hiphi.ubbcluj.ro\/SD_ICC\/wp-json\/wp\/v2\/pages\/193"}],"wp:attachment":[{"href":"https:\/\/hiphi.ubbcluj.ro\/SD_ICC\/wp-json\/wp\/v2\/media?parent=876"}],"curies":[{"name":"wp","href":"https:\/\/api.w.org\/{rel}","templated":true}]}}