{"id":74,"date":"2021-03-17T09:42:04","date_gmt":"2021-03-17T09:42:04","guid":{"rendered":"http:\/\/hiphi.ubbcluj.ro\/SD_ICC_nou\/?page_id=74"},"modified":"2022-10-04T15:11:52","modified_gmt":"2022-10-04T15:11:52","slug":"buget-cu-bursa%ef%bb%bf","status":"publish","type":"page","link":"https:\/\/hiphi.ubbcluj.ro\/SD_ICC\/doctoranzi\/anul-i\/buget-cu-bursa%ef%bb%bf\/","title":{"rendered":"Buget cu burs\u0103\ufeff"},"content":{"rendered":"\n<p style=\"color:#006851\" class=\"has-text-color\"><strong>B\u00eec Tania-Nicoleta<\/strong><br><strong>Coordonator: prof. univ. dr. Marcela S\u0102L\u0102GEAN<\/strong><br><\/p>\n\n\n\n<p class=\"has-small-font-size\"><strong>Titlul tezei<\/strong>  <br><em>Rela\u021biile rom\u00e2no-maghiare \u00een timpul guvernului Petru Groza (1945-1952)<\/em> <br><br><strong>Comisia de \u00eendrumare<\/strong><br>prof. univ. dr. Ioan-Marius Bucur <br>prof. univ. dr. Virgiliu \u021a\u00e2r\u0103u<br>conf. univ. dr. L\u0151nh\u00e1rt Tam\u00e1s <br><\/p>\n\n\n\n<p style=\"color:#006851\" class=\"has-text-color\"><strong>Bung\u0103rdean Andreea-Br\u00e2ndu\u0219a<\/strong><br><strong>Coordonator: prof. univ. dr. Maria CR\u0102CIUN<\/strong><\/p>\n\n\n\n<p class=\"has-small-font-size\"><strong>Titlul tezei<\/strong><br><em>Ora\u0219ul ca reprezentare: patrimoniu construit \u0219i societate urban\u0103 \u00een Turda epocii moderne \u0219i postmoderne (1867-2020)<\/em><br><br><strong>Comisia de \u00eendrumare<\/strong><br>prof. univ. dr. P\u00e1l Judit <br>arh. prof. univ. dr. \u0218tefan Ghenciulescu<\/p>\n\n\n\n<p style=\"color:#006851\" class=\"has-text-color\"><strong>Kis Cynthia<\/strong><br><strong>Coordonator: prof. univ. dr. R\u00dcSZ-FOGARASI Enik\u0151<\/strong><\/p>\n\n\n\n<p class=\"has-small-font-size\"><strong>Titlul tezei<\/strong><br><em>Femeia \u00een societatea nobiliar\u0103 din Transilvania premodern\u0103<\/em><br><br><strong>Comisia de \u00eendrumare<\/strong><br>profesor emerit dr. G\u00e1bor Sipos<br>conf. univ. dr. M\u00e1ria Lupescu Mak\u00f3<br>lect. dr. Andrea Feh\u00e9r<\/p>\n\n\n\n<p style=\"color:#006851\" class=\"has-text-color\"><strong>Litean Emil<\/strong><br><strong>Coordonator: prof. univ. dr. Simona NICOAR\u0102<\/strong><\/p>\n\n\n\n<p class=\"has-small-font-size\"><strong>Titlul tezei<\/strong><br><em>Penitenciarele \u00een perioada interbelic\u0103 (1918-1938). Legile \u0219i regulamentele de organizare<\/em><br><br><strong>Comisia de \u00eendrumare<\/strong><br>prof. univ. dr. Ovidiu Ghitta<br>prof. univ. dr. Sorin Mitu<br>conf. univ. dr. Constantin B\u0103rbulescu<\/p>\n\n\n\n<p style=\"color:#006851\" class=\"has-text-color\"><strong>Manole Beatrice Maria<\/strong><br><strong>Coordonator: conf. univ. dr. Sorin NEMETI<\/strong><\/p>\n\n\n\n<p class=\"has-small-font-size\"><strong>Titlul tezei<\/strong><br><strong><em> <\/em><\/strong><em>Cultul lui Liber Pater \u00een Dacia<\/em><br><br><strong>Comisia de \u00eendrumare<\/strong><br>C.\u0218. I dr. hab. Coriolan-Hora\u021biu Oprean<br>conf. univ. dr. Florin Fodorean<br>lect. dr. Silvia Musta\u021b\u0103 <\/p>\n\n\n\n<p style=\"color:#006851\" class=\"has-text-color\"><strong>Oneas\u0103 Dana Mariana<\/strong><br><strong>Coordonator: prof. univ. dr. Ovidiu GHITTA<\/strong><\/p>\n\n\n\n<p class=\"has-small-font-size\"><strong>Titlul tezei<\/strong><br><em>Facultatea de Litere \u0219i Filosofie a universit\u0103\u021bii din Cluj \u00een perioada interbelic\u0103<\/em><br><br><strong>Comisia de \u00eendrumare<\/strong><br>prof. univ. dr. Ioan-Marius Bucur<br>prof. univ. dr. Marcela S\u0103l\u0103gean<br>conf. univ. dr. Ionu\u021b Costea<\/p>\n\n\n\n<p style=\"color:#006851\" class=\"has-text-color\"><strong>Sas Florina-Cosmina<\/strong><br><strong>Coorodonator: prof. univ. dr. Sorin MITU<\/strong><\/p>\n\n\n\n<p class=\"has-small-font-size\"><strong>Titlul tezei<\/strong><br><em>Proiecte politico-na\u021bionale la rom\u00e2nii din Transilvania \u0219i Vechiul Regat \u00een perioada 1905-1918<\/em><br><br><strong>Comisia de \u00eendrumare<\/strong><br>conf. univ. dr. Constantin B\u0103rbulescu<br>lect. dr. Vlad Popovici<br>lect. dr. Lucian Turcu<\/p>\n\n\n\n<p style=\"color:#006851\" class=\"has-text-color\"><strong>Smultea Teodora<\/strong><br><strong>Coordonator: conf. univ. dr. \u0218erban TURCU\u0218<\/strong><\/p>\n\n\n\n<p class=\"has-small-font-size\"><strong>Titlul tezei<\/strong><br><em>Bios, art\u0103 \u0219i unitate \u00een \u021a\u0103rile Rom\u00e2ne prin vestimenta\u021bia liturgic\u0103 iconografic\u0103 a secolelor XIV-XVII<\/em><br><br><strong>Comisia de \u00eendrumare<\/strong><br>prof. univ. dr. Toader Nicoar\u0103<br>prof. univ. dr. Marcela S\u0103l\u0103gean<br>prof. univ. dr. Sorin Mitu<\/p>\n\n\n\n<p style=\"color:#006851\" class=\"has-text-color\"><strong>Socaciu Sergiu-Traian<\/strong><br><strong>Coordonator: conf. univ. dr. Sorin NEMETI<\/strong><\/p>\n\n\n\n<p class=\"has-small-font-size\"><strong>Titlul tezei<\/strong><br><em>Religia civic\u0103 \u00een Dacia roman\u0103<\/em><br><br><strong>Comisia de \u00eendrumare<\/strong><br>profesor emerit dr. Radu Ardevan<br>conf. univ. dr. Ligia Ruscu<br>conf. univ. dr. Florin Fodorean<\/p>\n\n\n\n<p style=\"color:#006851\" class=\"has-text-color\"><strong>Szab\u00f3 Zsolt-S\u00e1ndor<\/strong><br><strong>Coordonator: prof. univ. dr. P\u00c1L Judit<\/strong><\/p>\n\n\n\n<p class=\"has-small-font-size\"><strong>Titlul tezei<\/strong><br><em>Administra\u021bia \u0219i elita comitatens\u0103 \u00een Transilvania \u00eentre 1848 \u0219i 1918<\/em><br><br><strong>Comisia de \u00eendrumare<\/strong><br>conf. univ. dr. Nagy Robert<br>lect. dr. Andrea Feh\u00e9r<br>C.\u0218. dr. Gid\u00f3 Attila<\/p>\n\n\n\n<p style=\"color:#006851\" class=\"has-text-color\"><strong>Ursoi Diana<\/strong><br><strong>Coordonator: prof. univ. dr. Maria CR\u0102CIUN<\/strong><\/p>\n\n\n\n<p class=\"has-small-font-size\"><strong>Titlul tezei<\/strong><br><em>Witchcraft Trials and Social Control Strategies in Early Modern Transylvania<\/em><br><br><strong>Comisia de \u00eendrumare<\/strong><br>prof. univ. dr. Klaniczay Gabor<br>conf. univ. dr. Szegedi Edit<br>lect. dr. Carmen Florea<br><\/p>\n","protected":false},"excerpt":{"rendered":"<p>B\u00eec Tania-NicoletaCoordonator: prof. univ. dr. Marcela S\u0102L\u0102GEAN Titlul tezei Rela\u021biile rom\u00e2no-maghiare \u00een timpul guvernului Petru Groza (1945-1952) Comisia de \u00eendrumareprof. univ. dr. Ioan-Marius Bucur prof. univ. dr. Virgiliu \u021a\u00e2r\u0103uconf. univ. dr. L\u0151nh\u00e1rt Tam\u00e1s Bung\u0103rdean Andreea-Br\u00e2ndu\u0219aCoordonator: prof. univ. dr. Maria CR\u0102CIUN Titlul tezeiOra\u0219ul ca reprezentare: patrimoniu construit \u0219i societate urban\u0103 \u00een Turda epocii moderne \u0219i postmoderne &hellip; <\/p>\n<p class=\"link-more\"><a href=\"https:\/\/hiphi.ubbcluj.ro\/SD_ICC\/doctoranzi\/anul-i\/buget-cu-bursa%ef%bb%bf\/\" class=\"more-link\">Cite\u0219te mai multe<span class=\"screen-reader-text\">\u201eBuget cu burs\u0103\ufeff\u201d<\/span><\/a><\/p>\n","protected":false},"author":1,"featured_media":0,"parent":47,"menu_order":1,"comment_status":"closed","ping_status":"closed","template":"","meta":{"_inspiro_hide_title":false,"footnotes":""},"class_list":["post-74","page","type-page","status-publish","hentry"],"_links":{"self":[{"href":"https:\/\/hiphi.ubbcluj.ro\/SD_ICC\/wp-json\/wp\/v2\/pages\/74","targetHints":{"allow":["GET"]}}],"collection":[{"href":"https:\/\/hiphi.ubbcluj.ro\/SD_ICC\/wp-json\/wp\/v2\/pages"}],"about":[{"href":"https:\/\/hiphi.ubbcluj.ro\/SD_ICC\/wp-json\/wp\/v2\/types\/page"}],"author":[{"embeddable":true,"href":"https:\/\/hiphi.ubbcluj.ro\/SD_ICC\/wp-json\/wp\/v2\/users\/1"}],"replies":[{"embeddable":true,"href":"https:\/\/hiphi.ubbcluj.ro\/SD_ICC\/wp-json\/wp\/v2\/comments?post=74"}],"version-history":[{"count":17,"href":"https:\/\/hiphi.ubbcluj.ro\/SD_ICC\/wp-json\/wp\/v2\/pages\/74\/revisions"}],"predecessor-version":[{"id":1550,"href":"https:\/\/hiphi.ubbcluj.ro\/SD_ICC\/wp-json\/wp\/v2\/pages\/74\/revisions\/1550"}],"up":[{"embeddable":true,"href":"https:\/\/hiphi.ubbcluj.ro\/SD_ICC\/wp-json\/wp\/v2\/pages\/47"}],"wp:attachment":[{"href":"https:\/\/hiphi.ubbcluj.ro\/SD_ICC\/wp-json\/wp\/v2\/media?parent=74"}],"curies":[{"name":"wp","href":"https:\/\/api.w.org\/{rel}","templated":true}]}}