{"id":517,"date":"2021-09-08T18:29:15","date_gmt":"2021-09-08T18:29:15","guid":{"rendered":"http:\/\/hiphi.ubbcluj.ro\/SD_ICC_nou\/?page_id=517"},"modified":"2021-10-14T18:07:22","modified_gmt":"2021-10-14T18:07:22","slug":"programe-internationale","status":"publish","type":"page","link":"https:\/\/hiphi.ubbcluj.ro\/SD_ICC\/cercetare\/programe-internationale\/","title":{"rendered":"Programe interna\u021bionale"},"content":{"rendered":"\n<p style=\"color:#006851\" class=\"has-text-color has-medium-font-size\"><strong>Programul Erasmus<\/strong><\/p>\n\n\n\n<p>Coordonator al departamentului: prof. univ. dr. <strong>Maria-Silvia CR\u0102CIUN<\/strong><br> \u2022  departamentul de <em>Istorie medieval\u0103, premodern\u0103 \u015fi Istoria artei<\/em><br>    str. Napoca nr. 11<br>    e-mail: hiphi@ubbcluj.ro<br>Secretariat: Simona Dombi<br>\u2022   e-mail: simona.dombi@ubbcluj.ro <br><\/p>\n\n\n\n<ol class=\"wp-block-list\"><li>Informa\u0163ii despre programul <a rel=\"noreferrer noopener\" aria-label=\"Erasmus+ (se deschide \u00eentr-o fil\u0103 nou\u0103)\" href=\"https:\/\/cci.ubbcluj.ro\/erasmus\/erasmus.php\" target=\"_blank\"><strong>Erasmus+<\/strong><\/a><\/li><li><a href=\"http:\/\/hiphi.ubbcluj.ro\/Erasmus\/selectii.html\"><strong>Selec\u0163ia studen\u0163ilor<\/strong><\/a><strong>\u00a0<\/strong>pentru mobilit\u0103\u0163i Erasmus de studiu<\/li><li><a rel=\"noreferrer noopener\" href=\"https:\/\/www.facebook.com\/erasmus.atubb.3\/videos\/693749294769633\/\" target=\"_blank\"><strong>Video de informare<\/strong><\/a><strong> <\/strong>cu privire la demersurile dup\u0103 procesul de selec\u0163ie \u015fi documentele necesare \u00een vederea preg\u0103tirii mobilit\u0103\u0163ii <\/li><li><a href=\"http:\/\/hiphi.ubbcluj.ro\/Erasmus\/uni_partenere.html\"><strong>Universit\u0103\u0163i partenere<\/strong><\/a><\/li><li><a href=\"http:\/\/hiphi.ubbcluj.ro\/Erasmus\/card_sanatate.html\">Ob\u0163inerea <strong>Cardului european de s\u0103n\u0103tate<\/strong><\/a><\/li><\/ol>\n","protected":false},"excerpt":{"rendered":"<p>Programul Erasmus Coordonator al departamentului: prof. univ. dr. Maria-Silvia CR\u0102CIUN \u2022 departamentul de Istorie medieval\u0103, premodern\u0103 \u015fi Istoria artei str. Napoca nr. 11 e-mail: hiphi@ubbcluj.roSecretariat: Simona Dombi\u2022 e-mail: simona.dombi@ubbcluj.ro Informa\u0163ii despre programul Erasmus+ Selec\u0163ia studen\u0163ilor\u00a0pentru mobilit\u0103\u0163i Erasmus de studiu Video de informare cu privire la demersurile dup\u0103 procesul de selec\u0163ie \u015fi documentele necesare \u00een vederea &hellip; <\/p>\n<p class=\"link-more\"><a href=\"https:\/\/hiphi.ubbcluj.ro\/SD_ICC\/cercetare\/programe-internationale\/\" class=\"more-link\">Cite\u0219te mai multe<span class=\"screen-reader-text\">\u201ePrograme interna\u021bionale\u201d<\/span><\/a><\/p>\n","protected":false},"author":1,"featured_media":0,"parent":16,"menu_order":5,"comment_status":"closed","ping_status":"closed","template":"","meta":{"_inspiro_hide_title":false,"footnotes":""},"class_list":["post-517","page","type-page","status-publish","hentry"],"_links":{"self":[{"href":"https:\/\/hiphi.ubbcluj.ro\/SD_ICC\/wp-json\/wp\/v2\/pages\/517","targetHints":{"allow":["GET"]}}],"collection":[{"href":"https:\/\/hiphi.ubbcluj.ro\/SD_ICC\/wp-json\/wp\/v2\/pages"}],"about":[{"href":"https:\/\/hiphi.ubbcluj.ro\/SD_ICC\/wp-json\/wp\/v2\/types\/page"}],"author":[{"embeddable":true,"href":"https:\/\/hiphi.ubbcluj.ro\/SD_ICC\/wp-json\/wp\/v2\/users\/1"}],"replies":[{"embeddable":true,"href":"https:\/\/hiphi.ubbcluj.ro\/SD_ICC\/wp-json\/wp\/v2\/comments?post=517"}],"version-history":[{"count":3,"href":"https:\/\/hiphi.ubbcluj.ro\/SD_ICC\/wp-json\/wp\/v2\/pages\/517\/revisions"}],"predecessor-version":[{"id":743,"href":"https:\/\/hiphi.ubbcluj.ro\/SD_ICC\/wp-json\/wp\/v2\/pages\/517\/revisions\/743"}],"up":[{"embeddable":true,"href":"https:\/\/hiphi.ubbcluj.ro\/SD_ICC\/wp-json\/wp\/v2\/pages\/16"}],"wp:attachment":[{"href":"https:\/\/hiphi.ubbcluj.ro\/SD_ICC\/wp-json\/wp\/v2\/media?parent=517"}],"curies":[{"name":"wp","href":"https:\/\/api.w.org\/{rel}","templated":true}]}}