{"id":50,"date":"2021-03-17T08:37:43","date_gmt":"2021-03-17T08:37:43","guid":{"rendered":"http:\/\/hiphi.ubbcluj.ro\/SD_ICC_nou\/?page_id=50"},"modified":"2024-04-18T18:44:57","modified_gmt":"2024-04-18T18:44:57","slug":"anul-ii","status":"publish","type":"page","link":"https:\/\/hiphi.ubbcluj.ro\/SD_ICC\/doctoranzi\/anul-ii\/","title":{"rendered":"An I \u2013 Gra\u021bie"},"content":{"rendered":"\n<p style=\"color:#006851\" class=\"has-text-color\"><strong>Barb\u0103 Amalia Diana<\/strong><br><strong>Coordonator: conf. univ. dr. Greta MIRON<\/strong><\/p>\n\n\n\n<p class=\"has-small-font-size\"><strong>Titlul tezei<\/strong><br><em>Rela\u021bia cimitir-comunitate \u00een zona Arad-N\u0103dlac<\/em><br><br><strong>Comisia de \u00eendrumare<\/strong><br>prof. univ. dr. Maria Cr\u0103ciun<br>prof. univ. dr. Ovidiu Ghitta <br>prof. univ. dr. Ovidiu Pecican <\/p>\n\n\n\n<p style=\"color:#006851\" class=\"has-text-color\"><strong>Barna Daniel Cornel<\/strong><br><strong>Coordonator: prof. univ. dr. Ovidiu GHITTA<\/strong><\/p>\n\n\n\n<p class=\"has-small-font-size\"><strong>Titlul tezei<\/strong><br><em>Biserica \u0219i statul \u00een deceniul 5 al secolului al XX-lea: cazul Episcopiei Greco-Catolice de Cluj-Gherla<\/em><br><br><strong>Comisia de \u00eendrumare<\/strong><br>prof. univ. dr. Greta Miron<br>prof. univ. dr. Ioan-Marius Bucur<br>conf. univ. dr. Ionu\u021b Costea <\/p>\n\n\n\n<p style=\"color:#006851\" class=\"has-text-color\"><strong>Belbe Sebastian-Emil<\/strong><br><strong>Coordonator: prof. univ. dr. R\u00dcSZ-FOGARASI Enik\u0151<\/strong><\/p>\n\n\n\n<p class=\"has-small-font-size\"><strong>Titlul tezei<\/strong><br><em>A\u0219ez\u0103rile medievale ale C\u00e2mpiei Some\u0219ene \u00een secolele X-XIV<\/em><br><br><strong>Comisia de \u00eendrumare<\/strong><br>profesor emerit dr. G\u00e1bor Sipos<br>conf. univ. dr. M\u00e1ria Lupescu Mak\u00f3<br>conf. univ. dr. Zsolt Moln\u00e1r-Kov\u00e1cs <\/p>\n\n\n\n<p style=\"color:#006851\" class=\"has-text-color\"><strong>Bogatu Cristian <\/strong><br><strong>Coordonator: prof. univ. dr. Simona NICOAR\u0102<\/strong><\/p>\n\n\n\n<p class=\"has-small-font-size\"><strong>Titlul tezei<\/strong><br><em>Partidele politice din Rom\u00e2nia \u00een prima jum\u0103tate a sec. XX \u0219i problema Basarabiei<\/em><br><br><strong>Comisia de \u00eendrumare<\/strong><br>prof. univ. dr. Sorin Mitu<br>prof. univ. dr. Ovidiu Ghitta<br>conf. univ. dr. Constantin B\u0103rbulescu <\/p>\n\n\n\n<p style=\"color:#006851\" class=\"has-text-color\"><strong>Bordea Irinela Lumini\u021ba<\/strong><br><strong>Coordonator: prof. univ. dr. Ovidiu GHITTA<\/strong><\/p>\n\n\n\n<p class=\"has-small-font-size\"><strong>Titlul tezei<\/strong><br><em>Ora\u0219ul Turnu Severin \u00een perioada interbelic\u0103 \u2013 dinamica social\u0103, ambian\u021ba cultural\u0103<\/em><br><br><strong>Comisia de \u00eendrumare<\/strong><br>prof. univ. dr. Toader Nicoar\u0103<br>prof. univ. dr. Ioan-Marius Bucur<br>conf. univ. dr. Ionu\u021b Costea <\/p>\n\n\n\n<p style=\"color:#006851\" class=\"has-text-color\"><strong>Botha Zolt\u00e1n-J\u00f3zsef<\/strong><br><strong>Coordonator: conf. univ. dr. MOLN\u00c1R-KOV\u00c1CS Zsolt<\/strong><\/p>\n\n\n\n<p class=\"has-small-font-size\"><strong>Titlul tezei<br><\/strong><em>Epoca bronzului \u0219i \u00eenceputul epocii bronzului t\u00e2rziu \u00een cursul superior al T\u00e2rnavelor \u0219i \u00een Valea Homorodului<\/em><br><br><strong>Comisia de \u00eendrumare<\/strong><br>prof. univ. dr. Florin Dra\u0219ovean<br>prof. univ. dr. R\u00fcsz Fogarasi Enik\u0151 <br>lect. dr. David Petru\u021b <\/p>\n\n\n\n<p style=\"color:#006851\" class=\"has-text-color\"><strong>Bucurenciu Cornel-Vasile<\/strong><br><strong>Coordonator: conf. univ. dr. Eduard-Marius NEMETH<\/strong><\/p>\n\n\n\n<p class=\"has-small-font-size\"><strong>Titlul tezei<\/strong><br><em>Influen\u021ba schimb\u0103rilor climatice din bazinul carpatic al Dun\u0103rii de Mijloc \u0219i de Jos, din cursul mileniului I al erei noastre cre\u0219tine asupra habitatului uman<\/em><br><br><strong>Comisia de \u00eendrumare<\/strong><br>C.\u0218. I dr. hab. Coriolan-Hora\u021biu Oprean<br>conf. univ. dr. Florin Fodorean<br>prof. univ. dr. Sorin Nemeti  <\/p>\n\n\n\n<p style=\"color:#006851\" class=\"has-text-color\"><strong>Colcea (c\u0103s. Ciread\u0103) Valerica<\/strong><br><strong>Coordonator: prof. univ. dr. Marcela S\u0102L\u0102GEAN<\/strong><\/p>\n\n\n\n<p class=\"has-small-font-size\"><strong>Titlul tezei<\/strong><br><em>Organizarea administrativ-teritorial\u0103 a raionului Dej, anii 1950-1968<\/em><br><br><strong>Comisia de \u00eendrumare<\/strong><br>prof. univ. dr. Ioan-Marius Bucur<br>conf.. univ. dr. Mihai Nicoar\u0103<br>lect. dr. Mihai Croitor <\/p>\n\n\n\n<p style=\"color:#006851\" class=\"has-text-color\"><strong>Copos Gelu Ovidiu<\/strong><br><strong>Coordonator: prof. univ. dr. Sorin MITU<\/strong><\/p>\n\n\n\n<p class=\"has-small-font-size\"><strong>Titlul tezei<\/strong><br><em>C\u0103l\u0103tori, exploratori, militari \u0219i aventurieri rom\u00e2ni \u00een spa\u021biul interna\u021bional: sec. XVII-XX<\/em><br><br><strong>Comisia de \u00eendrumare<\/strong><br>conf. univ. dr. Constantin B\u0103rbulescu<br>conf. univ. dr. Ion C\u00e2rja<br>lect. dr. Vlad Popovici <\/p>\n\n\n\n<p style=\"color:#006851\" class=\"has-text-color\"><strong>Cozma C\u0103t\u0103lin<\/strong><br><strong>Coordonator: conf. univ. dr. Greta MIRON<\/strong><\/p>\n\n\n\n<p class=\"has-small-font-size\"><strong>Titlul tezei<\/strong><br><em>Un istoric al Transilvaniei \u2013 David Prodan<\/em><br><br><strong>Comisia de \u00eendrumare<\/strong><br>prof. univ. dr. Ovidiu Ghitta<br>conf. univ. dr. Ionu\u021b Costea<br>conf. univ. dr. Radu M\u00e2rza <\/p>\n\n\n\n<p style=\"color:#006851\" class=\"has-text-color\"><strong>Deac Mihaela<\/strong><br><strong>Coordonator: conf. univ. dr. Greta MIRON<\/strong><\/p>\n\n\n\n<p class=\"has-small-font-size\"><strong>Titlul tezei<\/strong><br><em>Dezvoltare institu\u021bional\u0103 \u0219i resurse economice \u00een secolul al XVIII-lea. Cazul Bisericii Greco-Catolice<\/em><br><br><strong>Comisia de \u00eendrumare<\/strong><br>prof. univ. dr. Maria Cr\u0103ciun<br>prof. univ. dr. Ovidiu Ghitta<br>conf. univ. dr. Ionu\u021b Costea <\/p>\n\n\n\n<p style=\"color:#006851\" class=\"has-text-color\"><strong>Dog\u0103rel \u0218tefania<\/strong><br><strong>Coordonator:<\/strong> <strong>conf. univ. dr. Florin FODOREAN<\/strong><\/p>\n\n\n\n<p class=\"has-small-font-size\"><strong>Titlul tezei<\/strong><br><em>Chei \u0219i mecanisme de \u00eenchidere \u00een a\u0219ez\u0103ri civile \u0219i militare din Dacia Roamn\u0103<\/em><br><br><strong>Comisia de \u00eendrumare<\/strong><br>profesor emerit dr. Radu Ardevan<br>conf. univ. dr. Eduard-Marius Nemeth<br>prof. univ. dr. Sorin Nemeti <\/p>\n\n\n\n<p style=\"color:#006851\" class=\"has-text-color\"><strong>F\u0103rcanea Maria Andreea<\/strong><br><strong>Coordonator: prof. univ. dr. Maria CR\u0102CIUN<\/strong><\/p>\n\n\n\n<p class=\"has-small-font-size\"><strong>Titlul tezei<br><\/strong><em>Confesionalizarea \u00een Principatul Transilvaniei, secolele XVI-XVII<\/em><br><br><strong>Comisia de \u00eendrumare<\/strong><br>prof. univ. dr. R\u00fcsz Fogarasi Enik\u0151 <br>profesor emerit dr. G\u00e1bor Sipos<br>conf. univ. dr. Szegedi Edit <\/p>\n\n\n\n<p style=\"color:#006851\" class=\"has-text-color\"><strong>Gl\u0103van Maria-Bianca<\/strong><br><strong>Coordonator: prof. univ. dr. Sorin MITU<\/strong><\/p>\n\n\n\n<p class=\"has-small-font-size\"><strong>Titlul tezei<\/strong><br><em>George Bari\u021biu (1812-1893): o biografie intelectual\u0103<\/em><br><br><strong>Comisia de \u00eendrumare<\/strong><br>conf. univ. dr. Constantin B\u0103rbulescu <br>conf. univ. dr. Ion C\u00e2rja<br>lect. dr. Lucian Turcu <\/p>\n\n\n\n<p style=\"color:#006851\" class=\"has-text-color\"><strong>Grigorescu Emil<\/strong><br><strong>Coordonator: prof. univ. dr. Gelu FLOREA<\/strong><\/p>\n\n\n\n<p class=\"has-small-font-size\"><strong>Titlul tezei<\/strong><br><em>A\u0219ezarea de perioad\u0103 scitic\u0103 de la Oradea-Salca \u201ePepiniera\u201d<\/em><br><br><strong>Comisia de \u00eendrumare<\/strong><br>conf. univ. dr. Florin Fodorean<br>prof. univ. dr. Sorin Nemeti<br>lect. dr. Liliana Suciu-Mateescu  <\/p>\n\n\n\n<p style=\"color:#006851\" class=\"has-text-color\"><strong>Leonti Iulian-Lauren\u021biu<\/strong><br><strong>Coordonator: prof. univ. dr. Florin DRA\u0218OVEAN<\/strong><\/p>\n\n\n\n<p class=\"has-small-font-size\"><strong>Titlul tezei<\/strong><br><em>Grupul cultural Balta S\u0103rat\u0103<\/em><br><br><strong>Comisia de \u00eendrumare<\/strong><br>profesor emerit dr. Radu Ardevan<br>prof. univ. dr. Gelu Florea<br>lect. dr. Liliana Suciu-Mateescu  <\/p>\n\n\n\n<p style=\"color:#006851\" class=\"has-text-color\"><strong>L\u00f6rincz Lili<\/strong><br><strong>Coordonator: prof. univ. dr. P\u00c1L Judit<\/strong><\/p>\n\n\n\n<p class=\"has-small-font-size\"><strong>Titlul tezei<\/strong><br><em>Statui memoriale \u00een Transilvania \u00een perioada socialist\u0103<\/em><br><br><strong>Comisia de \u00eendrumare<\/strong><br>lect. dr. Kov\u00e1cs Zsolt<br>lect. dr. P\u00e1l Emese<br>lect. dr. Andrea Feh\u00e9r <\/p>\n\n\n\n<p style=\"color:#006851\" class=\"has-text-color\"><strong>Jancs\u00f2 Enik\u00f6-Kotalin<\/strong><br><strong>Coordonator: prof. univ. dr. R\u00dcSZ-FOGARASI Enik\u0151<\/strong><\/p>\n\n\n\n<p class=\"has-small-font-size\"><strong>Titlul tezei<\/strong><br><em>Analiza comparativ\u0103, cantitativ\u0103 \u0219i calitativ\u0103 a colec\u021biilor de manuscrise culinare maghiare din Ardeal: secolul 18<\/em><br><br><strong>Comisia de \u00eendrumare<\/strong><br>prof. univ. dr. P\u00e1l Judit <br>profesor emerit dr. G\u00e1bor Sipos<br>conf. univ. dr. Nagy R\u00f3bert<\/p>\n\n\n\n<p style=\"color:#006851\" class=\"has-text-color\"><strong>Matyas Jozsef<\/strong><br><strong>Coordonator: conf. univ. dr. Florin FODOREAN<\/strong><\/p>\n\n\n\n<p class=\"has-small-font-size\"><strong>Titlul tezei<\/strong><br><em>Via\u021ba \u0219i opera lui Torma Karoly<\/em><br><br><strong>Comisia de \u00eendrumare<\/strong><br>profesor emerit dr. Radu Ardevan<br>conf. univ. dr. Eduard-Marius Nemeth<br>prof. univ. dr. Sorin Nemeti <\/p>\n\n\n\n<p style=\"color:#006851\" class=\"has-text-color\"><strong>Olteanu Bianca Cristina<\/strong><br><strong>Coordonator: conf. univ. dr. Sorin NEMETI<\/strong><\/p>\n\n\n\n<p class=\"has-small-font-size\"><strong><em>Titlul tezei<\/em><\/strong><br><em>Decora\u021bia arhitectonic\u0103 a monumentelor publice din colonia dacic\u0103 Sarmisegetusa<\/em><br><br><strong>Comisia de \u00eendrumare<\/strong><br>prof. univ. dr. Gelu Florea<br>conf. univ. dr. Florin Fodorean<br>conf. univ. dr. Eduard-Marius Nemeth <\/p>\n\n\n\n<p style=\"color:#006851\" class=\"has-text-color\"><strong>Ordean Adela Emanuela<\/strong><br><strong>Coordonator: prof. univ. dr. Marcela S\u0102L\u0102GEAN<\/strong><\/p>\n\n\n\n<p class=\"has-small-font-size\"><strong>Titlul tezei<\/strong><br><em>Romos \u2013 de la comunism la democra\u021bie<\/em><strong><em>. <\/em><\/strong><em>Evolu\u021bii politice, economice, sociale \u0219i culturale<\/em><br><br><strong>Comisia de \u00eendrumare<\/strong><br>prof. univ. dr. Ioan-Marius Bucur<br>prof. univ. dr. Simona Nicoar\u0103<br>lect. dr. Mihai Alexandrescu <\/p>\n\n\n\n<p style=\"color:#006851\" class=\"has-text-color\"><strong>Paic Sebastian<\/strong><br><strong>Coordonator: conf. univ. dr. Constantin B\u0102RBULESCU<\/strong><\/p>\n\n\n\n<p class=\"has-small-font-size\"><strong>Titlul tezei<\/strong><br><em>Istoria rela\u021biilor comerciale care au influen\u021bat evolu\u021bia portului \u021b\u0103r\u0103nesc<\/em><br><br><strong>Comisia de \u00eendrumare<\/strong><br>prof. univ. dr. Sorin Mitu<br>conf. univ. dr. Ion C\u00e2rja<br>lect. dr. Lucian Turcu <\/p>\n\n\n\n<p style=\"color:#006851\" class=\"has-text-color\"><strong>Pop Anca-Maria<\/strong><br><strong>Coordonator: prof. univ. dr. Doru RADOSAV<\/strong><\/p>\n\n\n\n<p class=\"has-small-font-size\"><strong>Titlul tezei<\/strong><br><em>Percep\u021bia \u0219i rolul c\u0103r\u021bii \u00een perioada interbelic\u0103<\/em><br><br><strong>Comisia de \u00eendrumare<\/strong><br>conf. univ. dr. Ionu\u021b Costea<br>conf. univ. dr. Valentin Orga<br>lect. dr. Florina Ili\u0219 <\/p>\n\n\n\n<p style=\"color:#006851\" class=\"has-text-color\"><strong>Pu\u0219ca\u0219 Geleriu Ana-Maria<\/strong><br><strong>Coordonator: conf. univ. dr. Constantin B\u0102RBULESCU<\/strong><\/p>\n\n\n\n<p class=\"has-small-font-size\"><strong>Titlul tezei<\/strong><br><em>Ideologii \u0219i mentalit\u0103\u021bi \u00een Rom\u00e2nia modern\u0103<\/em><br><br><strong>Comisia de \u00eendrumare<\/strong><br>prof. univ. dr. Sorin Mitu<br>conf. univ. dr. Ion C\u00e2rja<br>lect. dr. Vlad Popovici <\/p>\n\n\n\n<p style=\"color:#006851\" class=\"has-text-color\"><strong>Ro\u0219ca Radu Traian<\/strong><br><strong>Coordonator: prof. univ. dr. Simona NICOAR\u0102<\/strong><\/p>\n\n\n\n<p class=\"has-small-font-size\"><strong>Titlul tezei<\/strong><br><em>Impactul celor dou\u0103 r\u0103zboaie mondiale asupra comunit\u0103\u021bilor din Valea Mure\u0219ului Superior<\/em><br><br><strong>Comisia de \u00eendrumare<\/strong><br>prof. univ. dr. Sorin Mitu<br>prof. univ. dr. Ovidiu Ghitta<br>conf. univ. dr. Constantin B\u0103rbulescu <\/p>\n\n\n\n<p style=\"color:#006851\" class=\"has-text-color\"><strong>Singh Rohit Paul<\/strong><br><strong>Coordonator: prof. univ. dr. Maria CR\u0102CIUN<\/strong><\/p>\n\n\n\n<p class=\"has-small-font-size\"><strong>Titlul tezei<\/strong><br><em>India\u2019s Contribution to World War 2 in British and Indian Text Books (1950-2020)<\/em><br><br><strong>Comisia de \u00eendrumare<\/strong><br>prof. univ. dr. Greta Miron<br>profesor emerit dr. Doru Radosav<br>prof. univ. dr. Ioan-Marius Bucur <\/p>\n\n\n\n<p style=\"color:#006851\" class=\"has-text-color\"><strong>Sipo\u0219 Mariana Daniela<\/strong><br><strong>Coordonator: prof. univ. dr. Simona NICOAR\u0102<\/strong><\/p>\n\n\n\n<p class=\"has-small-font-size\"><strong>Titlul tezei<br><\/strong><em>Epoca de aur a lui Nicolae Ceau\u0219escu<\/em><br><br><strong>Comisia de \u00eendrumare<\/strong><br>prof. univ. dr. Sorin Mitu<br>prof. univ. dr. Ovidiu Ghitta<br>conf. univ. dr. Constantin B\u0103rbulescu <\/p>\n\n\n\n<p style=\"color:#006851\" class=\"has-text-color\"><strong>St\u0103nescu Radu-Octavian<\/strong><br><strong>Coordonator: acad. prof. univ. dr. Mihai B\u0102RBULESCU<\/strong><\/p>\n\n\n\n<p class=\"has-small-font-size\"><strong>Titlul tezei<\/strong><br><em>Rolul importurilor \u00een via\u021ba economic\u0103 de la Potaissa<\/em><br><br><strong>Comisia de \u00eendrumare<\/strong><br>profesor emerit dr. Radu Ardevan<br>conf. univ. dr. Florin Fodorean<br>Sorin Coci\u0219 <\/p>\n\n\n\n<p style=\"color:#006851\" class=\"has-text-color\"><strong>Todika Raul-Alexandru<\/strong><br><strong>Coordonator: conf. univ. dr. \u0218erban TURCU\u0218<\/strong><\/p>\n\n\n\n<p class=\"has-small-font-size\"><strong>Titlul tezei<\/strong><br><em>Influen\u021ba ambian\u021bei renascentiste europene asupra arhitecturii re\u0219edin\u021belor nobiliare din Transilvania secolelor XVI-XVII<\/em><br><br><strong>Comisia de \u00eendrumare<\/strong><br>acad. prof. univ. dr.Ioan-Aurel Pop<br>prof. univ. dr. Ovidiu Ghitta<br>conf. univ. dr. Adinel Dinc\u0103 <\/p>\n\n\n\n<p style=\"color:#006851\" class=\"has-text-color\"><strong>Tomo\u0219 Samuel-Vlad<\/strong><br><strong>Coordonator: prof. univ. dr. Doru RADOSAV<\/strong><\/p>\n\n\n\n<p class=\"has-small-font-size\"><strong>Titlul tezei<\/strong><br><em>Dificult\u0103\u021bile de traseu biografic \u00een lumea intelectualit\u0103\u021bii clujene din epoca comunist\u0103. Rezisten\u021b\u0103 \u0219i compromis<\/em><br><br><strong>Comisia de \u00eendrumare<\/strong><br>prof. univ. dr. Greta Miron<br>prof. univ. dr. Ionu\u021b Costea<br>C.\u0218. III dr. Lavinia Costea <\/p>\n\n\n\n<p style=\"color:#006851\" class=\"has-text-color\"><strong>Verme\u0219an Maria Cristina<\/strong><br><strong>Coordonator: conf. univ. dr. \u0218erban TURCU\u0218<\/strong><\/p>\n\n\n\n<p class=\"has-small-font-size\"><strong>Titlul tezei<\/strong><br><em>Rela\u021biile diplomatice ale Rom\u00e2niei cu republica Arab\u0103 Egipt \u00eentre Gamal Abdel Nasser \u0219i Anwar Sadat: perioada 1956-1981<\/em><br><br><strong>Comisia de \u00eendrumare<\/strong><br>conf. univ. dr. Toader Nicoar\u0103<br>conf. univ. dr. Marcela S\u0103l\u0103gean<br>conf. univ. dr. Sorin Mitu <\/p>\n","protected":false},"excerpt":{"rendered":"<p>Barb\u0103 Amalia DianaCoordonator: conf. univ. dr. Greta MIRON Titlul tezeiRela\u021bia cimitir-comunitate \u00een zona Arad-N\u0103dlac Comisia de \u00eendrumareprof. univ. dr. Maria Cr\u0103ciunprof. univ. dr. Ovidiu Ghitta prof. univ. dr. Ovidiu Pecican Barna Daniel CornelCoordonator: prof. univ. dr. Ovidiu GHITTA Titlul tezeiBiserica \u0219i statul \u00een deceniul 5 al secolului al XX-lea: cazul Episcopiei Greco-Catolice de Cluj-Gherla Comisia &hellip; <\/p>\n<p class=\"link-more\"><a href=\"https:\/\/hiphi.ubbcluj.ro\/SD_ICC\/doctoranzi\/anul-ii\/\" class=\"more-link\">Cite\u0219te mai multe<span class=\"screen-reader-text\">\u201eAn I \u2013 Gra\u021bie\u201d<\/span><\/a><\/p>\n","protected":false},"author":1,"featured_media":0,"parent":12,"menu_order":2,"comment_status":"closed","ping_status":"closed","template":"","meta":{"_inspiro_hide_title":false,"footnotes":""},"class_list":["post-50","page","type-page","status-publish","hentry"],"_links":{"self":[{"href":"https:\/\/hiphi.ubbcluj.ro\/SD_ICC\/wp-json\/wp\/v2\/pages\/50","targetHints":{"allow":["GET"]}}],"collection":[{"href":"https:\/\/hiphi.ubbcluj.ro\/SD_ICC\/wp-json\/wp\/v2\/pages"}],"about":[{"href":"https:\/\/hiphi.ubbcluj.ro\/SD_ICC\/wp-json\/wp\/v2\/types\/page"}],"author":[{"embeddable":true,"href":"https:\/\/hiphi.ubbcluj.ro\/SD_ICC\/wp-json\/wp\/v2\/users\/1"}],"replies":[{"embeddable":true,"href":"https:\/\/hiphi.ubbcluj.ro\/SD_ICC\/wp-json\/wp\/v2\/comments?post=50"}],"version-history":[{"count":19,"href":"https:\/\/hiphi.ubbcluj.ro\/SD_ICC\/wp-json\/wp\/v2\/pages\/50\/revisions"}],"predecessor-version":[{"id":1591,"href":"https:\/\/hiphi.ubbcluj.ro\/SD_ICC\/wp-json\/wp\/v2\/pages\/50\/revisions\/1591"}],"up":[{"embeddable":true,"href":"https:\/\/hiphi.ubbcluj.ro\/SD_ICC\/wp-json\/wp\/v2\/pages\/12"}],"wp:attachment":[{"href":"https:\/\/hiphi.ubbcluj.ro\/SD_ICC\/wp-json\/wp\/v2\/media?parent=50"}],"curies":[{"name":"wp","href":"https:\/\/api.w.org\/{rel}","templated":true}]}}