{"id":448,"date":"2021-09-07T15:21:01","date_gmt":"2021-09-07T15:21:01","guid":{"rendered":"http:\/\/hiphi.ubbcluj.ro\/SD_ICC_nou\/?page_id=448"},"modified":"2021-10-14T08:36:16","modified_gmt":"2021-10-14T08:36:16","slug":"centrul-de-studii-asupra-orientului-mijlociu-si-a-mediteranei","status":"publish","type":"page","link":"https:\/\/hiphi.ubbcluj.ro\/SD_ICC\/cercetare\/centre-de-cercetare\/centrul-de-studii-asupra-orientului-mijlociu-si-a-mediteranei\/","title":{"rendered":"Centrul de Studii asupra Orientului Mijlociu \u015fi a Mediteranei"},"content":{"rendered":"\n<p style=\"color:#006851\" class=\"has-text-color has-medium-font-size\"><strong><a href=\"http:\/\/middle-east.centre.ubbcluj.ro\/\" target=\"_blank\" rel=\"noreferrer noopener\" aria-label=\"Site-ul oficial CSOMM (se deschide \u00eentr-o fil\u0103 nou\u0103)\">Site-ul oficial CSOMM<\/a><\/strong><\/p>\n\n\n\n<p class=\"has-medium-font-size\"><strong>Director<\/strong><br>prof. univ. dr. <strong>Alexandru Diaconescu<br><\/strong><\/p>\n\n\n\n<p class=\"has-medium-font-size\"><strong>Membri<\/strong><\/p>\n\n\n\n<p>\u2022  lect. univ. dr. <strong>Marius Laz\u0103r<\/strong> (director executiv)<br><br>\u2022  cercet\u0103tor postdoctoral asociat <strong>Daniela Dumbrav\u0103<\/strong><br>Universit\u00e0 Cattolica del Sacro Cuore, Milano<br><br>\u2022  conf. Univ. dr. <strong>Laura Sitariu<\/strong><br>Universitatea din Bucure\u0219ti, Facultatea de Limbi \u0219i Literaturi Str\u0103ine, Departamentul de Limbi \u0219i Literaturi Orientale<br><br>\u2022  cercet\u0103tor asociat dr. <strong>Dan Deac<\/strong><br>Facultatea de Istorie \u0219i Filosofie, Universitatea Babe\u0219-Bolyai<br><br>\u2022  cercet\u0103tor asociat drd. <strong>Annam\u00e1ria-Izabella P\u00e1zsint<\/strong> <br>Facultatea de Istorie \u015fi Filosofie, Universitatea Babe\u0219-Bolyai<\/p>\n\n\n\n<p class=\"has-medium-font-size\"><strong>Prezentare general\u0103<\/strong><\/p>\n\n\n\n<p>Centrul de Studii asupra Orientului Mijlociu \u0219i a Mediteranei este o unitate de cercetare interdisciplinar\u0103 creat\u0103 \u00een 2016, \u00een cadrul Universit\u0103\u021bii Babe\u0219-Bolyai din Cluj-Napoca, ce studiaz\u0103 aspectele istorice, politice, culturale, religioase, economice din Orientul Mijlociu \u0219i spa\u021biul mediteranean, din Antichitate p\u00e2n\u0103 \u00een perioada contemporan\u0103.<br> Centrul propune o platform\u0103 institu\u021bional\u0103 care s\u0103 promoveze \u0219i s\u0103 stimuleze dezvoltarea, \u00een Rom\u00e2nia, a studiilor \u0219i cercet\u0103rilor asupra acestor regiuni, facilit\u00e2nd cooper\u0103rile \u0219tiin\u021bifice \u0219i educa\u021bionale la nivel interna\u021bional, \u00een special cu partenerii din Orientul Mijlociu \u0219i Africa de Nord.<br><br>Preocup\u0103rile Centrului vizeaz\u0103 o arie geografic\u0103 larg\u0103, ce acoper\u0103 Mediterana de Sud \u0219i de Est \u0219i Orientul Mijlociu, incluz\u00e2nd Afghanistan \u0219i Pakistan, precum \u0219i conexiunile culturale \u0219i geopolitice ale acestui areal cu vecin\u0103t\u0103\u021bile sale: Africa subsaharian\u0103, Europa, Caucaz, Asia Central\u0103, subcontinentul indian.<br><br>\u00cen plus fa\u021b\u0103 de obiectivele sale \u0219tiin\u021bifice, Centrul este deschis spre cooper\u0103ri cu parteneri din sfera public\u0103 \u0219i privat\u0103, organiza\u021bii non-guvernamentale, societatea civil\u0103, media etc. pentru a facilita cunoa\u0219terea realit\u0103\u021bilor culturale \u0219i sociopolitice din Orientul Mijlociu \u0219i Mediterana de Sud \u0219i a programelor \u0219i oportunit\u0103\u021bilor de colaborare cu aceste regiuni.<\/p>\n\n\n\n<p class=\"has-medium-font-size\"><strong>Contact<\/strong><\/p>\n\n\n\n<p> <strong>Adres\u0103<\/strong><br> Centrul de Studii asupra Orientului Mijlociu \u0219i a Mediteranei<br> Universitatea Babe\u0219-Bolyai<br> Facultatea de Istorie \u0219i Filosofie<br> Str. Mihail Kog\u0103lniceanu, Nr. 1, cam 307<br> 400084, Cluj-Napoca <br><br><strong>e-mail<br><\/strong>mideast@ubbcluj.ro<br><\/p>\n","protected":false},"excerpt":{"rendered":"<p>Site-ul oficial CSOMM Directorprof. univ. dr. Alexandru Diaconescu Membri \u2022 lect. univ. dr. Marius Laz\u0103r (director executiv) \u2022 cercet\u0103tor postdoctoral asociat Daniela Dumbrav\u0103Universit\u00e0 Cattolica del Sacro Cuore, Milano \u2022 conf. Univ. dr. Laura SitariuUniversitatea din Bucure\u0219ti, Facultatea de Limbi \u0219i Literaturi Str\u0103ine, Departamentul de Limbi \u0219i Literaturi Orientale \u2022 cercet\u0103tor asociat dr. Dan DeacFacultatea de &hellip; <\/p>\n<p class=\"link-more\"><a href=\"https:\/\/hiphi.ubbcluj.ro\/SD_ICC\/cercetare\/centre-de-cercetare\/centrul-de-studii-asupra-orientului-mijlociu-si-a-mediteranei\/\" class=\"more-link\">Cite\u0219te mai multe<span class=\"screen-reader-text\">\u201eCentrul de Studii asupra Orientului Mijlociu \u015fi a Mediteranei\u201d<\/span><\/a><\/p>\n","protected":false},"author":1,"featured_media":0,"parent":388,"menu_order":8,"comment_status":"closed","ping_status":"closed","template":"","meta":{"_inspiro_hide_title":false,"footnotes":""},"class_list":["post-448","page","type-page","status-publish","hentry"],"_links":{"self":[{"href":"https:\/\/hiphi.ubbcluj.ro\/SD_ICC\/wp-json\/wp\/v2\/pages\/448","targetHints":{"allow":["GET"]}}],"collection":[{"href":"https:\/\/hiphi.ubbcluj.ro\/SD_ICC\/wp-json\/wp\/v2\/pages"}],"about":[{"href":"https:\/\/hiphi.ubbcluj.ro\/SD_ICC\/wp-json\/wp\/v2\/types\/page"}],"author":[{"embeddable":true,"href":"https:\/\/hiphi.ubbcluj.ro\/SD_ICC\/wp-json\/wp\/v2\/users\/1"}],"replies":[{"embeddable":true,"href":"https:\/\/hiphi.ubbcluj.ro\/SD_ICC\/wp-json\/wp\/v2\/comments?post=448"}],"version-history":[{"count":7,"href":"https:\/\/hiphi.ubbcluj.ro\/SD_ICC\/wp-json\/wp\/v2\/pages\/448\/revisions"}],"predecessor-version":[{"id":687,"href":"https:\/\/hiphi.ubbcluj.ro\/SD_ICC\/wp-json\/wp\/v2\/pages\/448\/revisions\/687"}],"up":[{"embeddable":true,"href":"https:\/\/hiphi.ubbcluj.ro\/SD_ICC\/wp-json\/wp\/v2\/pages\/388"}],"wp:attachment":[{"href":"https:\/\/hiphi.ubbcluj.ro\/SD_ICC\/wp-json\/wp\/v2\/media?parent=448"}],"curies":[{"name":"wp","href":"https:\/\/api.w.org\/{rel}","templated":true}]}}