{"id":443,"date":"2021-09-07T15:10:52","date_gmt":"2021-09-07T15:10:52","guid":{"rendered":"http:\/\/hiphi.ubbcluj.ro\/SD_ICC_nou\/?page_id=443"},"modified":"2021-10-14T08:35:54","modified_gmt":"2021-10-14T08:35:54","slug":"institutul-de-iudaistica-si-istorie-evreiasca-dr-moshe-carmilly","status":"publish","type":"page","link":"https:\/\/hiphi.ubbcluj.ro\/SD_ICC\/cercetare\/centre-de-cercetare\/institutul-de-iudaistica-si-istorie-evreiasca-dr-moshe-carmilly\/","title":{"rendered":"Institutul de Iudaistic\u0103 \u015fi Istorie Evreiasc\u0103 Dr. Moshe Carmilly"},"content":{"rendered":"\n<p style=\"color:#006851\" class=\"has-text-color has-medium-font-size\"><strong><a rel=\"noreferrer noopener\" aria-label=\"Site-ul oficial IIE (se deschide \u00eentr-o fil\u0103 nou\u0103)\" href=\"http:\/\/stiud.institute.ubbcluj.ro\/ro\/despre-noi\/\" target=\"_blank\">Site-ul oficial IIE<\/a><\/strong><\/p>\n\n\n\n<p class=\"has-medium-font-size\"><strong>Director<\/strong><br>conf. univ. dr. <strong>Maria Radosav<\/strong><\/p>\n\n\n\n<p class=\"has-medium-font-size\"><strong>Membri<\/strong><\/p>\n\n\n\n<p>\u2022  Visiting Professor dr. <strong>Moshe Idel <\/strong><br>Universitatea Ebraic\u0103 din Ierusalim<br><br>\u2022  Visiting Professor dr. <strong>Alexander Orbach<\/strong><br>Universitatea Pittsburgh<br><br>\u2022  Visiting Lecturer dr. <strong>Lucian Her\u015fcovici<\/strong><br>Ierusalim<br><br>\u2022  lect. dr. <strong>Augusta Costiuc Radosav<\/strong><br>Universitatea Babe\u0219-Bolyai<\/p>\n\n\n\n<p class=\"has-medium-font-size\"><strong>Prezentare general\u0103<\/strong><\/p>\n\n\n\n<p>Institutul de Iudaistic\u0103 \u015fi Istorie Evreiasc\u0103 Dr. Moshe Carmilly a fost \u00eenfiin\u0163at \u00een anul 1991, ca parte a Facult\u0103\u0163ii de Istorie \u015fi Filosofie a Universit\u0103\u0163ii Babe\u015f-Bolyai din Cluj-Napoca \u015fi func\u0163ioneaz\u0103 \u00een cadrul Departamentului de Istorie Medieval\u0103, Premodern\u0103 \u015fi Istoria Artei. \u00cen momentul \u00eenfiin\u0163\u0103rii sale dup\u0103 c\u0103derea comunismului, institutul era singurul centru academic din Rom\u00e2nia dedicat exclusiv studiilor iudaice \u015fi preocupat de rec\u00e2\u015ftigarea unui prestigiu \u015ftiin\u0163ific pentru acest domeniu. Acest institut a avut drept obiectiv cercet\u0103ri privind istoria evreilor din spa\u0163iul transilv\u0103nean \u015fi, \u00een general, din spa\u0163iul rom\u00e2nesc \u015fi promovarea unor cursuri de \u00eenv\u0103\u0163are a limbii ebraice, istoriei evreilor, culturii, civiliza\u0163iei \u015fi filosofiei iudaice.<\/p>\n\n\n\n<p class=\"has-medium-font-size\"><strong>Cooperare interna\u021bional\u0103<\/strong><\/p>\n\n\n\n<p>Institutul coopereaz\u0103 \u00een plan academic cu universit\u0103\u0163i din Israel, Statele Unite ale Americii, Fran\u0163a, Germania, Ungaria, Austria, Olanda. \u00cen urma unor parteneriate \u00eencheiate \u00eentre Universitatea Babe\u015f-Bolyai \u015fi Ambasada Statului Israel \u00een Rom\u00e2nia, au fost trimi\u015fi la Cluj-Napoca lectori de limb\u0103 ebraic\u0103 din Israel, finan\u0163a\u0163i \u00een primii ani de c\u0103tre Ambasada Statului Israel \u00een Rom\u00e2nia, iar ulterior, ace\u015ftia au fost finan\u0163a\u0163i integral de c\u0103tre Universitatea Babe\u015f-Bolyai. Al\u0103turi de ace\u015fti profesori din Israel, av\u00e2nd la baz\u0103 schimburi inter-universitare interna\u0163ionale, au venit \u015fi al\u0163i profesori din domeniul studiilor iudaice la Cluj-Napoca: de la Universitatea Ebraic\u0103 din Ierusalim, de la Universitatea din Tel Aviv, de la Universitatea din Pittsburgh, de la Universitatea din Viena \u015fi din alte centre academice prestigioase. Acordurile \u015fi parteneriatele \u00eencheiate \u00eentre Universitatea Babe\u015f-Bolyai \u015fi alte universit\u0103\u0163i sau centre academice se refer\u0103 \u015fi la stagii de schimb bilaterale pentru studen\u0163i, programe desf\u0103\u015furate \u00een parteneriat, schimb de informa\u0163ii \u015fi de publica\u0163ii, organizarea de conferin\u0163e \u015fi ateliere pe teme \u015ftiin\u0163ifice.<\/p>\n\n\n\n<p class=\"has-medium-font-size\"><strong>Contact<\/strong><\/p>\n\n\n\n<p><strong><em>Institutul de Iudaistic\u0103 \u015fi Istorie Evreiasc\u0103 Dr. Moshe Carmilly<\/em><\/strong><em><br><\/em><strong>Adres\u0103<\/strong><br>Str. Croitorilor nr. 13<br>RO-400162, Cluj-Napoca<br><strong>Tel \/ Fax<\/strong><br>+40-264-532221<br><strong>e-mail<\/strong><br>institut.iudaistica.cluj@gmail.com<\/p>\n\n\n\n<p><strong><em>Biblioteca de Studii Iudaice<\/em><\/strong><br><strong>Adres\u0103<\/strong><br>Str. Croitorilor nr. 13<br>RO-400162, Cluj-Napoca<br><strong>Tel \/ Fax<\/strong> <br>+40-264-532221<br><strong>e-mail<\/strong><br>studii_iudaice@yahoo.com<\/p>\n\n\n\n<p><strong><em>Studia Judaica<\/em><\/strong><br><strong>Adres\u0103<\/strong><br>Str. Croitorilor nr. 13<br>RO-400162, Cluj-Napoca<br><strong>Tel \/ Fax<\/strong><br>+40-264-532221<br><strong>e-mail<\/strong><br>studia.judaica@gmail.com<\/p>\n\n\n\n<p><strong><em>Muzeul Documentar al Holocaustului din Nordul Transilvaniei<br><\/em>Adres\u0103<\/strong><br>Str. Croitorilor nr. 13<br>RO-400162, Cluj-Napoca<br><strong>Tel \/ Fax <\/strong><br>+40-264-532221<br><strong>e-mail<\/strong><br>holocaust.transilvania@gmail.com<\/p>\n","protected":false},"excerpt":{"rendered":"<p>Site-ul oficial IIE Directorconf. univ. dr. Maria Radosav Membri \u2022 Visiting Professor dr. Moshe Idel Universitatea Ebraic\u0103 din Ierusalim \u2022 Visiting Professor dr. Alexander OrbachUniversitatea Pittsburgh \u2022 Visiting Lecturer dr. Lucian Her\u015fcoviciIerusalim \u2022 lect. dr. Augusta Costiuc RadosavUniversitatea Babe\u0219-Bolyai Prezentare general\u0103 Institutul de Iudaistic\u0103 \u015fi Istorie Evreiasc\u0103 Dr. Moshe Carmilly a fost \u00eenfiin\u0163at \u00een anul &hellip; <\/p>\n<p class=\"link-more\"><a href=\"https:\/\/hiphi.ubbcluj.ro\/SD_ICC\/cercetare\/centre-de-cercetare\/institutul-de-iudaistica-si-istorie-evreiasca-dr-moshe-carmilly\/\" class=\"more-link\">Cite\u0219te mai multe<span class=\"screen-reader-text\">\u201eInstitutul de Iudaistic\u0103 \u015fi Istorie Evreiasc\u0103 Dr. Moshe Carmilly\u201d<\/span><\/a><\/p>\n","protected":false},"author":1,"featured_media":0,"parent":388,"menu_order":7,"comment_status":"closed","ping_status":"closed","template":"","meta":{"_inspiro_hide_title":false,"footnotes":""},"class_list":["post-443","page","type-page","status-publish","hentry"],"_links":{"self":[{"href":"https:\/\/hiphi.ubbcluj.ro\/SD_ICC\/wp-json\/wp\/v2\/pages\/443","targetHints":{"allow":["GET"]}}],"collection":[{"href":"https:\/\/hiphi.ubbcluj.ro\/SD_ICC\/wp-json\/wp\/v2\/pages"}],"about":[{"href":"https:\/\/hiphi.ubbcluj.ro\/SD_ICC\/wp-json\/wp\/v2\/types\/page"}],"author":[{"embeddable":true,"href":"https:\/\/hiphi.ubbcluj.ro\/SD_ICC\/wp-json\/wp\/v2\/users\/1"}],"replies":[{"embeddable":true,"href":"https:\/\/hiphi.ubbcluj.ro\/SD_ICC\/wp-json\/wp\/v2\/comments?post=443"}],"version-history":[{"count":5,"href":"https:\/\/hiphi.ubbcluj.ro\/SD_ICC\/wp-json\/wp\/v2\/pages\/443\/revisions"}],"predecessor-version":[{"id":686,"href":"https:\/\/hiphi.ubbcluj.ro\/SD_ICC\/wp-json\/wp\/v2\/pages\/443\/revisions\/686"}],"up":[{"embeddable":true,"href":"https:\/\/hiphi.ubbcluj.ro\/SD_ICC\/wp-json\/wp\/v2\/pages\/388"}],"wp:attachment":[{"href":"https:\/\/hiphi.ubbcluj.ro\/SD_ICC\/wp-json\/wp\/v2\/media?parent=443"}],"curies":[{"name":"wp","href":"https:\/\/api.w.org\/{rel}","templated":true}]}}