{"id":427,"date":"2021-09-07T13:33:37","date_gmt":"2021-09-07T13:33:37","guid":{"rendered":"http:\/\/hiphi.ubbcluj.ro\/SD_ICC_nou\/?page_id=427"},"modified":"2021-10-14T08:35:01","modified_gmt":"2021-10-14T08:35:01","slug":"institutul-de-istorie-orala","status":"publish","type":"page","link":"https:\/\/hiphi.ubbcluj.ro\/SD_ICC\/cercetare\/centre-de-cercetare\/institutul-de-istorie-orala\/","title":{"rendered":"Institutul de Istorie Oral\u0103"},"content":{"rendered":"\n<p style=\"color:#006851\" class=\"has-text-color has-medium-font-size\"><a rel=\"noreferrer noopener\" aria-label=\"Site-ul oficial al institutului de Istorie Oral\u0103 (se deschide \u00eentr-o fil\u0103 nou\u0103)\" href=\"https:\/\/www.istoriaorala.ro\/\" target=\"_blank\"><strong>Site-ul oficial IIO<\/strong><\/a><\/p>\n\n\n\n<p class=\"has-medium-font-size\"><strong>Director<\/strong><br>prof. univ. dr. <strong>Doru RADOSAV<\/strong><\/p>\n\n\n\n<p class=\"has-medium-font-size\"><strong>Membri<\/strong><\/p>\n\n\n\n<p>\u2022  conf. univ. dr. <strong>Ionu\u021b Virgil Costea<\/strong><br>\u2022  conf. univ. dr. <strong>Valentin Orga<\/strong><br>\u2022  cercet\u0103tor \u0219tiin\u021bific II dr. <strong>Lavinia-Snejana Costea<\/strong><br>\u2022  asistent cercetare \/ bibliotecar dr. <strong>Adrian Boda<\/strong><br>\u2022  lect. univ. dr. <strong>Maria Aldea<\/strong><br>\u2022  dr.<strong> Diana Nistor<\/strong><br>\u2022  dr. <strong>Ionela Bogdan<\/strong><br>\u2022  dr. <strong>S\u00eenziana Preda<\/strong><br>\u2022  dr. <strong>Manuela Marin<\/strong><br>\u2022  dr. <strong>Maria Ri\u021biu<\/strong><br>\u2022  dr. <strong>Iulia Pop<\/strong><br>\u2022  drd. <strong>Nicolae-Marcel Cristea<\/strong> <br>\u2022  tehnician procesare audio-foto-video <strong>Cristian Bota<\/strong><\/p>\n\n\n\n<p class=\"has-medium-font-size\"><strong>Prezentare general\u0103<\/strong><\/p>\n\n\n\n<p>Institutul de Istorie Oral\u0103 func\u0163ioneaz\u0103 \u00een cadrul Universit\u0103\u0163ii \u201eBabe\u015f-Bolyai&#8221; Cluj-Napoca \u00eenc\u0103 din 1997, fiind creat la ini\u0163iativa profesorilor Pompiliu Teodor \u015fi Doru Radosav. Av\u00e2nd ca obiectiv elaborarea \u015fi interpretarea surselor orale \u00een vederea recuper\u0103rii unei p\u0103r\u0163i a memoriei recente a societ\u0103\u0163ii rom\u00e2ne\u015fti, exclus\u0103 din m\u0103rturiile scrise, programul de cercetare al Institutului de Istorie Oral\u0103 are \u015fi o dimensiune civic\u0103, emergen\u0163a sa dator\u00e2ndu-se nevoii de gestionare a trecutului traumatic post-comunist.&nbsp; <br><br>Cercet\u0103rile de istorie oral\u0103 au \u00een aten\u0163ie, cu prec\u0103dere, acea parte din istoria contemporan\u0103 care ofer\u0103 posibilitatea interviev\u0103rii martorilor oculari sau a urma\u015filor acestora (\u00een cazul memoriei genera\u0163ionale). Sub aspect metodologic, istoria oral\u0103 nu ofer\u0103 doar instrumentele pentru recuperarea trecutului recent, ci \u015fi o gril\u0103 de interpretare \u015fi analiz\u0103 a documentelor scrise elaborate \u00een epoci trecute, care con\u0163in transcrieri ale unor declara\u0163ii orale, cum este transcrierea unui interogatoriu \u00een cazul unui proces eclezial din Evul Mediu. <br><br>Astfel, Institutul de Istorie Oral\u0103 vizeaz\u0103 investigarea istoric\u0103 prin intermediul istoriei tr\u0103ite de protagoni\u015fti ca alternativ\u0103 \u015fi complement la \u201emarea istorie&#8221; scris\u0103, situ\u00e2ndu-se astfel \u00een contemporaneitatea dezbaterilor teoretice \u00een leg\u0103tur\u0103 cu cercetarea istoric\u0103, revendic\u00e2ndu-se \u00een special de la \u015fcoala francez\u0103 (Ph. Joutard, P. Nora, K. Pomian, J. Le Goff) \u015fi cea italian\u0103 (Luisa Passerini \u015fi Alessandro Portelli) care acord\u0103 o aten\u0163ie deosebit\u0103 rolului jucat de memorie \u015fi construc\u0163ia discursului memorialistic. <\/p>\n\n\n\n<p class=\"has-medium-font-size\"><strong>Contact<\/strong><\/p>\n\n\n\n<p><strong>Adres\u0103<\/strong><br>Universitatea \u201eBabe\u015f-Bolyai\u201d<br>Facultatea de Istorie \u015fi Filosofie<br>Str. Napoca, Nr. 11, Camera 114,<br>Cluj-Napoca<br><br><strong>Tel \/ Fax<\/strong><br>+40 264 598391 <br><br><strong>e-mail<\/strong><br>contact@istoriaorala.ro<br><\/p>\n","protected":false},"excerpt":{"rendered":"<p>Site-ul oficial IIO Directorprof. univ. dr. Doru RADOSAV Membri \u2022 conf. univ. dr. Ionu\u021b Virgil Costea\u2022 conf. univ. dr. Valentin Orga\u2022 cercet\u0103tor \u0219tiin\u021bific II dr. Lavinia-Snejana Costea\u2022 asistent cercetare \/ bibliotecar dr. Adrian Boda\u2022 lect. univ. dr. Maria Aldea\u2022 dr. Diana Nistor\u2022 dr. Ionela Bogdan\u2022 dr. S\u00eenziana Preda\u2022 dr. Manuela Marin\u2022 dr. Maria Ri\u021biu\u2022 dr. &hellip; <\/p>\n<p class=\"link-more\"><a href=\"https:\/\/hiphi.ubbcluj.ro\/SD_ICC\/cercetare\/centre-de-cercetare\/institutul-de-istorie-orala\/\" class=\"more-link\">Cite\u0219te mai multe<span class=\"screen-reader-text\">\u201eInstitutul de Istorie Oral\u0103\u201d<\/span><\/a><\/p>\n","protected":false},"author":1,"featured_media":0,"parent":388,"menu_order":5,"comment_status":"closed","ping_status":"closed","template":"","meta":{"_inspiro_hide_title":false,"footnotes":""},"class_list":["post-427","page","type-page","status-publish","hentry"],"_links":{"self":[{"href":"https:\/\/hiphi.ubbcluj.ro\/SD_ICC\/wp-json\/wp\/v2\/pages\/427","targetHints":{"allow":["GET"]}}],"collection":[{"href":"https:\/\/hiphi.ubbcluj.ro\/SD_ICC\/wp-json\/wp\/v2\/pages"}],"about":[{"href":"https:\/\/hiphi.ubbcluj.ro\/SD_ICC\/wp-json\/wp\/v2\/types\/page"}],"author":[{"embeddable":true,"href":"https:\/\/hiphi.ubbcluj.ro\/SD_ICC\/wp-json\/wp\/v2\/users\/1"}],"replies":[{"embeddable":true,"href":"https:\/\/hiphi.ubbcluj.ro\/SD_ICC\/wp-json\/wp\/v2\/comments?post=427"}],"version-history":[{"count":6,"href":"https:\/\/hiphi.ubbcluj.ro\/SD_ICC\/wp-json\/wp\/v2\/pages\/427\/revisions"}],"predecessor-version":[{"id":684,"href":"https:\/\/hiphi.ubbcluj.ro\/SD_ICC\/wp-json\/wp\/v2\/pages\/427\/revisions\/684"}],"up":[{"embeddable":true,"href":"https:\/\/hiphi.ubbcluj.ro\/SD_ICC\/wp-json\/wp\/v2\/pages\/388"}],"wp:attachment":[{"href":"https:\/\/hiphi.ubbcluj.ro\/SD_ICC\/wp-json\/wp\/v2\/media?parent=427"}],"curies":[{"name":"wp","href":"https:\/\/api.w.org\/{rel}","templated":true}]}}