{"id":410,"date":"2021-09-07T11:20:21","date_gmt":"2021-09-07T11:20:21","guid":{"rendered":"http:\/\/hiphi.ubbcluj.ro\/SD_ICC_nou\/?page_id=410"},"modified":"2021-09-08T17:21:48","modified_gmt":"2021-09-08T17:21:48","slug":"centrul-de-studii-romane","status":"publish","type":"page","link":"https:\/\/hiphi.ubbcluj.ro\/SD_ICC\/cercetare\/centre-de-cercetare\/centrul-de-studii-romane\/","title":{"rendered":"Centrul de Studii Romane"},"content":{"rendered":"\n<p class=\"has-medium-font-size\"><strong>Director<\/strong><br>prof. univ. dr. <strong>Ioan PISO<\/strong><\/p>\n\n\n\n<p class=\"has-medium-font-size\"><strong>Membri<\/strong> <\/p>\n\n\n\n<p>\u2022  <a href=\"http:\/\/hiphi.ubbcluj.ro\/CSRom\/CVs\/CV_Piso.doc\">prof. univ. dr. <\/a><strong><a rel=\"noreferrer noopener\" aria-label=\"Ioan Piso (se deschide \u00eentr-o fil\u0103 nou\u0103)\" href=\"http:\/\/hiphi.ubbcluj.ro\/CSRom\/CVs\/CV_Piso.doc\" target=\"_blank\">Ioan Piso<\/a><\/strong><a href=\"http:\/\/hiphi.ubbcluj.ro\/CSRom\/CVs\/CV_Piso.doc\"> <\/a><br>\u2022  <a rel=\"noreferrer noopener\" aria-label=\" (se deschide \u00eentr-o fil\u0103 nou\u0103)\" href=\"http:\/\/hiphi.ubbcluj.ro\/CSRom\/CVs\/CV_Ardevan.doc\" target=\"_blank\">conf. univ dr. <strong>Radu Ardevan<\/strong><\/a><br>\u2022  <a href=\"http:\/\/hiphi.ubbcluj.ro\/CSRom\/CVs\/CV_Birliba.doc\">prof. univ. dr. <\/a><strong><a rel=\"noreferrer noopener\" aria-label=\"Lucre\u021biu MIHAILESCU-BIRLIBA (se deschide \u00eentr-o fil\u0103 nou\u0103)\" href=\"http:\/\/hiphi.ubbcluj.ro\/CSRom\/CVs\/CV_Birliba.doc\" target=\"_blank\">Lucre\u021biu Mihailescu-Birliba<\/a><\/strong><br>\u2022  <a rel=\"noreferrer noopener\" aria-label=\" (se deschide \u00eentr-o fil\u0103 nou\u0103)\" href=\"http:\/\/hiphi.ubbcluj.ro\/CSRom\/CVs\/CV_Fenechiu.doc\" target=\"_blank\">lect. univ. dr. <strong>Carmen Fenechiu<\/strong><\/a><br>\u2022  <a rel=\"noreferrer noopener\" aria-label=\" (se deschide \u00eentr-o fil\u0103 nou\u0103)\" href=\"http:\/\/hiphi.ubbcluj.ro\/CSRom\/CVs\/CV_Marcu.doc\" target=\"_blank\">dr. <\/a><strong><a rel=\"noreferrer noopener\" aria-label=\" (se deschide \u00eentr-o fil\u0103 nou\u0103)\" href=\"http:\/\/hiphi.ubbcluj.ro\/CSRom\/CVs\/CV_Marcu.doc\" target=\"_blank\">Felix Marcu<\/a><\/strong><br>\u2022  <a rel=\"noreferrer noopener\" aria-label=\" (se deschide \u00eentr-o fil\u0103 nou\u0103)\" href=\"http:\/\/hiphi.ubbcluj.ro\/CSRom\/CVs\/CV_Tentea.doc\" target=\"_blank\">dr. <strong>Ovidiu Tentea<\/strong><\/a><br>\u2022  <a href=\"http:\/\/hiphi.ubbcluj.ro\/CSRom\/CVs\/CV_Rusu.doc\">dr. <\/a><a rel=\"noreferrer noopener\" aria-label=\"Viorica RUSU-BOLINDET (se deschide \u00eentr-o fil\u0103 nou\u0103)\" href=\"http:\/\/hiphi.ubbcluj.ro\/CSRom\/CVs\/CV_Rusu.doc\" target=\"_blank\"><strong>Viorica Rusu-Bolindet<\/strong><\/a><br>\u2022  <a href=\"http:\/\/hiphi.ubbcluj.ro\/CSRom\/CVs\/CV_Cupcea.doc\">drd. <\/a><a rel=\"noreferrer noopener\" aria-label=\"George CUPCEA (se deschide \u00eentr-o fil\u0103 nou\u0103)\" href=\"http:\/\/hiphi.ubbcluj.ro\/CSRom\/CVs\/CV_Cupcea.doc\" target=\"_blank\"><strong>George Cupcea<\/strong><\/a><br>\u2022  <a href=\"http:\/\/hiphi.ubbcluj.ro\/CSRom\/CVs\/CV_Varga.doc\">drd. <\/a><strong><a rel=\"noreferrer noopener\" aria-label=\"Rada Varga (se deschide \u00eentr-o fil\u0103 nou\u0103)\" href=\"http:\/\/hiphi.ubbcluj.ro\/CSRom\/CVs\/CV_Varga.doc\" target=\"_blank\">Rada Varga<\/a><\/strong><br>\u2022  <a href=\"http:\/\/hiphi.ubbcluj.ro\/CSRom\/CVs\/CV_Petis.doc\">drd. <strong>Ionita Petis<\/strong><\/a><\/p>\n\n\n\n<p class=\"has-medium-font-size\"><strong>Prezentare general\u0103<\/strong><\/p>\n\n\n\n<p>Centrului de Studii Romane a fost creat ca un institut de cercetare al Universitatii Babes-Bolyai, prin decizia Senatului Universitatii din 27 noiembrie 2006. La baza initiativei stau membrii colectivului de cercetare al contractului 2CEx 06-8-67\/26.07.2006, finantat de Autoritatea Nationala pentru Cercetare stiintifica (ANCS), prin Programul CERES. Astfel, ei devin si membri ai institutului proaspat fondat, iar directorul de proiect, Prof. Dr. Ioan Piso, devine directorul centrului de studii.<br><br>Principalele obiective ale Centrului de Studii Romane sunt aprofundarea istoriei Daciei romane si alinierea arheologiei acestei provincii la standardele arheologice europene, pe plan stiintific, iar din punctul de vedere al resurselor umane, vor fi sustinuti si pregatiti tinerii cercetatiori si doctoranzi.<\/p>\n\n\n\n<p class=\"has-medium-font-size\"><strong>Obiective<\/strong><\/p>\n\n\n\n<p>Cercet\u0103rile Centrului de Studii Romane vor fi orientate \u00eenspre istoria \u0219i arheologia Daciei romane. Va exista o latur\u0103 de studii clasice, axat\u0103 pe epigrafie, interpretare de surse, precum \u0219i o latur\u0103 de arheologie efectiv\u0103, menit\u0103 s\u0103 furnizeze surse materiale primare. Interpretarea lor \u0219i fructificarea rezultatelor prin publica\u021bii va fi unul dintre scopurile principale ale membrilor Centrului. De asemenea, se va studia pozi\u021bia Daciei \u00een Imperiu \u0219i modul \u00een care aceast\u0103 provincie dun\u0103rean\u0103 a fost integrat\u0103 \u00een structurile romane.<br><br>Centrul sus\u021bine ideea conform c\u0103reia trebuie insistat asupra rezolv\u0103rii tuturor aspectelor de istorie roman\u0103 provincial\u0103 \u0219i a realiz\u0103rii unor studii monografice complexe \u0219i accesibile tuturor cercet\u0103torilor. Conferin\u021bele sunt mijlocul cel mai sigur de a intra \u00een contact cu lumea \u0219tiin\u021bific\u0103 european\u0103 \u0219i de a face cunoscute rezultatele cercet\u0103rilor noastre. Organizarea acestor conferin\u021be constituie unul dintre obiectivele majore ale centrului.<br><br>Un alt scop decisiv se constituie \u00een ini\u021bierea unei baze de date la nivelul \u0219tiin\u021bific al celor \u00een curs de constituire de la Universit\u0103\u021bile de la Heidelberg, Koln sau Graz. Datele incluse aici vor constitui surse pentru crearea \u00een final a unor monografii sintetice care s\u00ee aib\u0103 \u00een vedere fiecare domeniu stabilit, privind istoria \u0219i arheologia Dacie romane.<br><br>O alt\u0103 activitate principal\u0103 a Centrului este constituit\u0103 de analiza critic\u0103 a materialului din \u021bar\u0103 \u0219i str\u0103inatate, \u00een problematica integr\u0103rii Daciei \u00een Imperiu. Un scop explicit este cercetarea \u0219i sintetizarea literaturii de specialitate \u0219i a fondurilor epigrafice \u0219i arheologice disponibile \u00een colec\u021biile muzeale din \u021bar\u0103 \u0219i str\u0103in\u0103tate.<br><br>Colaborarea cu parteneri na\u021bionali sau interna\u021bionali, indispensabil\u0103 circuitului \u0219tiin\u021bific, exist\u0103 deja \u00een cadrul unor granturi de cercetare stiin\u021bific\u0103, dar nu exclusiv. Centrul de Studii Romane a colaborat, pentru organizarea de colocvii \u0219i simpozioane, cu Catedra de Istorie Antic\u0103 \u0219i Arheologie din cadrul Facult\u0103\u021bii de Istorie \u0219i Filosofie UBB, cu Muzeul Civiliza\u021biei Dacice \u0219i Romane din Deva, cu Muzeul de Etnografie \u0219i al Regimentului de Grani\u021b\u0103 Caransebe\u0219, precum \u0219i cu Muzeul Na\u021bional de Istorie a Transilvaniei. \u00cen cadrul proiectului interna\u021bional Ubi Erat Lupa, Centrul a stabilit \u0219i parteneriatul interna\u021bional cu Universitatea din Salzburg.<br><br>\u00cen viitor, Centrul de Studii Romane va sprijini formarea profesional\u0103 riguroas\u0103 a tinerilor cercetatori. Centrul va ini\u021bia proiecte de parteneriate na\u021bionale, care vor ajuta la crearea unei imagini complete \u0219i complexe asupra realit\u0103\u021bilor arheologice \u0219i implicit istorice ale Daciei Romane. De asemenea, proiectele europene \u00een care Centrul se va implica vor oferi o viziune mai larg\u0103 asupra realit\u0103\u021bilor Imperiului Roman, dar mai ales asupra locul Daciei \u00een cadrul lor.<\/p>\n\n\n\n<p class=\"has-medium-font-size\"><strong>Publica\u021bii<\/strong><\/p>\n\n\n\n<ol class=\"wp-block-list\"><li> F. Marcu, Organizarea interna a castrelor din Dacia, Cluj-Napoca, 2009.<\/li><li> A. Ardet, Tibiscum. Ceramica roman descoperit la Iaz &#8222;Traianu&#8221;, Cluj-Napoca, 2009.<\/li><li> I. Piso (ed.), Provinz. Begriff und Gr\u00fcndung (Actele Colocviului International Provinciile Romane &#8211; Notiune si intemeiere, Cluj-Napoca, 28 septembrie &#8211; 1 octombrie 2006), Cluj-Napoca, 2008.<\/li><li> C. Fenechiu, La notion de numen dans les textes litt\u00e9raires et \u00e9pigraphiques, Cluj-Napoca, 2008.<\/li><li> V. Rusu-Bolindet, Ceramica romana de la Napoca, Cluj-Napoca, 2007.<\/li><li> G. Baestean, Aprovizionarea cu apa in Dacia romana, Cluj-Napoca, 2007.<\/li><li> I. Piso, Le FORUM VETUS de Sarmizegetusa, Cluj-Napoca, 2006.<\/li><\/ol>\n\n\n\n<p class=\"has-medium-font-size\"><strong>Contact<\/strong><\/p>\n\n\n\n<p><strong>Adres\u0103<\/strong><br>Str. Mo\u021bilor nr. 11, sala 304<br>Cluj-Napoca, 400001<br><br><strong>e-mail<\/strong><br><a href=\"mailto:centruldestudiiromane@gmail.com\">centruldestudiiromane@gmail.com<\/a><\/p>\n","protected":false},"excerpt":{"rendered":"<p>Directorprof. univ. dr. Ioan PISO Membri \u2022 prof. univ. dr. Ioan Piso \u2022 conf. univ dr. Radu Ardevan\u2022 prof. univ. dr. Lucre\u021biu Mihailescu-Birliba\u2022 lect. univ. dr. Carmen Fenechiu\u2022 dr. Felix Marcu\u2022 dr. Ovidiu Tentea\u2022 dr. Viorica Rusu-Bolindet\u2022 drd. George Cupcea\u2022 drd. Rada Varga\u2022 drd. Ionita Petis Prezentare general\u0103 Centrului de Studii Romane a fost creat &hellip; <\/p>\n<p class=\"link-more\"><a href=\"https:\/\/hiphi.ubbcluj.ro\/SD_ICC\/cercetare\/centre-de-cercetare\/centrul-de-studii-romane\/\" class=\"more-link\">Cite\u0219te mai multe<span class=\"screen-reader-text\">\u201eCentrul de Studii Romane\u201d<\/span><\/a><\/p>\n","protected":false},"author":1,"featured_media":0,"parent":388,"menu_order":3,"comment_status":"closed","ping_status":"closed","template":"","meta":{"_inspiro_hide_title":false,"footnotes":""},"class_list":["post-410","page","type-page","status-publish","hentry"],"_links":{"self":[{"href":"https:\/\/hiphi.ubbcluj.ro\/SD_ICC\/wp-json\/wp\/v2\/pages\/410","targetHints":{"allow":["GET"]}}],"collection":[{"href":"https:\/\/hiphi.ubbcluj.ro\/SD_ICC\/wp-json\/wp\/v2\/pages"}],"about":[{"href":"https:\/\/hiphi.ubbcluj.ro\/SD_ICC\/wp-json\/wp\/v2\/types\/page"}],"author":[{"embeddable":true,"href":"https:\/\/hiphi.ubbcluj.ro\/SD_ICC\/wp-json\/wp\/v2\/users\/1"}],"replies":[{"embeddable":true,"href":"https:\/\/hiphi.ubbcluj.ro\/SD_ICC\/wp-json\/wp\/v2\/comments?post=410"}],"version-history":[{"count":7,"href":"https:\/\/hiphi.ubbcluj.ro\/SD_ICC\/wp-json\/wp\/v2\/pages\/410\/revisions"}],"predecessor-version":[{"id":463,"href":"https:\/\/hiphi.ubbcluj.ro\/SD_ICC\/wp-json\/wp\/v2\/pages\/410\/revisions\/463"}],"up":[{"embeddable":true,"href":"https:\/\/hiphi.ubbcluj.ro\/SD_ICC\/wp-json\/wp\/v2\/pages\/388"}],"wp:attachment":[{"href":"https:\/\/hiphi.ubbcluj.ro\/SD_ICC\/wp-json\/wp\/v2\/media?parent=410"}],"curies":[{"name":"wp","href":"https:\/\/api.w.org\/{rel}","templated":true}]}}