{"id":388,"date":"2021-09-07T09:38:23","date_gmt":"2021-09-07T09:38:23","guid":{"rendered":"http:\/\/hiphi.ubbcluj.ro\/SD_ICC_nou\/?page_id=388"},"modified":"2021-11-11T09:33:32","modified_gmt":"2021-11-11T09:33:32","slug":"centre-de-cercetare","status":"publish","type":"page","link":"https:\/\/hiphi.ubbcluj.ro\/SD_ICC\/cercetare\/centre-de-cercetare\/","title":{"rendered":"Centre de cercetare"},"content":{"rendered":"\n<p><a href=\"http:\/\/hiphi.ubbcluj.ro\/ArchaeoUBB.html\" target=\"_blank\" rel=\"noreferrer noopener\" aria-label=\" (se deschide \u00eentr-o fil\u0103 nou\u0103)\">Centrul de Arheologie Interdisciplinar\u0103 \u015fi Digital\u0103<\/a><\/p>\n\n\n\n<p><a href=\"http:\/\/hiphi.ubbcluj.ro\/clasice.html\" target=\"_blank\" rel=\"noreferrer noopener\" aria-label=\" (se deschide \u00eentr-o fil\u0103 nou\u0103)\">Institutul de Studii clasice<\/a><\/p>\n\n\n\n<p><a rel=\"noreferrer noopener\" href=\"http:\/\/hiphi.ubbcluj.ro\/CSRom\/index.html\" target=\"_blank\">Centrul de Studii Romane<\/a><\/p>\n\n\n\n<p><a rel=\"noreferrer noopener\" href=\"http:\/\/hiphi.ubbcluj.ro\/isce\" target=\"_blank\">Institutul de Studii central-europene (ISCE)<\/a><\/p>\n\n\n\n<p><a rel=\"noreferrer noopener\" href=\"http:\/\/www.istoriaorala.ro\/\" target=\"_blank\">Institutul de Istorie oral\u0103<\/a><\/p>\n\n\n\n<p><a rel=\"noreferrer noopener\" href=\"http:\/\/hiphi.ubbcluj.ro\/SAI\" target=\"_blank\">Seminarul de Antropologie istoric\u0103<\/a><\/p>\n\n\n\n<p><a rel=\"noreferrer noopener\" href=\"http:\/\/institute.ubbcluj.ro\/stiud\/\" target=\"_blank\">Institutul de Iudaistic\u0103 \u015fi Istorie Evreiasc\u0103 &#8222;Dr. Moshe Carmilly&#8221;<\/a><\/p>\n\n\n\n<p><a rel=\"noreferrer noopener\" href=\"http:\/\/middle-east.centre.ubbcluj.ro\/\" target=\"_blank\">Centrul de Studii asupra Orientului Mijlociu \u015fi a Mediteranei<\/a><\/p>\n\n\n\n<p><a rel=\"noreferrer noopener\" href=\"http:\/\/institute.ubbcluj.ro\/histecclesiarum\" target=\"_blank\">Institutul de Istorie ecleziastic\u0103 &#8222;Nicolae Boc\u015fan&#8221;<\/a><\/p>\n\n\n\n<p><a rel=\"noreferrer noopener\" href=\"http:\/\/kmti.hiphi.ubbcluj.ro\/\" target=\"_blank\">Kolozsv\u00e1ri Magyar T\u00f6rten\u00e9ti Int\u00e9zet<\/a><\/p>\n","protected":false},"excerpt":{"rendered":"<p>Centrul de Arheologie Interdisciplinar\u0103 \u015fi Digital\u0103 Institutul de Studii clasice Centrul de Studii Romane Institutul de Studii central-europene (ISCE) Institutul de Istorie oral\u0103 Seminarul de Antropologie istoric\u0103 Institutul de Iudaistic\u0103 \u015fi Istorie Evreiasc\u0103 &#8222;Dr. Moshe Carmilly&#8221; Centrul de Studii asupra Orientului Mijlociu \u015fi a Mediteranei Institutul de Istorie ecleziastic\u0103 &#8222;Nicolae Boc\u015fan&#8221; Kolozsv\u00e1ri Magyar T\u00f6rten\u00e9ti Int\u00e9zet<\/p>\n","protected":false},"author":1,"featured_media":0,"parent":16,"menu_order":3,"comment_status":"closed","ping_status":"closed","template":"","meta":{"_inspiro_hide_title":false,"footnotes":""},"class_list":["post-388","page","type-page","status-publish","hentry"],"_links":{"self":[{"href":"https:\/\/hiphi.ubbcluj.ro\/SD_ICC\/wp-json\/wp\/v2\/pages\/388","targetHints":{"allow":["GET"]}}],"collection":[{"href":"https:\/\/hiphi.ubbcluj.ro\/SD_ICC\/wp-json\/wp\/v2\/pages"}],"about":[{"href":"https:\/\/hiphi.ubbcluj.ro\/SD_ICC\/wp-json\/wp\/v2\/types\/page"}],"author":[{"embeddable":true,"href":"https:\/\/hiphi.ubbcluj.ro\/SD_ICC\/wp-json\/wp\/v2\/users\/1"}],"replies":[{"embeddable":true,"href":"https:\/\/hiphi.ubbcluj.ro\/SD_ICC\/wp-json\/wp\/v2\/comments?post=388"}],"version-history":[{"count":4,"href":"https:\/\/hiphi.ubbcluj.ro\/SD_ICC\/wp-json\/wp\/v2\/pages\/388\/revisions"}],"predecessor-version":[{"id":1010,"href":"https:\/\/hiphi.ubbcluj.ro\/SD_ICC\/wp-json\/wp\/v2\/pages\/388\/revisions\/1010"}],"up":[{"embeddable":true,"href":"https:\/\/hiphi.ubbcluj.ro\/SD_ICC\/wp-json\/wp\/v2\/pages\/16"}],"wp:attachment":[{"href":"https:\/\/hiphi.ubbcluj.ro\/SD_ICC\/wp-json\/wp\/v2\/media?parent=388"}],"curies":[{"name":"wp","href":"https:\/\/api.w.org\/{rel}","templated":true}]}}