{"id":386,"date":"2021-09-07T09:38:02","date_gmt":"2021-09-07T09:38:02","guid":{"rendered":"http:\/\/hiphi.ubbcluj.ro\/SD_ICC_nou\/?page_id=386"},"modified":"2021-12-15T13:12:54","modified_gmt":"2021-12-15T13:12:54","slug":"proiecte","status":"publish","type":"page","link":"https:\/\/hiphi.ubbcluj.ro\/SD_ICC\/cercetare\/proiecte\/","title":{"rendered":"Proiecte"},"content":{"rendered":"\n<p class=\"has-large-font-size\"><strong>Proiecte ale membrilor corpului profesoral<\/strong><\/p>\n\n\n\n<p><a href=\"http:\/\/hiphi.ubbcluj.ro\/SD_ICC\/cercetare\/proiecte\/change-and-continuity\/\">Change and continuity: the public administration and the civil servants\u2019 corps from Transylvania before and after the First World War (1910-1925)<\/a><\/p>\n\n\n\n<p><a href=\"http:\/\/hiphi.ubbcluj.ro\/SD_ICC\/cercetare\/proiecte\/the-rise-of-an-intellectual-elite-in-central-europe-university-of-vienna-1389-1450\/\">The rise of an intellectual elite in Central Europe: University of Vienna 1389-1450  <\/a><\/p>\n\n\n\n<p><a href=\"http:\/\/hiphi.ubbcluj.ro\/SD_ICC\/cercetare\/proiecte\/promotion-of-crafts-and-gastronomy\/\">Promotion of Crafts and Gastronomy, as Relevant Components of the Cultural Heritage of the Carpathian Euroregion<\/a> <\/p>\n\n\n\n<p><a href=\"http:\/\/hiphi.ubbcluj.ro\/SD_ICC\/cercetare\/proiecte\/inregistrarea-interactiva-si-cartografierea-siturilor-daciei-romane-versiunea-online-actualizata-a-tabula-imperii-romani-tir-l-34-l-35-si-forma-orbis-romani-for-2015\/\">\u00cenregistrarea interactiv\u0103 \u015fi cartografierea siturilor Daciei Romane. Versiunea online, actualizat\u0103, a Tabula Imperii Romani (TIR) L 34, L 35 \u015fi Forma Orbis Romani (FOR) (2015-)<\/a><\/p>\n\n\n\n<p><a rel=\"noreferrer noopener\" aria-label=\"Les Grande Portes (se deschide \u00eentr-o fil\u0103 nou\u0103)\" href=\"http:\/\/hiphi.ubbcluj.ro\/SD_ICC\/cercetare\/proiecte\/les-grandes-portes\/\" target=\"_blank\">Les Grandes Portes<\/a>, Bibracte (Glux-en-Glenne, Fran\u021ba)<\/p>\n\n\n\n<p><a href=\"http:\/\/hiphi.ubbcluj.ro\/SD_ICC\/cercetare\/proiecte\/repertoriul-vietii-breslelor-din-transilvania\/\">Conexiuni pe harta profesiilor din Transilvania \u00een epoca medie \u0219i premodern\u0103-construc\u021bia unei baze de date a documentelor de breasl\u0103 <\/a><\/p>\n\n\n\n<p><a href=\"http:\/\/hiphi.ubbcluj.ro\/SD_ICC\/cercetare\/proiecte\/studii-de-teren-arheologice-pentru-fundamentarea-proiectului-de-restaurare-conservare-si-protectie-a-sitului-arheologic-castrul-legiunii-v-macedonica-potaissa-turda\/\">Studii de teren (arheologice) pentru fundamentarea proiectului de restaurare, conservare \u0219i protec\u021bie a sitului arheologic Castrul Legiunii V Macedonica, Potaissa-Turda<\/a><\/p>\n","protected":false},"excerpt":{"rendered":"<p>Proiecte ale membrilor corpului profesoral Change and continuity: the public administration and the civil servants\u2019 corps from Transylvania before and after the First World War (1910-1925) The rise of an intellectual elite in Central Europe: University of Vienna 1389-1450 Promotion of Crafts and Gastronomy, as Relevant Components of the Cultural Heritage of the Carpathian Euroregion &hellip; <\/p>\n<p class=\"link-more\"><a href=\"https:\/\/hiphi.ubbcluj.ro\/SD_ICC\/cercetare\/proiecte\/\" class=\"more-link\">Cite\u0219te mai multe<span class=\"screen-reader-text\">\u201eProiecte\u201d<\/span><\/a><\/p>\n","protected":false},"author":1,"featured_media":0,"parent":16,"menu_order":2,"comment_status":"closed","ping_status":"closed","template":"","meta":{"_inspiro_hide_title":false,"footnotes":""},"class_list":["post-386","page","type-page","status-publish","hentry"],"_links":{"self":[{"href":"https:\/\/hiphi.ubbcluj.ro\/SD_ICC\/wp-json\/wp\/v2\/pages\/386","targetHints":{"allow":["GET"]}}],"collection":[{"href":"https:\/\/hiphi.ubbcluj.ro\/SD_ICC\/wp-json\/wp\/v2\/pages"}],"about":[{"href":"https:\/\/hiphi.ubbcluj.ro\/SD_ICC\/wp-json\/wp\/v2\/types\/page"}],"author":[{"embeddable":true,"href":"https:\/\/hiphi.ubbcluj.ro\/SD_ICC\/wp-json\/wp\/v2\/users\/1"}],"replies":[{"embeddable":true,"href":"https:\/\/hiphi.ubbcluj.ro\/SD_ICC\/wp-json\/wp\/v2\/comments?post=386"}],"version-history":[{"count":36,"href":"https:\/\/hiphi.ubbcluj.ro\/SD_ICC\/wp-json\/wp\/v2\/pages\/386\/revisions"}],"predecessor-version":[{"id":1128,"href":"https:\/\/hiphi.ubbcluj.ro\/SD_ICC\/wp-json\/wp\/v2\/pages\/386\/revisions\/1128"}],"up":[{"embeddable":true,"href":"https:\/\/hiphi.ubbcluj.ro\/SD_ICC\/wp-json\/wp\/v2\/pages\/16"}],"wp:attachment":[{"href":"https:\/\/hiphi.ubbcluj.ro\/SD_ICC\/wp-json\/wp\/v2\/media?parent=386"}],"curies":[{"name":"wp","href":"https:\/\/api.w.org\/{rel}","templated":true}]}}