{"id":34,"date":"2021-02-25T07:52:36","date_gmt":"2021-02-25T07:52:36","guid":{"rendered":"http:\/\/hiphi.ubbcluj.ro\/SD_ICC_nou\/?page_id=34"},"modified":"2026-04-01T14:09:32","modified_gmt":"2026-04-01T14:09:32","slug":"profesorii","status":"publish","type":"page","link":"https:\/\/hiphi.ubbcluj.ro\/SD_ICC\/structura\/profesorii\/","title":{"rendered":"Profesori"},"content":{"rendered":"\n<p class=\"has-very-dark-gray-color has-text-color\">acad. prof. univ. dr. <strong>Ioan Aurel POP<\/strong><br><em><strong>Pre\u0219edinte al Academiei Rom\u00e2ne<\/strong><\/em><strong><br><\/strong>Domenii de competen\u021b\u0103: <em>Istorie medieval\u0103; Istoria politic\u0103 \u0219i social\u0103 a Rom\u00e2niei medievale \u0219i a Europei Centrale de Sud-Est; Istoria institu\u021biilor medievale \u0219i a culturii medievale; Paleografie latin\u0103.<\/em><br>\u2022 <a rel=\"noreferrer noopener\" aria-label=\" (se deschide \u00eentr-o fil\u0103 nou\u0103)\" href=\"http:\/\/hiphi.ubbcluj.ro\/SD_ICC\/wp-content\/uploads\/2021\/08\/Acad.-prof.-univ.-dr.-Pop_Ioan-Aurel-CV.pdf\" target=\"_blank\">Curriculum Vitae<\/a><br>\u2022 <a rel=\"noreferrer noopener\" aria-label=\" (se deschide \u00eentr-o fil\u0103 nou\u0103)\" href=\"http:\/\/hiphi.ubbcluj.ro\/SD_ICC\/wp-content\/uploads\/2021\/08\/Acad.-prof.-univ.-dr.-Pop_Ioan-Aurel-publicatii.pdf\" target=\"_blank\">Publica\u021bii<\/a><\/p>\n\n\n\n<p>prof. univ. dr. <strong>Constantin B\u0102RBULESCU<\/strong><br>Domenii de competen\u021b\u0103: <em>Istoria modern\u0103 a Rom\u00e2niei; Istoria lumii rurale; Imaginarul corpului uman.<\/em><br>\u2022 <a rel=\"noreferrer noopener\" href=\"http:\/\/hiphi.ubbcluj.ro\/SD_ICC\/wp-content\/uploads\/2021\/08\/Conf.-univ.-dr.-B%C4%83rbulescu_Constantin.pdf\" target=\"_blank\">Curriculum Vitae<\/a><\/p>\n\n\n\n<p>prof. univ. dr. <strong>Maria-Silvia CR\u0102CIUN<\/strong><br>Domenii de competen\u0163\u0103: <em>Istoria medieval\u0103 universal\u0103; Istoria Bisericii \u0219i a religiilor; Via\u021ba religioas\u0103 la \u00eenceputul epocii moderne; Imaginea ca document istoric; Imaginea \u00een Reform\u0103.<\/em><br>\u2022 <a aria-label=\"Curriculum Vitae \/ Publica\u021bii  (se deschide \u00eentr-o fil\u0103 nou\u0103)\" href=\"http:\/\/hiphi.ubbcluj.ro\/SD_ICC\/wp-content\/uploads\/2021\/08\/Prof.-univ.-dr.-Cr\u0103ciun_Maria.pdf\" target=\"_blank\" rel=\"noreferrer noopener\">Curriculum Vitae \/ Publica\u021bii<\/a><\/p>\n\n\n\n<p>prof. univ. dr. <strong>Aurel-Gelu FLOREA<\/strong><br><strong><em>Director al \u0218colii Doctorale<\/em><\/strong>                                                                                                                    <\/p>\n\n\n\n<p>Domenii de competen\u021b\u0103: <em>Arta \u0219i arheologia celei de-a doua epoci a fierului; Religiile preistorice; Civiliza\u021bia Daciei preromane.<\/em><br>\u2022 <a aria-label=\"Curriculum Vitae (se deschide \u00eentr-o fil\u0103 nou\u0103)\" href=\"http:\/\/hiphi.ubbcluj.ro\/SD_ICC\/wp-content\/uploads\/2021\/08\/Prof.-univ.-dr.-Florea_Gelu.pdf\" target=\"_blank\" rel=\"noreferrer noopener\">Curriculum Vitae<\/a><\/p>\n\n\n\n<p>prof. univ. dr. <strong>Ovidiu GHITTA<\/strong><br><strong><em>Decan al Facult\u0103\u021bii de Istorie \u0219i Filosofie<\/em><\/strong><br>Domenii de competen\u021b\u0103: <em>Istorie medieval\u0103 \u0219i premodern\u0103; Istoria Bisericii; Paleografie rom\u00e2no-chirilic\u0103.<\/em><br>\u2022 <a rel=\"noreferrer noopener\" aria-label=\"Curriculum Vitae \/ Publica\u021bii (se deschide \u00eentr-o fil\u0103 nou\u0103)\" href=\"http:\/\/hiphi.ubbcluj.ro\/SD_ICC\/wp-content\/uploads\/2021\/08\/Prof.-univ.-dr.-Ghitta_Ovidiu.pdf\" target=\"_blank\">Curriculum Vitae \/ Publica\u021bii<\/a><\/p>\n\n\n\n<p><\/p>\n\n\n\n<p>CS I. dr. habil. <strong>Florin GOG\u00c2LTAN<\/strong><br>Domenii de competen\u021b\u0103: <em>Epoca cuprului; Epoca bronzului; Prima epoc\u0103 a fierului; Metalurgie preistoric\u0103; Arheologie istoric\u0103 (sec. XVIII-XXI).<\/em><br>\u2022 <a href=\"https:\/\/hiphi.ubbcluj.ro\/SD_ICC\/wp-content\/uploads\/2026\/04\/Gogaltan-CV-rom.pdf\" data-type=\"link\" data-id=\"https:\/\/hiphi.ubbcluj.ro\/SD_ICC\/wp-content\/uploads\/2026\/04\/Gogaltan-CV-rom.pdf\" target=\"_blank\" rel=\"noreferrer noopener\">Curriculum Vitae \/ Publica\u021bii<\/a><\/p>\n\n\n\n<p>prof. univ. dr. <strong>Greta-Monica MIRON<\/strong> <br>Domenii de competen\u021b\u0103: <em>Istoria istoriografiei rom\u00e2ne\u0219ti; Istoria Bisericii Greco-Catolice din Transilvania.<\/em><br>\u2022 <a rel=\"noreferrer noopener\" aria-label=\"Curriculum Vitae (se deschide \u00eentr-o fil\u0103 nou\u0103)\" href=\"http:\/\/hiphi.ubbcluj.ro\/SD_ICC\/wp-content\/uploads\/2021\/08\/Prof.-univ.-dr.-Miron_Greta.pdf\" target=\"_blank\">Curriculum Vitae<\/a><\/p>\n\n\n\n<p>prof. univ. dr. <strong>Sorin MITU<\/strong><br>Domenii de competen\u021b\u0103: <em>Istoria rom\u00e2neasc\u0103 modern\u0103 \u0219i universal\u0103; Istoria sensibilit\u0103\u021bii \u0219i a imagina\u021biei; Na\u021bionalismul \u0219i imaginea celuilalt.<\/em><br>\u2022 <a rel=\"noreferrer noopener\" aria-label=\"Curriculum Vitae \/ Publica\u021bii (se deschide \u00eentr-o fil\u0103 nou\u0103)\" href=\"http:\/\/hiphi.ubbcluj.ro\/SD_ICC\/wp-content\/uploads\/2021\/08\/Prof.-univ.-dr.-Mitu_Sorin.pdf\" target=\"_blank\">Curriculum Vitae \/ Publica\u021bii<\/a><\/p>\n\n\n\n<p>prof. univ. dr. <strong>Sorin NEMETI<\/strong><br>Domenii de competen\u021b\u0103: <em>Istoria Daciei romane; Religia \u00een Imperiul Roman; Istorie \u0219i arheologie \u00een epoca migra\u021biilor.<\/em><br>\u2022 <a rel=\"noreferrer noopener\" href=\"http:\/\/hiphi.ubbcluj.ro\/SD_ICC\/wp-content\/uploads\/2021\/08\/Conf.-univ.-dr.-Nemeti_Sorin.pdf\" target=\"_blank\">Curriculum Vitae<\/a><\/p>\n\n\n\n<p> prof. univ. dr. <strong>P\u00c1L Judit<\/strong><br>Domenii de competen\u021b\u0103: <em>Istoria social\u0103 \u0219i politic\u0103 a Transilvaniei (secolele XVIII-XIX); Istorie urban\u0103; Istoria armenilor din Transilvania.<\/em><br>\u2022 <a rel=\"noreferrer noopener\" aria-label=\"Curriculum Vitae (se deschide \u00eentr-o fil\u0103 nou\u0103)\" href=\"http:\/\/hiphi.ubbcluj.ro\/SD_ICC\/wp-content\/uploads\/2021\/08\/Prof.-univ.-dr.-P\u00e1l_Judit.pdf\" target=\"_blank\">Curriculum Vitae<\/a><\/p>\n\n\n\n<p>prof. univ. dr. <strong>R\u00dcSZ-FOGARASI Enik\u0151<\/strong><br><strong><em>Prodecan al Facult\u0103\u021bii de Istorie \u0219i Filosofie<\/em><\/strong><br>Domenii de competen\u021b\u0103: <em>Istoria urban\u0103 a Transilvaniei; Institu\u021bii medievale \u0219i premoderne.<\/em><br> \u2022 <a rel=\"noreferrer noopener\" aria-label=\"Curriculum Vitae \/ Publica\u021bii (se deschide \u00eentr-o fil\u0103 nou\u0103)\" href=\"http:\/\/hiphi.ubbcluj.ro\/SD_ICC\/wp-content\/uploads\/2021\/08\/Prof.-univ.-dr.-R\u00fcsz-Fogarasi-Enik\u0151.pdf\" target=\"_blank\">Curriculum Vitae \/ Publica\u021bii<\/a><\/p>\n\n\n\n<p>prof. univ. dr. <strong>Marcela S\u0102L\u0102GEAN<\/strong><br>Domenii de competen\u021b\u0103: <em>Istorie contemporan\u0103; Regimuri politice; Modele decizionale de politic\u0103 extern\u0103; Modele \u0219i sisteme politice, economice, culturale \u0219i sociale \u00een secolele XX \u0219i XXI; Rela\u021bii interna\u021bionale.<\/em><br>\u2022 <a rel=\"noreferrer noopener\" aria-label=\"Curriculum Vitae \/ Publica\u021bii (se deschide \u00eentr-o fil\u0103 nou\u0103)\" href=\"http:\/\/hiphi.ubbcluj.ro\/SD_ICC\/wp-content\/uploads\/2021\/08\/Prof.-univ.-dr.-S\u0103l\u0103gean_Marcela.pdf\" target=\"_blank\">Curriculum Vitae \/ Publica\u021bii<\/a><\/p>\n\n\n\n<p>prof. univ. dr. <strong>\u015eerban TURCU\u015e<\/strong><br>Domenii de competen\u021b\u0103: <em>Istorie Medieval\u0103; Istorie Bisericilor; \u0218tiin\u021be auxiliare ale istoriei; Istoria \u0219i evolu\u021bia diploma\u021biei.<\/em><br>\u2022 <a rel=\"noreferrer noopener\" aria-label=\"Curriculum Vitae \/ Publica\u021bii (se deschide \u00eentr-o fil\u0103 nou\u0103)\" href=\"http:\/\/hiphi.ubbcluj.ro\/SD_ICC\/wp-content\/uploads\/2021\/08\/Prof.-univ.-dr.-Turcu\u0219_\u0218erban.pdf\" target=\"_blank\">Curriculum Vitae \/ Publica\u021bii<\/a><\/p>\n\n\n\n<p>conf. univ. dr. <strong>Adinel-Ciprian DINC\u0102<\/strong><br>Domenii de competen\u021b\u0103: <em>Paleografie, diplomatic\u0103 \u0219i codicologie, istoria medieval\u0103 a Transilvaniei, comunicarea scris\u0103 medieval\u0103 \u00een alfabet latin, istoria educa\u021biei \u0219i intelectualit\u0103\u021bii \u00een Evul Mediu.<\/em><br>\u2022 <a rel=\"noreferrer noopener\" aria-label=\"Curriculum Vitae   (se deschide \u00eentr-o fil\u0103 nou\u0103)\" href=\"http:\/\/hiphi.ubbcluj.ro\/SD_ICC\/wp-content\/uploads\/2021\/08\/Conf.-univ.-dr.-Dinc\u0103-Adinel.pdf\" target=\"_blank\">Curriculum Vitae<\/a><\/p>\n\n\n\n<p>conf. univ. dr. <strong>Florin Gheorghe FODOREAN<\/strong><br>Domenii de competen\u021b\u0103: <em>Arheologie \u0219i istorie antic\u0103: Istoria \u0219i Arheologia Daciei romane, Arheologia peisajului \u00een perioada roman\u0103; Cartografie \u0219i geografie antic\u0103.<\/em><br>\u2022 <a rel=\"noreferrer noopener\" aria-label=\"Curriculum Vitae (se deschide \u00eentr-o fil\u0103 nou\u0103)\" href=\"http:\/\/hiphi.ubbcluj.ro\/SD_ICC\/wp-content\/uploads\/2021\/08\/Conf.-univ.-dr.-Fodorean_Florin.pdf\" target=\"_blank\">Curriculum Vitae<\/a><\/p>\n\n\n\n<p>conf. univ. dr. <strong>Radu Cristian M\u00c2RZA<\/strong><br>Domenii de competen\u021b\u0103: <em>Istorie rom\u00e2neasc\u0103 \u00een epocile medieval\u0103 \u0219i premodern\u0103<\/em>; Istoria istoriografiei; Istoria Europei Centrale; Istoria Europei de Sud-Est, istoria Balcanilor; Istorie cultural\u0103; Istoria c\u0103l\u0103toriei \u0219i turismului; Istoria c\u0103ilor ferate.<br>\u2022 <a href=\"https:\/\/hiphi.ubbcluj.ro\/SD_ICC\/wp-content\/uploads\/2026\/04\/Radu-Marza-CV-Europass.pdf\" data-type=\"link\" data-id=\"https:\/\/hiphi.ubbcluj.ro\/SD_ICC\/wp-content\/uploads\/2026\/04\/Radu-Marza-CV-Europass.pdf\" target=\"_blank\" rel=\"noreferrer noopener\">Curriculum Vitae<\/a><\/p>\n\n\n\n<p>conf. univ. dr. <strong>MOLN\u00c1R-KOV\u00c1CS Zsolt<\/strong><br>Domenii de competen\u021b\u0103: <em>Preistorie; Istoria artei antice; Epoca bronzului \u00een Transilvania.<\/em><br>\u2022 <a rel=\"noreferrer noopener\" aria-label=\"Curriculum Vitae \/ Publica\u021bii (se deschide \u00eentr-o fil\u0103 nou\u0103)\" href=\"http:\/\/hiphi.ubbcluj.ro\/SD_ICC\/wp-content\/uploads\/2021\/08\/Conf.-univ.-dr.-Moln\u00e1r-Kov\u00e1cs-Zsolt.pdf\" target=\"_blank\">Curriculum Vitae \/ Publica\u021bii<\/a><\/p>\n\n\n\n<p>conf. univ. dr. <strong>Eduard-Marius NEMETH<\/strong><br>Domenii de competen\u021b\u0103: <em>Istoria Imperiului Roman, arheologie provincial\u0103 roman\u0103. <\/em><br>\u2022 <a rel=\"noreferrer noopener\" aria-label=\"Curriculum Vitae (se deschide \u00eentr-o fil\u0103 nou\u0103)\" href=\"http:\/\/hiphi.ubbcluj.ro\/departamente\/Public\/File\/CV\/Istorie_antica\/Eduard_Nemeth.pdf\" target=\"_blank\">Curriculum Vitae<\/a><br>\u2022 <a rel=\"noreferrer noopener\" aria-label=\"Publica\u021bii (se deschide \u00eentr-o fil\u0103 nou\u0103)\" href=\"http:\/\/hiphi.ubbcluj.ro\/SD_ICC\/wp-content\/uploads\/2021\/08\/Conf.-univ.-dr.-Nemeth_Eduard.pdf\" target=\"_blank\">Publica\u021bii<\/a><\/p>\n\n\n\n<p>conf. univ. dr. <strong>Mihai Teodor NICOAR\u0102<\/strong><br>Domenii de competen\u021b\u0103: <em>Istoria contemporan\u0103 rom\u00e2neasc\u0103 \u0219i universal\u0103; Istoria universit\u0103\u021bilor rom\u00e2ne\u0219ti; Istoria culturii rom\u00e2ne\u0219ti \u00een secolul XX; Istoria institu\u021biilor politice \u00een secolul XX<\/em>.<br>\u2022 <a href=\"https:\/\/hiphi.ubbcluj.ro\/SD_ICC\/wp-content\/uploads\/2024\/05\/1-CV_Conf.-univ.-dr.-hab.-Mihai-Teodor-NICOARA.pdf\" target=\"_blank\" rel=\"noreferrer noopener\">Curriculum Vitae<\/a><\/p>\n\n\n\n<p>lect. univ. dr. <strong>Vlad Vasile POPOVICI<\/strong><br>Domenii de competen\u021b\u0103: <em>Istoria modern\u0103 a Rom\u00e2niei<\/em>; <em>Istoria elitelor<\/em>; <em>Aplica\u021bii informatice \u00een cercetarea istoric\u0103.<\/em><br>\u2022 <a rel=\"noreferrer noopener\" href=\"https:\/\/hiphi.ubbcluj.ro\/SD_ICC\/wp-content\/uploads\/2024\/05\/CV_Popovici-2024.4.4.pdf\" target=\"_blank\">Curriculum Vitae<\/a><\/p>\n\n\n\n<p>CS II dr. <strong>Rada VARGA<\/strong><br>Domenii de competen\u021b\u0103: <em>prosopografie, epigrafie latin\u0103, clasici digitale, materialitate, arheologie provincial\u0103.<\/em><br>\u2022 <a href=\"https:\/\/hiphi.ubbcluj.ro\/SD_ICC\/wp-content\/uploads\/2026\/04\/Varga_CV.pdf\" data-type=\"link\" data-id=\"https:\/\/hiphi.ubbcluj.ro\/SD_ICC\/wp-content\/uploads\/2026\/04\/Varga_CV.pdf\" target=\"_blank\" rel=\"noreferrer noopener\">Curriculum Vitae<\/a><\/p>\n\n\n\n<p><\/p>\n\n\n\n<p><\/p>\n","protected":false},"excerpt":{"rendered":"<p>acad. prof. univ. dr. Ioan Aurel POPPre\u0219edinte al Academiei Rom\u00e2neDomenii de competen\u021b\u0103: Istorie medieval\u0103; Istoria politic\u0103 \u0219i social\u0103 a Rom\u00e2niei medievale \u0219i a Europei Centrale de Sud-Est; Istoria institu\u021biilor medievale \u0219i a culturii medievale; Paleografie latin\u0103.\u2022 Curriculum Vitae\u2022 Publica\u021bii prof. univ. dr. Constantin B\u0102RBULESCUDomenii de competen\u021b\u0103: Istoria modern\u0103 a Rom\u00e2niei; Istoria lumii rurale; Imaginarul corpului &hellip; <\/p>\n<p class=\"link-more\"><a href=\"https:\/\/hiphi.ubbcluj.ro\/SD_ICC\/structura\/profesorii\/\" class=\"more-link\">Cite\u0219te mai multe<span class=\"screen-reader-text\">\u201eProfesori\u201d<\/span><\/a><\/p>\n","protected":false},"author":1,"featured_media":0,"parent":10,"menu_order":2,"comment_status":"closed","ping_status":"closed","template":"","meta":{"_inspiro_hide_title":false,"footnotes":""},"class_list":["post-34","page","type-page","status-publish","hentry"],"_links":{"self":[{"href":"https:\/\/hiphi.ubbcluj.ro\/SD_ICC\/wp-json\/wp\/v2\/pages\/34","targetHints":{"allow":["GET"]}}],"collection":[{"href":"https:\/\/hiphi.ubbcluj.ro\/SD_ICC\/wp-json\/wp\/v2\/pages"}],"about":[{"href":"https:\/\/hiphi.ubbcluj.ro\/SD_ICC\/wp-json\/wp\/v2\/types\/page"}],"author":[{"embeddable":true,"href":"https:\/\/hiphi.ubbcluj.ro\/SD_ICC\/wp-json\/wp\/v2\/users\/1"}],"replies":[{"embeddable":true,"href":"https:\/\/hiphi.ubbcluj.ro\/SD_ICC\/wp-json\/wp\/v2\/comments?post=34"}],"version-history":[{"count":41,"href":"https:\/\/hiphi.ubbcluj.ro\/SD_ICC\/wp-json\/wp\/v2\/pages\/34\/revisions"}],"predecessor-version":[{"id":2414,"href":"https:\/\/hiphi.ubbcluj.ro\/SD_ICC\/wp-json\/wp\/v2\/pages\/34\/revisions\/2414"}],"up":[{"embeddable":true,"href":"https:\/\/hiphi.ubbcluj.ro\/SD_ICC\/wp-json\/wp\/v2\/pages\/10"}],"wp:attachment":[{"href":"https:\/\/hiphi.ubbcluj.ro\/SD_ICC\/wp-json\/wp\/v2\/media?parent=34"}],"curies":[{"name":"wp","href":"https:\/\/api.w.org\/{rel}","templated":true}]}}