{"id":315,"date":"2021-09-05T14:13:43","date_gmt":"2021-09-05T14:13:43","guid":{"rendered":"http:\/\/hiphi.ubbcluj.ro\/SD_ICC_nou\/?page_id=315"},"modified":"2022-10-04T16:22:25","modified_gmt":"2022-10-04T16:22:25","slug":"gratie-an-ii","status":"publish","type":"page","link":"https:\/\/hiphi.ubbcluj.ro\/SD_ICC\/doctoranzi\/prelungire\/gratie-an-ii\/","title":{"rendered":"An II &#8211; Gra\u021bie"},"content":{"rendered":"\n<p class=\"has-medium-font-size\"><strong>Anul admiterii &#8211; 2017<\/strong><\/p>\n\n\n\n<p style=\"color:#006851\" class=\"has-text-color\"><strong>Albornoz Castro \u00c1lvaro Alejandro<br>Coordonator: prof. univ. dr. Sorin MITU (burs\u0103 Statul Rom\u00e2n)<\/strong><\/p>\n\n\n\n<p class=\"has-small-font-size\"><strong>Titlul tezei<\/strong><br><br><br><strong>Comisia de \u00eendrumare<br><\/strong><br><\/p>\n\n\n\n<p style=\"color:#006851\" class=\"has-text-color\"><strong>Alm\u0103janu Cristian<br>Coordonator: profesor emerit dr. Doru RADOSAV<\/strong><br><\/p>\n\n\n\n<p class=\"has-small-font-size\"><strong>Titlul tezei<br><\/strong><em>Contribu\u021bia p\u0103rintelui Ene Brani\u0219te la istoria \u0219i teologia cultului<br><\/em><br><strong>Comisia de \u00eendrumare<br><\/strong>prof. univ. dr. Ovidiu Ghitta<br>conf. univ. dr. Ionu\u021b Costea<br>prof. univ. dr. Greta Miron<\/p>\n\n\n\n<p style=\"color:#006851\" class=\"has-text-color\"><strong>Bala\u0219 Anamaria \u0218tefania<\/strong><br><strong>Coordonator: conf. univ. dr. Florin FODOREAN<\/strong><\/p>\n\n\n\n<p class=\"has-small-font-size\"><strong>Titlul tezei<\/strong><br><em>Africa \u00een izvoarele geografice antice<\/em><br><strong><br>Comisia de \u00eendrumare<\/strong><br>profesor emerit dr. Radu Ardevan<br>prof. univ. dr. Gelu Florea<br>conf. univ. dr. Eduard Nemeth<br><\/p>\n\n\n\n<p style=\"color:#006851\" class=\"has-text-color\"><strong>Bota Vlad-C\u0103t\u0103lin<br>Coordonator: conf. univ. dr. Sorin NEMETI<\/strong><\/p>\n\n\n\n<p class=\"has-small-font-size\"><strong>Titlul tezei<br><\/strong><em>Dialogul armelor: frontiera Daciei romane<br><\/em><br><strong>Comisia de \u00eendrumare<br><\/strong>profesor emerit dr. Radu Ardevan<br>prof. univ. dr. Gelu Florea<br>conf. univ. dr. Florin Fodorean<\/p>\n\n\n\n<p style=\"color:#006851\" class=\"has-text-color\"><strong>Butculescu D. Claudiu Ramon<br>Coordonator: acad. prof. univ. dr. Ioan-Aurel POP<\/strong><\/p>\n\n\n\n<p class=\"has-small-font-size\"><strong>Titlul tezei<br><\/strong><em>Simbolistic\u0103 \u0219i continuitate \u00een heraldica Maramure\u0219ului medieval (sec. XIV-XVI)<br><\/em><br><strong>Comisia de \u00eendrumare<br><\/strong>conf. univ. dr. Adinel Dinc\u0103<br>conf. univ. dr. Ionu\u021b Costea<br>conf. univ. dr. Radu M\u00e2rza<\/p>\n\n\n\n<p style=\"color:#006851\" class=\"has-text-color\"><strong>Cobuz Raluca Georgiana<br>Coordonator: prof. univ. dr. Maria CR\u0102CIUN<\/strong><br><\/p>\n\n\n\n<p class=\"has-small-font-size\"><strong>Titlul tezei<br><\/strong><em>Comanditari, imagine \u0219i comunitate. Rolul picturii murale \u00een comunicarea religioas\u0103<br><\/em><br><strong>Comisia de \u00eendrumare<br><\/strong>prof. univ. dr. Ovidiu Ghitta<br>prof. univ. dr. Greta Miron<br>C.\u0218. III dr. Ciprian Firea<\/p>\n\n\n\n<p style=\"color:#006851\" class=\"has-text-color\"><strong>Covaciu C\u0103t\u0103lina-Tatiana<br>Coordonator: acad. prof. univ. dr. Ioan-Aurel POP<\/strong><\/p>\n\n\n\n<p class=\"has-small-font-size\"><strong>Titlul tezei<br><\/strong><em>Missalul ca surs\u0103 pentru istoria medieval\u0103 a Transilvaniei<br><\/em><br><strong>Comisia de \u00eendrumare<\/strong><br>conf. univ. dr. Adinel Dinc\u0103 <br>conf. univ. dr. Ionu\u021b Costea<br>conf. univ. dr. Radu M\u00e2rza <\/p>\n\n\n\n<p style=\"color:#006851\" class=\"has-text-color\"><strong>Co\u0219tiug Adrian-Constantin<br>Coordonator: prof. univ. dr. Toader NICOAR\u0102<\/strong><\/p>\n\n\n\n<p class=\"has-small-font-size\"><strong>Titlul tezei<br><\/strong><em>Istoria social\u0103 a rela\u021biilor dintre copii \u0219i p\u0103rin\u021bi \u00een ora\u0219ul Turda<br><\/em><br><strong>Comisia de \u00eendrumare<br><\/strong>prof. univ. dr. Marcela S\u0103l\u0103gean<br>prof. univ. dr. Ovidiu Ghitta<br>conf. univ. dr. Constantin B\u0103rbulescu<\/p>\n\n\n\n<p style=\"color:#006851\" class=\"has-text-color\"><strong>Dur Sergiu-Constantin<br>Coordonator: prof. univ. dr. Sorin MITU<\/strong><br><\/p>\n\n\n\n<p class=\"has-small-font-size\"><strong>Titlul tezei<br><\/strong><em>Influen\u021ba Iranului \u0219i a Arabiei Saudite \u00een dinamicele contemporane de islamizare \u00een Bosnia \u0219i Herzegovina<\/em><br><br><strong> Comisia de \u00eendrumare<br><\/strong> lect. dr. Lucian Turcu<br> conf. univ. dr. Constantin B\u0103rbulescu<br> conf. univ. dr. Ion C\u00e2rja<\/p>\n\n\n\n<p style=\"color:#006851\" class=\"has-text-color\"><strong>Feren\u021b Iuliana Maria<br>Coordonator: conf. univ. dr. Constantin B\u0102RBULESCU<\/strong><\/p>\n\n\n\n<p class=\"has-small-font-size\"><strong>Titlul tezei<br><\/strong><em>Imaginea \u0163\u0103ranului \u015fi a lumii rurale \u00een opera scriitorilor din Rom\u00e2nia interbelic\u0103<br><\/em><br><strong>Comisia de \u00eendrumare<br><\/strong>prof. univ. dr. Toader Nicoar\u0103<br>prof. univ. dr. Sorin Mitu<br>conf. univ. dr. Ion C\u00e2rja<\/p>\n\n\n\n<p style=\"color:#006851\" class=\"has-text-color\"><strong>Gy\u00f6rgy \u00c1rp\u00e1d-Botond<\/strong><br><strong>Coordonator: prof. univ. dr. R\u00dcSZ-FOGARASI Enik\u0151<\/strong><\/p>\n\n\n\n<p class=\"has-small-font-size\"><strong>Titlul tezei<\/strong><br><em>T\u00e2rgu-Mure\u0219 \u00een epoca premodern\u0103<br><\/em><strong><br>Comisia de \u00eendrumare<\/strong><br>prof. univ. dr. Judit P\u00e1l<br>conf. univ. dr. M\u00e1ria Lupescu Mak\u00f3<br>conf. univ. dr. Nagy R\u00f3bert<\/p>\n\n\n\n<p style=\"color:#006851\" class=\"has-text-color\"><strong>Honca Ciprian-Emanuel<br>Coordonator: prof. univ. dr. Ovidiu GHITTA<\/strong><br><\/p>\n\n\n\n<p class=\"has-small-font-size\"><strong>Titlul tezei<br><\/strong>P\u00e1sztory \u00c1rk\u00e1d \u2013 o abordare monografic\u0103<br><br><strong>Comisia de \u00eendrumare<br><\/strong>prof. univ. dr. Ioan Marius Bucur<br>prof. univ. dr. Greta Miron<br>conf. univ. dr. Ionu\u021b Costea <\/p>\n\n\n\n<p style=\"color:#006851\" class=\"has-text-color\"><strong>Horadron Ionu\u021b Mihai<br>Coordonator: conf. univ. dr. Greta MIRON<\/strong><br><\/p>\n\n\n\n<p class=\"has-small-font-size\"><strong>Titlul tezei<br><\/strong>Ortodoxia \u00een Bihor \u00een lungul secol al XVIII-lea ( 1700-1829 ). Biseric\u0103 \u0219i comunitate<br><br><strong>Comisia de \u00eendrumare <br><\/strong>prof. univ. dr. Ovidiu Ghitta<br>prof. univ. dr. Maria Cr\u0103ciun<br>conf. univ. dr. Ionu\u021b Costea<\/p>\n\n\n\n<p style=\"color:#006851\" class=\"has-text-color\"><strong>Horv\u00e1th Csaba<br>Coordonator: prof. univ. dr. P\u00c1L Judit<\/strong><\/p>\n\n\n\n<p class=\"has-small-font-size\"><strong>Titlul tezei<br><\/strong><em>Corpul de ofi\u021beri al regimentelor gr\u0103nicere\u0219ti secuie\u0219ti (1764-1851)<br><\/em><br><strong>Comisia de \u00eendrumare<br><\/strong>prof. univ. dr. Enik\u0151 R\u00fcsz Fogarasi<br>conf. univ. dr. M\u00e1ria Lupescu Mak\u00f3<br>conf. univ. dr. Nagy R\u00f3bert<\/p>\n\n\n\n<p style=\"color:#006851\" class=\"has-text-color\"><strong>Hotca Ovidiu Mihai<br>Coordonator: prof. univ. dr. Ovidiu GHITTA<\/strong><\/p>\n\n\n\n<p class=\"has-small-font-size\"><strong>Titlul tezei<br><\/strong><em>Tragicele evenimente ale celui de-al doilea r\u0103zboi mondial \u00een memoria colectiv\u0103 din \u021aara Oa\u0219ului<br><\/em><br><strong>Comisia de \u00eendrumare<br><\/strong>prof. univ. dr. Toader Nicoar\u0103<br>prof. univ. dr. Ioan Marius Bucur<br>conf. univ. dr. Ionu\u021b Costea<\/p>\n\n\n\n<p style=\"color:#006851\" class=\"has-text-color\"><strong>Izs\u00e1n Csaba<br>Coordonator: prof. univ. dr. R\u00dcSZ-FOGARASI Enik\u0151<\/strong><\/p>\n\n\n\n<p class=\"has-small-font-size\"><strong>Titlul tezei<br><\/strong><em>Rolul breslelor \u00een defensiva ora\u0219elor transilvane \u00een epoca premodern\u0103<br><\/em><br><strong>Comisia de \u00eendrumare<br><\/strong>prof. univ. dr. Judit P\u00e1l<br>conf. univ. dr. M\u00e1ria Lupescu Mak\u00f3<br>conf. univ. dr. Nagy R\u00f3bert<\/p>\n\n\n\n<p style=\"color:#006851\" class=\"has-text-color\"><strong>K\u00e1das Zolt\u00e1n<br>Coordonator: conf. univ. dr. MOLN\u00c1R-KOV\u00c1CS Zsolt<\/strong><br><\/p>\n\n\n\n<p class=\"has-small-font-size\"><strong>Titlul tezei<br><\/strong><em>Complexitate \u0219i regionalitate \u00een cadrul culturii Tiszapolg\u00e1r din Nord-Vestul Rom\u00e2niei<br><\/em><br><strong>Comisia de \u00eendrumare<br><\/strong>prof. univ. dr. Florin Dra\u0219ovean<br>Istv\u00e1n Bajusz<br>prof. univ. dr. Enik\u0151 R\u00fcsz Fogarasi<\/p>\n\n\n\n<p style=\"color:#006851\" class=\"has-text-color\"><strong>Laz\u0103r Attila<br>Coordonator: prof. univ. dr. Marcela S\u0102L\u0102GEAN<\/strong><\/p>\n\n\n\n<p class=\"has-small-font-size\"><strong>Titlul tezei<br><\/strong><br><br><strong>Comisia de \u00eendrumare<\/strong><br>prof. univ. dr. Ioan-Marius Bucur<br>lect. dr. Mihai Alexandrescu<br>lect. dr. Mihai Croitor<\/p>\n\n\n\n<p style=\"color:#006851\" class=\"has-text-color\"><strong>Maranda Ionu\u021b-Alexandru<br>Coordonator: prof. univ. dr. Doru RADOSAV<\/strong><\/p>\n\n\n\n<p class=\"has-small-font-size\"><strong>Titlul tezei<br><\/strong><em>Opresiune \u0219i supravie\u021buire \u00eentre istorie \u0219i memorie \u00een spa\u021biul penitenciar comunist<br><\/em><br><strong>Comisia de \u00eendrumare<br><\/strong>C.\u0218. III dr. Lavinia Costea (Stan)<br>conf. univ. dr. Ionu\u021b Costea<br>conf. univ. dr. Valentin Orga<\/p>\n\n\n\n<p style=\"color:#006851\" class=\"has-text-color\"><strong>Moldovan George-Paul<br>Coordonator: prof. univ. dr. Ovidiu GHITTA<\/strong><br><\/p>\n\n\n\n<p class=\"has-small-font-size\"><strong>Titlul tezei<br><\/strong><em>Patrimoniu funciar, statut social, ocupa\u021bii \u0219i onomastica locuitorilor din \u021aara Oa\u0219ului \u00een veacul al XVIII-lea<br><\/em><br><strong> Comisia de \u00eendrumare<br><\/strong>prof. univ. dr. Toader Nicoar\u0103<br>prof. univ. dr. Greta Miron<br>conf. univ. dr. Ionu\u021b Costea <\/p>\n\n\n\n<p style=\"color:#006851\" class=\"has-text-color\"><strong>Munteanu Bogdan Constantin<br>Coordonator: prof. univ. dr. Sorin MITU<\/strong><br><\/p>\n\n\n\n<p class=\"has-small-font-size\"><strong>Titlul tezei<br><\/strong><em>Problema limbii \u00een Transilvania (1780 &#8211; 1848)<br><\/em><br><strong>Comisia de \u00eendrumare<br><\/strong>conf. univ. dr. Constantin B\u0103rbulescu<br>conf. univ. dr. Ion C\u00e2rja<br>lect. dr. Vlad Popovici<\/p>\n\n\n\n<p style=\"color:#006851\" class=\"has-text-color\"><strong>Nogyi Edmond<br>Coordonator: prof. univ. dr. Gelu FLOREA<\/strong><br><\/p>\n\n\n\n<p class=\"has-small-font-size\"><strong>Titlul tezei<br><\/strong><em>Re\u021beaua de comunit\u0103\u021bi locale din Mun\u021bii Or\u0103\u0219tiei \u00eentre secolele 1 i Hr &#8211; 1 d. Hr.<br><\/em><br><strong>Comisia de \u00eendrumare<br><\/strong>conf. univ. dr. Florin Fodorean<br>prof. univ. dr. Sorin Nemeti<br>lect. dr. Liliana Suciu-Mateescu<\/p>\n\n\n\n<p style=\"color:#006851\" class=\"has-text-color\"><strong>P\u0103curar (c\u0103s. Bardan) Cristina<br>Coordonator: prof. univ. dr. Toader NICOAR\u0102<\/strong><\/p>\n\n\n\n<p class=\"has-small-font-size\"><strong>Titlul tezei<br><\/strong><em>Despre alimenta\u021bie \u0219i cultura alimenta\u021bional\u0103. Op\u021biuni, gusturi \u0219i atitudini \u00een gastronomia rom\u00e2neasc\u0103 din Principatele Rom\u00e2ne \u00een secolul XIX<\/em><br><br><strong>Comisia de \u00eendrumare<br><\/strong>prof. univ. dr. Marcela S\u0103l\u0103gean<br>prof. univ. dr. Ovidiu Ghitta<br>conf. univ. dr. Constantin B\u0103rbulescu<\/p>\n\n\n\n<p style=\"color:#006851\" class=\"has-text-color\"><strong>P\u00e1pai Ureczkyn\u00e9 Emese<br>Coordonator: profesor emerit dr. G\u00e1bor SIPOS<\/strong><br><\/p>\n\n\n\n<p class=\"has-small-font-size\"><strong>Titlul tezei<br><\/strong><em>Problemele actuale ale artei aplicate maghiare \u00eentre cele dou\u0103 r\u0103zboaie mondiale, \u00een lumina vie\u021bii \u0219i activit\u0103\u021bii artistului decorator Schima A. Bandi<\/em><br><br><strong>Comisia de \u00eendrumare<br><\/strong>prof. univ. dr.  P\u00e1l Judit <br>prof. univ. dr. R\u00fcsz-Fogarasi  Enik\u0151 <br>conf. univ. dr. Nagy R\u00f3bert<\/p>\n\n\n\n<p style=\"color:#006851\" class=\"has-text-color\"><strong>Pop Ioan-Adrian<br>Coordonator: prof. univ. dr. Toader NICOAR\u0102<\/strong><br><\/p>\n\n\n\n<p class=\"has-small-font-size\"><strong>Titlul tezei<\/strong><br><em>Istorie, Progres si Utopie. Anchet\u0103 asupra ideii de progres \u00een con\u0219tiin\u021ba european<br><\/em><br><strong>Comisia de \u00eendrumare<br><\/strong>prof. univ. dr. Marcela S\u0103l\u0103gean<br>prof. univ. dr. Ovidiu Ghitta<br>conf. univ. dr. Constantin B\u0103rbulescu <\/p>\n\n\n\n<p style=\"color:#006851\" class=\"has-text-color\"><strong>Pusta Ciprian<br>Coordonator: prof. univ. dr. Toader NICOAR\u0102<\/strong><\/p>\n\n\n\n<p class=\"has-small-font-size\"><strong>Titlul tezei<br><\/strong><em>Sub semnul Armisti\u021biului: jude\u021bul Satu Mare \u00een perioada 1945-1950<br><\/em><br><strong>Comisia de \u00eendrumare<br><\/strong>prof. univ. dr. Marcela S\u0103l\u0103gean<br>prof. univ. dr. Ovidiu Ghitta<br>conf. univ. dr. Constantin B\u0103rbulescu<\/p>\n\n\n\n<p style=\"color:#006851\" class=\"has-text-color\"><strong>Sala Gabriel Constantin<br>Coordonator: prof. univ. dr. Sorin MITU<\/strong><\/p>\n\n\n\n<p class=\"has-small-font-size\"><strong>Titlul tezei<br><\/strong><em>Galeriile de fotbal rom\u00e2ne\u0219ti<br><\/em><br><strong>Comisia de \u00eendrumare<br><\/strong>conf. univ. dr. Constantin B\u0103rbulescu<br>conf. univ. dr. Ion C\u00e2rja<br>lect. dr. Lucian Turcu<\/p>\n\n\n\n<p style=\"color:#006851\" class=\"has-text-color\"><strong>Silverio  Enrico<br>Coordonator: prof. univ. dr. Mihai B\u0102RBULESCU<\/strong><\/p>\n\n\n\n<p class=\"has-small-font-size\"><strong>Titlul tezei<br><\/strong><em>La sicurezza nell&#8217;Impero romano tra Roma e Costantinopoli nella tarda antichit\u00e0\/Securitatea \u00een Imperiul Roman \u00eentre Roma \u0219i Constantinopol \u00een antichitatea t\u00e2rzie<\/em><br><br><strong>Comisia de \u00eendrumare<br><\/strong>profesor emerit dr. Radu Ardevan<br>conf. univ. dr. Florin Fodorean<br>prof. univ. dr. Sorin Nemeti<\/p>\n\n\n\n<p style=\"color:#006851\" class=\"has-text-color\"><strong>Soare Vasile<br>Coordonator: prof. univ. dr. Tasin GEMIL<\/strong><\/p>\n\n\n\n<p class=\"has-small-font-size\"><strong>Titlul tezei<br><\/strong><em>Asia central\u0103 \u2013 evolu\u021bie istoric\u0103 \u0219i importan\u021b\u0103 geostrategic\u0103<br><\/em><br><strong>Comisia de \u00eendrumare<br><\/strong>C\u0103lin Felezeu <br>prof. univ. dr. Ovidiu Ghitta <br>prof. univ. dr. Ioan-Marius Bucur<\/p>\n\n\n\n<p style=\"color:#006851\" class=\"has-text-color\"><strong>Szak\u00e1cs  Erich Noris<br>Coordonator: conf. univ. dr. \u0218erban TURCU\u0218<\/strong><\/p>\n\n\n\n<p class=\"has-small-font-size\"><strong>Titlul tezei<br><\/strong><em>Transilvania \u0219i cruciadele \u00een secolul al XVI-lea<br><\/em><br><strong>Comisia de \u00eendrumare<br><\/strong>prof. univ. dr. Toader Nicoar\u0103<br>prof. univ. dr. Marcela S\u0103l\u0103gean<br>prof. univ. dr. Sorin Mitu<\/p>\n\n\n\n<p style=\"color:#006851\" class=\"has-text-color\"><strong>Tecar Tiberiu Ioan<br>Coordonator: prof. univ. dr. Florin DRA\u0218OVEAN<\/strong><\/p>\n\n\n\n<p class=\"has-small-font-size\"><strong>Titlul tezei<br><\/strong><em>Necropole de la finalul bronzului mijlociu \u0219i de la \u00eenceputul bronzului t\u00e2rziu \u00een Transilvania. Studiu de caz: Necropola de la Flore\u0219ti &#8211; Polus\/\u0218apca Verde<\/em><br><br><strong>Comisia de \u00eendrumare<br><\/strong>profesor emerit dr. Radu Ardevan<br>prof. univ. dr. Gelu Florea<br>lect. dr. Liliana Suciu Mateescu<\/p>\n\n\n\n<p style=\"color:#006851\" class=\"has-text-color\"><strong>Trufan Marinela Veronica<br>Coordonator: prof. univ. dr. Marcela S\u0102L\u0102GEAN<\/strong><\/p>\n\n\n\n<p class=\"has-small-font-size\"><strong>Titlul tezei<br><\/strong><em>Diseminarea politicii externe rom\u00e2ne\u0219ti la nivelul opiniei publice in perioada interbelic\u0103<br><\/em><br><strong>Comisia de \u00eendrumare<br><\/strong>prof. univ. dr. Simona  Nicoar\u0103<br>lect. dr. Claudiu Marian<br>lect. dr. Mihai Alexandrescu<\/p>\n\n\n\n<p style=\"color:#006851\" class=\"has-text-color\"><strong>\u00dajv\u00e1ri Dorottya-Bogl\u00e1rka<br>Coordonator: prof. univ. dr. P\u00c1L Judit<\/strong><br><\/p>\n\n\n\n<p class=\"has-small-font-size\"><strong>Titlul tezei<br><\/strong><em>Albume de familie: reprezentare social\u0103 prin fotografii \u00een Transilvania \u00eenaintea celui de-al doilea R\u0103zboi Mondial<br><\/em><br><strong>Comisia de \u00eendrumare<br><\/strong>Vilmos Keszeg<br>Hanna Orsolya Vincze<br>lect. dr. P\u00e1l Emese <\/p>\n\n\n\n<p style=\"color:#006851\" class=\"has-text-color\"><strong>Ursu\u021b-Nicoar\u0103 Andrada-Patricia<br>Coordonator: prof. univ. dr. Simona NICOAR\u0102<\/strong><\/p>\n\n\n\n<p class=\"has-small-font-size\"><strong>Titlul tezei<br><\/strong><em>Crucea Ro\u0219ie Rom\u00e2n\u0103. Organizarea, evolu\u021bia \u0219i  activitatea<br><\/em><br><strong>Comisia de \u00eendrumare<br><\/strong>prof. univ. dr. Marcela S\u0103l\u0103gean<br>prof. univ. dr. Sorin Mitu<br>conf. univ. dr. Constantin B\u0103rbulescu<\/p>\n\n\n\n<p><br><\/p>\n","protected":false},"excerpt":{"rendered":"<p>Anul admiterii &#8211; 2017 Albornoz Castro \u00c1lvaro AlejandroCoordonator: prof. univ. dr. Sorin MITU (burs\u0103 Statul Rom\u00e2n) Titlul tezei Comisia de \u00eendrumare Alm\u0103janu CristianCoordonator: profesor emerit dr. Doru RADOSAV Titlul tezeiContribu\u021bia p\u0103rintelui Ene Brani\u0219te la istoria \u0219i teologia cultuluiComisia de \u00eendrumareprof. univ. dr. Ovidiu Ghittaconf. univ. dr. Ionu\u021b Costeaprof. univ. dr. Greta Miron Bala\u0219 Anamaria \u0218tefaniaCoordonator: &hellip; <\/p>\n<p class=\"link-more\"><a href=\"https:\/\/hiphi.ubbcluj.ro\/SD_ICC\/doctoranzi\/prelungire\/gratie-an-ii\/\" class=\"more-link\">Cite\u0219te mai multe<span class=\"screen-reader-text\">\u201eAn II &#8211; Gra\u021bie\u201d<\/span><\/a><\/p>\n","protected":false},"author":1,"featured_media":0,"parent":122,"menu_order":2,"comment_status":"closed","ping_status":"closed","template":"","meta":{"_inspiro_hide_title":false,"footnotes":""},"class_list":["post-315","page","type-page","status-publish","hentry"],"_links":{"self":[{"href":"https:\/\/hiphi.ubbcluj.ro\/SD_ICC\/wp-json\/wp\/v2\/pages\/315","targetHints":{"allow":["GET"]}}],"collection":[{"href":"https:\/\/hiphi.ubbcluj.ro\/SD_ICC\/wp-json\/wp\/v2\/pages"}],"about":[{"href":"https:\/\/hiphi.ubbcluj.ro\/SD_ICC\/wp-json\/wp\/v2\/types\/page"}],"author":[{"embeddable":true,"href":"https:\/\/hiphi.ubbcluj.ro\/SD_ICC\/wp-json\/wp\/v2\/users\/1"}],"replies":[{"embeddable":true,"href":"https:\/\/hiphi.ubbcluj.ro\/SD_ICC\/wp-json\/wp\/v2\/comments?post=315"}],"version-history":[{"count":16,"href":"https:\/\/hiphi.ubbcluj.ro\/SD_ICC\/wp-json\/wp\/v2\/pages\/315\/revisions"}],"predecessor-version":[{"id":1577,"href":"https:\/\/hiphi.ubbcluj.ro\/SD_ICC\/wp-json\/wp\/v2\/pages\/315\/revisions\/1577"}],"up":[{"embeddable":true,"href":"https:\/\/hiphi.ubbcluj.ro\/SD_ICC\/wp-json\/wp\/v2\/pages\/122"}],"wp:attachment":[{"href":"https:\/\/hiphi.ubbcluj.ro\/SD_ICC\/wp-json\/wp\/v2\/media?parent=315"}],"curies":[{"name":"wp","href":"https:\/\/api.w.org\/{rel}","templated":true}]}}