{"id":31,"date":"2021-02-25T07:50:01","date_gmt":"2021-02-25T07:50:01","guid":{"rendered":"http:\/\/hiphi.ubbcluj.ro\/SD_ICC_nou\/?page_id=31"},"modified":"2025-07-08T14:30:46","modified_gmt":"2025-07-08T14:30:46","slug":"consiliul-scolii-doctorale","status":"publish","type":"page","link":"https:\/\/hiphi.ubbcluj.ro\/SD_ICC\/structura\/consiliul-scolii-doctorale\/","title":{"rendered":"Consiliul \u0218colii Doctorale"},"content":{"rendered":"\n<p><strong>DIRECTOR<\/strong><br>prof. univ. dr. Gelu Aurel FLOREA<br><br><strong>CORP PROFESORAL<\/strong><br>prof. univ. dr. R\u00dcSZ-FOGARASI Enik\u0151<br>prof. univ. dr. Maria CR\u0102CIUN<br><br><strong>MEMBRI EXTERNI<\/strong><br>prof. univ. dr. Alexander BAUMGARTEN<br><br><strong>REPREZENTANT DOCTORANZI<\/strong><br>Daniel GLIGAN<br><br><strong>SECRETAR \u0218TIIN\u021aIFIC<\/strong><br>dr. Gheorghe NEGUSTOR<\/p>\n","protected":false},"excerpt":{"rendered":"<p>DIRECTORprof. univ. dr. Gelu Aurel FLOREA CORP PROFESORALprof. univ. dr. R\u00dcSZ-FOGARASI Enik\u0151prof. univ. dr. Maria CR\u0102CIUN MEMBRI EXTERNIprof. univ. dr. Alexander BAUMGARTEN REPREZENTANT DOCTORANZIDaniel GLIGAN SECRETAR \u0218TIIN\u021aIFICdr. Gheorghe NEGUSTOR<\/p>\n","protected":false},"author":1,"featured_media":0,"parent":10,"menu_order":1,"comment_status":"closed","ping_status":"closed","template":"","meta":{"_inspiro_hide_title":false,"footnotes":""},"class_list":["post-31","page","type-page","status-publish","hentry"],"_links":{"self":[{"href":"https:\/\/hiphi.ubbcluj.ro\/SD_ICC\/wp-json\/wp\/v2\/pages\/31","targetHints":{"allow":["GET"]}}],"collection":[{"href":"https:\/\/hiphi.ubbcluj.ro\/SD_ICC\/wp-json\/wp\/v2\/pages"}],"about":[{"href":"https:\/\/hiphi.ubbcluj.ro\/SD_ICC\/wp-json\/wp\/v2\/types\/page"}],"author":[{"embeddable":true,"href":"https:\/\/hiphi.ubbcluj.ro\/SD_ICC\/wp-json\/wp\/v2\/users\/1"}],"replies":[{"embeddable":true,"href":"https:\/\/hiphi.ubbcluj.ro\/SD_ICC\/wp-json\/wp\/v2\/comments?post=31"}],"version-history":[{"count":8,"href":"https:\/\/hiphi.ubbcluj.ro\/SD_ICC\/wp-json\/wp\/v2\/pages\/31\/revisions"}],"predecessor-version":[{"id":2270,"href":"https:\/\/hiphi.ubbcluj.ro\/SD_ICC\/wp-json\/wp\/v2\/pages\/31\/revisions\/2270"}],"up":[{"embeddable":true,"href":"https:\/\/hiphi.ubbcluj.ro\/SD_ICC\/wp-json\/wp\/v2\/pages\/10"}],"wp:attachment":[{"href":"https:\/\/hiphi.ubbcluj.ro\/SD_ICC\/wp-json\/wp\/v2\/media?parent=31"}],"curies":[{"name":"wp","href":"https:\/\/api.w.org\/{rel}","templated":true}]}}