{"id":2363,"date":"2026-02-20T17:51:05","date_gmt":"2026-02-20T17:51:05","guid":{"rendered":"https:\/\/hiphi.ubbcluj.ro\/SD_ICC\/?page_id=2363"},"modified":"2026-02-20T17:51:05","modified_gmt":"2026-02-20T17:51:05","slug":"anul-3","status":"publish","type":"page","link":"https:\/\/hiphi.ubbcluj.ro\/SD_ICC\/anul-3\/","title":{"rendered":"ANUL 3"},"content":{"rendered":"\n<p><strong>ANUL III<\/strong><\/p>\n\n\n\n<p><strong>&#8211;&#8211;&#8211;&#8211;&#8211;&#8211;<\/strong><\/p>\n\n\n\n<p><strong>Angyus Diana<\/strong><strong><br><\/strong><strong>Coordonator: conf. univ. dr. Florin-Gheorghe FODOREAN<\/strong><\/p>\n\n\n\n<p>Titlul tezei<br>Locuirea roman\u0103 t\u00e2rzie pe valea Mure\u0219ului. Studiu de caz: Situl 4 \u2013 S\u00e2ngeorgiu de Mure\u0219<\/p>\n\n\n\n<p>Comisia de \u00eendrumare<br>prof. univ. dr. Radu Ardevan<br>prof. univ. dr. Sorin Nemeti<br>conf. univ. dr. Eduard-Marius N\u00e9meth<\/p>\n\n\n\n<p><strong>Bartos-Elekes Imre<\/strong><strong><br><\/strong><strong>Coordonator: prof. univ. dr. Judit P\u00c1L<\/strong><\/p>\n\n\n\n<p>Titlul tezei<\/p>\n\n\n\n<p>Comisia de \u00eendrumare<br>lect. univ. dr. J\u00e1nos Fodor<br>prof. univ. dr. Gavril Sipos<br>lect. univ. dr. Emese P\u00e1l<\/p>\n\n\n\n<p><strong>Bejinaru Silviu Caius<\/strong><strong><br><\/strong><strong>Coordonator: prof. univ. dr. Toader NICOAR\u0102<\/strong><\/p>\n\n\n\n<p>Titlul tezei<\/p>\n\n\n\n<p>Comisia de \u00eendrumare<br>prof. univ. dr. Constantin B\u0103rbulescu<br>prof. univ. dr. Sorin Mitu<br>prof. univ. dr. Ovidiu-Augustin Ghitta<\/p>\n\n\n\n<p><strong>Bil\u021b Cosmin<\/strong><strong><br><\/strong><strong>Coordonator: prof. univ. dr. Constantin B\u0102RBULESCU<\/strong><\/p>\n\n\n\n<p>Titlul tezei<br>Imaginea \u021b\u0103ranului \u0219i a lumii rurale \u00een Maramure\u0219ul interbelic<\/p>\n\n\n\n<p>Comisia de \u00eendrumare<br>prof. univ. dr. Sorin Mitu<br>conf. univ. dr. Ion C\u00e2rja<br>conf. univ. dr. Vlad Vasile Popovici<\/p>\n\n\n\n<p><strong>Ciubotaru Nica<\/strong><strong><br><\/strong><strong>Coordonator: prof. univ. dr. Aurel-Gelu FLOREA<\/strong><\/p>\n\n\n\n<p>Titlul tezei<br>Depozitele de obiecte din fier din Mun\u021bii Or\u0103\u0219tiei. Studiu de caz: Terasa a VIII-a<\/p>\n\n\n\n<p>Comisia de \u00eendrumare<br>prof. univ. dr. Florin Gog\u00e2ltan<br>lect. univ. dr. Liliana-Daniela Mateescu-Suciu<br>lect. univ. dr. Silvia Musta\u021b\u0103<\/p>\n\n\n\n<p><strong>Cr\u0103ciun Alina-Maria<\/strong><strong><br><\/strong><strong>Coordonator: prof. univ. dr. Ovidiu-Augustin GHITTA<\/strong><\/p>\n\n\n\n<p>Titlul tezei<br>Diploma\u021bie, r\u0103zboi \u0219i politici confesionale \u00een timpul lui Mihai Viteazul<\/p>\n\n\n\n<p>Comisia de \u00eendrumare<br>prof. univ. dr. Greta-Monica Miron<br>conf. univ. dr. Ionu\u021b Virgil Costea<br>conf. univ. dr. Radu-Cristian Marza<\/p>\n\n\n\n<p><strong>Cuble\u0219an Claudiu-Lucian<\/strong><strong><br><\/strong><strong>Coordonator: prof. univ. dr. Constantin B\u0102RBULESCU<\/strong><\/p>\n\n\n\n<p>Titlul tezei<br>Ritualuri de ini\u021biere \u0219i de fertilitate din zona Cluj-Bistri\u021ba-N\u0103s\u0103ud. O cercetare am\u0103nun\u021bit\u0103 a obiceiurilor \u201e\u00cemp\u0103natul Boului\u201d \u0219i \u201eP\u0103p\u0103lug\u0103ra\u201d, \u00eenc\u0103 puse \u00een practic\u0103 \u00een aceast\u0103 zon\u0103<\/p>\n\n\n\n<p>Comisia de \u00eendrumare<br>prof. univ. dr. Sorin Mitu<br>conf. univ. dr. Ion C\u00e2rja<br>conf. univ. dr. Vlad Vasile Popovici<\/p>\n\n\n\n<p><strong>D\u00e9nes J\u00f3zsef<\/strong><strong><br><\/strong><strong>Coordonator: prof. univ. dr. Enik\u0151 R\u00dcSZ-FOGARASI<\/strong><\/p>\n\n\n\n<p>Titlul tezei<br>Domeniul feudal Br\u00e2ncovene\u0219ti \u00een secolele XVII\u2013XVIII<\/p>\n\n\n\n<p>Comisia de \u00eendrumare<br>conf. univ. dr. Andrea Feh\u00e9r<br>lect. univ. dr. Kl\u00e1ra P\u00e1k\u00f3<br>lect. univ. dr. Csaba Izs\u00e1n<\/p>\n\n\n\n<p><strong>Fechete-Porsztner Kitti<\/strong><strong><br><\/strong><strong>Coordonator: conf. univ. dr. Zsolt MOLN\u00c1R-KOV\u00c1CS<\/strong><\/p>\n\n\n\n<p>Titlul tezei<br>Structura a\u0219ez\u0103rii medievale timpurii \u0219i sistemul de a\u0219ez\u0103ri \u00een cursul inferior al r\u00e2ului Cri\u0219ul Repede<\/p>\n\n\n\n<p>Comisia de \u00eendrumare<br>prof. univ. dr. Enik\u0151 R\u00fcsz-Fogarasi<br>C.\u0218. I dr. Ioan Stanciu<br>lect. univ. dr. David-Timotei Petru\u021b<\/p>\n\n\n\n<p><strong>G\u0103d\u0103lean S\u00e2nziana<\/strong><strong><br><\/strong><strong>Coordonator: prof. univ. dr. Maria-Silvia CR\u0102CIUN<\/strong><\/p>\n\n\n\n<p>Titlul tezei<br>In the eye of the beholder. The artist\u2019s gaze and representations of otherness in Romanian art during the second half of the modern period<\/p>\n\n\n\n<p>Comisia de \u00eendrumare<br>prof. univ. dr. Sorin Mitu<br>prof. univ. dr. Anca Oroveanu<br>prof. univ. dr. Constan\u021ba Vintil\u0103<\/p>\n\n\n\n<p><strong>Gog Mihai<\/strong><strong><br><\/strong><strong>Coordonator: conf. univ. dr. Adinel-Ciprian D\u00ceNC\u0102<\/strong><\/p>\n\n\n\n<p>Titlul tezei<br>Educa\u021bia \u0219colar\u0103 \u00een Bistri\u021ba secolelor XVI\u2013XVII<\/p>\n\n\n\n<p>Comisia de \u00eendrumare<br>prof. univ. dr. \u0218erban Turcu\u0219<br>conf. univ. dr. Ionu\u021b Virgil Costea<br>conf. univ. dr. Cosmin Popa-Gorjanu<\/p>\n\n\n\n<p><strong>Gotsman Annabella<\/strong><strong><br><\/strong><strong>Coordonator: conf. univ. dr. Eduard-Marius NEMETH<\/strong><\/p>\n\n\n\n<p>Titlul tezei<\/p>\n\n\n\n<p>Comisia de \u00eendrumare<br>prof. univ. dr. Sorin Nemeti<br>conf. univ. dr. Florin-Gheorghe Fodorean<br>lect. univ. dr. David-Timotei Petru\u021b<\/p>\n\n\n\n<p><strong>Ianc Drago\u0219-Dumitru<\/strong><strong><br><\/strong><strong>Coordonator: prof. univ. dr. Sorin MITU<\/strong><\/p>\n\n\n\n<p>Titlul tezei<br>Elita militar\u0103 a Transilvaniei la mijlocul secolului al XIX-lea: \u00centre Kaisertreue \u0219i Landesverrat<\/p>\n\n\n\n<p>Comisia de \u00eendrumare<br>prof. univ. dr. Constantin B\u0103rbulescu<br>lect. univ. dr. Lucian-Dorel Turcu<br>conf. univ. dr. Vlad Vasile Popovici<\/p>\n\n\n\n<p><strong>Jank\u00f3 (Chevul) Magdolna-T\u00fcnde<\/strong><strong><br><\/strong><strong>Coordonator: prof. univ. dr. Enik\u0151 R\u00dcSZ-FOGARASI<\/strong><\/p>\n\n\n\n<p>Titlul tezei<br>Aplica\u021bii ale socotelii \u00een publica\u021biile de aritmetic\u0103 din secolele XVI\u2013XVIII \u00een Transilvania<\/p>\n\n\n\n<p>Comisia de \u00eendrumare<br>prof. univ. dr. Gavril Sipos<br>conf. univ. dr. Robert-Miklos Nagy<br>lect. univ. dr. Csaba Izs\u00e1n<\/p>\n\n\n\n<p><strong>Lolici Diana-Raisa-Laura<\/strong><strong><br><\/strong><strong>Coordonator: prof. univ. dr. Maria-Silvia CR\u0102CIUN<\/strong><\/p>\n\n\n\n<p>Titlul tezei<br>De la alei secundare spre centru: ascensiunea culturii artei stradale \u00een Rom\u00e2nia postcomunist\u0103<\/p>\n\n\n\n<p>Comisia de \u00eendrumare<br>conf. univ. dr. Horea Avram<br>conf. univ. dr. \u0218tefan Ghenciulescu<br>lect. univ. dr. Voica Pu\u0219ca\u0219iu<\/p>\n\n\n\n<p><strong>L\u0151rincz Ildik\u00f3<\/strong><strong><br><\/strong><strong>Coordonator: prof. univ. dr. Judit P\u00c1L<\/strong><\/p>\n\n\n\n<p>Titlul tezei<br>Unul dintre creatorii mediului artei plastice al ora\u0219ului Odorheiu Secuiesc: Maszelka J\u00e1nos<\/p>\n\n\n\n<p>Comisia de \u00eendrumare<br>lect. univ. dr. Zsolt Kov\u00e1cs<br>lect. univ. dr. Emese P\u00e1l<br>lect. univ. dr. J\u00e1nos Fodor<\/p>\n\n\n\n<p><strong>Mantovani Luca<\/strong><strong><br><\/strong><strong>Coordonator: prof. univ. dr. Radu ARDEVAN<\/strong><\/p>\n\n\n\n<p>Titlul tezei<\/p>\n\n\n\n<p>Comisia de \u00eendrumare<br>prof. univ. dr. Sorin Nemeti<br>conf. univ. dr. Florin-Gheorghe Fodorean<br>conf. univ. dr. Eduard-Marius Nemeth<\/p>\n\n\n\n<p><strong>M\u0103rie\u0219 Alexandru-Mihai<\/strong><strong><br><\/strong><strong>Coordonator: prof. univ. dr. \u0218erban TURCU\u0218<\/strong><\/p>\n\n\n\n<p>Titlul tezei<br>De la Kolozsv\u00e1r la Cluj-Napoca. Toponimie clujean\u0103 \u0219i politic\u0103 \u00een ultimul veac<\/p>\n\n\n\n<p>Comisia de \u00eendrumare<br>prof. univ. dr. Constantin B\u0103rbulescu<br>prof. univ. dr. Toader Nicoar\u0103<br>prof. univ. dr. Marcela S\u0103l\u0103gean<\/p>\n\n\n\n<p><strong>M\u0103rincean Andrei<\/strong><strong><br><\/strong><strong>Coordonator: prof. univ. dr. Florin GOG\u00c2LTAN<\/strong><\/p>\n\n\n\n<p>Titlul tezei<br>Anthropic Mounds of Arad County<\/p>\n\n\n\n<p>Comisia de \u00eendrumare<br>prof. univ. dr. Aurel-Gelu Florea<br>conf. univ. dr. Zsolt Moln\u00e1r-Kov\u00e1cs<br>lect. univ. dr. Liliana-Daniela Mateescu-Suciu<\/p>\n\n\n\n<p><strong>Moldovan Angelica Alexandra<\/strong><strong><br><\/strong><strong>Coordonator: conf. univ. dr. Florin-Gheorghe FODOREAN<\/strong><\/p>\n\n\n\n<p>Titlul tezei<br>Ceramica din castrul roman de la Orheiu-Bistri\u021bei<\/p>\n\n\n\n<p>Comisia de \u00eendrumare<br>prof. univ. dr. Radu Ardevan<br>prof. univ. dr. Sorin Nemeti<br>conf. univ. dr. Eduard-Marius N\u00c9METH<\/p>\n\n\n\n<p><strong>Murgu Vl\u0103du\u021b-Mihai<\/strong><strong><br><\/strong><strong>Coordonator: prof. univ. dr. Florin GOG\u00c2LTAN<\/strong><\/p>\n\n\n\n<p>Titlul tezei<br>Cercet\u0103ri non-invazive \u00een siturile epocii bronzului din Bazinul Mure\u0219ului de Jos<\/p>\n\n\n\n<p>Comisia de \u00eendrumare<br>prof. univ. dr. Aurel-Gelu Florea<br>conf. univ. dr. Zsolt Moln\u00e1r-Kov\u00e1cs<br>lect. univ. dr. Liliana-Daniela Mateescu-Suciu<\/p>\n\n\n\n<p><strong>Negril\u0103 Alexandra<\/strong><strong><br><\/strong><strong>Coordonator: prof. univ. dr. Constantin B\u0102RBULESCU<\/strong><\/p>\n\n\n\n<p>Titlul tezei<\/p>\n\n\n\n<p>Comisia de \u00eendrumare<br>prof. univ. dr. Sorin Mitu<br>conf. univ. dr. Vlad Vasile Popovici<br>conf. univ. dr. Ion C\u00e2rja<\/p>\n\n\n\n<p><strong>Pohaidac Melania<\/strong><strong><br><\/strong><strong>Coordonator: prof. univ. dr. Aurel-Gelu FLOREA<\/strong><\/p>\n\n\n\n<p>Titlul tezei<br>Depresiunea Maramure\u0219ului \u00een peisajul secolelor IV a. Chr. \u2013 I p. Chr.<\/p>\n\n\n\n<p>Comisia de \u00eendrumare<br>prof. univ. dr. Florin Gog\u00e2ltan<br>lect. univ. dr. Liliana-Daniela Mateescu-Suciu<br>lect. univ. dr. Silvia Musta\u021b\u0103<\/p>\n\n\n\n<p><strong>Preda Lumini\u021ba-Alexandra<\/strong><strong><br><\/strong><strong>Coordonator: prof. univ. dr. Sorin NEMETI<\/strong><\/p>\n\n\n\n<p>Titlul tezei<br>Portul feminin \u00een cultura material\u0103 asociat\u0103 gepizilor \u2013 de la jum\u0103tatea sec. V e.n. la \u00eenceputul sec. VII e.n.<\/p>\n\n\n\n<p>Comisia de \u00eendrumare<br>prof. univ. dr. Aurel-Gelu Florea<br>C.\u0218. I dr. Ioan Stanciu<br>conf. univ. dr. Florin-Gheorghe Fodorean<\/p>\n\n\n\n<p><strong>R\u0103duic\u0103 Bogdan-Andrei<\/strong><strong><br><\/strong><strong>Coordonator: prof. univ. dr. \u0218erban TURCU\u0218<\/strong><\/p>\n\n\n\n<p>Titlul tezei<\/p>\n\n\n\n<p>Comisia de \u00eendrumare<br>prof. univ. dr. Constantin B\u0103rbulescu<br>prof. univ. dr. Toader Nicoar\u0103<br>prof. univ. dr. Marcela S\u0103l\u0103gean<\/p>\n\n\n\n<p><strong>Ro\u0219u Radu-Vasile<\/strong><strong><br><\/strong><strong>Coordonator: prof. univ. dr. Ovidiu-Augustin GHITTA<\/strong><\/p>\n\n\n\n<p>Titlul tezei<br>Liviu L\u0103z\u0103rescu, o experien\u021b\u0103 artistic\u0103 \u00eentre constr\u00e2ngere \u0219i libertate. Un studiu istorico-biografic<\/p>\n\n\n\n<p>Comisia de \u00eendrumare<br>prof. univ. dr. Maria-Silvia Cr\u0103ciun<br>prof. univ. dr. Greta-Monica Miron<br>conf. univ. dr. Radu-Cristian Marza<\/p>\n\n\n\n<p><strong>\u0218te\u021bco (c\u0103s. Ardelean) Patricia-Alexandra<\/strong><strong><br><\/strong><strong>Coordonator: prof. univ. dr. Greta-Monica MIRON<\/strong><\/p>\n\n\n\n<p>Titlul tezei<br>Fenomenul artistic clujean. Genera\u021bia Plan B \u2013 dimensiunea neofigurativ\u0103. \u0218erban Savu, Adrian Ghenie, Victor Man<\/p>\n\n\n\n<p>Comisia de \u00eendrumare<br>prof. univ. dr. Maria-Silvia Cr\u0103ciun<br>prof. univ. dr. Ovidiu-Augustin Ghitta<br>lect. univ. dr. Voica Pu\u0219ca\u0219iu<\/p>\n\n\n\n<p><strong>T\u0103tar Paul-Andrei<\/strong><strong><br><\/strong><strong>Coordonator: prof. univ. dr. Sorin NEMETI<\/strong><\/p>\n\n\n\n<p>Titlul tezei<\/p>\n\n\n\n<p>Comisia de \u00eendrumare<br>prof. univ. dr. Radu Ardevan<br>conf. univ. dr. Florin-Gheorghe Fodorean<br>conf. univ. dr. Eduard-Marius Nemeth<\/p>\n\n\n\n<p><strong>Terhe\u0219 Cristian<\/strong><strong><br><\/strong><strong>Coordonator: prof. univ. dr. Toader NICOAR\u0102<\/strong><\/p>\n\n\n\n<p>Titlul tezei<\/p>\n\n\n\n<p>Comisia de \u00eendrumare<br>prof. univ. dr. Constantin B\u0103rbulescu<br>prof. univ. dr. Sorin Mitu<br>prof. univ. dr. \u0218erban Turcu\u0219<\/p>\n\n\n\n<p><strong>Urea Tudor<\/strong><strong><br><\/strong><strong>Coordonator: conf. univ. dr. Eduard-Marius N\u00c9METH<\/strong><\/p>\n\n\n\n<p>Titlul tezei<br>Arme defensive romane \u00een provinciile dun\u0103rene \u00eentre secolele I\u2013III d.Chr.<\/p>\n\n\n\n<p>Comisia de \u00eendrumare<br>prof. univ. dr. Sorin Nemeti<br>conf. univ. dr. Florin-Gheorghe Fodorean<br>lect. univ. dr. David-Timotei Petru\u021b<\/p>\n\n\n\n<p><strong>Zan Antonia<\/strong><strong><br><\/strong><strong>Coordonator: prof. univ. dr. Judit P\u00c1L<\/strong><\/p>\n\n\n\n<p>Titlul tezei<br>Intimitate \u0219i identitate \u00een jurnalele contelui Lajos Gyulay<\/p>\n\n\n\n<p>Comisia de \u00eendrumare<br>conf. univ. dr. Robert-Miklos Nagy<br>lect. univ. dr. Emese P\u00e1l<br>lect. univ. dr. J\u00e1nos Fodor<\/p>\n","protected":false},"excerpt":{"rendered":"<p>ANUL III &#8211;&#8211;&#8211;&#8211;&#8211;&#8211; Angyus DianaCoordonator: conf. univ. dr. Florin-Gheorghe FODOREAN Titlul tezeiLocuirea roman\u0103 t\u00e2rzie pe valea Mure\u0219ului. Studiu de caz: Situl 4 \u2013 S\u00e2ngeorgiu de Mure\u0219 Comisia de \u00eendrumareprof. univ. dr. Radu Ardevanprof. univ. dr. Sorin Nemeticonf. univ. dr. Eduard-Marius N\u00e9meth Bartos-Elekes ImreCoordonator: prof. univ. dr. Judit P\u00c1L Titlul tezei Comisia de \u00eendrumarelect. univ. dr. &hellip; <\/p>\n<p class=\"link-more\"><a href=\"https:\/\/hiphi.ubbcluj.ro\/SD_ICC\/anul-3\/\" class=\"more-link\">Cite\u0219te mai multe<span class=\"screen-reader-text\">\u201eANUL 3\u201d<\/span><\/a><\/p>\n","protected":false},"author":1,"featured_media":0,"parent":0,"menu_order":0,"comment_status":"closed","ping_status":"closed","template":"","meta":{"_inspiro_hide_title":false,"footnotes":""},"class_list":["post-2363","page","type-page","status-publish","hentry"],"_links":{"self":[{"href":"https:\/\/hiphi.ubbcluj.ro\/SD_ICC\/wp-json\/wp\/v2\/pages\/2363","targetHints":{"allow":["GET"]}}],"collection":[{"href":"https:\/\/hiphi.ubbcluj.ro\/SD_ICC\/wp-json\/wp\/v2\/pages"}],"about":[{"href":"https:\/\/hiphi.ubbcluj.ro\/SD_ICC\/wp-json\/wp\/v2\/types\/page"}],"author":[{"embeddable":true,"href":"https:\/\/hiphi.ubbcluj.ro\/SD_ICC\/wp-json\/wp\/v2\/users\/1"}],"replies":[{"embeddable":true,"href":"https:\/\/hiphi.ubbcluj.ro\/SD_ICC\/wp-json\/wp\/v2\/comments?post=2363"}],"version-history":[{"count":1,"href":"https:\/\/hiphi.ubbcluj.ro\/SD_ICC\/wp-json\/wp\/v2\/pages\/2363\/revisions"}],"predecessor-version":[{"id":2364,"href":"https:\/\/hiphi.ubbcluj.ro\/SD_ICC\/wp-json\/wp\/v2\/pages\/2363\/revisions\/2364"}],"wp:attachment":[{"href":"https:\/\/hiphi.ubbcluj.ro\/SD_ICC\/wp-json\/wp\/v2\/media?parent=2363"}],"curies":[{"name":"wp","href":"https:\/\/api.w.org\/{rel}","templated":true}]}}