{"id":2360,"date":"2026-02-20T17:03:20","date_gmt":"2026-02-20T17:03:20","guid":{"rendered":"https:\/\/hiphi.ubbcluj.ro\/SD_ICC\/?page_id=2360"},"modified":"2026-02-20T17:03:20","modified_gmt":"2026-02-20T17:03:20","slug":"anul-2","status":"publish","type":"page","link":"https:\/\/hiphi.ubbcluj.ro\/SD_ICC\/anul-2\/","title":{"rendered":"ANUL 2"},"content":{"rendered":"\n<p><strong>ANUL II<\/strong><\/p>\n\n\n\n<p><strong>&#8211;&#8211;&#8211;&#8211;&#8211;<\/strong><\/p>\n\n\n\n<p><strong>Alhamd Inas<\/strong><strong><br><\/strong><strong>Coordonator: conf. univ. dr. Eduard-Marius N\u00c9METH<\/strong><\/p>\n\n\n\n<p>Titlul tezei<\/p>\n\n\n\n<p>Comisia de \u00eendrumare<br>conf. univ. dr. Ligia-Cristina Ruscu<br>conf. univ. dr. Mariana-Elena Egri<br>conf. univ. dr. Dan Ruscu<\/p>\n\n\n\n<p><strong>Alionescu Andrei<\/strong><strong><br><\/strong><strong>Coordonator: prof. univ. dr. Marcela S\u0102L\u0102GEAN<\/strong><\/p>\n\n\n\n<p>Titlul tezei<br>Patrimoniu \u0219i tranzi\u021bie. Jefuirea \u0219i traficul ilicit de artefacte arheologice din Mun\u021bii Or\u0103\u0219tiei, de la implicarea comunit\u0103\u021bii locale la marile re\u021bele interna\u021bionale.<\/p>\n\n\n\n<p>Comisia de \u00eendrumare<br>prof. univ. dr. Ottmar Tra\u0219c\u0103<br>prof. univ. dr. \u0218erban Turcu\u0219<br>conf. univ. dr. Ioan Mihai Alexandrescu<\/p>\n\n\n\n<p><strong>Ball\u00f3 Hunor<\/strong><strong><br><\/strong><strong>Coordonator: prof. univ. dr. Judit P\u00c1L<\/strong><\/p>\n\n\n\n<p>Titlul tezei<br>Ac\u021biuni colective \u0219i violen\u021b\u0103 politic\u0103 \u00een Transilvania din epoca dualismului (1867\u20131918)<\/p>\n\n\n\n<p>Comisia de \u00eendrumare<br>conf. univ. dr. Andrea Feh\u00e9r<br>prof. univ. dr. Gavril Sipos<br>prof. univ. dr. Attila Gid\u00f3<\/p>\n\n\n\n<p><strong>Bejan Laura-Amalia<\/strong><br><strong>Coordonator: prof. univ. dr. Sorin MITU<\/strong><\/p>\n\n\n\n<p>Titlul tezei<\/p>\n\n\n\n<p>Comisia de \u00eendrumare<br>Lector Barbulescu Elena<br>Conferen\u021biar dr. Popovici Vlad Vasile<br>Conferen\u021biar dr. Carja Ion<\/p>\n\n\n\n<p><strong>Ben\u0151 (c\u0103s. Simon) Eszter N\u00f3ra<\/strong><strong><br><\/strong><strong>Coordonator: prof. univ. dr. Judit P\u00c1L<\/strong><\/p>\n\n\n\n<p>Titlul tezei<br>Istoria vestimenta\u021biei de fete \u00een Ungaria din perioada dualismului<\/p>\n\n\n\n<p>Comisia de \u00eendrumare<br>lect. univ. dr. Zsolt Kov\u00e1cs<br>prof. univ. dr. Attila Gid\u00f3<br>lect. univ. dr. Emese P\u00e1l<\/p>\n\n\n\n<p><strong>Bertea Sofia<\/strong><strong><br><\/strong><strong>Coordonator: prof. univ. dr. Florin GOG\u00c2LTAN<\/strong><\/p>\n\n\n\n<p>Titlul tezei<br>Cronologia intern\u0103 a a\u0219ez\u0103rii de Epoca Bronzului de la \u0218agu \u2013 Sit A1_1 (jud. Arad) prin prisma analizei multivariate a ceramicii<\/p>\n\n\n\n<p>Comisia de \u00eendrumare<br>prof. univ. dr. Aurel-Gelu Florea<br>lect. univ. dr. Liliana-Daniela Mateescu-Suciu<br>conf. univ. dr. Vlad-Andrei L\u0103z\u0103rescu<\/p>\n\n\n\n<p><strong>Be\u021ba Neculai<\/strong><strong><br><\/strong><strong>Coordonator: conf. univ. dr. Vlad Vasile POPOVICI<\/strong><\/p>\n\n\n\n<p>Titlul tezei<br>Credin\u021be populare \u0219i mitologii de pe Valea Tazl\u0103ului: Via\u021ba social\u0103 \u00een imaginarul colectiv \u0219i individual<\/p>\n\n\n\n<p>Comisia de \u00eendrumare<br>prof. univ. dr. Constantin B\u0103rbulescu<br>conf. univ. dr. Andrea Feh\u00e9r<br>conf. univ. dr. Iosif-Marin Balog<\/p>\n\n\n\n<p><strong>Chicet Tudor-Marian<\/strong><strong><br><\/strong><strong>Coordonator: conf. univ. dr. Mihai Teodor NICOAR\u0102<\/strong><\/p>\n\n\n\n<p>Titlul tezei<br>Cursa c\u0103tre stele. Cum a privit Rom\u00e2nia socialist\u0103 \u00eentrecerea spa\u021bial\u0103 dintre SUA \u0219i URSS \u00een timpul R\u0103zboiului Rece (1957\u20131989)<\/p>\n\n\n\n<p>Comisia de \u00eendrumare<br>prof. univ. dr. Greta-Monica Miron<br>prof. univ. dr. \u0218erban Turcu\u0219<br>conf. univ. dr. Maria T\u0103tar-Dan<\/p>\n\n\n\n<p><strong>Ciorba Mihai<\/strong><strong><br><\/strong><strong>Coordonator: prof. univ. dr. Enik\u0151 R\u00dcSZ-FOGARASI<\/strong><\/p>\n\n\n\n<p>Titlul tezei<br>Evolu\u021bia istorico-geografic\u0103 a peisajului \u0219i a sistemului de a\u0219ez\u0103ri din nordul Bihorului p\u00e2n\u0103 la c\u0103derea Oradiei<\/p>\n\n\n\n<p>Comisia de \u00eendrumare<br>lect. univ. dr. Csaba Izs\u00e1n<br>conf. univ. dr. Zsolt Moln\u00e1r-Kov\u00e1cs<br>prof. univ. dr. Gavril Sipos<\/p>\n\n\n\n<p><strong>Cordo\u0219 Cosmina-Mariana<\/strong><strong><br><\/strong><strong>Coordonator: prof. univ. dr. Marcela S\u0102L\u0102GEAN<\/strong><\/p>\n\n\n\n<p>Titlul tezei<br>Politehnizarea \u00eenv\u0103\u021b\u0103m\u00e2ntului liceal \u00een ora\u0219ul Huedin<\/p>\n\n\n\n<p>Comisia de \u00eendrumare<br>prof. univ. dr. Ottmar Tra\u0219c\u0103<br>prof. univ. dr. Ioan-Marius Bucur<br>prof. univ. dr. Virgiliu-Leon \u021a\u00e2r\u0103u<\/p>\n\n\n\n<p><strong>Cosoreci Nicolae-Florin<\/strong><strong><br><\/strong><strong>Coordonator: prof. univ. dr. \u0218erban TURCU\u0218<\/strong><\/p>\n\n\n\n<p>Titlul tezei<br>Ordinele Mendicante \u0219i evolu\u021bia a\u0219ez\u0103rilor urbane din Transilvania<\/p>\n\n\n\n<p>Comisia de \u00eendrumare<br>prof. univ. dr. Marcela S\u0103l\u0103gean<br>prof. univ. dr. Constantin B\u0103rbulescu<br>prof. univ. dr. Virgil Pop<\/p>\n\n\n\n<p><strong>Co\u0219tiug Adrian-Constantin<\/strong><strong><br><\/strong><strong>Coordonator: prof. univ. dr. Toader NICOAR\u0102<\/strong><\/p>\n\n\n\n<p>Titlul tezei<\/p>\n\n\n\n<p>Comisia de \u00eendrumare<br>prof. univ. dr. Remus Virgil C\u00e2mpeanu<br>prof. univ. dr. Constantin B\u0103rbulescu<br>prof. univ. dr. Ovidiu-Augustin Ghitta<\/p>\n\n\n\n<p><strong>Cri\u0219an Alida-Ozana<\/strong><strong><br><\/strong><strong>Coordonator: conf. univ. dr. Eduard-Marius N\u00c9METH<\/strong><\/p>\n\n\n\n<p>Titlul tezei<br>Conservarea, restaurarea \u0219i abord\u0103ri sustenabile ale patrimoniului arhitectural roman din Transilvania<\/p>\n\n\n\n<p>Comisia de \u00eendrumare<br>conf. univ. dr. Ligia-Cristina Ruscu<br>conf. univ. dr. Mariana-Elena Egri<br>conf. univ. dr. Dan Ruscu<\/p>\n\n\n\n<p><strong>Csoma Nikol<\/strong><strong><br><\/strong><strong>Coordonator: prof. univ. dr. Enik\u0151 R\u00dcSZ-FOGARASI<\/strong><\/p>\n\n\n\n<p>Titlul tezei<br>Strategiile sociale \u0219i economice ale femeilor din Baia Mare \u00een epoca modern\u0103 timpurie.<\/p>\n\n\n\n<p>Comisia de \u00eendrumare<br>lect. univ. dr. Csaba Izs\u00e1n<br>conf. univ. dr. Robert-Miklos Nagy<br>conf. univ. dr. Maria-Magdolna Lupescu<\/p>\n\n\n\n<p><strong>D\u00e1n\u00e9l Csaba-Jakab<\/strong><strong><br><\/strong><strong>Coordonator: prof. univ. dr. Enik\u0151 R\u00dcSZ-FOGARASI<\/strong><\/p>\n\n\n\n<p>Titlul tezei<br>Arhitectur\u0103 \u0219i cultur\u0103 material\u0103 medieval\u0103 \u0219i premodern\u0103 \u00een Scaunul Ca\u0219in. Topografie arheologic\u0103 a Scaunul Ca\u0219in<\/p>\n\n\n\n<p>Comisia de \u00eendrumare<br>lect. univ. dr. Csaba Izs\u00e1n<br>conf. univ. dr. Zsolt Moln\u00e1r-Kov\u00e1cs<br>lect. univ. dr. David-Timotei Petru\u021b<\/p>\n\n\n\n<p><strong>Dasc\u0103lu Constantin-Cristian<\/strong><strong><br><\/strong><strong>Coordonator: prof. univ. dr. Sorin NEMETI<\/strong><\/p>\n\n\n\n<p>Titlul tezei<br>Motive decorative \u00een arta sculptural\u0103 a Daciei romane<\/p>\n\n\n\n<p>Comisia de \u00eendrumare<br>conf. univ. dr. Florin-Gheorghe Fodorean<br>conf. univ. dr. Dan Ruscu<br>C.\u0218. I dr. Sorin Ilie Coci\u0219<\/p>\n\n\n\n<p><strong>Diaconescu Oltea-Maria<\/strong><strong><br><\/strong><strong>Coordonator: prof. univ. dr. Maria-Silvia CR\u0102CIUN<\/strong><\/p>\n\n\n\n<p>Titlul tezei<br>Colonizare \u0219i urbanizare: evolu\u021bia Sibiului de la a\u0219ezare rural\u0103 la ora\u0219<\/p>\n\n\n\n<p>Comisia de \u00eendrumare<br>conf. univ. dr. Carmen Florea<br>prof. univ. dr. Jozsef Laszlovszky<br>prof. univ. dr. Susanne Rau<\/p>\n\n\n\n<p><strong>Fr\u0103tean Alexandru<\/strong><strong><br><\/strong><strong>Coordonator: prof. univ. dr. Maria-Silvia CR\u0102CIUN<\/strong><\/p>\n\n\n\n<p>Titlul tezei<br>Iudex seu grebio: Elita grebial\u0103 a sa\u0219ilor ardeleni \u00een Evul Mediu (secolele XIII\u2013XVI)<\/p>\n\n\n\n<p>Comisia de \u00eendrumare<br>conf. univ. dr. Carmen Florea<br>conf. univ. dr. Cosmin Popa-Gorjanu<br>prof. univ. dr. Konrad Gundisch<\/p>\n\n\n\n<p><strong>Harrach Veronica<\/strong><strong><br><\/strong><strong>Coordonator: prof. univ. dr. \u0218erban TURCU\u0218<\/strong><\/p>\n\n\n\n<p>Titlul tezei<\/p>\n\n\n\n<p>Comisia de \u00eendrumare<br>prof. univ. dr. Marcela S\u0103l\u0103gean<br>prof. univ. dr. Constantin B\u0103rbulescu<br>lect. univ. dr. Victor Vizauer<\/p>\n\n\n\n<p><strong>Marian Nicoleta<\/strong><strong><br><\/strong><strong>Coordonator: prof. univ. dr. Aurel-Gelu FLOREA<\/strong><\/p>\n\n\n\n<p>Titlul tezei<br>O arheologie a arhitecturii: piesele arhitecturale spoliate \u00een fortifica\u021bia de la Sarmizegetusa Regia \u0219i recontextualizarea lor<\/p>\n\n\n\n<p>Comisia de \u00eendrumare<br>prof. univ. dr. Florin Gog\u00e2ltan<br>lect. univ. dr. Liliana-Daniela Mateescu-Suciu<br>conf. univ. dr. Vlad-Andrei L\u0103z\u0103rescu<\/p>\n\n\n\n<p><strong>Nagy C\u0103lin-Adrian<\/strong><strong><br><\/strong><strong>Coordonator: prof. univ. dr. Sorin MITU<\/strong><\/p>\n\n\n\n<p>Titlul tezei<br>Vladimir Ghyka \u0219i Ac\u021biunea Francez\u0103<\/p>\n\n\n\n<p>Comisia de \u00eendrumare<br>lect. univ. Elena B\u0103rbulescu<br>conf. univ. dr. Ion C\u00e2rja<br>conf. univ. dr. Vlad Vasile Popovici<\/p>\n\n\n\n<p><strong>Ognean Nicolae-Daniel<\/strong><strong><br><\/strong><strong>Coordonator: prof. univ. dr. Sorin NEMETI<\/strong><\/p>\n\n\n\n<p>Titlul tezei<br>Barbarii nord-dun\u0103reni \u00een sursele scrise antice A.D. 271\u2013567<\/p>\n\n\n\n<p>Comisia de \u00eendrumare<br>conf. univ. dr. Florin-Gheorghe Fodorean<br>prof. univ. dr. Radu Ardevan<br>C.\u0218. I dr. Ioan Stanciu<\/p>\n\n\n\n<p><strong>Pakul\u00e1r S\u00e1ra<\/strong><strong><br><\/strong><strong>Coordonator: prof. univ. dr. Judit P\u00c1L<\/strong><\/p>\n\n\n\n<p>Titlul tezei<br>Transformarea spa\u021biului teatral \u00een Ungaria de la \u00eenceputul secolului al XX-lea<\/p>\n\n\n\n<p>Comisia de \u00eendrumare<br>lect. univ. dr. Zsolt Kov\u00e1cs<br>lect. univ. dr. Emese P\u00e1l<br>prof. univ. dr. Attila Gid\u00f3<\/p>\n\n\n\n<p><strong>Petru\u021b Andrei-Flavius<\/strong><strong><br><\/strong><strong>Coordonator: prof. univ. dr. Constantin B\u0102RBULESCU<\/strong><\/p>\n\n\n\n<p>Titlul tezei<br>Oameni \u0219i vite. Eseu asupra rela\u021biei om-animal \u00eentr-un sat transilv\u0103nean<\/p>\n\n\n\n<p>Comisia de \u00eendrumare<br>prof. univ. dr. Sorin Mitu<br>conf. univ. dr. Iosif-Marin Balog<br>conf. univ. dr. Vlad Vasile Popovici<\/p>\n\n\n\n<p><strong>Pop\u00eer\u021bac Claudia-Valentina<\/strong><strong><br><\/strong><strong>Coordonator: conf. univ. dr. Florin-Gheorghe FODOREAN<\/strong><\/p>\n\n\n\n<p>Titlul tezei<br>Copiii \u0219i copil\u0103ria \u00een provincia Dacia<\/p>\n\n\n\n<p>Comisia de \u00eendrumare<br>prof. univ. dr. Sorin Nemeti<br>lect. univ. dr. Silvia Musta\u021b\u0103<br>conf. univ. dr. Vlad-Andrei L\u0103z\u0103rescu<\/p>\n\n\n\n<p><strong>Pop Gabriel<\/strong><strong><br><\/strong><strong>Coordonator: prof. univ. dr. Sorin MITU<\/strong><\/p>\n\n\n\n<p>Titlul tezei<br>Cre\u0219tinismul social greco-catolic \u00een Transilvania, 1891\u20131948<\/p>\n\n\n\n<p>Comisia de \u00eendrumare<br>lect. univ. Elena B\u0103rbulescu<br>conf. univ. dr. Vlad Vasile Popovici<br>conf. univ. dr. Ion C\u00e2rja<\/p>\n\n\n\n<p><strong>Potop Livia-Ioana<\/strong><strong><br><\/strong><strong>Coordonator: conf. univ. dr. Adinel-Ciprian D\u00ceNC\u0102<\/strong><\/p>\n\n\n\n<p>Titlul tezei<br>Lucas Duerner (1502\u20131522): notar public, un caz de normalitate excep\u021bional\u0103<\/p>\n\n\n\n<p>Comisia de \u00eendrumare<br>conf. univ. dr. Ionu\u021b Virgil Costea<br>conf. univ. dr. Julia Derzsi<br>conf. univ. dr. Nicoleta-Oana Rizescu<\/p>\n\n\n\n<p><strong>Rus Flavia-Maria<\/strong><strong><br><\/strong><strong>Coordonator: conf. univ. dr. Florin-Gheorghe FODOREAN<\/strong><\/p>\n\n\n\n<p>Titlul tezei<br>Siturile arheologice romane din bazinul hidrografic al Some\u0219ului Mic<\/p>\n\n\n\n<p>Comisia de \u00eendrumare<br>prof. univ. dr. Sorin Nemeti<br>prof. univ. dr. Radu Ardevan<br>conf. univ. dr. Vlad-Andrei L\u0103z\u0103rescu<\/p>\n\n\n\n<p><strong>Sab\u0103u Petru-Adrian<\/strong><strong><br><\/strong><strong>Coordonator: prof. univ. dr. Virgiliu-Leon \u021a\u00c2R\u0102U<\/strong><\/p>\n\n\n\n<p>Titlul tezei<br>O analiz\u0103 comparat\u0103 asupra evolu\u021biei regimurilor politice din Asia de Est \u00een a doua jum\u0103tate a secolului XX<\/p>\n\n\n\n<p>Comisia de \u00eendrumare<br>prof. univ. dr. Ottmar Tra\u0219c\u0103<br>prof. univ. dr. Marcela S\u0103l\u0103gean<br>conf. univ. dr. Ionu\u021b Virgil Costea<\/p>\n\n\n\n<p><strong>Sabou (c\u0103s. Kinces) Diana Maria Ioana<\/strong><strong><br><\/strong><strong>Coordonator: prof. univ. dr. Ovidiu-Augustin GHITTA<\/strong><\/p>\n\n\n\n<p>Titlul tezei<br>Muzeul Jude\u021bean Satu Mare \u00een perioada 1968\u20131989. Rol institu\u021bional, identitate cultural\u0103 \u0219i interferen\u021be ideologice<\/p>\n\n\n\n<p>Comisia de \u00eendrumare<br>prof. univ. dr. Gabriel Moisa<br>prof. univ. dr. Marcela S\u0103l\u0103gean<br>conf. univ. dr. Ionu\u021b Virgil Costea<\/p>\n\n\n\n<p><strong>Talo\u0219 Samuel-Daniel<\/strong><strong><br><\/strong><strong>Coordonator: prof. univ. dr. Virgiliu-Leon \u021a\u00c2R\u0102U<\/strong><\/p>\n\n\n\n<p>Titlul tezei<br>Organizarea intern\u0103 a Ministerului rom\u00e2n al Afacerilor Externe \u00een perioada 1960\u20131975<\/p>\n\n\n\n<p>Comisia de \u00eendrumare<br>prof. univ. dr. Ottmar Tra\u0219c\u0103<br>prof. univ. dr. Marcela S\u0103l\u0103gean<br>conf. univ. dr. Ionu\u021b Virgil Costea<\/p>\n\n\n\n<p><strong>\u021aiplea Vasile<\/strong><strong><br><\/strong><strong>Coordonator: prof. univ. dr. Virgiliu-Leon \u021a\u00c2R\u0102U<\/strong><\/p>\n\n\n\n<p>Titlul tezei<br>Integrarea Maramure\u0219ului \u00een Rom\u00e2nia Mare (1918\u20131940). Studiu de caz: Emil Bran<\/p>\n\n\n\n<p>Comisia de \u00eendrumare<br>prof. univ. dr. Ottmar Tra\u0219c\u0103<br>prof. univ. dr. Marcela S\u0103l\u0103gean<br>conf. univ. dr. Ionu\u021b Virgil Costea<\/p>\n\n\n\n<p><strong>Toth Timea-Andrada<\/strong><strong><br><\/strong><strong>Coordonator: prof. univ. dr. Greta-Monica MIRON<\/strong><\/p>\n\n\n\n<p>Titlul tezei<br>Untitled, Unlabeled \u2013 Parcursul fotografiei \u00een lumea artei contemporane din Rom\u00e2nia<\/p>\n\n\n\n<p>Comisia de \u00eendrumare<br>prof. univ. dr. Maria-Silvia Cr\u0103ciun<br>prof. univ. dr. Ovidiu-Augustin Ghitta<br>prof. univ. dr. Remus Virgil C\u00e2mpeanu<\/p>\n\n\n\n<p><strong>Valicec Cristian-Iancu<\/strong><strong><br><\/strong><strong>Coordonator: prof. univ. dr. Florin GOG\u00c2LTAN<\/strong><\/p>\n\n\n\n<p>Titlul tezei<br>Ol\u0103ria epocii bronzului: Me\u0219te\u0219ug, art\u0103, spiritualitate<\/p>\n\n\n\n<p>Comisia de \u00eendrumare<br>prof. univ. dr. Aurel-Gelu Florea<br>lect. univ. dr. Liliana-Daniela Mateescu-Suciu<br>conf. univ. dr. Vlad-Andrei L\u0103z\u0103rescu<\/p>\n\n\n\n<p><strong>Varga M\u0103d\u0103lina-Dana<\/strong><strong><br><\/strong><strong>Coordonator: prof. univ. dr. Sorin MITU<\/strong><\/p>\n\n\n\n<p>Titlul tezei<\/p>\n\n\n\n<p>Comisia de \u00eendrumare<br>lect. univ. dr. Elena B\u0103rbulescu<br>conf. univ. dr. Vlad Vasile Popovici<br>conf. univ. dr. Ion C\u00e2rja<\/p>\n\n\n\n<p><strong>V\u0103r\u0103rean Patricia-Maria<\/strong><strong><br><\/strong><strong>Coordonator: prof. univ. dr. Aurel-Gelu FLOREA<\/strong><\/p>\n\n\n\n<p>Titlul tezei<br>Oglinzile din Dacia (sec. II a. Chr. \u2013 sec. III p. Chr.): o analiz\u0103 tipologico-contextual\u0103<\/p>\n\n\n\n<p>Comisia de \u00eendrumare<br>conf. univ. dr. Vlad-Andrei L\u0103z\u0103rescu<br>lect. univ. dr. Liliana-Daniela Mateescu-Suciu<br>lect. univ. dr. Silvia Musta\u021b\u0103<\/p>\n\n\n\n<p><strong>&#8211;&#8211;&#8211;<\/strong><\/p>\n","protected":false},"excerpt":{"rendered":"<p>ANUL II &#8211;&#8211;&#8211;&#8211;&#8211; Alhamd InasCoordonator: conf. univ. dr. Eduard-Marius N\u00c9METH Titlul tezei Comisia de \u00eendrumareconf. univ. dr. Ligia-Cristina Ruscuconf. univ. dr. Mariana-Elena Egriconf. univ. dr. Dan Ruscu Alionescu AndreiCoordonator: prof. univ. dr. Marcela S\u0102L\u0102GEAN Titlul tezeiPatrimoniu \u0219i tranzi\u021bie. Jefuirea \u0219i traficul ilicit de artefacte arheologice din Mun\u021bii Or\u0103\u0219tiei, de la implicarea comunit\u0103\u021bii locale la marile &hellip; <\/p>\n<p class=\"link-more\"><a href=\"https:\/\/hiphi.ubbcluj.ro\/SD_ICC\/anul-2\/\" class=\"more-link\">Cite\u0219te mai multe<span class=\"screen-reader-text\">\u201eANUL 2\u201d<\/span><\/a><\/p>\n","protected":false},"author":1,"featured_media":0,"parent":0,"menu_order":0,"comment_status":"closed","ping_status":"closed","template":"","meta":{"_inspiro_hide_title":false,"footnotes":""},"class_list":["post-2360","page","type-page","status-publish","hentry"],"_links":{"self":[{"href":"https:\/\/hiphi.ubbcluj.ro\/SD_ICC\/wp-json\/wp\/v2\/pages\/2360","targetHints":{"allow":["GET"]}}],"collection":[{"href":"https:\/\/hiphi.ubbcluj.ro\/SD_ICC\/wp-json\/wp\/v2\/pages"}],"about":[{"href":"https:\/\/hiphi.ubbcluj.ro\/SD_ICC\/wp-json\/wp\/v2\/types\/page"}],"author":[{"embeddable":true,"href":"https:\/\/hiphi.ubbcluj.ro\/SD_ICC\/wp-json\/wp\/v2\/users\/1"}],"replies":[{"embeddable":true,"href":"https:\/\/hiphi.ubbcluj.ro\/SD_ICC\/wp-json\/wp\/v2\/comments?post=2360"}],"version-history":[{"count":2,"href":"https:\/\/hiphi.ubbcluj.ro\/SD_ICC\/wp-json\/wp\/v2\/pages\/2360\/revisions"}],"predecessor-version":[{"id":2362,"href":"https:\/\/hiphi.ubbcluj.ro\/SD_ICC\/wp-json\/wp\/v2\/pages\/2360\/revisions\/2362"}],"wp:attachment":[{"href":"https:\/\/hiphi.ubbcluj.ro\/SD_ICC\/wp-json\/wp\/v2\/media?parent=2360"}],"curies":[{"name":"wp","href":"https:\/\/api.w.org\/{rel}","templated":true}]}}