{"id":2356,"date":"2026-02-20T16:28:46","date_gmt":"2026-02-20T16:28:46","guid":{"rendered":"https:\/\/hiphi.ubbcluj.ro\/SD_ICC\/?page_id=2356"},"modified":"2026-02-20T16:34:54","modified_gmt":"2026-02-20T16:34:54","slug":"anul-1","status":"publish","type":"page","link":"https:\/\/hiphi.ubbcluj.ro\/SD_ICC\/anul-1\/","title":{"rendered":"ANUL 1"},"content":{"rendered":"\n<p>An admitere: 2025<\/p>\n\n\n\n<p><strong><span style=\"text-decoration: underline;\">Ana Olivian-\u0218amir<br><\/span>Coordonator: prof. univ. dr. \u0218erban TURCU\u0218<\/strong><\/p>\n\n\n\n<p>Titlul tezei<\/p>\n\n\n\n<p>Comisia de \u00eendrumare<br>conf. univ. dr. Mircea-Gheorghe Abrudan<br>prof. univ. dr. Marcela S\u0103l\u0103gean<br>prof. univ. dr. Toader Nicoar\u0103<\/p>\n\n\n\n<p><\/p>\n\n\n\n<p><strong><span style=\"text-decoration: underline;\">B\u0103doiu Ovidiu-Andrei<br><\/span>Coordonator: prof. univ. dr. Sorin MITU<\/strong><\/p>\n\n\n\n<p>Titlul tezei:<br>Elisabeta, Maria, Elena \u2013 trei perspective inedite asupra vie\u021bii politice rom\u00e2ne\u0219ti. Trei regine \u00een slujba emancip\u0103rii femeilor<\/p>\n\n\n\n<p>Comisia de \u00eendrumare<br>prof. univ. dr. Constantin B\u0103rbulescu<br>conf. univ. dr. Ion C\u00e2rja<br>lect. univ. Elena B\u0103rbulescu<\/p>\n\n\n\n<p><\/p>\n\n\n\n<p><strong><span style=\"text-decoration: underline;\">Bratu Cristiana Andra<br><\/span>Coordonator: prof. univ. dr. Sorin MITU<\/strong><\/p>\n\n\n\n<p>Titlul tezei:<br>Sub acoperi\u0219ul Liceului de B\u0103ie\u021bi Greco-Catolic din Blaj (1850\u20131948). Aspecte privind educa\u021bia, mobilitatea social\u0103, coabitarea confesional\u0103 \u0219i multietnicitatea<\/p>\n\n\n\n<p>Comisia de \u00eendrumare<br>prof. univ. dr. Constantin B\u0103rbulescu<br>conf. univ. dr. Ion C\u00e2rja<br>lect. univ. Elena B\u0103rbulescu<\/p>\n\n\n\n<p><\/p>\n\n\n\n<p><strong><span style=\"text-decoration: underline;\">Cojocaru Andreea-Sabina<br><\/span>Coordonator: prof. univ. dr. Marcela S\u0102L\u0102GEAN<\/strong><\/p>\n\n\n\n<p>Titlul tezei: <\/p>\n\n\n\n<p>Istorii ale homosexualit\u0103\u021bii \u00een Rom\u00e2nia contemporan\u0103<\/p>\n\n\n\n<p>Comisia de \u00eendrumare<br>prof. univ. dr. \u0218erban Turcu\u0219<br>prof. univ. dr. Ottmar Tra\u0219c\u0103<br>conf. univ. dr. Ioan Mihai Alexandrescu<\/p>\n\n\n\n<p><\/p>\n\n\n\n<p><strong><span style=\"text-decoration: underline;\">Dichel Oana-Alina<br><\/span>Coordonator: prof. univ. dr. Aurel-Gelu FLOREA<\/strong><\/p>\n\n\n\n<p>Titlul tezei<\/p>\n\n\n\n<p>Comisia de \u00eendrumare<br>conf. univ. dr. Vlad-Andrei L\u0103z\u0103rescu<br>prof. univ. dr. Florin Gog\u00e2ltan<br>lect. univ. dr. \u0218tefan Vasilache<\/p>\n\n\n\n<p><\/p>\n\n\n\n<p><strong><span style=\"text-decoration: underline;\">Dorneanu Diana-Georgiana<br><\/span>Coordonator: conf. univ. dr. Florin-Gheorghe FODOREAN<\/strong><\/p>\n\n\n\n<p>Titlul tezei<br>Statutul arhitec\u021bilor, lapicizilor \u0219i sculptorilor \u00een lumea roman\u0103. Studiu comparativ<\/p>\n\n\n\n<p>Comisia de \u00eendrumare<br>conf. univ. dr. Rada-Maria Varga<br>lect. univ. dr. Dan Deac<br>lect. univ. dr. David-Timotei Petru\u021b<\/p>\n\n\n\n<p><\/p>\n\n\n\n<p><strong><span style=\"text-decoration: underline;\">Florea Flavius-Leonard<br><\/span>Coordonator: prof. univ. dr. Ovidiu-Augustin GHITTA<\/strong><\/p>\n\n\n\n<p>Titlul tezei<br>Sf\u00e2ntul Scaun \u0219i Biserica Rom\u00e2n\u0103 Unit\u0103 cu Roma, Greco-Catolic\u0103 (1939\u20131958)<\/p>\n\n\n\n<p>Comisia de \u00eendrumare<br>prof. univ. dr. Ioan-Marius Bucur<br>conf. univ. dr. Ionu\u021b Virgil Costea<br>prof. univ. dr. Corina Teodor<\/p>\n\n\n\n<p><\/p>\n\n\n\n<p><strong><span style=\"text-decoration: underline;\">Ghi\u0219a \u0218tefania-Maria<br><\/span>Coordonator: conf. univ. dr. Adinel-Ciprian D\u00ceNC\u0102<\/strong><\/p>\n\n\n\n<p>Titlul tezei<br>Capitlul Sibiu \u00een secolele XIII\u2013XV<\/p>\n\n\n\n<p>Comisia de \u00eendrumare<br>prof. univ. dr. Ovidiu-Augustin Ghitta<br>conf. univ. dr. Carmen Florea<br>conf. univ. dr. Julia Derzsi<\/p>\n\n\n\n<p><\/p>\n\n\n\n<p><strong><span style=\"text-decoration: underline;\">Guliciuc Valeria-Alina<br><\/span>Coordonator: prof. univ. dr. Florin GOG\u00c2LTAN<\/strong><\/p>\n\n\n\n<p>Titlul tezei<br>Plastica antropomorf\u0103 preistoric\u0103. Posibilit\u0103\u021bi de interpretare<\/p>\n\n\n\n<p>Comisia de \u00eendrumare<br>prof. univ. dr. Aurel-Gelu Florea<br>lect. univ. dr. Liliana-Daniela Mateescu-Suciu<br>conf. univ. dr. Vlad-Andrei L\u0103z\u0103rescu<\/p>\n\n\n\n<p><\/p>\n\n\n\n<p><strong><span style=\"text-decoration: underline;\">Harrach Beatrice<br><\/span>Coordonator: prof. univ. dr. Radu ARDEVAN<\/strong><\/p>\n\n\n\n<p>Titlul tezei<\/p>\n\n\n\n<p>Comisia de \u00eendrumare<br>prof. univ. dr. Sorin Nemeti<br>conf. univ. dr. Florin-Gheorghe Fodorean<br>conf. univ. dr. Vlad-Andrei L\u0103z\u0103rescu<\/p>\n\n\n\n<p><\/p>\n\n\n\n<p><strong><span style=\"text-decoration: underline;\">Hristache Paula-Elena<br><\/span>Coordonator: conf. univ. dr. Rada-Maria VARGA<\/strong><\/p>\n\n\n\n<p>Titlul tezei<br>Popula\u021bia \u0219i structura demografic\u0103 a Moesiei Superior \u00een epoca roman\u0103: surse, metode \u0219i interpret\u0103ri<\/p>\n\n\n\n<p>Comisia de \u00eendrumare<br>conf. univ. dr. Florin-Gheorghe Fodorean<br>lect. univ. dr. Silvia Musta\u021b\u0103<br>lect. univ. dr. Dan Deac<\/p>\n\n\n\n<p><\/p>\n\n\n\n<p><strong><span style=\"text-decoration: underline;\">Kiss L\u00f3r\u00e1nd<br><\/span>Coordonator: prof. univ. dr. Enik\u0151 R\u00dcSZ-FOGARASI<\/strong><\/p>\n\n\n\n<p>Titlul tezei<br>Un inventar al picturilor murale medieval din Transilvania istoric\u0103<\/p>\n\n\n\n<p>Comisia de \u00eendrumare<br>lect. univ. dr. Zsolt Kov\u00e1cs<br>lect. univ. dr. Klara Pako<br>lect. univ. dr. Attila Weisz<\/p>\n\n\n\n<p><\/p>\n\n\n\n<p><strong><span style=\"text-decoration: underline;\">Kelemen Lilla-Korn\u00e9lia<br><\/span>Coordonator: prof. univ. dr. Judit P\u00c1L<\/strong><\/p>\n\n\n\n<p>Titlul tezei<br>Mobilitate, migra\u021bie \u0219i rela\u021bii interconfesionale \u00een S\u00e2ngeorgiu de P\u0103dure<\/p>\n\n\n\n<p>Comisia de \u00eendrumare<br>lect. univ. dr. J\u00e1nos Fodor<br>lect. univ. dr. Emese P\u00e1l<br>prof. univ. dr. Attila Gid\u00f3<\/p>\n\n\n\n<p><\/p>\n\n\n\n<p><strong><span style=\"text-decoration: underline;\">Lauren\u021biu Dan-Victor<br><\/span>Coordonator: conf. univ. dr. Florin-Gheorghe FODOREAN<\/strong><\/p>\n\n\n\n<p>Titlul tezei<br>Cartografierea siturilor romane din \u021aara B\u00e2rsei \u0219i \u021aara F\u0103g\u0103ra\u0219ului<\/p>\n\n\n\n<p>Comisia de \u00eendrumare<br>conf. univ. dr. Rada-Maria Varga<br>lect. univ. dr. David-Timotei Petru\u021b<br>lect. univ. dr. Dan Deac<\/p>\n\n\n\n<p><\/p>\n\n\n\n<p><strong><span style=\"text-decoration: underline;\">Marinescu Marinela-Diana<br><\/span>Coordonator: prof. univ. dr. Ovidiu-Augustin GHITTA<\/strong><\/p>\n\n\n\n<p>Titlul tezei<\/p>\n\n\n\n<p>Comisia de \u00eendrumare<br>conf. univ. dr. Ionu\u021b Virgil Costea<br>conf. univ. dr. Radu-Cristian Marza<br>prof. univ. dr. Gabriel Moisa<\/p>\n\n\n\n<p><\/p>\n\n\n\n<p><strong><span style=\"text-decoration: underline;\">Matc\u0103boj\u0103 Costel-Bogdan<br><\/span>Coordonator: prof. univ. dr. \u0218erban TURCU\u0218<\/strong><\/p>\n\n\n\n<p>Titlul tezei<br>Marea Schism\u0103 din 1054 reconsiderat\u0103: jurisdic\u021bie, legitimitate imperial\u0103 \u0219i construc\u021bia autorit\u0103\u021bii ecleziale<\/p>\n\n\n\n<p>Comisia de \u00eendrumare<br>conf. univ. dr. Mircea-Gheorghe Abrudan<br>prof. univ. dr. Marcela S\u0103l\u0103gean<br>conf. univ. dr. Ion C\u00e2rja<\/p>\n\n\n\n<p><\/p>\n\n\n\n<p><strong><span style=\"text-decoration: underline;\">M\u0103ri\u0219escu Deian-Nicolae<br><\/span>Coordonator: prof. univ. dr. Virgiliu-Leon \u021a\u00c2R\u0102U<\/strong><\/p>\n\n\n\n<p>Titlul tezei<br>Fotbalul \u0219i societatea rom\u00e2neasc\u0103 \u00een perioada interbelic\u0103. Institu\u021bii, practici \u0219i reprezent\u0103ri<\/p>\n\n\n\n<p>Comisia de \u00eendrumare<br>lect. univ. drd. Corneliu Pintilescu<br>conf. univ. dr. Tam\u00e1s Lonh\u00e1rt<br>conf. univ. dr. Ionu\u021b Virgil Costea<\/p>\n\n\n\n<p><\/p>\n\n\n\n<p><strong><span style=\"text-decoration: underline;\">Mocanu Claudiu-Gabriel<br><\/span>Coordonator: prof. univ. dr. Marcela S\u0102L\u0102GEAN<\/strong><\/p>\n\n\n\n<p>Titlul tezei<br>Rela\u021biile ruso-ucrainene dup\u0103 destr\u0103marea URSS \u0219i impactul lor geopolitic \u00een Europa de Est<\/p>\n\n\n\n<p>Comisia de \u00eendrumare<br>prof. univ. dr. Virgiliu-Leon \u021a\u00e2r\u0103u<br>prof. univ. dr. Ottmar Tra\u0219c\u0103<br>conf. univ. dr. Claudiu-Nicu\u0219or Marian<\/p>\n\n\n\n<p><\/p>\n\n\n\n<p><strong>Muntean Ioan<\/strong><strong><br><\/strong><strong>Coordonator: prof. univ. dr. Sorin NEMETI<\/strong><\/p>\n\n\n\n<p>Titlul tezei<\/p>\n\n\n\n<p>Comisia de \u00eendrumare<br>lect. univ. dr. Silvia Musta\u021b\u0103<br>conf. univ. dr. Rada-Maria Varga<br>lect. univ. dr. Dan Deac<\/p>\n\n\n\n<p><\/p>\n\n\n\n<p><strong><span style=\"text-decoration: underline;\">Nistor Iulius<br><\/span>Coordonator: prof. univ. dr. Virgiliu-Leon \u021a\u00c2R\u0102U<\/strong><\/p>\n\n\n\n<p>Titlul tezei<br>Ion Gheorghe Maurer \u2013 Arhitectul din umbr\u0103 \u2013 O analiz\u0103 a mandatelor de pre\u0219edinte al Consiliului de Mini\u0219tri \u00eentre anii 1961\u20131974<\/p>\n\n\n\n<p>Comisia de \u00eendrumare<br>lect. univ. dr. Corneliu Pintilescu<br>conf. univ. dr. Tam\u00e1s Lonh\u00e1rt<br>lect. univ. dr. Manuela Ana Maria Marin<\/p>\n\n\n\n<p><\/p>\n\n\n\n<p><strong><span style=\"text-decoration: underline;\">Oana Miruna-Ana<br><\/span>Coordonator: prof. univ. dr. Florin GOG\u00c2LTAN<\/strong><\/p>\n\n\n\n<p>Titlul tezei<br>Ceramica de dincolo de \u0219an\u021buri. Ansambluri ceramice din a\u0219ezarea adiacent\u0103 a tell-ului de Epoca Bronzului de la Toboliu<\/p>\n\n\n\n<p>Comisia de \u00eendrumare<br>prof. univ. dr. Aurel-Gelu Florea<br>lect. univ. dr. Liliana-Daniela Mateescu-Suciu<br>conf. univ. dr. Vlad-Andrei L\u0103z\u0103rescu<\/p>\n\n\n\n<p><\/p>\n\n\n\n<p><strong><span style=\"text-decoration: underline;\">Oltean Roxana-Nicoleta<br><\/span>Coordonator: conf. univ. dr. Vlad Vasile POPOVICI<\/strong><\/p>\n\n\n\n<p>Titlul tezei<br>Hot\u0103r\u00e2rile Senatului Universit\u0103\u021bii Babe\u0219-Bolyai<\/p>\n\n\n\n<p>Comisia de \u00eendrumare<br>conf. univ. dr. Ion C\u00e2rja<br>prof. univ. dr. Lumini\u021ba Vasilica Dum\u0103nescu<br>prof. univ. dr. Elena-Daniela Marza<\/p>\n\n\n\n<p><\/p>\n\n\n\n<p><strong><span style=\"text-decoration: underline;\">Pop Georgiana-Andreea<br><\/span>Coordonator: prof. univ. dr. Ovidiu-Augustin GHITTA<\/strong><\/p>\n\n\n\n<p>Titlul tezei<br>O\u0219enii din afara \u021a\u0103rii Oa\u0219ului<\/p>\n\n\n\n<p>Comisia de \u00eendrumare<br>prof. univ. dr. Ioan-Marius Bucur<br>conf. univ. dr. Ionu\u021b Virgil Costea<br>prof. univ. dr. Corina Teodor<\/p>\n\n\n\n<p><\/p>\n\n\n\n<p><strong><span style=\"text-decoration: underline;\">Poti Vivien-Tamara<br><\/span>Coordonator: prof. univ. dr. Judit P\u00c1L<\/strong><\/p>\n\n\n\n<p>Titlul tezei<br>Infrac\u021biuni violente \u00een comitatul S\u0103tmar \u00een timpul dualismului austro-ungar<\/p>\n\n\n\n<p>Comisia de \u00eendrumare<br>lect. univ. dr. J\u00e1nos Fodor<br>lect. univ. dr. Emese P\u00e1l<br>prof. univ. dr. Attila Gid\u00f3<\/p>\n\n\n\n<p><\/p>\n\n\n\n<p><strong><span style=\"text-decoration: underline;\">Radu Andreea<br><\/span>Coordonator: prof. univ. dr. Virgiliu-Leon \u021a\u00c2R\u0102U<\/strong><\/p>\n\n\n\n<p>Titlul tezei<br>Femeile \u00een perioada comunist\u0103: \u00eentre reprimare \u0219i ascensiune<\/p>\n\n\n\n<p>Comisia de \u00eendrumare<br>lect. univ. drd. Corneliu Pintilescu<br>conf. univ. dr. Tam\u00e1s Lonh\u00e1rt<br>prof. univ. dr. Marcela S\u0103l\u0103gean<\/p>\n\n\n\n<p><\/p>\n\n\n\n<p><strong><span style=\"text-decoration: underline;\">Sabou Natalia Vasilica<br><\/span>Coordonator: prof. univ. dr. Simona NICOAR\u0102<\/strong><\/p>\n\n\n\n<p>Titlul tezei<\/p>\n\n\n\n<p>Comisia de \u00eendrumare<br>prof. univ. dr. Constantin B\u0103rbulescu<br>prof. univ. dr. Sorin Mitu<br>conf. univ. dr. Maria T\u0103tar-Dan<\/p>\n\n\n\n<p><\/p>\n\n\n\n<p><strong><span style=\"text-decoration: underline;\">\u0218tefan David<br><\/span>Coordonator: prof. univ. dr. Sorin NEMETI<\/strong><\/p>\n\n\n\n<p>Titlul tezei<br>Analiz\u0103 asupra obiectelor de piatr\u0103 decorate din ora\u0219ul roman Napoca din perioada 106\u2013275<\/p>\n\n\n\n<p>Comisia de \u00eendrumare<br>lect. univ. dr. Silvia Musta\u021b\u0103<br>conf. univ. dr. Rada-Maria Varga<br>lect. univ. dr. Dan Deac<\/p>\n\n\n\n<p><\/p>\n\n\n\n<p><strong><span style=\"text-decoration: underline;\">Tank\u00f3 N\u00e1ndor<br><\/span>Coordonator: prof. univ. dr. Enik\u0151 R\u00dcSZ-FOGARASI<\/strong><\/p>\n\n\n\n<p>Titlul tezei<br>Ad perpetuam memoriam Cludiopolis. Cimitirul din jurul Bisericii Sf\u00e2ntul Mihail \u00een secolele XIV\u2013XVII<\/p>\n\n\n\n<p>Comisia de \u00eendrumare<br>conf. univ. dr. Zsolt Moln\u00e1r-Kov\u00e1cs<br>lect. univ. dr. David-Timotei Petru\u021b<br>lect. univ. dr. Csaba Izs\u00e1n<\/p>\n\n\n\n<p><\/p>\n\n\n\n<p><strong><span style=\"text-decoration: underline;\">Trandafir Ioana-Georgiana<br><\/span>Coordonator: prof. univ. dr. Constantin B\u0102RBULESCU<\/strong><\/p>\n\n\n\n<p>Titlul tezei<br>Rela\u021bii socio-economice \u00een contextul colectiviz\u0103rii \u0219i post-colectiviz\u0103rii \u00een comunit\u0103\u021bile rurale din jude\u021bul Arge\u0219<\/p>\n\n\n\n<p>Comisia de \u00eendrumare<br>prof. univ. dr. Sorin Mitu<br>conf. univ. dr. Ionu\u021b Virgil Costea<br>prof. univ. dr. Remus Virgil C\u00e2mpeanu<\/p>\n\n\n\n<p><\/p>\n\n\n\n<p><strong><span style=\"text-decoration: underline;\">Zaha Cristina-Alexandra<br><\/span>Coordonator: prof. univ. dr. Greta-Monica MIRON<\/strong><\/p>\n\n\n\n<p>Titlul tezei<br>Viorica Guy Marica (1925\u20132016). O femeie \u00een lumea istoriografiei de art\u0103 rom\u00e2ne\u0219ti<\/p>\n\n\n\n<p>Comisia de \u00eendrumare<br>prof. univ. dr. Maria-Silvia Cr\u0103ciun<br>lect. univ. dr. Voica Pu\u0219ca\u0219iu<br>conf. univ. dr. Ciprian-Anton Firea<\/p>\n\n\n\n<p><\/p>\n","protected":false},"excerpt":{"rendered":"<p>An admitere: 2025 Ana Olivian-\u0218amirCoordonator: prof. univ. dr. \u0218erban TURCU\u0218 Titlul tezei Comisia de \u00eendrumareconf. univ. dr. Mircea-Gheorghe Abrudanprof. univ. dr. Marcela S\u0103l\u0103geanprof. univ. dr. Toader Nicoar\u0103 B\u0103doiu Ovidiu-AndreiCoordonator: prof. univ. dr. Sorin MITU Titlul tezei:Elisabeta, Maria, Elena \u2013 trei perspective inedite asupra vie\u021bii politice rom\u00e2ne\u0219ti. Trei regine \u00een slujba emancip\u0103rii femeilor Comisia de \u00eendrumareprof. &hellip; <\/p>\n<p class=\"link-more\"><a href=\"https:\/\/hiphi.ubbcluj.ro\/SD_ICC\/anul-1\/\" class=\"more-link\">Cite\u0219te mai multe<span class=\"screen-reader-text\">\u201eANUL 1\u201d<\/span><\/a><\/p>\n","protected":false},"author":1,"featured_media":0,"parent":0,"menu_order":0,"comment_status":"closed","ping_status":"closed","template":"","meta":{"_inspiro_hide_title":false,"footnotes":""},"class_list":["post-2356","page","type-page","status-publish","hentry"],"_links":{"self":[{"href":"https:\/\/hiphi.ubbcluj.ro\/SD_ICC\/wp-json\/wp\/v2\/pages\/2356","targetHints":{"allow":["GET"]}}],"collection":[{"href":"https:\/\/hiphi.ubbcluj.ro\/SD_ICC\/wp-json\/wp\/v2\/pages"}],"about":[{"href":"https:\/\/hiphi.ubbcluj.ro\/SD_ICC\/wp-json\/wp\/v2\/types\/page"}],"author":[{"embeddable":true,"href":"https:\/\/hiphi.ubbcluj.ro\/SD_ICC\/wp-json\/wp\/v2\/users\/1"}],"replies":[{"embeddable":true,"href":"https:\/\/hiphi.ubbcluj.ro\/SD_ICC\/wp-json\/wp\/v2\/comments?post=2356"}],"version-history":[{"count":2,"href":"https:\/\/hiphi.ubbcluj.ro\/SD_ICC\/wp-json\/wp\/v2\/pages\/2356\/revisions"}],"predecessor-version":[{"id":2359,"href":"https:\/\/hiphi.ubbcluj.ro\/SD_ICC\/wp-json\/wp\/v2\/pages\/2356\/revisions\/2359"}],"wp:attachment":[{"href":"https:\/\/hiphi.ubbcluj.ro\/SD_ICC\/wp-json\/wp\/v2\/media?parent=2356"}],"curies":[{"name":"wp","href":"https:\/\/api.w.org\/{rel}","templated":true}]}}