{"id":210,"date":"2021-08-27T15:41:48","date_gmt":"2021-08-27T15:41:48","guid":{"rendered":"http:\/\/hiphi.ubbcluj.ro\/SD_ICC_nou\/?page_id=210"},"modified":"2025-10-20T12:51:39","modified_gmt":"2025-10-20T12:51:39","slug":"noutati","status":"publish","type":"page","link":"https:\/\/hiphi.ubbcluj.ro\/SD_ICC\/","title":{"rendered":"Nout\u0103\u021bi"},"content":{"rendered":"\n<h2 class=\"wp-block-heading\"><\/h2>\n\n\n\n<div class=\"wp-block-buttons is-layout-flex wp-block-buttons-is-layout-flex\">\n<div class=\"wp-block-button\"><a class=\"wp-block-button__link has-text-align-left wp-element-button\" href=\"https:\/\/hiphi.ubbcluj.ro\/SD_ICC\/studiile-doctorale\/orar\/\" target=\"_blank\" rel=\"noreferrer noopener\">Orar an I, semestrul I, an universitar 2025-2026<\/a><\/div>\n<\/div>\n\n\n\n<div style=\"height:30px\" aria-hidden=\"true\" class=\"wp-block-spacer\"><\/div>\n\n\n\n<div class=\"wp-block-buttons is-layout-flex wp-block-buttons-is-layout-flex\">\n<div class=\"wp-block-button\"><a class=\"wp-block-button__link wp-element-button\" href=\"https:\/\/hiphi.ubbcluj.ro\/SD_ICC\/contact\/\" target=\"_blank\" rel=\"noreferrer noopener\">Programul cu publicul<\/a><\/div>\n<\/div>\n\n\n\n<div style=\"height:30px\" aria-hidden=\"true\" class=\"wp-block-spacer\"><\/div>\n\n\n\n<div class=\"wp-block-buttons alignwide is-content-justification-left is-layout-flex wp-container-core-buttons-is-layout-fc4fd283 wp-block-buttons-is-layout-flex\"><\/div>\n\n\n\n<div class=\"wp-block-buttons is-layout-flex wp-block-buttons-is-layout-flex\">\n<div class=\"wp-block-button\"><a class=\"wp-block-button__link wp-element-button\" href=\"https:\/\/hiphi.ubbcluj.ro\/SD_ICC\/wp-content\/uploads\/2025\/07\/2025_ISD_Calendar_admitere_doctorat.pdf\" target=\"_blank\" rel=\"noreferrer noopener\">Calendarul de admitere 2025<\/a><\/div>\n<\/div>\n\n\n\n<p class=\"has-text-align-left\"><mark style=\"background-color:rgba(0, 0, 0, 0)\" class=\"has-inline-color has-white-color\">&#8230;.<\/mark><\/p>\n\n\n\n<p><\/p>\n\n\n\n<p class=\"has-primary-color has-text-color has-medium-font-size\"><strong>ANUN\u021a!  &#8211; Finan\u021barea doctoranzilor afla\u021bi \u00een stagiu<\/strong><\/p>\n\n\n\n<p>\u0218coala Doctoral\u0103 \u201eIstorie. Civiliza\u021bie. Cultur\u0103\u201d finan\u021beaz\u0103, din sumele aferente granturilor doctorale \u0219i taxelor de \u0219colarizare, activit\u0103\u021bi de formare \u0219i cercetare ale doctoranzilor afla\u021bi \u00een cei trei ani de stagiu.<br><br><strong><em>Criterii \u0219i condi\u021bii<\/em><\/strong><\/p>\n\n\n\n<ul class=\"wp-block-list\">\n<li>Doctorandul trebuie s\u0103 aib\u0103 \u00eendeplinite toate obliga\u021biile prev\u0103zute \u00een contract \u0219i planul de studii. Pentru conformitate va ob\u021bine de la ISD o adeverin\u021b\u0103 care s\u0103 ateste \u00eendeplinirea acestor obliga\u021bii;<\/li>\n\n\n\n<li>Doctorandul va depune la secretariatul \u0219colii doctorale o cerere \u00een care se va detalia motivul pentru care se solicit\u0103 finan\u021barea, perioada stagiului de formare \u0219i\/sau cercetare, suma estimativ\u0103 a cheltuielilor totale. \u00centr-o anex\u0103 se va face un calcul defalcat al cheltuielilor solicitate: cazare\/per noapte, transport, tax\u0103 conferin\u021b\u0103 etc. Totodat\u0103, se vor ata\u0219a documente justificative: ofert\u0103 pre\u021b cazare, document tax\u0103 conferin\u021b\u0103 etc.;<\/li>\n\n\n\n<li>Cererea \u0219i anexa trebuie s\u0103 fie semnate de doctorand \u0219i coordonatorul de doctorat;<\/li>\n\n\n\n<li>Finan\u021b\u0103ri eligibile: conferin\u021be (transport, taxe, cazare), cercet\u0103ri \u00een arhive, muzee \u0219i alte loca\u021bii necesare document\u0103rii \u00een scopul elabor\u0103rii tezei de doctorat;<\/li>\n\n\n\n<li>Toate cererile de finan\u021bare trebuie s\u0103 aib\u0103 leg\u0103tur\u0103 cu teza de doctorat.<\/li>\n<\/ul>\n\n\n\n<p><\/p>\n","protected":false},"excerpt":{"rendered":"<p>&#8230;. ANUN\u021a! &#8211; Finan\u021barea doctoranzilor afla\u021bi \u00een stagiu \u0218coala Doctoral\u0103 \u201eIstorie. Civiliza\u021bie. Cultur\u0103\u201d finan\u021beaz\u0103, din sumele aferente granturilor doctorale \u0219i taxelor de \u0219colarizare, activit\u0103\u021bi de formare \u0219i cercetare ale doctoranzilor afla\u021bi \u00een cei trei ani de stagiu. Criterii \u0219i condi\u021bii<\/p>\n","protected":false},"author":1,"featured_media":0,"parent":0,"menu_order":0,"comment_status":"closed","ping_status":"closed","template":"","meta":{"_inspiro_hide_title":false,"footnotes":""},"class_list":["post-210","page","type-page","status-publish","hentry"],"_links":{"self":[{"href":"https:\/\/hiphi.ubbcluj.ro\/SD_ICC\/wp-json\/wp\/v2\/pages\/210","targetHints":{"allow":["GET"]}}],"collection":[{"href":"https:\/\/hiphi.ubbcluj.ro\/SD_ICC\/wp-json\/wp\/v2\/pages"}],"about":[{"href":"https:\/\/hiphi.ubbcluj.ro\/SD_ICC\/wp-json\/wp\/v2\/types\/page"}],"author":[{"embeddable":true,"href":"https:\/\/hiphi.ubbcluj.ro\/SD_ICC\/wp-json\/wp\/v2\/users\/1"}],"replies":[{"embeddable":true,"href":"https:\/\/hiphi.ubbcluj.ro\/SD_ICC\/wp-json\/wp\/v2\/comments?post=210"}],"version-history":[{"count":170,"href":"https:\/\/hiphi.ubbcluj.ro\/SD_ICC\/wp-json\/wp\/v2\/pages\/210\/revisions"}],"predecessor-version":[{"id":2298,"href":"https:\/\/hiphi.ubbcluj.ro\/SD_ICC\/wp-json\/wp\/v2\/pages\/210\/revisions\/2298"}],"wp:attachment":[{"href":"https:\/\/hiphi.ubbcluj.ro\/SD_ICC\/wp-json\/wp\/v2\/media?parent=210"}],"curies":[{"name":"wp","href":"https:\/\/api.w.org\/{rel}","templated":true}]}}