{"id":207,"date":"2021-08-27T15:37:25","date_gmt":"2021-08-27T15:37:25","guid":{"rendered":"http:\/\/hiphi.ubbcluj.ro\/SD_ICC_nou\/?page_id=207"},"modified":"2024-04-19T07:29:54","modified_gmt":"2024-04-19T07:29:54","slug":"anul-2021-2022","status":"publish","type":"page","link":"https:\/\/hiphi.ubbcluj.ro\/SD_ICC\/evenimente\/anul-2021-2022\/","title":{"rendered":"Anul 2021-2022"},"content":{"rendered":"\n<div class=\"wp-block-media-text alignwide is-stacked-on-mobile\" style=\"grid-template-columns:40% auto\"><figure class=\"wp-block-media-text__media\"><img fetchpriority=\"high\" decoding=\"async\" width=\"724\" height=\"1024\" src=\"http:\/\/hiphi.ubbcluj.ro\/SD_ICC\/wp-content\/uploads\/2022\/05\/Afis-phD-21.05.2022-724x1024.jpg\" alt=\"\" class=\"wp-image-1263 size-full\" srcset=\"https:\/\/hiphi.ubbcluj.ro\/SD_ICC\/wp-content\/uploads\/2022\/05\/Afis-phD-21.05.2022-724x1024.jpg 724w, https:\/\/hiphi.ubbcluj.ro\/SD_ICC\/wp-content\/uploads\/2022\/05\/Afis-phD-21.05.2022-212x300.jpg 212w, https:\/\/hiphi.ubbcluj.ro\/SD_ICC\/wp-content\/uploads\/2022\/05\/Afis-phD-21.05.2022-768x1086.jpg 768w\" sizes=\"(max-width: 724px) 100vw, 724px\" \/><\/figure><div class=\"wp-block-media-text__content\">\n<p>Atelier In memoriam Alexandru Diaconescu<br><br><em><strong>Antichit\u0103\u021bi preromane \u0219i romane. Arheologie \u0219i istoriografie<\/strong><\/em><br><br>26-27 mai 2022<\/p>\n\n\n\n<p><br>Programul atelierului <a href=\"https:\/\/hiphi.ubbcluj.ro\/SD_ICC\/wp-content\/uploads\/2022\/05\/Program-final-26-27-mai-ultima-versiune.pdf\">AICI<\/a><\/p>\n<\/div><\/div>\n\n\n\n<div class=\"wp-block-media-text alignwide is-stacked-on-mobile\" style=\"grid-template-columns:40% auto\"><figure class=\"wp-block-media-text__media\"><img decoding=\"async\" width=\"768\" height=\"1024\" src=\"http:\/\/hiphi.ubbcluj.ro\/SD_ICC\/wp-content\/uploads\/2022\/05\/Poster_Preaching_2022_page-0001-768x1024.jpg\" alt=\"\" class=\"wp-image-1247 size-full\" srcset=\"https:\/\/hiphi.ubbcluj.ro\/SD_ICC\/wp-content\/uploads\/2022\/05\/Poster_Preaching_2022_page-0001-768x1024.jpg 768w, https:\/\/hiphi.ubbcluj.ro\/SD_ICC\/wp-content\/uploads\/2022\/05\/Poster_Preaching_2022_page-0001-225x300.jpg 225w, https:\/\/hiphi.ubbcluj.ro\/SD_ICC\/wp-content\/uploads\/2022\/05\/Poster_Preaching_2022_page-0001.jpg 1575w\" sizes=\"(max-width: 768px) 100vw, 768px\" \/><\/figure><div class=\"wp-block-media-text__content\">\n<p>Atelier<br><br><strong><em>Preaching In Liminal Areas Of Medieval Western Christianity. Similarities, Connections, Contrasts.<\/em><\/strong><br>Organizatori: Adinel Dinc\u0103 \u0219i Lidia Negoi<br><br>20-21 mai 2022<\/p>\n\n\n\n<p><br>Programul atelierului <a href=\"https:\/\/hiphi.ubbcluj.ro\/SD_ICC\/wp-content\/uploads\/2022\/05\/Programme_Preaching_2022.pdf\">AICI<\/a><\/p>\n<\/div><\/div>\n\n\n\n<div class=\"wp-block-media-text alignwide is-stacked-on-mobile\" style=\"grid-template-columns:40% auto\"><figure class=\"wp-block-media-text__media\"><img decoding=\"async\" width=\"717\" height=\"1024\" src=\"http:\/\/hiphi.ubbcluj.ro\/SD_ICC\/wp-content\/uploads\/2022\/05\/Zoltan-1-2-717x1024.jpg\" alt=\"\" class=\"wp-image-1237 size-full\" srcset=\"https:\/\/hiphi.ubbcluj.ro\/SD_ICC\/wp-content\/uploads\/2022\/05\/Zoltan-1-2-717x1024.jpg 717w, https:\/\/hiphi.ubbcluj.ro\/SD_ICC\/wp-content\/uploads\/2022\/05\/Zoltan-1-2-210x300.jpg 210w, https:\/\/hiphi.ubbcluj.ro\/SD_ICC\/wp-content\/uploads\/2022\/05\/Zoltan-1-2-768x1097.jpg 768w, https:\/\/hiphi.ubbcluj.ro\/SD_ICC\/wp-content\/uploads\/2022\/05\/Zoltan-1-2.jpg 1575w\" sizes=\"(max-width: 717px) 100vw, 717px\" \/><\/figure><div class=\"wp-block-media-text__content\">\n<p>Ex-Cathedra: Prelegerile \u015ecolii Doctorale<br><br><strong><em>Rena\u0219terea sociologiei rom\u00e2ne\u0219ti dup\u0103 Primul R\u0103zboi Mondial \u00een context central-est-european. O abordare comparativ\u0103.<\/em><\/strong><br><br>13 mai 2022<\/p>\n<\/div><\/div>\n\n\n\n<div class=\"wp-block-media-text alignwide is-stacked-on-mobile\" style=\"grid-template-columns:40% auto\"><figure class=\"wp-block-media-text__media\"><img loading=\"lazy\" decoding=\"async\" width=\"717\" height=\"1024\" src=\"http:\/\/hiphi.ubbcluj.ro\/SD_ICC\/wp-content\/uploads\/2022\/04\/Afis-Albert-8-apr-2-717x1024.jpg\" alt=\"\" class=\"wp-image-1226 size-full\" srcset=\"https:\/\/hiphi.ubbcluj.ro\/SD_ICC\/wp-content\/uploads\/2022\/04\/Afis-Albert-8-apr-2-717x1024.jpg 717w, https:\/\/hiphi.ubbcluj.ro\/SD_ICC\/wp-content\/uploads\/2022\/04\/Afis-Albert-8-apr-2-210x300.jpg 210w, https:\/\/hiphi.ubbcluj.ro\/SD_ICC\/wp-content\/uploads\/2022\/04\/Afis-Albert-8-apr-2-768x1097.jpg 768w\" sizes=\"(max-width: 717px) 100vw, 717px\" \/><\/figure><div class=\"wp-block-media-text__content\">\n<p>Ex-Cathedra: Prelegerile \u015ecolii Doctorale<br><br><strong><em>Vlad \u021aepes Dr\u0103culea (1431-1476). Analiz\u0103 epistemic\u0103 a biografiei \u0219i tradi\u021biei narative.<\/em><\/strong><br><br>8 aprilie 2022<\/p>\n<\/div><\/div>\n\n\n\n<div class=\"wp-block-media-text alignwide is-stacked-on-mobile\" style=\"grid-template-columns:40% auto\"><figure class=\"wp-block-media-text__media\"><img loading=\"lazy\" decoding=\"async\" width=\"717\" height=\"1024\" src=\"https:\/\/hiphi.ubbcluj.ro\/SD_ICC\/wp-content\/uploads\/2023\/06\/Afis-Sophie-Krausz-25-mar-717x1024.jpg\" alt=\"\" class=\"wp-image-1802 size-full\" srcset=\"https:\/\/hiphi.ubbcluj.ro\/SD_ICC\/wp-content\/uploads\/2023\/06\/Afis-Sophie-Krausz-25-mar-717x1024.jpg 717w, https:\/\/hiphi.ubbcluj.ro\/SD_ICC\/wp-content\/uploads\/2023\/06\/Afis-Sophie-Krausz-25-mar-210x300.jpg 210w, https:\/\/hiphi.ubbcluj.ro\/SD_ICC\/wp-content\/uploads\/2023\/06\/Afis-Sophie-Krausz-25-mar-768x1097.jpg 768w, https:\/\/hiphi.ubbcluj.ro\/SD_ICC\/wp-content\/uploads\/2023\/06\/Afis-Sophie-Krausz-25-mar-1075x1536.jpg 1075w, https:\/\/hiphi.ubbcluj.ro\/SD_ICC\/wp-content\/uploads\/2023\/06\/Afis-Sophie-Krausz-25-mar-1434x2048.jpg 1434w, https:\/\/hiphi.ubbcluj.ro\/SD_ICC\/wp-content\/uploads\/2023\/06\/Afis-Sophie-Krausz-25-mar-scaled.jpg 1792w\" sizes=\"(max-width: 717px) 100vw, 717px\" \/><\/figure><div class=\"wp-block-media-text__content\">\n<p>Ex-Cathedra: Prelegerile \u015ecolii Doctorale<br><br><em><strong>The Militarization of the Iron Age Celtic Societies: the Role of the Ramparts of the Oppida<\/strong>.<\/em><br><br>25 martie 2022<br><\/p>\n\n\n\n<p>Rezumat\/Abstract AICI<\/p>\n<\/div><\/div>\n\n\n\n<div class=\"wp-block-media-text alignwide is-stacked-on-mobile\" style=\"grid-template-columns:40% auto\"><figure class=\"wp-block-media-text__media\"><img loading=\"lazy\" decoding=\"async\" width=\"725\" height=\"1024\" src=\"http:\/\/hiphi.ubbcluj.ro\/SD_ICC\/wp-content\/uploads\/2021\/11\/Afis-phD-07.11.2021_page-0001-1-725x1024.jpg\" alt=\"\" class=\"wp-image-996 size-full\" srcset=\"https:\/\/hiphi.ubbcluj.ro\/SD_ICC\/wp-content\/uploads\/2021\/11\/Afis-phD-07.11.2021_page-0001-1-725x1024.jpg 725w, https:\/\/hiphi.ubbcluj.ro\/SD_ICC\/wp-content\/uploads\/2021\/11\/Afis-phD-07.11.2021_page-0001-1-212x300.jpg 212w, https:\/\/hiphi.ubbcluj.ro\/SD_ICC\/wp-content\/uploads\/2021\/11\/Afis-phD-07.11.2021_page-0001-1-768x1085.jpg 768w, https:\/\/hiphi.ubbcluj.ro\/SD_ICC\/wp-content\/uploads\/2021\/11\/Afis-phD-07.11.2021_page-0001-1.jpg 1241w\" sizes=\"(max-width: 725px) 100vw, 725px\" \/><\/figure><div class=\"wp-block-media-text__content\">\n<p>Conferin\u0163a interna\u021bional\u0103 a doctoranzilor \u00een istorie<br>International conference of the graduate students in history<br><br><em><strong>Vechi \u0219i nou \u00een cercetarea istoric\u0103: surse, metode interpret\u0103ri<\/strong> \/ <strong>Old and new in historical research: sources, methods, approaches<\/strong><\/em><br><br>12-13 noiembrie 2021<\/p>\n\n\n\n<p><br>Programul conferin\u021bei <a href=\"https:\/\/hiphi.ubbcluj.ro\/SD_ICC\/wp-content\/uploads\/2021\/11\/Program_SDICC_2021.pdf\" target=\"_blank\" rel=\"noreferrer noopener\">AICI<\/a><br>Rezumate ale lucr\u0103rilor participan\u021bilor <a href=\"https:\/\/hiphi.ubbcluj.ro\/SD_ICC\/wp-content\/uploads\/2021\/11\/Rezumate_conferinta_2021.pdf\" target=\"_blank\" rel=\"noreferrer noopener\">AICI<\/a><br><\/p>\n<\/div><\/div>\n\n\n\n<div class=\"wp-block-media-text alignwide is-stacked-on-mobile\" style=\"grid-template-columns:40% auto\"><figure class=\"wp-block-media-text__media\"><img loading=\"lazy\" decoding=\"async\" width=\"724\" height=\"1024\" src=\"http:\/\/hiphi.ubbcluj.ro\/SD_ICC\/wp-content\/uploads\/2021\/12\/Afis-Adinel-10-dec-1-724x1024.jpg\" alt=\"\" class=\"wp-image-1084 size-full\" srcset=\"https:\/\/hiphi.ubbcluj.ro\/SD_ICC\/wp-content\/uploads\/2021\/12\/Afis-Adinel-10-dec-1-724x1024.jpg 724w, https:\/\/hiphi.ubbcluj.ro\/SD_ICC\/wp-content\/uploads\/2021\/12\/Afis-Adinel-10-dec-1-212x300.jpg 212w, https:\/\/hiphi.ubbcluj.ro\/SD_ICC\/wp-content\/uploads\/2021\/12\/Afis-Adinel-10-dec-1-768x1086.jpg 768w, https:\/\/hiphi.ubbcluj.ro\/SD_ICC\/wp-content\/uploads\/2021\/12\/Afis-Adinel-10-dec-1.jpg 1241w\" sizes=\"(max-width: 724px) 100vw, 724px\" \/><\/figure><div class=\"wp-block-media-text__content\">\n<p>Ex-Cathedra: Prelegerile \u015ecolii doctorale<br><br><strong><em>Ad fontes sau ultra fontes &#8211; Despre locul istoriei scrierii \u00een medievistica din Transilvania<\/em><\/strong><br><br>10 decembrie 2021<\/p>\n<\/div><\/div>\n\n\n\n<div class=\"wp-block-media-text alignwide is-stacked-on-mobile\" style=\"grid-template-columns:40% auto\"><figure class=\"wp-block-media-text__media\"><img loading=\"lazy\" decoding=\"async\" width=\"717\" height=\"1024\" src=\"https:\/\/hiphi.ubbcluj.ro\/SD_ICC\/wp-content\/uploads\/2023\/06\/Afis_Florin-Gogaltan-14-ian-717x1024.jpg\" alt=\"\" class=\"wp-image-1804 size-full\" srcset=\"https:\/\/hiphi.ubbcluj.ro\/SD_ICC\/wp-content\/uploads\/2023\/06\/Afis_Florin-Gogaltan-14-ian-717x1024.jpg 717w, https:\/\/hiphi.ubbcluj.ro\/SD_ICC\/wp-content\/uploads\/2023\/06\/Afis_Florin-Gogaltan-14-ian-210x300.jpg 210w, https:\/\/hiphi.ubbcluj.ro\/SD_ICC\/wp-content\/uploads\/2023\/06\/Afis_Florin-Gogaltan-14-ian-768x1097.jpg 768w, https:\/\/hiphi.ubbcluj.ro\/SD_ICC\/wp-content\/uploads\/2023\/06\/Afis_Florin-Gogaltan-14-ian-1075x1536.jpg 1075w, https:\/\/hiphi.ubbcluj.ro\/SD_ICC\/wp-content\/uploads\/2023\/06\/Afis_Florin-Gogaltan-14-ian-1434x2048.jpg 1434w, https:\/\/hiphi.ubbcluj.ro\/SD_ICC\/wp-content\/uploads\/2023\/06\/Afis_Florin-Gogaltan-14-ian-scaled.jpg 1792w\" sizes=\"(max-width: 717px) 100vw, 717px\" \/><\/figure><div class=\"wp-block-media-text__content\">\n<p>Ex-Cathedra: Prelegerile \u015ecolii doctorale<br><br><strong><em>Straturi de via\u021b\u0103: Arheologia istoric\u0103. Realit\u0103\u021bi \u0219i perspective<\/em><\/strong><br><br>14 ianuarie 2022<\/p>\n<\/div><\/div>\n\n\n\n<div class=\"wp-block-media-text alignwide is-stacked-on-mobile\" style=\"grid-template-columns:40% auto\"><figure class=\"wp-block-media-text__media\"><img loading=\"lazy\" decoding=\"async\" width=\"768\" height=\"1024\" src=\"http:\/\/hiphi.ubbcluj.ro\/SD_ICC\/wp-content\/uploads\/2022\/02\/Eduard-Nemeth-25-feb-1-1-1-2-768x1024.jpg\" alt=\"\" class=\"wp-image-1178 size-full\" srcset=\"https:\/\/hiphi.ubbcluj.ro\/SD_ICC\/wp-content\/uploads\/2022\/02\/Eduard-Nemeth-25-feb-1-1-1-2-768x1024.jpg 768w, https:\/\/hiphi.ubbcluj.ro\/SD_ICC\/wp-content\/uploads\/2022\/02\/Eduard-Nemeth-25-feb-1-1-1-2-225x300.jpg 225w\" sizes=\"(max-width: 768px) 100vw, 768px\" \/><\/figure><div class=\"wp-block-media-text__content\">\n<p>Ex-Cathedra: Prelegerile \u015ecolii doctorale<br><br><em><strong>Activit\u0103\u021bi militare la grani\u021ba de vest a Daciei romane<\/strong><\/em><br><br>25 februarie 2022<\/p>\n<\/div><\/div>\n","protected":false},"excerpt":{"rendered":"<p>Atelier In memoriam Alexandru Diaconescu Antichit\u0103\u021bi preromane \u0219i romane. Arheologie \u0219i istoriografie 26-27 mai 2022 Programul atelierului AICI Atelier Preaching In Liminal Areas Of Medieval Western Christianity. Similarities, Connections, Contrasts.Organizatori: Adinel Dinc\u0103 \u0219i Lidia Negoi 20-21 mai 2022 Programul atelierului AICI Ex-Cathedra: Prelegerile \u015ecolii Doctorale Rena\u0219terea sociologiei rom\u00e2ne\u0219ti dup\u0103 Primul R\u0103zboi Mondial \u00een context central-est-european. &hellip; <\/p>\n<p class=\"link-more\"><a href=\"https:\/\/hiphi.ubbcluj.ro\/SD_ICC\/evenimente\/anul-2021-2022\/\" class=\"more-link\">Cite\u0219te mai multe<span class=\"screen-reader-text\">\u201eAnul 2021-2022\u201d<\/span><\/a><\/p>\n","protected":false},"author":1,"featured_media":0,"parent":22,"menu_order":2,"comment_status":"closed","ping_status":"closed","template":"","meta":{"_inspiro_hide_title":false,"footnotes":""},"class_list":["post-207","page","type-page","status-publish","hentry"],"_links":{"self":[{"href":"https:\/\/hiphi.ubbcluj.ro\/SD_ICC\/wp-json\/wp\/v2\/pages\/207","targetHints":{"allow":["GET"]}}],"collection":[{"href":"https:\/\/hiphi.ubbcluj.ro\/SD_ICC\/wp-json\/wp\/v2\/pages"}],"about":[{"href":"https:\/\/hiphi.ubbcluj.ro\/SD_ICC\/wp-json\/wp\/v2\/types\/page"}],"author":[{"embeddable":true,"href":"https:\/\/hiphi.ubbcluj.ro\/SD_ICC\/wp-json\/wp\/v2\/users\/1"}],"replies":[{"embeddable":true,"href":"https:\/\/hiphi.ubbcluj.ro\/SD_ICC\/wp-json\/wp\/v2\/comments?post=207"}],"version-history":[{"count":38,"href":"https:\/\/hiphi.ubbcluj.ro\/SD_ICC\/wp-json\/wp\/v2\/pages\/207\/revisions"}],"predecessor-version":[{"id":2018,"href":"https:\/\/hiphi.ubbcluj.ro\/SD_ICC\/wp-json\/wp\/v2\/pages\/207\/revisions\/2018"}],"up":[{"embeddable":true,"href":"https:\/\/hiphi.ubbcluj.ro\/SD_ICC\/wp-json\/wp\/v2\/pages\/22"}],"wp:attachment":[{"href":"https:\/\/hiphi.ubbcluj.ro\/SD_ICC\/wp-json\/wp\/v2\/media?parent=207"}],"curies":[{"name":"wp","href":"https:\/\/api.w.org\/{rel}","templated":true}]}}