{"id":202,"date":"2021-08-27T15:31:44","date_gmt":"2021-08-27T15:31:44","guid":{"rendered":"http:\/\/hiphi.ubbcluj.ro\/SD_ICC_nou\/?page_id=202"},"modified":"2024-04-19T06:38:45","modified_gmt":"2024-04-19T06:38:45","slug":"anul-2018-2019","status":"publish","type":"page","link":"https:\/\/hiphi.ubbcluj.ro\/SD_ICC\/evenimente\/anul-2018-2019\/","title":{"rendered":"Anul 2018-2019"},"content":{"rendered":"\n<div class=\"wp-block-media-text alignwide is-stacked-on-mobile\" style=\"grid-template-columns:40% auto\"><figure class=\"wp-block-media-text__media\"><img fetchpriority=\"high\" decoding=\"async\" width=\"1754\" height=\"2481\" src=\"http:\/\/hiphi.ubbcluj.ro\/SD_ICC\/wp-content\/uploads\/2021\/09\/Confe_SDICC_2018_page-0001.jpg\" alt=\"\" class=\"wp-image-299 size-full\" srcset=\"https:\/\/hiphi.ubbcluj.ro\/SD_ICC\/wp-content\/uploads\/2021\/09\/Confe_SDICC_2018_page-0001.jpg 1754w, https:\/\/hiphi.ubbcluj.ro\/SD_ICC\/wp-content\/uploads\/2021\/09\/Confe_SDICC_2018_page-0001-212x300.jpg 212w, https:\/\/hiphi.ubbcluj.ro\/SD_ICC\/wp-content\/uploads\/2021\/09\/Confe_SDICC_2018_page-0001-768x1086.jpg 768w, https:\/\/hiphi.ubbcluj.ro\/SD_ICC\/wp-content\/uploads\/2021\/09\/Confe_SDICC_2018_page-0001-724x1024.jpg 724w\" sizes=\"(max-width: 1754px) 100vw, 1754px\" \/><\/figure><div class=\"wp-block-media-text__content\">\n<p>Conferin\u0163a doctoranzilor \u00een istorie, edi\u021bia a XIII-a<br><strong><em>Tinerii \u015fi noile provoc\u0103ri istoriografice Abord\u0103ri. Concepte. Surse<\/em><\/strong><br>21-22 septembrie 2018<\/p>\n\n\n\n<p>Programul conferin\u021bei AICI<\/p>\n<\/div><\/div>\n\n\n\n<div class=\"wp-block-media-text alignwide is-stacked-on-mobile\" style=\"grid-template-columns:40% auto\"><figure class=\"wp-block-media-text__media\"><img decoding=\"async\" width=\"1241\" height=\"1754\" src=\"http:\/\/hiphi.ubbcluj.ro\/SD_ICC\/wp-content\/uploads\/2021\/09\/Prelegeri_SDICC_oct-2018_page-0001.jpg\" alt=\"\" class=\"wp-image-298 size-full\" srcset=\"https:\/\/hiphi.ubbcluj.ro\/SD_ICC\/wp-content\/uploads\/2021\/09\/Prelegeri_SDICC_oct-2018_page-0001.jpg 1241w, https:\/\/hiphi.ubbcluj.ro\/SD_ICC\/wp-content\/uploads\/2021\/09\/Prelegeri_SDICC_oct-2018_page-0001-212x300.jpg 212w, https:\/\/hiphi.ubbcluj.ro\/SD_ICC\/wp-content\/uploads\/2021\/09\/Prelegeri_SDICC_oct-2018_page-0001-768x1085.jpg 768w, https:\/\/hiphi.ubbcluj.ro\/SD_ICC\/wp-content\/uploads\/2021\/09\/Prelegeri_SDICC_oct-2018_page-0001-725x1024.jpg 725w\" sizes=\"(max-width: 1241px) 100vw, 1241px\" \/><\/figure><div class=\"wp-block-media-text__content\">\n<p>Ex-Cathedra: Prelegerile \u0218colii doctorale<br><strong><em>Istoria \u015fi memoria represiunilor staliniste \u00een Basarabia: Experien\u0163a unui proiect de cercetare<\/em><\/strong><br>26 octombrie 2018<\/p>\n<\/div><\/div>\n\n\n\n<div class=\"wp-block-media-text alignwide is-stacked-on-mobile\" style=\"grid-template-columns:40% auto\"><figure class=\"wp-block-media-text__media\"><img decoding=\"async\" width=\"1241\" height=\"1755\" src=\"http:\/\/hiphi.ubbcluj.ro\/SD_ICC\/wp-content\/uploads\/2021\/09\/Razboiul-Crimeii_page-0001.jpg\" alt=\"\" class=\"wp-image-300 size-full\" srcset=\"https:\/\/hiphi.ubbcluj.ro\/SD_ICC\/wp-content\/uploads\/2021\/09\/Razboiul-Crimeii_page-0001.jpg 1241w, https:\/\/hiphi.ubbcluj.ro\/SD_ICC\/wp-content\/uploads\/2021\/09\/Razboiul-Crimeii_page-0001-212x300.jpg 212w, https:\/\/hiphi.ubbcluj.ro\/SD_ICC\/wp-content\/uploads\/2021\/09\/Razboiul-Crimeii_page-0001-768x1086.jpg 768w, https:\/\/hiphi.ubbcluj.ro\/SD_ICC\/wp-content\/uploads\/2021\/09\/Razboiul-Crimeii_page-0001-724x1024.jpg 724w\" sizes=\"(max-width: 1241px) 100vw, 1241px\" \/><\/figure><div class=\"wp-block-media-text__content\">\n<p>Ex-Cathedra: Prelegerile \u0218colii doctorale<br><strong><em>Exila\u0163ii pa\u015fopti\u015fti rom\u00e2ni \u015fi R\u0103zboiul Crimeii (1853-1856): de la contextul emo\u0163ional la strategiile de ac\u0163iune<\/em><\/strong><br>22 februarie 2019<\/p>\n<\/div><\/div>\n\n\n\n<div class=\"wp-block-media-text alignwide is-stacked-on-mobile\" style=\"grid-template-columns:40% auto\"><figure class=\"wp-block-media-text__media\"><img loading=\"lazy\" decoding=\"async\" width=\"1241\" height=\"1754\" src=\"http:\/\/hiphi.ubbcluj.ro\/SD_ICC\/wp-content\/uploads\/2021\/09\/Andrei-Bodor_Istoriografia-antichitatii_page-0001.jpg\" alt=\"\" class=\"wp-image-301 size-full\" srcset=\"https:\/\/hiphi.ubbcluj.ro\/SD_ICC\/wp-content\/uploads\/2021\/09\/Andrei-Bodor_Istoriografia-antichitatii_page-0001.jpg 1241w, https:\/\/hiphi.ubbcluj.ro\/SD_ICC\/wp-content\/uploads\/2021\/09\/Andrei-Bodor_Istoriografia-antichitatii_page-0001-212x300.jpg 212w, https:\/\/hiphi.ubbcluj.ro\/SD_ICC\/wp-content\/uploads\/2021\/09\/Andrei-Bodor_Istoriografia-antichitatii_page-0001-768x1085.jpg 768w, https:\/\/hiphi.ubbcluj.ro\/SD_ICC\/wp-content\/uploads\/2021\/09\/Andrei-Bodor_Istoriografia-antichitatii_page-0001-725x1024.jpg 725w\" sizes=\"(max-width: 1241px) 100vw, 1241px\" \/><\/figure><div class=\"wp-block-media-text__content\">\n<p>Ex-Cathedra: Prelegerile \u0218colii doctorale<br><strong><em>Andrei Bodor \u015fi istoriografia antichit\u0103\u0163ii din Transilvania<\/em><\/strong><br>8 martie 2019<\/p>\n<\/div><\/div>\n\n\n\n<div class=\"wp-block-media-text alignwide is-stacked-on-mobile\" style=\"grid-template-columns:40% auto\"><figure class=\"wp-block-media-text__media\"><img loading=\"lazy\" decoding=\"async\" width=\"725\" height=\"1024\" src=\"http:\/\/hiphi.ubbcluj.ro\/SD_ICC\/wp-content\/uploads\/2021\/09\/Atelier_Razboiul-in-istorie_page-0001-725x1024.jpg\" alt=\"\" class=\"wp-image-302 size-full\" srcset=\"https:\/\/hiphi.ubbcluj.ro\/SD_ICC\/wp-content\/uploads\/2021\/09\/Atelier_Razboiul-in-istorie_page-0001-725x1024.jpg 725w, https:\/\/hiphi.ubbcluj.ro\/SD_ICC\/wp-content\/uploads\/2021\/09\/Atelier_Razboiul-in-istorie_page-0001-212x300.jpg 212w, https:\/\/hiphi.ubbcluj.ro\/SD_ICC\/wp-content\/uploads\/2021\/09\/Atelier_Razboiul-in-istorie_page-0001-768x1085.jpg 768w, https:\/\/hiphi.ubbcluj.ro\/SD_ICC\/wp-content\/uploads\/2021\/09\/Atelier_Razboiul-in-istorie_page-0001.jpg 1241w\" sizes=\"(max-width: 725px) 100vw, 725px\" \/><\/figure><div class=\"wp-block-media-text__content\">\n<p>Atelier<br><strong><em>R\u0103zboiul \u00een istorie: cercet\u0103ri \u015fi perspective actuale<\/em><\/strong><br>21 martie 2019<\/p>\n<\/div><\/div>\n\n\n\n<div class=\"wp-block-media-text alignwide is-stacked-on-mobile\" style=\"grid-template-columns:40% auto\"><figure class=\"wp-block-media-text__media\"><img loading=\"lazy\" decoding=\"async\" width=\"1754\" height=\"2481\" src=\"http:\/\/hiphi.ubbcluj.ro\/SD_ICC\/wp-content\/uploads\/2021\/09\/Prelegeri_SDICC_apr-2019_page-0001.jpg\" alt=\"\" class=\"wp-image-303 size-full\" srcset=\"https:\/\/hiphi.ubbcluj.ro\/SD_ICC\/wp-content\/uploads\/2021\/09\/Prelegeri_SDICC_apr-2019_page-0001.jpg 1754w, https:\/\/hiphi.ubbcluj.ro\/SD_ICC\/wp-content\/uploads\/2021\/09\/Prelegeri_SDICC_apr-2019_page-0001-212x300.jpg 212w, https:\/\/hiphi.ubbcluj.ro\/SD_ICC\/wp-content\/uploads\/2021\/09\/Prelegeri_SDICC_apr-2019_page-0001-768x1086.jpg 768w, https:\/\/hiphi.ubbcluj.ro\/SD_ICC\/wp-content\/uploads\/2021\/09\/Prelegeri_SDICC_apr-2019_page-0001-724x1024.jpg 724w\" sizes=\"(max-width: 1754px) 100vw, 1754px\" \/><\/figure><div class=\"wp-block-media-text__content\">\n<p>Ex-Cathedra: Prelegerile \u015ecolii doctorale<br><strong><em>Trei prelegeri ale unor distin\u015fi cercet\u0103tori de la Budapesta<\/em><\/strong><br>5 aprilie 2019<\/p>\n<\/div><\/div>\n\n\n\n<div class=\"wp-block-media-text alignwide is-stacked-on-mobile\" style=\"grid-template-columns:40% auto\"><figure class=\"wp-block-media-text__media\"><img loading=\"lazy\" decoding=\"async\" width=\"1754\" height=\"2481\" src=\"http:\/\/hiphi.ubbcluj.ro\/SD_ICC\/wp-content\/uploads\/2021\/09\/Prelegere_Toader-Nicoara_page-0001.jpg\" alt=\"\" class=\"wp-image-304 size-full\" srcset=\"https:\/\/hiphi.ubbcluj.ro\/SD_ICC\/wp-content\/uploads\/2021\/09\/Prelegere_Toader-Nicoara_page-0001.jpg 1754w, https:\/\/hiphi.ubbcluj.ro\/SD_ICC\/wp-content\/uploads\/2021\/09\/Prelegere_Toader-Nicoara_page-0001-212x300.jpg 212w, https:\/\/hiphi.ubbcluj.ro\/SD_ICC\/wp-content\/uploads\/2021\/09\/Prelegere_Toader-Nicoara_page-0001-768x1086.jpg 768w, https:\/\/hiphi.ubbcluj.ro\/SD_ICC\/wp-content\/uploads\/2021\/09\/Prelegere_Toader-Nicoara_page-0001-724x1024.jpg 724w\" sizes=\"(max-width: 1754px) 100vw, 1754px\" \/><\/figure><div class=\"wp-block-media-text__content\">\n<p>Ex-Cathedra: Prelegerile \u015ecolii doctorale<br><strong><em>O \u201ecercetare critic\u0103\u201d asupra istoriografiei rom\u00e2ne de azi: plagiat, auto-plagiat \u015fi alte \u201emaladii\u201d \u00een cercetarea istoric\u0103 contemporan\u0103<\/em><\/strong><br>12 aprilie 2019<\/p>\n<\/div><\/div>\n\n\n\n<div class=\"wp-block-media-text alignwide is-stacked-on-mobile\" style=\"grid-template-columns:40% auto\"><figure class=\"wp-block-media-text__media\"><img loading=\"lazy\" decoding=\"async\" width=\"1241\" height=\"1755\" src=\"http:\/\/hiphi.ubbcluj.ro\/SD_ICC\/wp-content\/uploads\/2021\/09\/Lansare_Sibiul_page-0001.jpg\" alt=\"\" class=\"wp-image-305 size-full\" srcset=\"https:\/\/hiphi.ubbcluj.ro\/SD_ICC\/wp-content\/uploads\/2021\/09\/Lansare_Sibiul_page-0001.jpg 1241w, https:\/\/hiphi.ubbcluj.ro\/SD_ICC\/wp-content\/uploads\/2021\/09\/Lansare_Sibiul_page-0001-212x300.jpg 212w, https:\/\/hiphi.ubbcluj.ro\/SD_ICC\/wp-content\/uploads\/2021\/09\/Lansare_Sibiul_page-0001-768x1086.jpg 768w, https:\/\/hiphi.ubbcluj.ro\/SD_ICC\/wp-content\/uploads\/2021\/09\/Lansare_Sibiul_page-0001-724x1024.jpg 724w\" sizes=\"(max-width: 1241px) 100vw, 1241px\" \/><\/figure><div class=\"wp-block-media-text__content\">\n<p>Ex-Cathedra: Prelegerile \u015ecolii doctorale<em><br><strong>Buna guvernare &#8211; gute Policey la Sibiu \u00een secolul XVI<\/strong><\/em><br>16 aprilie 2019<\/p>\n<\/div><\/div>\n\n\n\n<div class=\"wp-block-media-text alignwide is-stacked-on-mobile\" style=\"grid-template-columns:40% auto\"><figure class=\"wp-block-media-text__media\"><img loading=\"lazy\" decoding=\"async\" width=\"1241\" height=\"1755\" src=\"http:\/\/hiphi.ubbcluj.ro\/SD_ICC\/wp-content\/uploads\/2021\/09\/Josef-Wolf_Identitati-multiple_page-0001.jpg\" alt=\"\" class=\"wp-image-306 size-full\" srcset=\"https:\/\/hiphi.ubbcluj.ro\/SD_ICC\/wp-content\/uploads\/2021\/09\/Josef-Wolf_Identitati-multiple_page-0001.jpg 1241w, https:\/\/hiphi.ubbcluj.ro\/SD_ICC\/wp-content\/uploads\/2021\/09\/Josef-Wolf_Identitati-multiple_page-0001-212x300.jpg 212w, https:\/\/hiphi.ubbcluj.ro\/SD_ICC\/wp-content\/uploads\/2021\/09\/Josef-Wolf_Identitati-multiple_page-0001-768x1086.jpg 768w, https:\/\/hiphi.ubbcluj.ro\/SD_ICC\/wp-content\/uploads\/2021\/09\/Josef-Wolf_Identitati-multiple_page-0001-724x1024.jpg 724w\" sizes=\"(max-width: 1241px) 100vw, 1241px\" \/><\/figure><div class=\"wp-block-media-text__content\">\n<p>Ex-Cathedra: Prelegerile \u015ecolii doctorale<strong><br><em>Identit\u0103\u0163i \u015fi loialit\u0103\u0163i multiple. Minorit\u0103\u0163ile germane din Europa de sud-est \u00een perioada 1918-1950<\/em><\/strong><br>8 mai 2019<\/p>\n<\/div><\/div>\n\n\n\n<div class=\"wp-block-media-text alignwide is-stacked-on-mobile\" style=\"grid-template-columns:40% auto\"><figure class=\"wp-block-media-text__media\"><img loading=\"lazy\" decoding=\"async\" width=\"1241\" height=\"1755\" src=\"http:\/\/hiphi.ubbcluj.ro\/SD_ICC\/wp-content\/uploads\/2021\/09\/Josef-Wolf_Hartile-etnice_page-0001.jpg\" alt=\"\" class=\"wp-image-307 size-full\" srcset=\"https:\/\/hiphi.ubbcluj.ro\/SD_ICC\/wp-content\/uploads\/2021\/09\/Josef-Wolf_Hartile-etnice_page-0001.jpg 1241w, https:\/\/hiphi.ubbcluj.ro\/SD_ICC\/wp-content\/uploads\/2021\/09\/Josef-Wolf_Hartile-etnice_page-0001-212x300.jpg 212w, https:\/\/hiphi.ubbcluj.ro\/SD_ICC\/wp-content\/uploads\/2021\/09\/Josef-Wolf_Hartile-etnice_page-0001-768x1086.jpg 768w, https:\/\/hiphi.ubbcluj.ro\/SD_ICC\/wp-content\/uploads\/2021\/09\/Josef-Wolf_Hartile-etnice_page-0001-724x1024.jpg 724w\" sizes=\"(max-width: 1241px) 100vw, 1241px\" \/><\/figure><div class=\"wp-block-media-text__content\">\n<p>Ex-Cathedra: Prelegerile \u015ecolii doctorale<strong><br><em>Demografie \u015fi politic\u0103 \u2013 h\u0103r\u0163ile etnice<\/em><\/strong><br>9 mai 2019<\/p>\n<\/div><\/div>\n\n\n\n<div class=\"wp-block-media-text alignwide is-stacked-on-mobile\" style=\"grid-template-columns:40% auto\"><figure class=\"wp-block-media-text__media\"><img loading=\"lazy\" decoding=\"async\" width=\"1241\" height=\"1755\" src=\"http:\/\/hiphi.ubbcluj.ro\/SD_ICC\/wp-content\/uploads\/2021\/09\/Josef-Wolf_Explorarea-periferiei_page-0001.jpg\" alt=\"\" class=\"wp-image-308 size-full\" srcset=\"https:\/\/hiphi.ubbcluj.ro\/SD_ICC\/wp-content\/uploads\/2021\/09\/Josef-Wolf_Explorarea-periferiei_page-0001.jpg 1241w, https:\/\/hiphi.ubbcluj.ro\/SD_ICC\/wp-content\/uploads\/2021\/09\/Josef-Wolf_Explorarea-periferiei_page-0001-212x300.jpg 212w, https:\/\/hiphi.ubbcluj.ro\/SD_ICC\/wp-content\/uploads\/2021\/09\/Josef-Wolf_Explorarea-periferiei_page-0001-768x1086.jpg 768w, https:\/\/hiphi.ubbcluj.ro\/SD_ICC\/wp-content\/uploads\/2021\/09\/Josef-Wolf_Explorarea-periferiei_page-0001-724x1024.jpg 724w\" sizes=\"(max-width: 1241px) 100vw, 1241px\" \/><\/figure><div class=\"wp-block-media-text__content\">\n<p>Ex-Cathedra: Prelegerile \u015ecolii doctorale<strong><br><em>Explorarea periferiei sud-estice a Imperiului habsburgic \u00een veacul al XVIII-lea. \u201eDescrierile \u0163\u0103rii\u201c \u015fi reprezentarea cartografic\u0103 a Transilvaniei \u015fi Banatului<\/em><\/strong><br>10 mai 2019<\/p>\n<\/div><\/div>\n\n\n\n<div class=\"wp-block-media-text alignwide is-stacked-on-mobile\" style=\"grid-template-columns:40% auto\"><figure class=\"wp-block-media-text__media\"><img loading=\"lazy\" decoding=\"async\" width=\"1241\" height=\"1755\" src=\"http:\/\/hiphi.ubbcluj.ro\/SD_ICC\/wp-content\/uploads\/2021\/09\/Prelegere_Elizabeth-Tingle_page-0001.jpg\" alt=\"\" class=\"wp-image-309 size-full\" srcset=\"https:\/\/hiphi.ubbcluj.ro\/SD_ICC\/wp-content\/uploads\/2021\/09\/Prelegere_Elizabeth-Tingle_page-0001.jpg 1241w, https:\/\/hiphi.ubbcluj.ro\/SD_ICC\/wp-content\/uploads\/2021\/09\/Prelegere_Elizabeth-Tingle_page-0001-212x300.jpg 212w, https:\/\/hiphi.ubbcluj.ro\/SD_ICC\/wp-content\/uploads\/2021\/09\/Prelegere_Elizabeth-Tingle_page-0001-768x1086.jpg 768w, https:\/\/hiphi.ubbcluj.ro\/SD_ICC\/wp-content\/uploads\/2021\/09\/Prelegere_Elizabeth-Tingle_page-0001-724x1024.jpg 724w\" sizes=\"(max-width: 1241px) 100vw, 1241px\" \/><\/figure><div class=\"wp-block-media-text__content\">\n<p>Ex-Cathedra: Prelegerile \u015ecolii doctorale<strong><br><em>Sacred Travel: Long-Distance Pilgrimage and the Counter-Reformation in North West Europe c. 1520 to 1750<\/em><\/strong><br>24 mai 2019<\/p>\n<\/div><\/div>\n\n\n\n<div class=\"wp-block-media-text alignwide is-stacked-on-mobile\" style=\"grid-template-columns:40% auto\"><figure class=\"wp-block-media-text__media\"><img loading=\"lazy\" decoding=\"async\" width=\"724\" height=\"1024\" src=\"http:\/\/hiphi.ubbcluj.ro\/SD_ICC\/wp-content\/uploads\/2021\/09\/Atelier_Travel-and-Travelers_page-0001-724x1024.jpg\" alt=\"\" class=\"wp-image-310 size-full\" srcset=\"https:\/\/hiphi.ubbcluj.ro\/SD_ICC\/wp-content\/uploads\/2021\/09\/Atelier_Travel-and-Travelers_page-0001-724x1024.jpg 724w, https:\/\/hiphi.ubbcluj.ro\/SD_ICC\/wp-content\/uploads\/2021\/09\/Atelier_Travel-and-Travelers_page-0001-212x300.jpg 212w, https:\/\/hiphi.ubbcluj.ro\/SD_ICC\/wp-content\/uploads\/2021\/09\/Atelier_Travel-and-Travelers_page-0001-768x1086.jpg 768w, https:\/\/hiphi.ubbcluj.ro\/SD_ICC\/wp-content\/uploads\/2021\/09\/Atelier_Travel-and-Travelers_page-0001.jpg 1754w\" sizes=\"(max-width: 724px) 100vw, 724px\" \/><\/figure><div class=\"wp-block-media-text__content\">\n<p>Atelier<br><strong><em>Travel and Travelers: population movements and cultural transfer<\/em><\/strong><br>24 mai 2019<\/p>\n\n\n\n<p>Bro\u0219ura atelierului <a rel=\"noreferrer noopener\" href=\"https:\/\/hiphi.ubbcluj.ro\/SD_ICC\/wp-content\/uploads\/2023\/06\/Program_Workshop_Travel_corectat.pdf\" target=\"_blank\">AICI<\/a><\/p>\n<\/div><\/div>\n","protected":false},"excerpt":{"rendered":"<p>Conferin\u0163a doctoranzilor \u00een istorie, edi\u021bia a XIII-aTinerii \u015fi noile provoc\u0103ri istoriografice Abord\u0103ri. Concepte. Surse21-22 septembrie 2018 Programul conferin\u021bei AICI Ex-Cathedra: Prelegerile \u0218colii doctoraleIstoria \u015fi memoria represiunilor staliniste \u00een Basarabia: Experien\u0163a unui proiect de cercetare26 octombrie 2018 Ex-Cathedra: Prelegerile \u0218colii doctoraleExila\u0163ii pa\u015fopti\u015fti rom\u00e2ni \u015fi R\u0103zboiul Crimeii (1853-1856): de la contextul emo\u0163ional la strategiile de ac\u0163iune22 februarie &hellip; <\/p>\n<p class=\"link-more\"><a href=\"https:\/\/hiphi.ubbcluj.ro\/SD_ICC\/evenimente\/anul-2018-2019\/\" class=\"more-link\">Cite\u0219te mai multe<span class=\"screen-reader-text\">\u201eAnul 2018-2019\u201d<\/span><\/a><\/p>\n","protected":false},"author":1,"featured_media":0,"parent":22,"menu_order":5,"comment_status":"closed","ping_status":"closed","template":"","meta":{"_inspiro_hide_title":false,"footnotes":""},"class_list":["post-202","page","type-page","status-publish","hentry"],"_links":{"self":[{"href":"https:\/\/hiphi.ubbcluj.ro\/SD_ICC\/wp-json\/wp\/v2\/pages\/202","targetHints":{"allow":["GET"]}}],"collection":[{"href":"https:\/\/hiphi.ubbcluj.ro\/SD_ICC\/wp-json\/wp\/v2\/pages"}],"about":[{"href":"https:\/\/hiphi.ubbcluj.ro\/SD_ICC\/wp-json\/wp\/v2\/types\/page"}],"author":[{"embeddable":true,"href":"https:\/\/hiphi.ubbcluj.ro\/SD_ICC\/wp-json\/wp\/v2\/users\/1"}],"replies":[{"embeddable":true,"href":"https:\/\/hiphi.ubbcluj.ro\/SD_ICC\/wp-json\/wp\/v2\/comments?post=202"}],"version-history":[{"count":15,"href":"https:\/\/hiphi.ubbcluj.ro\/SD_ICC\/wp-json\/wp\/v2\/pages\/202\/revisions"}],"predecessor-version":[{"id":1992,"href":"https:\/\/hiphi.ubbcluj.ro\/SD_ICC\/wp-json\/wp\/v2\/pages\/202\/revisions\/1992"}],"up":[{"embeddable":true,"href":"https:\/\/hiphi.ubbcluj.ro\/SD_ICC\/wp-json\/wp\/v2\/pages\/22"}],"wp:attachment":[{"href":"https:\/\/hiphi.ubbcluj.ro\/SD_ICC\/wp-json\/wp\/v2\/media?parent=202"}],"curies":[{"name":"wp","href":"https:\/\/api.w.org\/{rel}","templated":true}]}}