{"id":20,"date":"2021-02-25T07:45:56","date_gmt":"2021-02-25T07:45:56","guid":{"rendered":"http:\/\/hiphi.ubbcluj.ro\/SD_ICC_nou\/?page_id=20"},"modified":"2025-07-08T14:20:34","modified_gmt":"2025-07-08T14:20:34","slug":"admitere","status":"publish","type":"page","link":"https:\/\/hiphi.ubbcluj.ro\/SD_ICC\/admitere\/","title":{"rendered":"Admitere"},"content":{"rendered":"\n<div class=\"wp-block-media-text alignwide is-stacked-on-mobile\" style=\"grid-template-columns:15% auto\"><figure class=\"wp-block-media-text__media\"><img fetchpriority=\"high\" decoding=\"async\" width=\"512\" height=\"512\" src=\"https:\/\/hiphi.ubbcluj.ro\/SD_ICC\/wp-content\/uploads\/2024\/09\/55281-1.png\" alt=\"\" class=\"wp-image-2193 size-full\" srcset=\"https:\/\/hiphi.ubbcluj.ro\/SD_ICC\/wp-content\/uploads\/2024\/09\/55281-1.png 512w, https:\/\/hiphi.ubbcluj.ro\/SD_ICC\/wp-content\/uploads\/2024\/09\/55281-1-300x300.png 300w, https:\/\/hiphi.ubbcluj.ro\/SD_ICC\/wp-content\/uploads\/2024\/09\/55281-1-150x150.png 150w\" sizes=\"(max-width: 512px) 100vw, 512px\" \/><\/figure><div class=\"wp-block-media-text__content\">\n<p class=\"has-medium-font-size\"><strong>CALENDARUL DE ADMITERE <\/strong><br>PENTRU <br>LUNA <strong>IULIE <\/strong>&#8211; <a href=\"https:\/\/hiphi.ubbcluj.ro\/SD_ICC\/wp-content\/uploads\/2025\/07\/2025_ISD_Calendar_admitere_doctorat.pdf\"><strong>AICI<\/strong><\/a><\/p>\n<\/div><\/div>\n\n\n\n<p><mark style=\"background-color:rgba(0, 0, 0, 0)\" class=\"has-inline-color has-white-color\">&#8230;<\/mark><\/p>\n\n\n\n<p class=\"has-medium-font-size\"><strong>Informa\u021bii utile despre admiterea la doctorat<\/strong><\/p>\n\n\n\n<p>Admiterea la doctorat \u00een cadrul UBB, <strong>informa\u021bii generale<\/strong> &#8211; <a href=\"https:\/\/doctorat.ubbcluj.ro\/ro\/admitere\/\">AICI<\/a><\/p>\n\n\n\n<p class=\"has-black-color has-text-color\"><strong><a href=\"https:\/\/hiphi.ubbcluj.ro\/SD_ICC\/wp-content\/uploads\/2025\/07\/HS-nr.-158-privind-modificarea-Metodologiei-de-admitere-la-studiile-de-doctorat-in-UBB.pdf\">Metodologia de admitere<\/a> <\/strong>la studiile universitare de doctorat \u00een Universitatea Babe\u0219 \u2013 Bolyai, pentru anul universitar 2024-2025<\/p>\n\n\n\n<p class=\"has-black-color has-text-color\"><strong>Declara\u021bie competen\u021b\u0103 lingvistic\u0103: <\/strong><br>\u00cen cazul \u00een care candida\u021bii nu au un certificat de competen\u021b\u0103 lingvistic\u0103 \u0219i aleg op\u021biunea s\u0103 fie evalua\u021bi la nivelul \u0219colilor doctorale, printr-o prob\u0103-interviu, atunci candida\u021bii vor \u00eencarca \u00een platform\u0103 (\u00een locul Certificatului de competen\u021b\u0103 lingvistic\u0103) <br><strong><a href=\"https:\/\/hiphi.ubbcluj.ro\/SD_ICC\/wp-content\/uploads\/2025\/07\/Declaratie-competenta-lingvistica.pdf\">Declara\u021bia<\/a><\/strong> completat\u0103 \u0219i semnat\u0103 de c\u0103tre ei.<br><br><strong>Proces verbal (PV) competen\u021b\u0103 lingvistic\u0103 admitere 2025:<\/strong><br>Pentru proba-interviu de evaluare a competen\u021bei lingvistice la nivelul \u0219colii doctorale, \u00een timpul admiterii, v\u0103 rug\u0103m s\u0103 transmite\u021bi comisiilor de admitere acest document. <br><em><strong>Procesul verbal<\/strong><\/em> trebuie s\u0103 fie completat \u0219i semnat de c\u0103tre comisie \u0219i, ulterior, depus \u00een dosarul de admitere al candidatului (care nu are certificat de competen\u021b\u0103 lingvistic\u0103 \u0219i opteaz\u0103 s\u0103 fie evaluat la nivelul \u0219colii doctorale).<\/p>\n\n\n\n<p class=\"has-black-color has-text-color\">\u00censcrierile se vor face online pe platforma de admitere: <a href=\"https:\/\/admitere.ubbcluj.ro\/\"><strong>AICI<\/strong><\/a><br>Conform calendarului de admitere, <strong>aplica\u021bia va permite crearea de dosare \u00eencep\u00e2nd cu data de 10 iulie 2025.<\/strong><\/p>\n\n\n\n<p>Programarea<strong>&nbsp;concursului de admitere:<\/strong><\/p>\n\n\n\n<p class=\"has-vivid-red-color has-text-color\">Rug\u0103m ca to\u021bi candida\u021bii s\u0103 completeze corect datele necesare, s\u0103 genereze cele dou\u0103 documente (fi\u0219a de \u00eenscriere \u0219i Anexa la fi\u0219a de \u00eenscriere) \u00een format PDF, s\u0103 le imprime \u0219i s\u0103 le semneze, aceste documente fiind parte integrant\u0103 a dosarului de \u00eenscriere la concursul de admitere la doctorat. Completarea electronic\u0103 a fi\u0219ei de \u00eenscriere \u0219i depunerea fi\u0219ei de \u00eenscriere generate reprezint\u0103 etap\u0103 <strong>OBLIGATORIE <\/strong>pentru \u00eenscrierea la admitere doctorat!<\/p>\n\n\n\n<p><strong>Procedura de recunoa\u0219tere a creditelor<\/strong>: <a href=\"https:\/\/hiphi.ubbcluj.ro\/SD_ICC\/wp-content\/uploads\/2024\/07\/HCA_Anexa_procedura_credite_admitere_doctorat_26.06.2024.pdf\" target=\"_blank\" rel=\"noreferrer noopener\">AICI<\/a><br><em><strong>24-26 iulie<\/strong><\/em> \/ Dosarul cu toate documentele necesare (care au fost \u00eenc\u0103rcate \u00een prealabil pe platforma de \u00eenscriere) vor fi <strong>depuse<\/strong> \u0219i \u00een <strong>format fizic<\/strong> \u00een perioada 24-26 iulie, \u00een <strong>sala Departament Medieval\u0103 (Institutul Na\u021bional de Istorie, Napoca 11), \u00eentre orele 9:00-12:00<\/strong>.<br><br><strong>Tematica \u0219i bibliografia pentru admitere<\/strong><br>1. conf. univ. dr. Constantin B\u0102RBULESCU &#8211; <a href=\"https:\/\/hiphi.ubbcluj.ro\/SD_ICC\/wp-content\/uploads\/2025\/07\/Barbulescu_Constantin-1.docx\">tema<\/a><br>2. conf. univ. dr. Adinel DINC\u0102 &#8211; <a href=\"https:\/\/hiphi.ubbcluj.ro\/SD_ICC\/wp-content\/uploads\/2025\/07\/Dinca_Adinel.docx\">tema<\/a><br>3. prof. univ. dr. Gelu FLOREA &#8211; <a href=\"https:\/\/hiphi.ubbcluj.ro\/SD_ICC\/wp-content\/uploads\/2025\/07\/Florea_Gelu.docx\">tema<\/a><br>4. conf. univ. dr. Florin-Gheorghe FODOREAN &#8211; <a href=\"https:\/\/hiphi.ubbcluj.ro\/SD_ICC\/wp-content\/uploads\/2024\/07\/Fodorean-Florin.pdf\" target=\"_blank\" rel=\"noreferrer noopener\">tema<\/a><br>5. prof. univ. dr. Ovidiu Augustin GHITTA &#8211; <a href=\"https:\/\/hiphi.ubbcluj.ro\/SD_ICC\/wp-content\/uploads\/2024\/07\/Ghitta-Ovidiu.pdf\" target=\"_blank\" rel=\"noreferrer noopener\">tema<\/a><br>6. C.\u0218. I dr. Florin GOG\u00c2LTAN &#8211; <a href=\"https:\/\/hiphi.ubbcluj.ro\/SD_ICC\/wp-content\/uploads\/2025\/07\/Gogaltan_Florin-1.docx\">tema<\/a><br>7. prof. univ. dr. Greta Monica MIRON &#8211; <a href=\"https:\/\/hiphi.ubbcluj.ro\/SD_ICC\/wp-content\/uploads\/2025\/07\/Miron_Greta.docx\">tema<\/a><br>8. prof. univ. dr. Sorin MITU &#8211; <a href=\"https:\/\/hiphi.ubbcluj.ro\/SD_ICC\/wp-content\/uploads\/2025\/07\/Mitu_Sorin.docx\">tema<\/a><br>9. prof. univ. dr. Sorin NEMETI &#8211; <a href=\"https:\/\/hiphi.ubbcluj.ro\/SD_ICC\/wp-content\/uploads\/2025\/07\/Nemeti_Sorin.doc\">tema<\/a><br>10. prof. univ. dr. Toader NICOAR\u0102 &#8211; <a href=\"https:\/\/hiphi.ubbcluj.ro\/SD_ICC\/wp-content\/uploads\/2025\/07\/Nicoara_Toader.docx\">tema<\/a><br>11. lect. univ. dr. Vlad POPOVICI &#8211; <a href=\"https:\/\/hiphi.ubbcluj.ro\/SD_ICC\/wp-content\/uploads\/2025\/07\/Popovici_Vlad.docx\">tema<\/a><br>12. prof. univ. dr. R\u00dcSZ-FOGARASI Enik\u0151 &#8211; <a href=\"https:\/\/hiphi.ubbcluj.ro\/SD_ICC\/wp-content\/uploads\/2025\/07\/Rusz-Fogarasi-Eniko.docx\">tema<\/a><br>13. prof. univ. dr. P\u00c1L Judit &#8211; <a href=\"https:\/\/hiphi.ubbcluj.ro\/SD_ICC\/wp-content\/uploads\/2025\/07\/Pal-_Judit.docx\">tema<\/a><br>14. prof. univ. dr. Marcela S\u0102L\u0102GEAN &#8211; <a href=\"https:\/\/hiphi.ubbcluj.ro\/SD_ICC\/wp-content\/uploads\/2025\/07\/Salagean_Marcela.docx\">tema<\/a><br>15. prof. univ. dr. \u0218erban TURCU\u0218 &#8211; <a href=\"https:\/\/hiphi.ubbcluj.ro\/SD_ICC\/wp-content\/uploads\/2025\/07\/Turcus_Serban.docx\">tema<\/a><br>16. prof. univ. dr. Virgiliu Leon \u021a\u00c2R\u0102U &#8211; <a href=\"https:\/\/hiphi.ubbcluj.ro\/SD_ICC\/wp-content\/uploads\/2025\/07\/Tarau_Virgiliu.docx\">tema<\/a><br>17. C.\u0218. III dr. Rada VARGA &#8211; <a href=\"https:\/\/hiphi.ubbcluj.ro\/SD_ICC\/wp-content\/uploads\/2025\/07\/Varga_Rada.docx\">tema<\/a><\/p>\n\n\n\n<p><strong>Secretar \u0219tiin\u021bific \u0218coala Doctoral\u0103 \u201eIstorie. Civiliza\u021bie. Cultur\u0103\u201d<\/strong><br>dr. Gheorghe Negustor<br>e-mail: gheorghe.negustor@ubbcluj.ro <\/p>\n\n\n\n<p><\/p>\n","protected":false},"excerpt":{"rendered":"<p>CALENDARUL DE ADMITERE PENTRU LUNA IULIE &#8211; AICI &#8230; Informa\u021bii utile despre admiterea la doctorat Admiterea la doctorat \u00een cadrul UBB, informa\u021bii generale &#8211; AICI Metodologia de admitere la studiile universitare de doctorat \u00een Universitatea Babe\u0219 \u2013 Bolyai, pentru anul universitar 2024-2025 Declara\u021bie competen\u021b\u0103 lingvistic\u0103: \u00cen cazul \u00een care candida\u021bii nu au un certificat de &hellip; <\/p>\n<p class=\"link-more\"><a href=\"https:\/\/hiphi.ubbcluj.ro\/SD_ICC\/admitere\/\" class=\"more-link\">Cite\u0219te mai multe<span class=\"screen-reader-text\">\u201eAdmitere\u201d<\/span><\/a><\/p>\n","protected":false},"author":1,"featured_media":0,"parent":0,"menu_order":0,"comment_status":"closed","ping_status":"closed","template":"","meta":{"_inspiro_hide_title":false,"footnotes":""},"class_list":["post-20","page","type-page","status-publish","hentry"],"_links":{"self":[{"href":"https:\/\/hiphi.ubbcluj.ro\/SD_ICC\/wp-json\/wp\/v2\/pages\/20","targetHints":{"allow":["GET"]}}],"collection":[{"href":"https:\/\/hiphi.ubbcluj.ro\/SD_ICC\/wp-json\/wp\/v2\/pages"}],"about":[{"href":"https:\/\/hiphi.ubbcluj.ro\/SD_ICC\/wp-json\/wp\/v2\/types\/page"}],"author":[{"embeddable":true,"href":"https:\/\/hiphi.ubbcluj.ro\/SD_ICC\/wp-json\/wp\/v2\/users\/1"}],"replies":[{"embeddable":true,"href":"https:\/\/hiphi.ubbcluj.ro\/SD_ICC\/wp-json\/wp\/v2\/comments?post=20"}],"version-history":[{"count":76,"href":"https:\/\/hiphi.ubbcluj.ro\/SD_ICC\/wp-json\/wp\/v2\/pages\/20\/revisions"}],"predecessor-version":[{"id":2262,"href":"https:\/\/hiphi.ubbcluj.ro\/SD_ICC\/wp-json\/wp\/v2\/pages\/20\/revisions\/2262"}],"wp:attachment":[{"href":"https:\/\/hiphi.ubbcluj.ro\/SD_ICC\/wp-json\/wp\/v2\/media?parent=20"}],"curies":[{"name":"wp","href":"https:\/\/api.w.org\/{rel}","templated":true}]}}