{"id":163,"date":"2021-08-27T14:24:19","date_gmt":"2021-08-27T14:24:19","guid":{"rendered":"http:\/\/hiphi.ubbcluj.ro\/SD_ICC_nou\/?page_id=163"},"modified":"2024-04-19T07:38:55","modified_gmt":"2024-04-19T07:38:55","slug":"anul-2020-2021","status":"publish","type":"page","link":"https:\/\/hiphi.ubbcluj.ro\/SD_ICC\/evenimente\/anul-2020-2021\/","title":{"rendered":"Anul 2020-2021"},"content":{"rendered":"\n<div class=\"wp-block-media-text alignwide is-stacked-on-mobile\" style=\"grid-template-columns:40% auto\"><figure class=\"wp-block-media-text__media\"><img fetchpriority=\"high\" decoding=\"async\" width=\"1241\" height=\"1755\" src=\"http:\/\/hiphi.ubbcluj.ro\/SD_ICC\/wp-content\/uploads\/2021\/08\/Confe_doct_2020_page-0001.jpg\" alt=\"\" class=\"wp-image-167 size-full\" srcset=\"https:\/\/hiphi.ubbcluj.ro\/SD_ICC\/wp-content\/uploads\/2021\/08\/Confe_doct_2020_page-0001.jpg 1241w, https:\/\/hiphi.ubbcluj.ro\/SD_ICC\/wp-content\/uploads\/2021\/08\/Confe_doct_2020_page-0001-212x300.jpg 212w, https:\/\/hiphi.ubbcluj.ro\/SD_ICC\/wp-content\/uploads\/2021\/08\/Confe_doct_2020_page-0001-768x1086.jpg 768w, https:\/\/hiphi.ubbcluj.ro\/SD_ICC\/wp-content\/uploads\/2021\/08\/Confe_doct_2020_page-0001-724x1024.jpg 724w\" sizes=\"(max-width: 1241px) 100vw, 1241px\" \/><\/figure><div class=\"wp-block-media-text__content\">\n<p>Conferin\u0163a interna\u021bional\u0103 a doctoranzilor \u00een istorie<br>International Conference of the PhD students and Post-Doctoral Researchers in History<br><br><strong><em>Istorie\/a \u0219i interdisciplinaritate\/a: cercet\u0103ri doctorale \u201ela grani\u021ba dintre \u0219tiin\u021be\u201d \/ History and Interdisciplinarity: PhD research on the frontier of disciplines<\/em><\/strong><br><br>12-14 noiembrie 2020<\/p>\n\n\n\n<p>Programul conferin\u021bei <a href=\"https:\/\/hiphi.ubbcluj.ro\/SD_ICC\/wp-content\/uploads\/2023\/06\/Program_conf_SDICC_12-14nov2020_final.pdf\">AICI<\/a><\/p>\n<\/div><\/div>\n\n\n\n<div class=\"wp-block-media-text alignwide is-stacked-on-mobile\" style=\"grid-template-columns:40% auto\"><figure class=\"wp-block-media-text__media\"><img decoding=\"async\" width=\"1275\" height=\"1650\" src=\"http:\/\/hiphi.ubbcluj.ro\/SD_ICC\/wp-content\/uploads\/2021\/08\/154152345_167732671827749_8042540207416776749_n.jpg\" alt=\"\" class=\"wp-image-171 size-full\" srcset=\"https:\/\/hiphi.ubbcluj.ro\/SD_ICC\/wp-content\/uploads\/2021\/08\/154152345_167732671827749_8042540207416776749_n.jpg 1275w, https:\/\/hiphi.ubbcluj.ro\/SD_ICC\/wp-content\/uploads\/2021\/08\/154152345_167732671827749_8042540207416776749_n-232x300.jpg 232w, https:\/\/hiphi.ubbcluj.ro\/SD_ICC\/wp-content\/uploads\/2021\/08\/154152345_167732671827749_8042540207416776749_n-768x994.jpg 768w, https:\/\/hiphi.ubbcluj.ro\/SD_ICC\/wp-content\/uploads\/2021\/08\/154152345_167732671827749_8042540207416776749_n-791x1024.jpg 791w\" sizes=\"(max-width: 1275px) 100vw, 1275px\" \/><\/figure><div class=\"wp-block-media-text__content\">\n<p>Ex-Cathedra: Prelegerile \u015ecolii doctorale<br><br><em><strong>Un dominican \u00een scaunul episcopal de Baia: Toma Bacsa<\/strong><br><\/em><br>26 februarie 2021<\/p>\n<\/div><\/div>\n\n\n\n<div class=\"wp-block-media-text alignwide is-stacked-on-mobile\" style=\"grid-template-columns:40% auto\"><figure class=\"wp-block-media-text__media\"><img decoding=\"async\" width=\"1241\" height=\"1754\" src=\"http:\/\/hiphi.ubbcluj.ro\/SD_ICC\/wp-content\/uploads\/2021\/08\/157138103_171334521467564_5362466902732365272_n.jpg\" alt=\"\" class=\"wp-image-172 size-full\" srcset=\"https:\/\/hiphi.ubbcluj.ro\/SD_ICC\/wp-content\/uploads\/2021\/08\/157138103_171334521467564_5362466902732365272_n.jpg 1241w, https:\/\/hiphi.ubbcluj.ro\/SD_ICC\/wp-content\/uploads\/2021\/08\/157138103_171334521467564_5362466902732365272_n-212x300.jpg 212w, https:\/\/hiphi.ubbcluj.ro\/SD_ICC\/wp-content\/uploads\/2021\/08\/157138103_171334521467564_5362466902732365272_n-768x1085.jpg 768w, https:\/\/hiphi.ubbcluj.ro\/SD_ICC\/wp-content\/uploads\/2021\/08\/157138103_171334521467564_5362466902732365272_n-725x1024.jpg 725w\" sizes=\"(max-width: 1241px) 100vw, 1241px\" \/><\/figure><div class=\"wp-block-media-text__content\">\n<p>Ex-Cathedra: Prelegerile \u015ecolii doctorale<br><strong><br><em>Applied Sciences in Antiquity?<br>On the transfer of scientific knowledge in the Greco-Roman world<\/em><\/strong><br><br>5 martie 2021<\/p>\n<\/div><\/div>\n\n\n\n<div class=\"wp-block-media-text alignwide is-stacked-on-mobile\" style=\"grid-template-columns:40% auto\"><figure class=\"wp-block-media-text__media\"><img loading=\"lazy\" decoding=\"async\" width=\"724\" height=\"1024\" src=\"https:\/\/hiphi.ubbcluj.ro\/SD_ICC\/wp-content\/uploads\/2023\/06\/Afis_Silvia-Marin-Barutcieff_page-0001-724x1024.jpg\" alt=\"\" class=\"wp-image-1795 size-full\" srcset=\"https:\/\/hiphi.ubbcluj.ro\/SD_ICC\/wp-content\/uploads\/2023\/06\/Afis_Silvia-Marin-Barutcieff_page-0001-724x1024.jpg 724w, https:\/\/hiphi.ubbcluj.ro\/SD_ICC\/wp-content\/uploads\/2023\/06\/Afis_Silvia-Marin-Barutcieff_page-0001-212x300.jpg 212w, https:\/\/hiphi.ubbcluj.ro\/SD_ICC\/wp-content\/uploads\/2023\/06\/Afis_Silvia-Marin-Barutcieff_page-0001-768x1086.jpg 768w, https:\/\/hiphi.ubbcluj.ro\/SD_ICC\/wp-content\/uploads\/2023\/06\/Afis_Silvia-Marin-Barutcieff_page-0001-1086x1536.jpg 1086w, https:\/\/hiphi.ubbcluj.ro\/SD_ICC\/wp-content\/uploads\/2023\/06\/Afis_Silvia-Marin-Barutcieff_page-0001.jpg 1241w\" sizes=\"(max-width: 724px) 100vw, 724px\" \/><\/figure><div class=\"wp-block-media-text__content\">\n<p>Ex-Cathedra: Prelegerile \u015ecolii doctorale<br><br><strong><em>Afinit\u0103\u0163i elective. Perspective asupra unei cercet\u0103ri de iconografie \u00een lung\u0103 durat\u0103<\/em><\/strong><br><br>19 martie 2021<\/p>\n<\/div><\/div>\n\n\n\n<div class=\"wp-block-media-text alignwide is-stacked-on-mobile\" style=\"grid-template-columns:40% auto\"><figure class=\"wp-block-media-text__media\"><img loading=\"lazy\" decoding=\"async\" width=\"724\" height=\"1024\" src=\"https:\/\/hiphi.ubbcluj.ro\/SD_ICC\/wp-content\/uploads\/2023\/06\/SDICC_Atelier_muzeele-si-cercetarea_page-0001-724x1024.jpg\" alt=\"\" class=\"wp-image-1796 size-full\" srcset=\"https:\/\/hiphi.ubbcluj.ro\/SD_ICC\/wp-content\/uploads\/2023\/06\/SDICC_Atelier_muzeele-si-cercetarea_page-0001-724x1024.jpg 724w, https:\/\/hiphi.ubbcluj.ro\/SD_ICC\/wp-content\/uploads\/2023\/06\/SDICC_Atelier_muzeele-si-cercetarea_page-0001-212x300.jpg 212w, https:\/\/hiphi.ubbcluj.ro\/SD_ICC\/wp-content\/uploads\/2023\/06\/SDICC_Atelier_muzeele-si-cercetarea_page-0001-768x1086.jpg 768w, https:\/\/hiphi.ubbcluj.ro\/SD_ICC\/wp-content\/uploads\/2023\/06\/SDICC_Atelier_muzeele-si-cercetarea_page-0001-1086x1536.jpg 1086w, https:\/\/hiphi.ubbcluj.ro\/SD_ICC\/wp-content\/uploads\/2023\/06\/SDICC_Atelier_muzeele-si-cercetarea_page-0001.jpg 1240w\" sizes=\"(max-width: 724px) 100vw, 724px\" \/><\/figure><div class=\"wp-block-media-text__content\">\n<p>Atelier<br><br><strong><em>Idei \u00een dialog. Muzeele \u015fi cercetarea<\/em><\/strong><br>Organizator: Raluca Georgiana Cobuz \u0219i Andreea Pocol<br><br>26 martie 2021<\/p>\n<\/div><\/div>\n\n\n\n<div class=\"wp-block-media-text alignwide is-stacked-on-mobile\" style=\"grid-template-columns:40% auto\"><figure class=\"wp-block-media-text__media\"><img loading=\"lazy\" decoding=\"async\" width=\"724\" height=\"1024\" src=\"https:\/\/hiphi.ubbcluj.ro\/SD_ICC\/wp-content\/uploads\/2023\/06\/Afis-Istoria-si-literaturaLINKED_page-0001-724x1024.jpg\" alt=\"\" class=\"wp-image-1797 size-full\" srcset=\"https:\/\/hiphi.ubbcluj.ro\/SD_ICC\/wp-content\/uploads\/2023\/06\/Afis-Istoria-si-literaturaLINKED_page-0001-724x1024.jpg 724w, https:\/\/hiphi.ubbcluj.ro\/SD_ICC\/wp-content\/uploads\/2023\/06\/Afis-Istoria-si-literaturaLINKED_page-0001-212x300.jpg 212w, https:\/\/hiphi.ubbcluj.ro\/SD_ICC\/wp-content\/uploads\/2023\/06\/Afis-Istoria-si-literaturaLINKED_page-0001-768x1086.jpg 768w, https:\/\/hiphi.ubbcluj.ro\/SD_ICC\/wp-content\/uploads\/2023\/06\/Afis-Istoria-si-literaturaLINKED_page-0001-1086x1536.jpg 1086w, https:\/\/hiphi.ubbcluj.ro\/SD_ICC\/wp-content\/uploads\/2023\/06\/Afis-Istoria-si-literaturaLINKED_page-0001.jpg 1240w\" sizes=\"(max-width: 724px) 100vw, 724px\" \/><\/figure><div class=\"wp-block-media-text__content\">\n<p>Atelier<br><br><strong><em>Istoria \u0219i literatura: modelul unei interdisciplinarit\u0103\u021bi (mereu actuale)<\/em><\/strong><br><br>9-10 aprilie 2021<\/p>\n\n\n\n<p>Programul atelierului AICI<\/p>\n<\/div><\/div>\n\n\n\n<div class=\"wp-block-media-text alignwide is-stacked-on-mobile\" style=\"grid-template-columns:40% auto\"><figure class=\"wp-block-media-text__media\"><img loading=\"lazy\" decoding=\"async\" width=\"1241\" height=\"1754\" src=\"http:\/\/hiphi.ubbcluj.ro\/SD_ICC\/wp-content\/uploads\/2021\/08\/Afis-phD-19.04.2021LINKED_page-0001.jpg\" alt=\"\" class=\"wp-image-177 size-full\" srcset=\"https:\/\/hiphi.ubbcluj.ro\/SD_ICC\/wp-content\/uploads\/2021\/08\/Afis-phD-19.04.2021LINKED_page-0001.jpg 1241w, https:\/\/hiphi.ubbcluj.ro\/SD_ICC\/wp-content\/uploads\/2021\/08\/Afis-phD-19.04.2021LINKED_page-0001-212x300.jpg 212w, https:\/\/hiphi.ubbcluj.ro\/SD_ICC\/wp-content\/uploads\/2021\/08\/Afis-phD-19.04.2021LINKED_page-0001-768x1085.jpg 768w, https:\/\/hiphi.ubbcluj.ro\/SD_ICC\/wp-content\/uploads\/2021\/08\/Afis-phD-19.04.2021LINKED_page-0001-725x1024.jpg 725w\" sizes=\"(max-width: 1241px) 100vw, 1241px\" \/><\/figure><div class=\"wp-block-media-text__content\">\n<p>Atelier \/ Workshop<br><br><strong><em>On Earth and in Heaven: The Power of Last Wills in Regulating Mundane and Spiritual Matters<\/em><\/strong><br><br>23 aprilie 2021<\/p>\n\n\n\n<p><br>Programul atelierului AICI<\/p>\n<\/div><\/div>\n\n\n\n<div class=\"wp-block-media-text alignwide is-stacked-on-mobile\" style=\"grid-template-columns:40% auto\"><figure class=\"wp-block-media-text__media\"><img loading=\"lazy\" decoding=\"async\" width=\"791\" height=\"1024\" src=\"https:\/\/hiphi.ubbcluj.ro\/SD_ICC\/wp-content\/uploads\/2023\/06\/Afis_Howard_LouthanEN_page-0001-791x1024.jpg\" alt=\"\" class=\"wp-image-1798 size-full\" srcset=\"https:\/\/hiphi.ubbcluj.ro\/SD_ICC\/wp-content\/uploads\/2023\/06\/Afis_Howard_LouthanEN_page-0001-791x1024.jpg 791w, https:\/\/hiphi.ubbcluj.ro\/SD_ICC\/wp-content\/uploads\/2023\/06\/Afis_Howard_LouthanEN_page-0001-232x300.jpg 232w, https:\/\/hiphi.ubbcluj.ro\/SD_ICC\/wp-content\/uploads\/2023\/06\/Afis_Howard_LouthanEN_page-0001-768x994.jpg 768w, https:\/\/hiphi.ubbcluj.ro\/SD_ICC\/wp-content\/uploads\/2023\/06\/Afis_Howard_LouthanEN_page-0001-1187x1536.jpg 1187w, https:\/\/hiphi.ubbcluj.ro\/SD_ICC\/wp-content\/uploads\/2023\/06\/Afis_Howard_LouthanEN_page-0001.jpg 1275w\" sizes=\"(max-width: 791px) 100vw, 791px\" \/><\/figure><div class=\"wp-block-media-text__content\">\n<p>Ex Cathedra: Prelegerile \u015ecolii Doctorale<br><strong><br><em>Empire and Ideology in a Renaissance Best-Seller. Maximilian I, Theuerdank and the Habsburg Legacy<\/em><\/strong><br><br>14 mai 2021<\/p>\n<\/div><\/div>\n\n\n\n<div class=\"wp-block-media-text alignwide is-stacked-on-mobile\" style=\"grid-template-columns:40% auto\"><figure class=\"wp-block-media-text__media\"><img loading=\"lazy\" decoding=\"async\" width=\"724\" height=\"1024\" src=\"https:\/\/hiphi.ubbcluj.ro\/SD_ICC\/wp-content\/uploads\/2023\/06\/Afis_Tijana_KrsticFinal_page-0001-724x1024.jpg\" alt=\"\" class=\"wp-image-1799 size-full\" srcset=\"https:\/\/hiphi.ubbcluj.ro\/SD_ICC\/wp-content\/uploads\/2023\/06\/Afis_Tijana_KrsticFinal_page-0001-724x1024.jpg 724w, https:\/\/hiphi.ubbcluj.ro\/SD_ICC\/wp-content\/uploads\/2023\/06\/Afis_Tijana_KrsticFinal_page-0001-212x300.jpg 212w, https:\/\/hiphi.ubbcluj.ro\/SD_ICC\/wp-content\/uploads\/2023\/06\/Afis_Tijana_KrsticFinal_page-0001-768x1087.jpg 768w, https:\/\/hiphi.ubbcluj.ro\/SD_ICC\/wp-content\/uploads\/2023\/06\/Afis_Tijana_KrsticFinal_page-0001-1085x1536.jpg 1085w, https:\/\/hiphi.ubbcluj.ro\/SD_ICC\/wp-content\/uploads\/2023\/06\/Afis_Tijana_KrsticFinal_page-0001.jpg 1240w\" sizes=\"(max-width: 724px) 100vw, 724px\" \/><\/figure><div class=\"wp-block-media-text__content\">\n<p>Ex Cathedra: Prelegerile \u015ecolii Doctorale<br>Ex Cathedra: Lectures of the Doctoral School<br><strong><br><em>Can we Speak of &#8216;Confessionalization&#8217; beyond the Reformation? Ottoman Politics of Piety and Empire-Building in an Early Modern Eurasian Perspective<\/em><\/strong><br><br>21 mai 2021<\/p>\n<\/div><\/div>\n\n\n\n<div class=\"wp-block-media-text alignwide is-stacked-on-mobile\" style=\"grid-template-columns:40% auto\"><figure class=\"wp-block-media-text__media\"><img loading=\"lazy\" decoding=\"async\" width=\"1240\" height=\"1755\" src=\"http:\/\/hiphi.ubbcluj.ro\/SD_ICC\/wp-content\/uploads\/2021\/08\/Afis-_Antal-Molnar-LINKED_page-0001.jpg\" alt=\"\" class=\"wp-image-180 size-full\" srcset=\"https:\/\/hiphi.ubbcluj.ro\/SD_ICC\/wp-content\/uploads\/2021\/08\/Afis-_Antal-Molnar-LINKED_page-0001.jpg 1240w, https:\/\/hiphi.ubbcluj.ro\/SD_ICC\/wp-content\/uploads\/2021\/08\/Afis-_Antal-Molnar-LINKED_page-0001-212x300.jpg 212w, https:\/\/hiphi.ubbcluj.ro\/SD_ICC\/wp-content\/uploads\/2021\/08\/Afis-_Antal-Molnar-LINKED_page-0001-768x1087.jpg 768w, https:\/\/hiphi.ubbcluj.ro\/SD_ICC\/wp-content\/uploads\/2021\/08\/Afis-_Antal-Molnar-LINKED_page-0001-724x1024.jpg 724w\" sizes=\"(max-width: 1240px) 100vw, 1240px\" \/><\/figure><div class=\"wp-block-media-text__content\">\n<p>Ex-Cathedra: Prelegerile \u015ecolii doctorale<br><strong><br><em>A Historical Exception. Ottman-Christian division of power in Hungary and South-Eastern Europe<\/em><\/strong><br><br>28 mai 2021<\/p>\n<\/div><\/div>\n","protected":false},"excerpt":{"rendered":"<p>Conferin\u0163a interna\u021bional\u0103 a doctoranzilor \u00een istorieInternational Conference of the PhD students and Post-Doctoral Researchers in History Istorie\/a \u0219i interdisciplinaritate\/a: cercet\u0103ri doctorale \u201ela grani\u021ba dintre \u0219tiin\u021be\u201d \/ History and Interdisciplinarity: PhD research on the frontier of disciplines 12-14 noiembrie 2020 Programul conferin\u021bei AICI Ex-Cathedra: Prelegerile \u015ecolii doctorale Un dominican \u00een scaunul episcopal de Baia: Toma Bacsa26 &hellip; <\/p>\n<p class=\"link-more\"><a href=\"https:\/\/hiphi.ubbcluj.ro\/SD_ICC\/evenimente\/anul-2020-2021\/\" class=\"more-link\">Cite\u0219te mai multe<span class=\"screen-reader-text\">\u201eAnul 2020-2021\u201d<\/span><\/a><\/p>\n","protected":false},"author":1,"featured_media":0,"parent":22,"menu_order":3,"comment_status":"closed","ping_status":"closed","template":"","meta":{"_inspiro_hide_title":false,"footnotes":""},"class_list":["post-163","page","type-page","status-publish","hentry"],"_links":{"self":[{"href":"https:\/\/hiphi.ubbcluj.ro\/SD_ICC\/wp-json\/wp\/v2\/pages\/163","targetHints":{"allow":["GET"]}}],"collection":[{"href":"https:\/\/hiphi.ubbcluj.ro\/SD_ICC\/wp-json\/wp\/v2\/pages"}],"about":[{"href":"https:\/\/hiphi.ubbcluj.ro\/SD_ICC\/wp-json\/wp\/v2\/types\/page"}],"author":[{"embeddable":true,"href":"https:\/\/hiphi.ubbcluj.ro\/SD_ICC\/wp-json\/wp\/v2\/users\/1"}],"replies":[{"embeddable":true,"href":"https:\/\/hiphi.ubbcluj.ro\/SD_ICC\/wp-json\/wp\/v2\/comments?post=163"}],"version-history":[{"count":29,"href":"https:\/\/hiphi.ubbcluj.ro\/SD_ICC\/wp-json\/wp\/v2\/pages\/163\/revisions"}],"predecessor-version":[{"id":2022,"href":"https:\/\/hiphi.ubbcluj.ro\/SD_ICC\/wp-json\/wp\/v2\/pages\/163\/revisions\/2022"}],"up":[{"embeddable":true,"href":"https:\/\/hiphi.ubbcluj.ro\/SD_ICC\/wp-json\/wp\/v2\/pages\/22"}],"wp:attachment":[{"href":"https:\/\/hiphi.ubbcluj.ro\/SD_ICC\/wp-json\/wp\/v2\/media?parent=163"}],"curies":[{"name":"wp","href":"https:\/\/api.w.org\/{rel}","templated":true}]}}