{"id":154,"date":"2021-08-27T13:45:20","date_gmt":"2021-08-27T13:45:20","guid":{"rendered":"http:\/\/hiphi.ubbcluj.ro\/SD_ICC_nou\/?page_id=154"},"modified":"2025-10-20T12:07:21","modified_gmt":"2025-10-20T12:07:21","slug":"orar","status":"publish","type":"page","link":"https:\/\/hiphi.ubbcluj.ro\/SD_ICC\/studiile-doctorale\/orar\/","title":{"rendered":"Orar Anul I: 2025-2026"},"content":{"rendered":"\n<p><strong>UNIVERSITATEA BABE\u015e\u2013BOLYAI&nbsp;&nbsp;&nbsp;&nbsp;&nbsp;&nbsp;&nbsp;&nbsp;&nbsp;&nbsp;&nbsp;&nbsp;&nbsp;&nbsp;&nbsp;&nbsp;&nbsp;&nbsp; &nbsp;&nbsp;&nbsp;&nbsp;&nbsp;&nbsp;&nbsp;&nbsp;&nbsp;&nbsp;&nbsp;&nbsp;&nbsp;&nbsp;&nbsp;&nbsp;&nbsp;&nbsp;&nbsp;&nbsp;&nbsp;&nbsp;&nbsp;&nbsp;&nbsp;&nbsp;&nbsp;<\/strong><\/p>\n\n\n\n<p><strong>FACULTATEA DE ISTORIE \u015eI FILOSOFIE<\/strong><\/p>\n\n\n\n<p><strong>ORARUL \u015eCOLII DOCTORALE \u201e<em>ISTORIE. CIVILIZA\u0162IE. CULTUR\u0102<\/em>\u201d<\/strong><\/p>\n\n\n\n<p><strong>Anul universitar 2025\/2026<\/strong>, <strong>Semestrul I<\/strong><\/p>\n\n\n\n<p><\/p>\n\n\n\n<div class=\"wp-block-columns is-layout-flex wp-container-core-columns-is-layout-28f84493 wp-block-columns-is-layout-flex\">\n<div class=\"wp-block-column is-layout-flow wp-block-column-is-layout-flow\" style=\"flex-basis:100%\">\n<figure class=\"wp-block-table\"><table class=\"has-fixed-layout\"><tbody><tr><td><strong>Disciplina<\/strong><\/td><td><strong>Sem.<\/strong><\/td><td><strong>Titular curs<\/strong><\/td><td><strong>Ziua \u015fi ora<\/strong><\/td><td><strong>Credite<\/strong><\/td><td><strong>Obs.\/Platforma<\/strong><\/td><\/tr><tr><td>Metodologia de cercetare \u00een filosofie; etic\u0103 \u0219i integritate academic\u0103\/ <em>Research Methods in Philosophy; Ethics and Academic Integrity<\/em><\/td><td><strong>I<\/strong><\/td><td>Prof. univ. dr.: Dan Eugen <strong>Ra\u021biu<\/strong><\/td><td><strong><em>Sistem modular<\/em><\/strong> <strong>Vineri 31.10\/14.11\/21.11\/5.12\/12.12.2025\/16.01.2026<\/strong> <strong>Orele<\/strong> <strong>10-14<\/strong> <strong><em>Sala 131<\/em><\/strong> (intrare prin sala 130) \u2013 cl\u0103direa central\u0103 UBB <strong>&nbsp;<\/strong><\/td><td><strong>6<\/strong><\/td><td><strong>Cursul se va desf\u0103\u0219ura \u00een sistem modular \u00een<\/strong> Departamentul de Filosofie, sala 131 (intrare prin sala 130), str. M. Kog\u0103lniceanu nr. 1, et. 1 <strong>&nbsp;<\/strong><\/td><\/tr><tr><td>Arheologie \u0219i Big Data. Metode, analiz\u0103 \u0219i interpretare \u00een arheologia contemporan\u0103\/ <em>Archaeology and Big Data, Methods, Analysis and Interpretation in Contemporary Archaeology<\/em><\/td><td><strong>I<\/strong><\/td><td>Prof. univ. dr. Sorin<strong> Nemeti<\/strong><\/td><td><strong>Luni<\/strong> <strong>16 &#8211; 18<\/strong><\/td><td><strong>8<\/strong><\/td><td><strong><em>Institutul de Studii Clasice \u2013 Sala 9<\/em><\/strong> <strong>Cl\u0103direa Sinagog\u0103, et. 1<\/strong><\/td><\/tr><tr><td>Arheologii \u0219i ideologii. Moduri de structurare a discursurilor arheologice \u00een secolele XIX-XX\/ <em>Archaeologies and Ideologies in the 19th and 20th centuries<\/em><\/td><td><strong>I<\/strong><\/td><td>Prof. univ. dr. Gelu <strong>Florea<\/strong><\/td><td><strong>Joi<\/strong> <strong>18 &#8211; 20<\/strong><\/td><td><strong>8<\/strong><\/td><td><strong>&nbsp;<\/strong> <strong>MsTeams<\/strong> <strong><em>Sala 303<\/em><\/strong> <strong>Cl\u0103direa central\u0103 UBB<\/strong><strong><\/strong><\/td><\/tr><tr><td>Conservarea, restaurarea, punerea \u00een valoare \u0219i protec\u021bia patrimoniului arheologic \u00een Europa \u0219i \u00een Rom\u00e2nia\/ <em>Conservation, Restoration, Display and Protection of Archaeological Heritage in Europe and Romania<\/em>&nbsp;<\/td><td><strong>I<\/strong><\/td><td>Conf. univ. dr. Florin-Gheorghe <strong>Fodorean<\/strong><\/td><td><strong>Luni<\/strong> <strong>14-16<\/strong><\/td><td><strong>8<\/strong><\/td><td><strong><em>Institutul de Studii Clasice \u2013 Sala 9<\/em><\/strong> <strong>Cl\u0103direa Sinagog\u0103, et. 1<\/strong><strong><\/strong><\/td><\/tr><tr><td>Arheologie istoric\u0103\/<em>Historical Archaeology<\/em><\/td><td><strong>I<\/strong><\/td><td>CS I dr. Florin <strong>Gog\u00e2ltan<\/strong><\/td><td><strong>Vineri<\/strong> <strong>9-11<\/strong><strong><\/strong><\/td><td><strong>8<\/strong><\/td><td><strong><em>Sala 303<\/em><\/strong> <strong>Cl\u0103direa central\u0103 UBB<\/strong><\/td><\/tr><tr><td>Teorii ale na\u021bionalismului \u0219i reprezent\u0103ri identitare\/ <em>Nationalism Theories and Identity Representation<\/em><\/td><td><strong>I<\/strong><\/td><td>Prof. univ. dr. Sorin <strong>Mitu<\/strong><\/td><td><strong>Miercuri<\/strong> <strong>12 &#8211; 14<\/strong><\/td><td><strong>8<\/strong><\/td><td><strong><em>Sala Pascu<\/em><\/strong> <strong>Institutul de Istorie Na\u021bional\u0103, str. Napoca 11<\/strong><\/td><\/tr><tr><td>Introducere \u00een studiul istoriei culturale. Aspecte metodologice\/ <em>Introduction to the Study of Cultural History. Methodological Aspects<\/em><\/td><td><strong>I<\/strong><\/td><td>Prof. univ. dr. Toader <strong>Nicoar\u0103<\/strong><\/td><td><strong>Mar\u021bi<\/strong> <strong>11-13 sau 13-15<\/strong><\/td><td><strong>8<\/strong><\/td><td><strong><em>Sala 308<\/em><\/strong> <strong>Cl\u0103direa central\u0103 UBB<\/strong><strong><\/strong><\/td><\/tr><tr><td>Izvoarele epocii moderne \u0219i interpretarea lor\/ <em>Sources for the Modern Era and their Interpretation<\/em><\/td><td><strong>I<\/strong><\/td><td>Prof. univ. dr. <strong>P\u00e1l<\/strong> Judit<\/td><td><strong>S\u00e2mb\u0103t\u0103<\/strong> <strong>11-13<\/strong><\/td><td><strong>8<\/strong><\/td><td><strong><em>Sala 141<\/em><\/strong> <strong>Cl\u0103direa central\u0103 UBB<\/strong><strong><\/strong><\/td><\/tr><tr><td>Condi\u0163ia contemporan\u0103 a scrisului istoric\/ <em>The Contemporary Status of Historical Writing<\/em><\/td><td><strong>I<\/strong><\/td><td>Prof. univ. dr. Doru <strong>Radosav<\/strong><\/td><td><strong>Miercuri<\/strong> <strong>10 &#8211; 12<\/strong><\/td><td><strong>8<\/strong><\/td><td><strong><em>Sala 104-105<\/em><\/strong> <strong>Institutul de Istorie Na\u021bional\u0103, str. Napoca 11<\/strong><strong><\/strong><\/td><\/tr><tr><td>Institu\u0163ii urbane \u00een Transilvania premodern\u0103\/ <em>Urban Institutions in Early Modern Transylvania<\/em><\/td><td><strong>I<\/strong><\/td><td>Prof. univ. dr. <strong>R\u00fcsz-Fogarasi<\/strong> Enik\u0151<\/td><td><strong>S\u00e2mb\u0103t\u0103<\/strong> <strong>9-11<\/strong><\/td><td><strong>8<\/strong><\/td><td><strong><em>Sala 141<\/em><\/strong> <strong>Cl\u0103direa central\u0103 UBB<\/strong><strong><\/strong><\/td><\/tr><tr><td>Interes na\u0163ional \u00een sistem interna\u0163ional \u00een sec. XX-XXI. Studii de caz\/ <em>National Interest in International Systems during the Twentieth and Twentyfirst Centuries<\/em><\/td><td><strong>I<\/strong><\/td><td>Prof. univ. dr. Marcela <strong>S\u0103l\u0103gean<\/strong><\/td><td><strong>Miercuri<\/strong> <strong>12-14<\/strong><\/td><td><strong>8<\/strong><\/td><td><strong><em>Birou<\/em><\/strong> <strong>Institutul de Istorie Na\u021bional\u0103, str. Napoca 11<\/strong><\/td><\/tr><tr><td>Elemente de etic\u0103 \u0219i metode cantitative de cercetare\/Elements of research ethics and quantitative&nbsp; methods of analysis<\/td><td><strong>I<\/strong><\/td><td>Conf. univ. dr.<strong>Moln\u00e1r-Kov\u00e1cs<\/strong> Zsolt &nbsp;<\/td><td><strong>S\u00e2mb\u0103t\u0103<\/strong> <strong>15-17<\/strong><\/td><td><strong>8<\/strong><\/td><td><strong><em>Sala 141<\/em><\/strong> <strong>Cl\u0103direa central\u0103 UBB<\/strong><\/td><\/tr><tr><td>Cultura c\u0103r\u0163ii \u00een Transilvania premodern\u0103\/ <em>Book Culture in Early Modern Transylvania<\/em><\/td><td><strong>I<\/strong><\/td><td>Prof. univ. dr. <strong>Sipos<\/strong> G\u00e1bor<\/td><td><strong>S\u00e2mb\u0103t\u0103<\/strong> <strong>13-15<\/strong><\/td><td><strong>8<\/strong><\/td><td><strong><em>Sala 141<\/em><\/strong> <strong>Cl\u0103direa central\u0103 UBB<\/strong><strong><\/strong><\/td><\/tr><tr><td>Istorie global\u0103, istorie interna\u021bional\u0103, continental\u0103, regional\u0103 sau local\u0103 \u00een lumea contemporan\u0103\/<em>Global History,International, Continental, Regional or Local History in Contemporary Context<\/em><\/td><td><strong>I<\/strong><\/td><td>Prof. univ. dr Virgiliu <strong>\u021a\u00c2R\u0102U<\/strong><\/td><td><strong>Luni<\/strong> <strong>11-13<\/strong><strong><\/strong><\/td><td><strong>8<\/strong><\/td><td><strong><em>Sala 104-105<\/em><\/strong> <strong>Institutul de Istorie Na\u021bional\u0103, str. Napoca 11<\/strong><strong><em><\/em><\/strong><\/td><\/tr><\/tbody><\/table><\/figure>\n<\/div>\n<\/div>\n\n\n\n<p><strong>&nbsp;&nbsp;&nbsp;&nbsp;&nbsp;&nbsp; <\/strong><strong>&nbsp;&nbsp;&nbsp;&nbsp;&nbsp;&nbsp;&nbsp;&nbsp;&nbsp;&nbsp;&nbsp;&nbsp;&nbsp;&nbsp;&nbsp;&nbsp;&nbsp;&nbsp;&nbsp;&nbsp;&nbsp;&nbsp;&nbsp;&nbsp;&nbsp;&nbsp;&nbsp;&nbsp;&nbsp;&nbsp;&nbsp;&nbsp;&nbsp;&nbsp;&nbsp;&nbsp;&nbsp;&nbsp;&nbsp;&nbsp;&nbsp;&nbsp;&nbsp;&nbsp;&nbsp;&nbsp;&nbsp;&nbsp;&nbsp;&nbsp;&nbsp;&nbsp;&nbsp;&nbsp;&nbsp;&nbsp;&nbsp;&nbsp;&nbsp;&nbsp;&nbsp;&nbsp;&nbsp;&nbsp;&nbsp;&nbsp;&nbsp;<\/strong><\/p>\n\n\n\n<p><\/p>\n","protected":false},"excerpt":{"rendered":"<p>UNIVERSITATEA BABE\u015e\u2013BOLYAI&nbsp;&nbsp;&nbsp;&nbsp;&nbsp;&nbsp;&nbsp;&nbsp;&nbsp;&nbsp;&nbsp;&nbsp;&nbsp;&nbsp;&nbsp;&nbsp;&nbsp;&nbsp; &nbsp;&nbsp;&nbsp;&nbsp;&nbsp;&nbsp;&nbsp;&nbsp;&nbsp;&nbsp;&nbsp;&nbsp;&nbsp;&nbsp;&nbsp;&nbsp;&nbsp;&nbsp;&nbsp;&nbsp;&nbsp;&nbsp;&nbsp;&nbsp;&nbsp;&nbsp;&nbsp; FACULTATEA DE ISTORIE \u015eI FILOSOFIE ORARUL \u015eCOLII DOCTORALE \u201eISTORIE. CIVILIZA\u0162IE. CULTUR\u0102\u201d Anul universitar 2025\/2026, Semestrul I Disciplina Sem. Titular curs Ziua \u015fi ora Credite Obs.\/Platforma Metodologia de cercetare \u00een filosofie; etic\u0103 \u0219i integritate academic\u0103\/ Research Methods in Philosophy; Ethics and Academic Integrity I Prof. univ. dr.: Dan Eugen Ra\u021biu Sistem modular Vineri &hellip; <\/p>\n<p class=\"link-more\"><a href=\"https:\/\/hiphi.ubbcluj.ro\/SD_ICC\/studiile-doctorale\/orar\/\" class=\"more-link\">Cite\u0219te mai multe<span class=\"screen-reader-text\">\u201eOrar Anul I: 2025-2026\u201d<\/span><\/a><\/p>\n","protected":false},"author":1,"featured_media":0,"parent":14,"menu_order":4,"comment_status":"closed","ping_status":"closed","template":"","meta":{"_inspiro_hide_title":false,"footnotes":""},"class_list":["post-154","page","type-page","status-publish","hentry"],"_links":{"self":[{"href":"https:\/\/hiphi.ubbcluj.ro\/SD_ICC\/wp-json\/wp\/v2\/pages\/154","targetHints":{"allow":["GET"]}}],"collection":[{"href":"https:\/\/hiphi.ubbcluj.ro\/SD_ICC\/wp-json\/wp\/v2\/pages"}],"about":[{"href":"https:\/\/hiphi.ubbcluj.ro\/SD_ICC\/wp-json\/wp\/v2\/types\/page"}],"author":[{"embeddable":true,"href":"https:\/\/hiphi.ubbcluj.ro\/SD_ICC\/wp-json\/wp\/v2\/users\/1"}],"replies":[{"embeddable":true,"href":"https:\/\/hiphi.ubbcluj.ro\/SD_ICC\/wp-json\/wp\/v2\/comments?post=154"}],"version-history":[{"count":69,"href":"https:\/\/hiphi.ubbcluj.ro\/SD_ICC\/wp-json\/wp\/v2\/pages\/154\/revisions"}],"predecessor-version":[{"id":2290,"href":"https:\/\/hiphi.ubbcluj.ro\/SD_ICC\/wp-json\/wp\/v2\/pages\/154\/revisions\/2290"}],"up":[{"embeddable":true,"href":"https:\/\/hiphi.ubbcluj.ro\/SD_ICC\/wp-json\/wp\/v2\/pages\/14"}],"wp:attachment":[{"href":"https:\/\/hiphi.ubbcluj.ro\/SD_ICC\/wp-json\/wp\/v2\/media?parent=154"}],"curies":[{"name":"wp","href":"https:\/\/api.w.org\/{rel}","templated":true}]}}