{"id":151,"date":"2021-08-27T13:37:38","date_gmt":"2021-08-27T13:37:38","guid":{"rendered":"http:\/\/hiphi.ubbcluj.ro\/SD_ICC_nou\/?page_id=151"},"modified":"2024-04-18T16:31:35","modified_gmt":"2024-04-18T16:31:35","slug":"regulamente","status":"publish","type":"page","link":"https:\/\/hiphi.ubbcluj.ro\/SD_ICC\/studiile-doctorale\/regulamente\/","title":{"rendered":"Regulamente"},"content":{"rendered":"\n<ol class=\"wp-block-list\">\n<li>Regulamentul \u0218colii Doctorale \u201eIstorie. Civiliza\u021bie. Cultur\u0103\u201d <a href=\"http:\/\/hiphi.ubbcluj.ro\/SD_ICC\/wp-content\/uploads\/2023\/02\/Regulament_SDICC.pdf\" target=\"_blank\" rel=\"noreferrer noopener\">AICI<\/a><\/li>\n\n\n\n<li>Ghid de realizare a tezei de doctorat \u00een domeniul Istorie, la \u0218coala Doctoral\u0103 \u201eIstorie. Civiliza\u021bie. Cultur\u0103\u201d (Anexa 2) <a rel=\"noreferrer noopener\" href=\"https:\/\/hiphi.ubbcluj.ro\/SD_ICC\/wp-content\/uploads\/2023\/04\/Anexa-2_Ghid-redactare-teza_SDICC.docx\" target=\"_blank\">AICI<\/a><\/li>\n\n\n\n<li>Regulamentul Universit\u0103\u021bii Babe\u0219-Bolyai de organizare \u0219i desf\u0103\u0219urare a studiilor universitare de doctorat <a rel=\"noreferrer noopener\" href=\"https:\/\/hiphi.ubbcluj.ro\/SD_ICC\/wp-content\/uploads\/2021\/10\/2.-Anexa-la-HS-nr.-46-Regulament-UBB-de-organizare-si-desfasurare-studii-de-doctorat.pdf\" target=\"_blank\">AICI<\/a><\/li>\n\n\n\n<li>Organizarea \u0219i desf\u0103\u0219urarea sesiunilor de admitere la UBB, \u00een condi\u021biile suspend\u0103rii activit\u0103\u021bilor didactice fa\u021b\u0103 \u00een fa\u021b\u0103 <a href=\"https:\/\/hiphi.ubbcluj.ro\/SD_ICC\/wp-content\/uploads\/2021\/10\/3.-Anexa_Metodologie_doctorat_admitere_final.pdf\" target=\"_blank\" rel=\"noreferrer noopener\">AICI<\/a><\/li>\n\n\n\n<li>Procedur\u0103 de sus\u021binere public\u0103 a tezei de doctorat \u00een regim online AICI<\/li>\n<\/ol>\n\n\n\n<p><strong>Legisla\u021bie<\/strong><\/p>\n\n\n\n<ol class=\"wp-block-list\">\n<li>Legea educa\u021biei na\u021bionale <a href=\"https:\/\/hiphi.ubbcluj.ro\/SD_ICC\/wp-content\/uploads\/2021\/10\/1.-Legea_educatiei_nationale_2011.pdf\" target=\"_blank\" rel=\"noreferrer noopener\">AICI<\/a><\/li>\n\n\n\n<li>O.G. privind modificarea \u0219i completarea Legii educa\u021biei na\u021bionale nr. 1\/2011 <a rel=\"noreferrer noopener\" href=\"https:\/\/hiphi.ubbcluj.ro\/SD_ICC\/wp-content\/uploads\/2021\/10\/1.1.-OUG4-2016ModificareaLEN-doctorat.pdf\" target=\"_blank\">AICI<\/a><\/li>\n\n\n\n<li>H.G. nr. 681\/2011 pentru modificarea \u0219i completarea Codului studiilor universitare de doctorat <a href=\"https:\/\/hiphi.ubbcluj.ro\/SD_ICC\/wp-content\/uploads\/2021\/10\/1.2.-HGR134-2016ModificareCompletareCodDoctorat.pdf\" target=\"_blank\" rel=\"noreferrer noopener\">AICI<\/a><\/li>\n\n\n\n<li>Hot\u0103r\u00e2rea nr. 15478\/19.10.2020 privind aprobarea modific\u0103rii \u0219i completarea Anexei 1 la Regulamentul UBB privind sus\u021binerea public\u0103 a tezelor de abilitare \u0219i cooptarea conduc\u0103torilor de doctorat <a href=\"https:\/\/hiphi.ubbcluj.ro\/SD_ICC\/wp-content\/uploads\/2021\/10\/5.1-HS-15478-privind-modif-Anexa-1-la-Reg-UBB-de-abilitare-si-cooptarea-conducatorilor-de-drd.pdf\" target=\"_blank\" rel=\"noreferrer noopener\">AICI<\/a><\/li>\n\n\n\n<li>ORDIN Nr. 5229\/2020 pentru aprobarea metodologiilor referitoare la acordarea atestatului de abilitare, acordarea titlului de doctor, precum \u015fi la solu\u0163ionarea sesiz\u0103rilor cu privire la nerespectarea standardelor de calitate sau de etic\u0103 profesional\u0103, inclusiv cu privire la existen\u0163a plagiatului, \u00een cadrul unei teze de doctorat <a href=\"https:\/\/hiphi.ubbcluj.ro\/SD_ICC\/wp-content\/uploads\/2021\/10\/5.-Abilitarea_ordin-5229-2020_0.pdf\" target=\"_blank\" rel=\"noreferrer noopener\">AICI<\/a><\/li>\n\n\n\n<li>Hot\u0103r\u00e2rea nr. 11 669\/24.08.2020 privind completarea Anexei 3 a Regulamentului de organizare \u015fi desf\u0103\u015furare a studiilor de doctorat la Universitatea Babe\u015f-Bolyai (Procedura de sus\u0163inere public\u0103 a tezei de doctorat \u00een regim online)<\/li>\n\n\n\n<li>Hot\u0103r\u00e2re nr. 47\/19.04.2021 privind aprobarea calendarului \u015fi a actualiz\u0103rii Metodologiei de admitere la studiile de doctorat 2021<\/li>\n<\/ol>\n","protected":false},"excerpt":{"rendered":"<p>Legisla\u021bie<\/p>\n","protected":false},"author":1,"featured_media":0,"parent":14,"menu_order":1,"comment_status":"closed","ping_status":"closed","template":"","meta":{"_inspiro_hide_title":false,"footnotes":""},"class_list":["post-151","page","type-page","status-publish","hentry"],"_links":{"self":[{"href":"https:\/\/hiphi.ubbcluj.ro\/SD_ICC\/wp-json\/wp\/v2\/pages\/151","targetHints":{"allow":["GET"]}}],"collection":[{"href":"https:\/\/hiphi.ubbcluj.ro\/SD_ICC\/wp-json\/wp\/v2\/pages"}],"about":[{"href":"https:\/\/hiphi.ubbcluj.ro\/SD_ICC\/wp-json\/wp\/v2\/types\/page"}],"author":[{"embeddable":true,"href":"https:\/\/hiphi.ubbcluj.ro\/SD_ICC\/wp-json\/wp\/v2\/users\/1"}],"replies":[{"embeddable":true,"href":"https:\/\/hiphi.ubbcluj.ro\/SD_ICC\/wp-json\/wp\/v2\/comments?post=151"}],"version-history":[{"count":16,"href":"https:\/\/hiphi.ubbcluj.ro\/SD_ICC\/wp-json\/wp\/v2\/pages\/151\/revisions"}],"predecessor-version":[{"id":1943,"href":"https:\/\/hiphi.ubbcluj.ro\/SD_ICC\/wp-json\/wp\/v2\/pages\/151\/revisions\/1943"}],"up":[{"embeddable":true,"href":"https:\/\/hiphi.ubbcluj.ro\/SD_ICC\/wp-json\/wp\/v2\/pages\/14"}],"wp:attachment":[{"href":"https:\/\/hiphi.ubbcluj.ro\/SD_ICC\/wp-json\/wp\/v2\/media?parent=151"}],"curies":[{"name":"wp","href":"https:\/\/api.w.org\/{rel}","templated":true}]}}