{"id":1377,"date":"2022-09-09T08:11:14","date_gmt":"2022-09-09T08:11:14","guid":{"rendered":"http:\/\/hiphi.ubbcluj.ro\/SD_ICC\/?page_id=1377"},"modified":"2024-05-24T06:26:04","modified_gmt":"2024-05-24T06:26:04","slug":"anul-2022-2023","status":"publish","type":"page","link":"https:\/\/hiphi.ubbcluj.ro\/SD_ICC\/evenimente\/anul-2022-2023\/","title":{"rendered":"Anul 2022-2023"},"content":{"rendered":"\n<div class=\"wp-block-media-text alignwide is-stacked-on-mobile\" style=\"grid-template-columns:40% auto\"><figure class=\"wp-block-media-text__media\"><img fetchpriority=\"high\" decoding=\"async\" width=\"791\" height=\"1024\" src=\"http:\/\/hiphi.ubbcluj.ro\/SD_ICC\/wp-content\/uploads\/2022\/09\/affiche_page-0001-1-791x1024.jpg\" alt=\"\" class=\"wp-image-1378 size-full\" srcset=\"https:\/\/hiphi.ubbcluj.ro\/SD_ICC\/wp-content\/uploads\/2022\/09\/affiche_page-0001-1-791x1024.jpg 791w, https:\/\/hiphi.ubbcluj.ro\/SD_ICC\/wp-content\/uploads\/2022\/09\/affiche_page-0001-1-232x300.jpg 232w, https:\/\/hiphi.ubbcluj.ro\/SD_ICC\/wp-content\/uploads\/2022\/09\/affiche_page-0001-1-768x994.jpg 768w, https:\/\/hiphi.ubbcluj.ro\/SD_ICC\/wp-content\/uploads\/2022\/09\/affiche_page-0001-1.jpg 1275w\" sizes=\"(max-width: 791px) 100vw, 791px\" \/><\/figure><div class=\"wp-block-media-text__content\">\n<p>Atelier \/ Workshop NEMESIS<br><br><strong><em>Cultural Representation and Self-Representation in Iron Age Europe<\/em><\/strong><br><br>14-16 septembrie 2022<\/p>\n\n\n\n<p>Programul atelierului <a href=\"https:\/\/hiphi.ubbcluj.ro\/SD_ICC\/wp-content\/uploads\/2022\/09\/programme-a-imprimer.pdf\" target=\"_blank\" rel=\"noreferrer noopener\">AICI<\/a><\/p>\n<\/div><\/div>\n\n\n\n<div class=\"wp-block-media-text alignwide is-stacked-on-mobile\" style=\"grid-template-columns:40% auto\"><figure class=\"wp-block-media-text__media\"><img decoding=\"async\" width=\"724\" height=\"1024\" src=\"https:\/\/hiphi.ubbcluj.ro\/SD_ICC\/wp-content\/uploads\/2023\/03\/Afis-Kovacs-Andras-724x1024.jpg\" alt=\"\" class=\"wp-image-1758 size-full\" srcset=\"https:\/\/hiphi.ubbcluj.ro\/SD_ICC\/wp-content\/uploads\/2023\/03\/Afis-Kovacs-Andras-724x1024.jpg 724w, https:\/\/hiphi.ubbcluj.ro\/SD_ICC\/wp-content\/uploads\/2023\/03\/Afis-Kovacs-Andras-212x300.jpg 212w, https:\/\/hiphi.ubbcluj.ro\/SD_ICC\/wp-content\/uploads\/2023\/03\/Afis-Kovacs-Andras-768x1086.jpg 768w, https:\/\/hiphi.ubbcluj.ro\/SD_ICC\/wp-content\/uploads\/2023\/03\/Afis-Kovacs-Andras-1086x1536.jpg 1086w, https:\/\/hiphi.ubbcluj.ro\/SD_ICC\/wp-content\/uploads\/2023\/03\/Afis-Kovacs-Andras-1448x2048.jpg 1448w, https:\/\/hiphi.ubbcluj.ro\/SD_ICC\/wp-content\/uploads\/2023\/03\/Afis-Kovacs-Andras-scaled.jpg 1810w\" sizes=\"(max-width: 724px) 100vw, 724px\" \/><\/figure><div class=\"wp-block-media-text__content\">\n<p>Ex-Cathedra: Prelegerile \u015ecolii Doctorale<br><br><strong><em>Soarta critic\u0103 a castelului Bethlen din Cri\u0219 (jud. Mure\u0219). O istoriografie cu multe \u00eenv\u0103\u021b\u0103minte<\/em><\/strong><br><br>21 octombrie 2022<\/p>\n<\/div><\/div>\n\n\n\n<div class=\"wp-block-media-text alignwide is-stacked-on-mobile is-style-default\" style=\"grid-template-columns:40% auto\"><figure class=\"wp-block-media-text__media\"><img decoding=\"async\" width=\"724\" height=\"1024\" src=\"http:\/\/hiphi.ubbcluj.ro\/SD_ICC\/wp-content\/uploads\/2022\/10\/afis_Cluj_web-1-724x1024.jpg\" alt=\"\" class=\"wp-image-1697 size-full\" srcset=\"https:\/\/hiphi.ubbcluj.ro\/SD_ICC\/wp-content\/uploads\/2022\/10\/afis_Cluj_web-1-724x1024.jpg 724w, https:\/\/hiphi.ubbcluj.ro\/SD_ICC\/wp-content\/uploads\/2022\/10\/afis_Cluj_web-1-212x300.jpg 212w, https:\/\/hiphi.ubbcluj.ro\/SD_ICC\/wp-content\/uploads\/2022\/10\/afis_Cluj_web-1-768x1086.jpg 768w, https:\/\/hiphi.ubbcluj.ro\/SD_ICC\/wp-content\/uploads\/2022\/10\/afis_Cluj_web-1.jpg 1670w\" sizes=\"(max-width: 724px) 100vw, 724px\" \/><\/figure><div class=\"wp-block-media-text__content\">\n<p>Ex-Cathedra: Prelegerile \u015ecolii Doctorale<br><br><strong><em>V\u00e2rstele vie\u021bii \u00een cultura tradi\u021bional\u0103 rom\u00e2neasc\u0103 (sec. XVIII-XIX) &#8211; perspective istorice, antropologice, iconografice. Cum construim un subiect de cercetare interdisciplinar?<\/em><\/strong><br><br>27 octombrie 2022<\/p>\n<\/div><\/div>\n\n\n\n<div class=\"wp-block-media-text alignwide is-stacked-on-mobile\" style=\"grid-template-columns:40% auto\"><figure class=\"wp-block-media-text__media\"><img loading=\"lazy\" decoding=\"async\" width=\"725\" height=\"1024\" src=\"https:\/\/hiphi.ubbcluj.ro\/SD_ICC\/wp-content\/uploads\/2023\/03\/Afis-phD-24.03.2023-LINKED_page-0001-1-725x1024.jpg\" alt=\"\" class=\"wp-image-1755 size-full\" srcset=\"https:\/\/hiphi.ubbcluj.ro\/SD_ICC\/wp-content\/uploads\/2023\/03\/Afis-phD-24.03.2023-LINKED_page-0001-1-725x1024.jpg 725w, https:\/\/hiphi.ubbcluj.ro\/SD_ICC\/wp-content\/uploads\/2023\/03\/Afis-phD-24.03.2023-LINKED_page-0001-1-212x300.jpg 212w, https:\/\/hiphi.ubbcluj.ro\/SD_ICC\/wp-content\/uploads\/2023\/03\/Afis-phD-24.03.2023-LINKED_page-0001-1-768x1085.jpg 768w, https:\/\/hiphi.ubbcluj.ro\/SD_ICC\/wp-content\/uploads\/2023\/03\/Afis-phD-24.03.2023-LINKED_page-0001-1-1087x1536.jpg 1087w, https:\/\/hiphi.ubbcluj.ro\/SD_ICC\/wp-content\/uploads\/2023\/03\/Afis-phD-24.03.2023-LINKED_page-0001-1.jpg 1241w\" sizes=\"(max-width: 725px) 100vw, 725px\" \/><\/figure><div class=\"wp-block-media-text__content\">\n<p>Ex-Cathedra: Prelegerile \u015ecolii Doctorale<br><br><em><strong>R\u0103zboiul din Ucraina &#8211; moment crucial \u00een rela\u021biile interna\u021bionale<\/strong><\/em><br><br>24 martie 2023<\/p>\n<\/div><\/div>\n\n\n\n<div class=\"wp-block-media-text alignwide is-stacked-on-mobile\" style=\"grid-template-columns:40% auto\"><figure class=\"wp-block-media-text__media\"><img loading=\"lazy\" decoding=\"async\" width=\"717\" height=\"1024\" src=\"https:\/\/hiphi.ubbcluj.ro\/SD_ICC\/wp-content\/uploads\/2023\/05\/Dan-Muresan-31-martie-717x1024.jpg\" alt=\"\" class=\"wp-image-1779 size-full\" srcset=\"https:\/\/hiphi.ubbcluj.ro\/SD_ICC\/wp-content\/uploads\/2023\/05\/Dan-Muresan-31-martie-717x1024.jpg 717w, https:\/\/hiphi.ubbcluj.ro\/SD_ICC\/wp-content\/uploads\/2023\/05\/Dan-Muresan-31-martie-210x300.jpg 210w, https:\/\/hiphi.ubbcluj.ro\/SD_ICC\/wp-content\/uploads\/2023\/05\/Dan-Muresan-31-martie-768x1097.jpg 768w, https:\/\/hiphi.ubbcluj.ro\/SD_ICC\/wp-content\/uploads\/2023\/05\/Dan-Muresan-31-martie-1075x1536.jpg 1075w, https:\/\/hiphi.ubbcluj.ro\/SD_ICC\/wp-content\/uploads\/2023\/05\/Dan-Muresan-31-martie-1434x2048.jpg 1434w, https:\/\/hiphi.ubbcluj.ro\/SD_ICC\/wp-content\/uploads\/2023\/05\/Dan-Muresan-31-martie-scaled.jpg 1792w\" sizes=\"(max-width: 717px) 100vw, 717px\" \/><\/figure><div class=\"wp-block-media-text__content\">\n<p>Ex-Cathedra: Prelegerile \u015ecolii Doctorale<br><br><strong><em>C\u0103derea Constantinopolului \u0219i rom\u00e2nii (1453). Progrese ale cercet\u0103rii<\/em><\/strong><br><br>31 martie 2023<\/p>\n<\/div><\/div>\n\n\n\n<div class=\"wp-block-media-text alignwide is-stacked-on-mobile\" style=\"grid-template-columns:40% auto\"><figure class=\"wp-block-media-text__media\"><img loading=\"lazy\" decoding=\"async\" width=\"724\" height=\"1024\" src=\"https:\/\/hiphi.ubbcluj.ro\/SD_ICC\/wp-content\/uploads\/2023\/05\/Silvia-Barutcieff_Afis-Conferinta-Cluj-1-724x1024.jpg\" alt=\"\" class=\"wp-image-1782 size-full\" srcset=\"https:\/\/hiphi.ubbcluj.ro\/SD_ICC\/wp-content\/uploads\/2023\/05\/Silvia-Barutcieff_Afis-Conferinta-Cluj-1-724x1024.jpg 724w, https:\/\/hiphi.ubbcluj.ro\/SD_ICC\/wp-content\/uploads\/2023\/05\/Silvia-Barutcieff_Afis-Conferinta-Cluj-1-212x300.jpg 212w, https:\/\/hiphi.ubbcluj.ro\/SD_ICC\/wp-content\/uploads\/2023\/05\/Silvia-Barutcieff_Afis-Conferinta-Cluj-1-768x1086.jpg 768w, https:\/\/hiphi.ubbcluj.ro\/SD_ICC\/wp-content\/uploads\/2023\/05\/Silvia-Barutcieff_Afis-Conferinta-Cluj-1-1086x1536.jpg 1086w, https:\/\/hiphi.ubbcluj.ro\/SD_ICC\/wp-content\/uploads\/2023\/05\/Silvia-Barutcieff_Afis-Conferinta-Cluj-1-1449x2048.jpg 1449w, https:\/\/hiphi.ubbcluj.ro\/SD_ICC\/wp-content\/uploads\/2023\/05\/Silvia-Barutcieff_Afis-Conferinta-Cluj-1-scaled.jpg 1811w\" sizes=\"(max-width: 724px) 100vw, 724px\" \/><\/figure><div class=\"wp-block-media-text__content\">\n<p>Ex-Cathedra: Prelegerile \u015ecolii Doctorale<br><br><strong><em>Sf\u00e2ntul Haralambie \u00een pictura mural\u0103 din \u021aara Rom\u00e2neasc\u0103 (1700-1860). Morfologie, sintax\u0103, semantic\u0103<\/em><\/strong><br><br>16 mai 2023<\/p>\n<\/div><\/div>\n\n\n\n<div class=\"wp-block-media-text alignwide is-stacked-on-mobile\" style=\"grid-template-columns:40% auto\"><figure class=\"wp-block-media-text__media\"><img loading=\"lazy\" decoding=\"async\" width=\"724\" height=\"1024\" src=\"https:\/\/hiphi.ubbcluj.ro\/SD_ICC\/wp-content\/uploads\/2024\/05\/afis-prelegere-Alex-Drace-Francis_page-0001-724x1024.jpg\" alt=\"\" class=\"wp-image-2127 size-full\" srcset=\"https:\/\/hiphi.ubbcluj.ro\/SD_ICC\/wp-content\/uploads\/2024\/05\/afis-prelegere-Alex-Drace-Francis_page-0001-724x1024.jpg 724w, https:\/\/hiphi.ubbcluj.ro\/SD_ICC\/wp-content\/uploads\/2024\/05\/afis-prelegere-Alex-Drace-Francis_page-0001-212x300.jpg 212w, https:\/\/hiphi.ubbcluj.ro\/SD_ICC\/wp-content\/uploads\/2024\/05\/afis-prelegere-Alex-Drace-Francis_page-0001-768x1086.jpg 768w, https:\/\/hiphi.ubbcluj.ro\/SD_ICC\/wp-content\/uploads\/2024\/05\/afis-prelegere-Alex-Drace-Francis_page-0001-1086x1536.jpg 1086w, https:\/\/hiphi.ubbcluj.ro\/SD_ICC\/wp-content\/uploads\/2024\/05\/afis-prelegere-Alex-Drace-Francis_page-0001-1448x2048.jpg 1448w, https:\/\/hiphi.ubbcluj.ro\/SD_ICC\/wp-content\/uploads\/2024\/05\/afis-prelegere-Alex-Drace-Francis_page-0001-2000x2828.jpg 2000w, https:\/\/hiphi.ubbcluj.ro\/SD_ICC\/wp-content\/uploads\/2024\/05\/afis-prelegere-Alex-Drace-Francis_page-0001-scaled.jpg 1810w\" sizes=\"(max-width: 724px) 100vw, 724px\" \/><\/figure><div class=\"wp-block-media-text__content\">\n<p>Ex-Cathedra: Prelegerile \u0218colii Doctorale<br><br><strong><em>C\u00e2t de global\u0103 poate fi m\u0103m\u0103liga? Considera\u021bii despre metoda comparat\u0103 \u00een istorie<\/em><\/strong><br><br>22 mai 2023<\/p>\n<\/div><\/div>\n\n\n\n<div class=\"wp-block-media-text alignwide is-stacked-on-mobile\" style=\"grid-template-columns:40% auto\"><figure class=\"wp-block-media-text__media\"><img loading=\"lazy\" decoding=\"async\" width=\"724\" height=\"1024\" src=\"https:\/\/hiphi.ubbcluj.ro\/SD_ICC\/wp-content\/uploads\/2023\/06\/Prelegere_Toader-Nicoara_SDICC-724x1024.jpg\" alt=\"\" class=\"wp-image-1811 size-full\" srcset=\"https:\/\/hiphi.ubbcluj.ro\/SD_ICC\/wp-content\/uploads\/2023\/06\/Prelegere_Toader-Nicoara_SDICC-724x1024.jpg 724w, https:\/\/hiphi.ubbcluj.ro\/SD_ICC\/wp-content\/uploads\/2023\/06\/Prelegere_Toader-Nicoara_SDICC-212x300.jpg 212w, https:\/\/hiphi.ubbcluj.ro\/SD_ICC\/wp-content\/uploads\/2023\/06\/Prelegere_Toader-Nicoara_SDICC-768x1086.jpg 768w, https:\/\/hiphi.ubbcluj.ro\/SD_ICC\/wp-content\/uploads\/2023\/06\/Prelegere_Toader-Nicoara_SDICC-1086x1536.jpg 1086w, https:\/\/hiphi.ubbcluj.ro\/SD_ICC\/wp-content\/uploads\/2023\/06\/Prelegere_Toader-Nicoara_SDICC-1448x2048.jpg 1448w, https:\/\/hiphi.ubbcluj.ro\/SD_ICC\/wp-content\/uploads\/2023\/06\/Prelegere_Toader-Nicoara_SDICC-scaled.jpg 1810w\" sizes=\"(max-width: 724px) 100vw, 724px\" \/><\/figure><div class=\"wp-block-media-text__content\">\n<p>Ex-Cathedra: Prelegerile \u015ecolii Doctorale<br><br><strong><em>Istoricul \u00eentre teoria \u0219i practica interdisciplinrit\u0103\u021bii<\/em><\/strong><br><br>12 iunie 2023<\/p>\n<\/div><\/div>\n","protected":false},"excerpt":{"rendered":"<p>Atelier \/ Workshop NEMESIS Cultural Representation and Self-Representation in Iron Age Europe 14-16 septembrie 2022 Programul atelierului AICI Ex-Cathedra: Prelegerile \u015ecolii Doctorale Soarta critic\u0103 a castelului Bethlen din Cri\u0219 (jud. Mure\u0219). O istoriografie cu multe \u00eenv\u0103\u021b\u0103minte 21 octombrie 2022 Ex-Cathedra: Prelegerile \u015ecolii Doctorale V\u00e2rstele vie\u021bii \u00een cultura tradi\u021bional\u0103 rom\u00e2neasc\u0103 (sec. XVIII-XIX) &#8211; perspective istorice, antropologice, &hellip; <\/p>\n<p class=\"link-more\"><a href=\"https:\/\/hiphi.ubbcluj.ro\/SD_ICC\/evenimente\/anul-2022-2023\/\" class=\"more-link\">Cite\u0219te mai multe<span class=\"screen-reader-text\">\u201eAnul 2022-2023\u201d<\/span><\/a><\/p>\n","protected":false},"author":1,"featured_media":0,"parent":22,"menu_order":1,"comment_status":"closed","ping_status":"closed","template":"","meta":{"_inspiro_hide_title":false,"footnotes":""},"class_list":["post-1377","page","type-page","status-publish","hentry"],"_links":{"self":[{"href":"https:\/\/hiphi.ubbcluj.ro\/SD_ICC\/wp-json\/wp\/v2\/pages\/1377","targetHints":{"allow":["GET"]}}],"collection":[{"href":"https:\/\/hiphi.ubbcluj.ro\/SD_ICC\/wp-json\/wp\/v2\/pages"}],"about":[{"href":"https:\/\/hiphi.ubbcluj.ro\/SD_ICC\/wp-json\/wp\/v2\/types\/page"}],"author":[{"embeddable":true,"href":"https:\/\/hiphi.ubbcluj.ro\/SD_ICC\/wp-json\/wp\/v2\/users\/1"}],"replies":[{"embeddable":true,"href":"https:\/\/hiphi.ubbcluj.ro\/SD_ICC\/wp-json\/wp\/v2\/comments?post=1377"}],"version-history":[{"count":22,"href":"https:\/\/hiphi.ubbcluj.ro\/SD_ICC\/wp-json\/wp\/v2\/pages\/1377\/revisions"}],"predecessor-version":[{"id":2129,"href":"https:\/\/hiphi.ubbcluj.ro\/SD_ICC\/wp-json\/wp\/v2\/pages\/1377\/revisions\/2129"}],"up":[{"embeddable":true,"href":"https:\/\/hiphi.ubbcluj.ro\/SD_ICC\/wp-json\/wp\/v2\/pages\/22"}],"wp:attachment":[{"href":"https:\/\/hiphi.ubbcluj.ro\/SD_ICC\/wp-json\/wp\/v2\/media?parent=1377"}],"curies":[{"name":"wp","href":"https:\/\/api.w.org\/{rel}","templated":true}]}}