{"id":1358,"date":"2022-09-02T07:01:28","date_gmt":"2022-09-02T07:01:28","guid":{"rendered":"http:\/\/hiphi.ubbcluj.ro\/SD_ICC\/?page_id=1358"},"modified":"2022-10-04T17:20:24","modified_gmt":"2022-10-04T17:20:24","slug":"cu-taxa","status":"publish","type":"page","link":"https:\/\/hiphi.ubbcluj.ro\/SD_ICC\/doctoranzi\/anul-i-3\/cu-taxa\/","title":{"rendered":"Cu tax\u0103"},"content":{"rendered":"\n<p style=\"color:#006851\" class=\"has-text-color\"><strong>Fazeca\u0219 Gruia-Traian<br>Coordonator: prof. univ. dr. Florin GOG\u00c2LTAN<\/strong><\/p>\n\n\n\n<p class=\"has-small-font-size\"><strong>Titlul tezei<\/strong><br><br><strong>Comisia de \u00eendrumare<\/strong><br>prof. univ. dr. Gelu Florea<br>conf. univ. dr. Moln\u00e1r-Kov\u00e1cs Zsolt <br>lect. univ. dr. Liliana  Mateescu-Suciu <\/p>\n\n\n\n<p style=\"color:#006851\" class=\"has-text-color\"><strong>Negrean Raluca Maria <br>Coordonator: prof. univ. dr. Toader NICOAR\u0102<\/strong><\/p>\n\n\n\n<p class=\"has-small-font-size\"><strong>Titlul tezei<\/strong><br><br><strong>Comisia de \u00eendrumare<\/strong><br>prof. univ. dr. Marcela S\u0103l\u0103gean  <br>prof. univ. dr. Ovidiu Ghitta  <br>conf. univ. dr. Constantin B\u0103rbulescu <\/p>\n","protected":false},"excerpt":{"rendered":"<p>Fazeca\u0219 Gruia-TraianCoordonator: prof. univ. dr. Florin GOG\u00c2LTAN Titlul tezei Comisia de \u00eendrumareprof. univ. dr. Gelu Floreaconf. univ. dr. Moln\u00e1r-Kov\u00e1cs Zsolt lect. univ. dr. Liliana Mateescu-Suciu Negrean Raluca Maria Coordonator: prof. univ. dr. Toader NICOAR\u0102 Titlul tezei Comisia de \u00eendrumareprof. univ. dr. Marcela S\u0103l\u0103gean prof. univ. dr. Ovidiu Ghitta conf. univ. dr. Constantin B\u0103rbulescu<\/p>\n","protected":false},"author":1,"featured_media":0,"parent":1351,"menu_order":3,"comment_status":"closed","ping_status":"closed","template":"","meta":{"_inspiro_hide_title":false,"footnotes":""},"class_list":["post-1358","page","type-page","status-publish","hentry"],"_links":{"self":[{"href":"https:\/\/hiphi.ubbcluj.ro\/SD_ICC\/wp-json\/wp\/v2\/pages\/1358","targetHints":{"allow":["GET"]}}],"collection":[{"href":"https:\/\/hiphi.ubbcluj.ro\/SD_ICC\/wp-json\/wp\/v2\/pages"}],"about":[{"href":"https:\/\/hiphi.ubbcluj.ro\/SD_ICC\/wp-json\/wp\/v2\/types\/page"}],"author":[{"embeddable":true,"href":"https:\/\/hiphi.ubbcluj.ro\/SD_ICC\/wp-json\/wp\/v2\/users\/1"}],"replies":[{"embeddable":true,"href":"https:\/\/hiphi.ubbcluj.ro\/SD_ICC\/wp-json\/wp\/v2\/comments?post=1358"}],"version-history":[{"count":4,"href":"https:\/\/hiphi.ubbcluj.ro\/SD_ICC\/wp-json\/wp\/v2\/pages\/1358\/revisions"}],"predecessor-version":[{"id":1590,"href":"https:\/\/hiphi.ubbcluj.ro\/SD_ICC\/wp-json\/wp\/v2\/pages\/1358\/revisions\/1590"}],"up":[{"embeddable":true,"href":"https:\/\/hiphi.ubbcluj.ro\/SD_ICC\/wp-json\/wp\/v2\/pages\/1351"}],"wp:attachment":[{"href":"https:\/\/hiphi.ubbcluj.ro\/SD_ICC\/wp-json\/wp\/v2\/media?parent=1358"}],"curies":[{"name":"wp","href":"https:\/\/api.w.org\/{rel}","templated":true}]}}