{"id":1356,"date":"2022-09-02T07:01:08","date_gmt":"2022-09-02T07:01:08","guid":{"rendered":"http:\/\/hiphi.ubbcluj.ro\/SD_ICC\/?page_id=1356"},"modified":"2022-10-07T09:22:55","modified_gmt":"2022-10-07T09:22:55","slug":"buget-fara-bursa","status":"publish","type":"page","link":"https:\/\/hiphi.ubbcluj.ro\/SD_ICC\/doctoranzi\/anul-i-3\/buget-fara-bursa\/","title":{"rendered":"Buget f\u0103r\u0103 burs\u0103"},"content":{"rendered":"\n<p style=\"color:#006851\" class=\"has-text-color\"><strong>Curea Ionela Loredana<\/strong><br><strong>Coordonator: prof. univ. dr. Maria CR\u0102CIUN<\/strong><\/p>\n\n\n\n<p class=\"has-small-font-size\"><strong>Titlul tezei<br><br>Comisia de \u00eendrumare<\/strong><br>prof. univ. dr. Greta Miron  <br>prof. univ. dr. Ovidiu Ghitta  <br>lect. univ. dr. Elena Firea  <\/p>\n\n\n\n<p style=\"color:#006851\" class=\"has-text-color\"><strong>D\u2019Amato Raffaele<br>Coordonator: prof. univ. dr. Sorin NEMETI<\/strong><\/p>\n\n\n\n<p class=\"has-small-font-size\"><strong>Titlul tezei<br><br>Comisia de \u00eendrumare<\/strong><br>prof. univ. dr. Radu Ardevan  <br>conf. univ. dr. Florin Fodorean  <br>lect. univ. dr. Silvia Musta\u021b\u0103  <\/p>\n\n\n\n<p style=\"color:#006851\" class=\"has-text-color\"><strong>Filep Tam\u00e1s Gust\u00e1v<br>Coordonator: prof. univ. dr. P\u00c1L Judit <\/strong><\/p>\n\n\n\n<p class=\"has-small-font-size\"><strong>Titlul tezei<br><br>Comisia de \u00eendrumare<\/strong><br>prof. univ. dr. Sipos G\u00e1bor<br>conf. univ. dr. Nagy R\u00f3bert <br>lect. univ. dr. Feh\u00e9r Andrea <br><\/p>\n\n\n\n<p style=\"color:#006851\" class=\"has-text-color\"><strong>Gantner Kristian<br>Coordonator: conf. univ. dr. Florin FODOREAN<\/strong><br><\/p>\n\n\n\n<p class=\"has-small-font-size\"><strong>Titlul tezei<br><br>Comisia de \u00eendrumare<\/strong><br>profesor emerit dr. Radu Ardevan  <br>prof. univ. dr. Sorin Nemeti  <br>conf. univ. dr. Eduard Nemeth  <\/p>\n\n\n\n<p style=\"color:#006851\" class=\"has-text-color\"><strong>Jureschi Iuliana Alexandra<br>Coordonator: prof. univ. dr. Marcela S\u0102L\u0102GEAN <\/strong><\/p>\n\n\n\n<p class=\"has-small-font-size\"><strong>Titlul tezei<br><br>Comisia de \u00eendrumare<\/strong><br>prof. univ. dr. \u0218erban Turcu\u0219  <br>conf. univ. dr. Mihai Nicoar\u0103  <br>lect. univ. dr. Ioan Manci  <br><\/p>\n\n\n\n<p style=\"color:#006851\" class=\"has-text-color\"><strong>Kolumb\u00e1n Lilla<br>Coordonator: prof. univ. dr. Maria CR\u0102CIUN<\/strong><br><\/p>\n\n\n\n<p class=\"has-small-font-size\"><strong>Titlul tezei<br><br>Comisia de \u00eendrumare<\/strong><br>prof. univ. dr. Ioan-Marius Bucur  <br>prof. univ. dr. Virgiliu \u021a\u00e2r\u0103u  <br>prof. univ. dr. Mihaela Grancea  <\/p>\n\n\n\n<p style=\"color:#006851\" class=\"has-text-color\"><strong>Malinescu Emanuel-Sorin<br>Coordonator: prof. univ. dr. Gelu FLOREA<\/strong><br><\/p>\n\n\n\n<p class=\"has-small-font-size\"><strong>Titlul tezei<br><br>Comisia de \u00eendrumare<\/strong><br>CS I dr. Florin Gog\u00e2ltan  <br>lect. univ. dr. Liliana Mateescu-Suciu <br>lect. univ. dr. Silvia Musta\u021b\u0103 <\/p>\n\n\n\n<p style=\"color:#006851\" class=\"has-text-color\"><strong>Marchi\u0219 Anamaria-Alexandra<br>Coordonator: conf. univ. dr. Adinel DINC\u0102<\/strong><\/p>\n\n\n\n<p class=\"has-small-font-size\"><strong>Titlul tezei<br><br>Comisia de \u00eendrumare<\/strong><br>prof. univ. dr. \u0218erban Turcu\u0219  <br>conf. univ. dr. Ionu\u021b Costea  <br>conf. univ. dr. Cosmin Popa-Gorjanu <\/p>\n\n\n\n<p style=\"color:#006851\" class=\"has-text-color\"><strong>M\u00e1tyus (c\u0103s. Tam\u00e1s) Kinga Melinda <br>Coordonator: prof. univ. dr. Ovidiu GHITTA<\/strong><br><\/p>\n\n\n\n<p class=\"has-small-font-size\"><strong>Titlul tezei<br><br>Comisia de \u00eendrumare<\/strong><br>prof. univ. dr. Ioan-Marius Bucur <br>conf. univ. dr. Ionu\u021b Costea  <br>conf. univ. dr. Valentin Orga<\/p>\n\n\n\n<p style=\"color:#006851\" class=\"has-text-color\"><strong>Nastasie Claudiu-Eduard<br>Coordonator: prof. univ. dr. Greta MIRON<\/strong><br><\/p>\n\n\n\n<p class=\"has-small-font-size\"><strong>Titlul tezei<br><br>Comisia de \u00eendrumare<\/strong><br>prof. univ. dr. Maria Cr\u0103ciun  <br>prof. univ. dr. Ovidiu Ghitta  <br>conf. univ. dr. Ionu\u021b Costea <\/p>\n\n\n\n<p style=\"color:#006851\" class=\"has-text-color\"><strong>Theodorescu Crin-Triandafil<br>Coordonator: prof. univ. dr. \u0218erban TURCU\u0218<\/strong><\/p>\n\n\n\n<p class=\"has-small-font-size\"><strong>Titlul tezei<br><br>Comisia de \u00eendrumare<\/strong><br>prof. univ. dr. Marcela S\u0103l\u0103gean  <br>prof. univ. dr. Sorin Mitu<br>conf. univ. dr. Mihai Nicoar\u0103  <\/p>\n\n\n\n<p style=\"color:#006851\" class=\"has-text-color\"><strong>Toth David<\/strong><br><strong>Coordonator: conf. univ. dr.<\/strong> <strong>Eduard NEMETH<\/strong><br><\/p>\n\n\n\n<p class=\"has-small-font-size\"><strong>Titlul tezei<br><br>Comisia de \u00eendrumare<\/strong><br>prof. univ. dr. Sorin Nemeti  <br>conf. univ. dr. Ligia Ruscu  <br>conf. univ. dr. Florin Fodorean  <\/p>\n\n\n\n<p style=\"color:#006851\" class=\"has-text-color\"><strong>Tutula Ioan<\/strong><br><strong>Coordonator: conf. univ. dr. Adinel DINC\u0102<\/strong> <br><\/p>\n\n\n\n<p class=\"has-small-font-size\"><strong>Titlul tezei<br><br>Comisia de \u00eendrumare<\/strong><br>C.\u0218. I dr. Lidia Gross  <br>conf. univ. dr. Cosmin Popa-Gorjanu <br>lect. univ. dr. Carmen Florea  <\/p>\n\n\n\n<p style=\"color:#006851\" class=\"has-text-color\"><strong>Zsigmond Henrietta-Anita<\/strong><br><strong>Coordonator: prof. univ. dr. R\u00dcSZ-FOGARASI Enik\u0151<\/strong> <\/p>\n\n\n\n<p class=\"has-small-font-size\"><strong>Titlul tezei<br><br>Comisia de \u00eendrumare<\/strong><br>prof. univ. dr. Sipos G\u00e1bor<br>conf. univ. dr. M\u00e1ria Lupescu  <br>conf. univ. dr. Nagy R\u00f3bert<br><\/p>\n\n\n\n<p style=\"color:#006851\" class=\"has-text-color\"><strong>Zv\u00eenc\u0103 Gabriel<br>Coordonator: conf. univ. dr. Mihai T. NICOAR\u0102<\/strong><\/p>\n\n\n\n<p class=\"has-small-font-size\"><strong>Titlul tezei<br><\/strong><em>Misiunea permanent\u0103 a Rom\u00e2niei la Organiza\u021bia Na\u021biunilor Unite \u0219i reprezentan\u021bii permanen\u021bi \u00een perioada comunist\u0103<\/em><br><br><strong>Comisia de \u00eendrumare<\/strong><br>prof. univ. dr. Marcela S\u0103l\u0103gean  <br>prof. univ. dr. \u0218erban Turcu\u0219  <br>conf. univ. dr. Constantin B\u0103rbulescu  <\/p>\n\n\n\n<p><br><\/p>\n","protected":false},"excerpt":{"rendered":"<p>Curea Ionela LoredanaCoordonator: prof. univ. dr. Maria CR\u0102CIUN Titlul tezei Comisia de \u00eendrumareprof. univ. dr. Greta Miron prof. univ. dr. Ovidiu Ghitta lect. univ. dr. Elena Firea D\u2019Amato RaffaeleCoordonator: prof. univ. dr. Sorin NEMETI Titlul tezei Comisia de \u00eendrumareprof. univ. dr. Radu Ardevan conf. univ. dr. Florin Fodorean lect. univ. dr. Silvia Musta\u021b\u0103 Filep Tam\u00e1s &hellip; <\/p>\n<p class=\"link-more\"><a href=\"https:\/\/hiphi.ubbcluj.ro\/SD_ICC\/doctoranzi\/anul-i-3\/buget-fara-bursa\/\" class=\"more-link\">Cite\u0219te mai multe<span class=\"screen-reader-text\">\u201eBuget f\u0103r\u0103 burs\u0103\u201d<\/span><\/a><\/p>\n","protected":false},"author":1,"featured_media":0,"parent":1351,"menu_order":2,"comment_status":"closed","ping_status":"closed","template":"","meta":{"_inspiro_hide_title":false,"footnotes":""},"class_list":["post-1356","page","type-page","status-publish","hentry"],"_links":{"self":[{"href":"https:\/\/hiphi.ubbcluj.ro\/SD_ICC\/wp-json\/wp\/v2\/pages\/1356","targetHints":{"allow":["GET"]}}],"collection":[{"href":"https:\/\/hiphi.ubbcluj.ro\/SD_ICC\/wp-json\/wp\/v2\/pages"}],"about":[{"href":"https:\/\/hiphi.ubbcluj.ro\/SD_ICC\/wp-json\/wp\/v2\/types\/page"}],"author":[{"embeddable":true,"href":"https:\/\/hiphi.ubbcluj.ro\/SD_ICC\/wp-json\/wp\/v2\/users\/1"}],"replies":[{"embeddable":true,"href":"https:\/\/hiphi.ubbcluj.ro\/SD_ICC\/wp-json\/wp\/v2\/comments?post=1356"}],"version-history":[{"count":19,"href":"https:\/\/hiphi.ubbcluj.ro\/SD_ICC\/wp-json\/wp\/v2\/pages\/1356\/revisions"}],"predecessor-version":[{"id":1611,"href":"https:\/\/hiphi.ubbcluj.ro\/SD_ICC\/wp-json\/wp\/v2\/pages\/1356\/revisions\/1611"}],"up":[{"embeddable":true,"href":"https:\/\/hiphi.ubbcluj.ro\/SD_ICC\/wp-json\/wp\/v2\/pages\/1351"}],"wp:attachment":[{"href":"https:\/\/hiphi.ubbcluj.ro\/SD_ICC\/wp-json\/wp\/v2\/media?parent=1356"}],"curies":[{"name":"wp","href":"https:\/\/api.w.org\/{rel}","templated":true}]}}