{"id":1354,"date":"2022-09-02T07:00:37","date_gmt":"2022-09-02T07:00:37","guid":{"rendered":"http:\/\/hiphi.ubbcluj.ro\/SD_ICC\/?page_id=1354"},"modified":"2022-10-04T17:10:26","modified_gmt":"2022-10-04T17:10:26","slug":"buget-cu-bursa","status":"publish","type":"page","link":"https:\/\/hiphi.ubbcluj.ro\/SD_ICC\/doctoranzi\/anul-i-3\/buget-cu-bursa\/","title":{"rendered":"Buget cu burs\u0103"},"content":{"rendered":"\n<p style=\"color:#006851\" class=\"has-text-color\"><strong>Ciubotaru Nica<br>Coordonator: prof. univ. dr. Gelu FLOREA<\/strong><\/p>\n\n\n\n<p class=\"has-small-font-size\"><strong>Titlul tezei<\/strong><br><br><strong>Comisia de \u00eendrumare<\/strong><br>C.\u0218. I dr. Florin Gog\u00e2ltan <br>lect. univ. dr. Liliana Mateescu-Suciu <br>lect. univ. dr. Silvia Musta\u021b\u0103 <\/p>\n\n\n\n<p style=\"color:#006851\" class=\"has-text-color\"><strong>Gligan Daniel<br>Coordonator: prof. univ. dr. Maria CR\u0102CIUN<\/strong><\/p>\n\n\n\n<p class=\"has-small-font-size\"><strong>Titlul tezei<br><\/strong><br><strong>Comisia de \u00eendrumare<\/strong><br>lect. univ. dr. Carmen Florea<br>lect. univ. dr. Cosmin Rusu<br>C.\u0218. III dr. Ciprian Firea<\/p>\n\n\n\n<p style=\"color:#006851\" class=\"has-text-color\"><strong>Hetea Estera Roxana<br>Coordonator: prof. univ. dr. Sorin MITU<\/strong><\/p>\n\n\n\n<p class=\"has-small-font-size\"><strong>Titlul tezei<br><br>Comisia de \u00eendrumare<br><\/strong>conf. univ. dr. Constantin B\u0103rbulescu  <br>lect. univ. dr. Vlad Popovici  <br>lect. univ. dr. Lucian Turcu  <\/p>\n\n\n\n<p style=\"color:#006851\" class=\"has-text-color\"><strong>Kadar \u00c1gota<br>Coordonator: prof. univ. dr. P\u00c1L Judit<\/strong><\/p>\n\n\n\n<p class=\"has-small-font-size\"><strong>Titlul tezei<br><br>Comisia de \u00eendrumare <\/strong><br>lect. univ. dr. Feh\u00e9r Andrea<br>lect. univ. dr. Kov\u00e1cs Zsolt<br>lect. univ. dr. P\u00e1l Emese<\/p>\n\n\n\n<p style=\"color:#006851\" class=\"has-text-color\"><strong>Loza Andrei-Iulian<br>Coordonator: prof. univ. dr. Ovidiu GHITTA<\/strong><\/p>\n\n\n\n<p class=\"has-small-font-size\"><strong>Titlul tezei<\/strong><br><br><strong>Comisia de \u00eendrumare<\/strong><br>prof. univ. dr. Ioan-Marius Bucur  <br>prof. univ. dr. Sorin Mitu  <br>conf. univ. dr. Ionu\u021b Costea  <\/p>\n\n\n\n<p style=\"color:#006851\" class=\"has-text-color\"><strong>Mic Adrian C\u0103t\u0103lin Andrei<br>Coordonator: prof. univ. dr. Sorin MITU<\/strong><\/p>\n\n\n\n<p class=\"has-small-font-size\"><strong>Titlul tezei<br><\/strong><br><strong>Comisia de \u00eendrumare<\/strong><br>conf. univ. dr. Constantin B\u0103rbulescu  <br>lect. univ. dr. Vlad Popovici  <br>lect. univ. dr. Lucian Turcu  <\/p>\n\n\n\n<p style=\"color:#006851\" class=\"has-text-color\"><strong>Moga Andrei<br>Coordonator: conf. univ. dr. Adinel DINC\u0102<\/strong><\/p>\n\n\n\n<p class=\"has-small-font-size\"><strong>Titlul tezei<br><br>Comisia de \u00eendrumare<\/strong><br>prof. univ. dr. Gr\u00e4f Rudolf<br>conf. univ. dr. Ionu\u021b Costea  <br>conf. univ. dr. Cosmin Popa-Gorjanu <\/p>\n\n\n\n<p style=\"color:#006851\" class=\"has-text-color\"><strong>Morogan Cristian Marius Vicen\u021biu<br>Coordonator: prof univ. dr. Greta MIRON<\/strong><\/p>\n\n\n\n<p class=\"has-small-font-size\"><strong>Titlul tezei<br><br>Comisia de \u00eendrumare<\/strong><br>prof. univ. dr. Maria Cr\u0103ciun  <br>prof. univ. dr. Ovidiu Ghitta  <br>conf. univ. dr. Ionu\u021b Costea  <\/p>\n\n\n\n<p style=\"color:#006851\" class=\"has-text-color\"><strong>Nec\u0219e Karina<br>Coordonator: prof. univ. dr. \u0218erban TURCU\u0218<\/strong><\/p>\n\n\n\n<p class=\"has-small-font-size\"><strong>Titlul tezei<\/strong><br><br><strong>Comisia de \u00eendrumare<\/strong><br>prof. univ. dr. Ovidiu Ghitta  <br>conf. univ. dr. Ionu\u021b  Costea  <br>conf. univ. dr. Adinel  Dinc\u0103  <\/p>\n\n\n\n<p style=\"color:#006851\" class=\"has-text-color\"><strong>Olteanu Andrei-Dumitru<br>Coordonator: prof. univ. dr. Marcela S\u0102L\u0102GEAN<\/strong><\/p>\n\n\n\n<p class=\"has-small-font-size\"><strong>Titlul tezei<br><br>Comisia de \u00eendrumare<\/strong><br>prof. univ. dr. \u0218erban Turcu\u0219  <br>conf. univ. dr. Mihai Nicoar\u0103  <br>lect. univ. dr. Mihai Alexandrescu  <br><\/p>\n\n\n\n<p style=\"color:#006851\" class=\"has-text-color\"><strong>Rus Onoriu-Mihai<br>Coordonator: prof. univ. dr. Florin GOG\u00c2LTAN<\/strong><\/p>\n\n\n\n<p class=\"has-small-font-size\"><strong>Titlul tezei<\/strong><br><br><strong>Comisia de \u00eendrumare<\/strong><br>prof. univ. dr. Gelu Florea <br>conf. univ. dr. Moln\u00e1r-Kov\u00e1cs Zsolt<br>lect. univ. dr. Liliana Mateescu-Suciu<\/p>\n\n\n\n<p style=\"color:#006851\" class=\"has-text-color\"><strong>S\u00fcket Levente-M\u00e1ty\u00e1s<br>Coordonator: prof. univ. dr. R\u00dcSZ-FOGARASI Enik\u0151<\/strong><\/p>\n\n\n\n<p class=\"has-small-font-size\"><strong>Titlul tezei<\/strong><br><br><strong>Comisia de \u00eendrumare<\/strong><br>conf. univ. dr. M\u00e1ria Lupescu <br>conf. univ. dr. Moln\u00e1r-Kov\u00e1cs Zsolt<br>lect. univ. dr. David Petru\u021b  <br><\/p>\n\n\n\n<p style=\"color:#006851\" class=\"has-text-color\"><strong>Szekernyes Laszlo<br>Coordonator: prof. univ. dr. Gelu FLOREA<\/strong><\/p>\n\n\n\n<p class=\"has-small-font-size\"><strong>Titlul tezei<br><br>Comisia de \u00eendrumare<\/strong><br>C.\u0218. I dr. Florin Gog\u00e2ltan  <br>conf. univ. dr. Eduard Nemeth  <br>lect. univ. dr. Silvia Musta\u021b\u0103  <\/p>\n\n\n\n<p style=\"color:#006851\" class=\"has-text-color\"><strong>\u0218tefan Berta-Casiana<br>Coordonator: prof. univ. dr. Sorin NEMETI<\/strong><\/p>\n\n\n\n<p class=\"has-small-font-size\"><strong>Titlul tezei<\/strong><br><br><strong>Comisia de \u00eendrumare<\/strong><br>profesor emerit dr. Radu Ardevan  <br>conf. univ. dr. Ligia Ruscu  <br>conf. univ. dr. Florin Fodorean  <\/p>\n\n\n\n<p><br><\/p>\n","protected":false},"excerpt":{"rendered":"<p>Ciubotaru NicaCoordonator: prof. univ. dr. Gelu FLOREA Titlul tezei Comisia de \u00eendrumareC.\u0218. I dr. Florin Gog\u00e2ltan lect. univ. dr. Liliana Mateescu-Suciu lect. univ. dr. Silvia Musta\u021b\u0103 Gligan DanielCoordonator: prof. univ. dr. Maria CR\u0102CIUN Titlul tezeiComisia de \u00eendrumarelect. univ. dr. Carmen Florealect. univ. dr. Cosmin RusuC.\u0218. III dr. Ciprian Firea Hetea Estera RoxanaCoordonator: prof. univ. dr. &hellip; <\/p>\n<p class=\"link-more\"><a href=\"https:\/\/hiphi.ubbcluj.ro\/SD_ICC\/doctoranzi\/anul-i-3\/buget-cu-bursa\/\" class=\"more-link\">Cite\u0219te mai multe<span class=\"screen-reader-text\">\u201eBuget cu burs\u0103\u201d<\/span><\/a><\/p>\n","protected":false},"author":1,"featured_media":0,"parent":1351,"menu_order":1,"comment_status":"closed","ping_status":"closed","template":"","meta":{"_inspiro_hide_title":false,"footnotes":""},"class_list":["post-1354","page","type-page","status-publish","hentry"],"_links":{"self":[{"href":"https:\/\/hiphi.ubbcluj.ro\/SD_ICC\/wp-json\/wp\/v2\/pages\/1354","targetHints":{"allow":["GET"]}}],"collection":[{"href":"https:\/\/hiphi.ubbcluj.ro\/SD_ICC\/wp-json\/wp\/v2\/pages"}],"about":[{"href":"https:\/\/hiphi.ubbcluj.ro\/SD_ICC\/wp-json\/wp\/v2\/types\/page"}],"author":[{"embeddable":true,"href":"https:\/\/hiphi.ubbcluj.ro\/SD_ICC\/wp-json\/wp\/v2\/users\/1"}],"replies":[{"embeddable":true,"href":"https:\/\/hiphi.ubbcluj.ro\/SD_ICC\/wp-json\/wp\/v2\/comments?post=1354"}],"version-history":[{"count":20,"href":"https:\/\/hiphi.ubbcluj.ro\/SD_ICC\/wp-json\/wp\/v2\/pages\/1354\/revisions"}],"predecessor-version":[{"id":1586,"href":"https:\/\/hiphi.ubbcluj.ro\/SD_ICC\/wp-json\/wp\/v2\/pages\/1354\/revisions\/1586"}],"up":[{"embeddable":true,"href":"https:\/\/hiphi.ubbcluj.ro\/SD_ICC\/wp-json\/wp\/v2\/pages\/1351"}],"wp:attachment":[{"href":"https:\/\/hiphi.ubbcluj.ro\/SD_ICC\/wp-json\/wp\/v2\/media?parent=1354"}],"curies":[{"name":"wp","href":"https:\/\/api.w.org\/{rel}","templated":true}]}}