{"id":1351,"date":"2022-09-02T06:57:20","date_gmt":"2022-09-02T06:57:20","guid":{"rendered":"http:\/\/hiphi.ubbcluj.ro\/SD_ICC\/?page_id=1351"},"modified":"2026-02-20T14:37:01","modified_gmt":"2026-02-20T14:37:01","slug":"anul-i-3","status":"publish","type":"page","link":"https:\/\/hiphi.ubbcluj.ro\/SD_ICC\/doctoranzi\/anul-i-3\/","title":{"rendered":"ANUL IV &#8211; Aliniere \/ Prelungire"},"content":{"rendered":"\n<p>An admitere doctorat: 2022<\/p>\n\n\n\n<p> <\/p>\n\n\n\n<div class=\"wp-block-buttons is-content-justification-center is-layout-flex wp-container-core-buttons-is-layout-a89b3969 wp-block-buttons-is-layout-flex\">\n<div class=\"wp-block-button has-custom-width wp-block-button__width-75 is-style-fill\"><a class=\"wp-block-button__link wp-element-button\" href=\"https:\/\/hiphi.ubbcluj.ro\/SD_ICC\/doctoranzi\/anul-i-3\/buget-cu-bursa\/\">buget cu burs\u0103<\/a><\/div>\n\n\n\n<div class=\"wp-block-button has-custom-width wp-block-button__width-75 is-style-fill\"><a class=\"wp-block-button__link wp-element-button\" href=\"https:\/\/hiphi.ubbcluj.ro\/SD_ICC\/wp-admin\/post.php?post=1356&amp;action=edit\">buget f\u0103r\u0103 burs\u0103<\/a><\/div>\n\n\n\n<div class=\"wp-block-button has-custom-width wp-block-button__width-75 is-style-outline is-style-outline--1\"><a class=\"wp-block-button__link wp-element-button\" href=\"https:\/\/hiphi.ubbcluj.ro\/SD_ICC\/doctoranzi\/anul-i-3\/cu-taxa\/\">cu tax\u0103<\/a><\/div>\n<\/div>\n","protected":false},"excerpt":{"rendered":"<p>An admitere doctorat: 2022<\/p>\n","protected":false},"author":1,"featured_media":0,"parent":12,"menu_order":1,"comment_status":"closed","ping_status":"closed","template":"","meta":{"_inspiro_hide_title":false,"footnotes":""},"class_list":["post-1351","page","type-page","status-publish","hentry"],"_links":{"self":[{"href":"https:\/\/hiphi.ubbcluj.ro\/SD_ICC\/wp-json\/wp\/v2\/pages\/1351","targetHints":{"allow":["GET"]}}],"collection":[{"href":"https:\/\/hiphi.ubbcluj.ro\/SD_ICC\/wp-json\/wp\/v2\/pages"}],"about":[{"href":"https:\/\/hiphi.ubbcluj.ro\/SD_ICC\/wp-json\/wp\/v2\/types\/page"}],"author":[{"embeddable":true,"href":"https:\/\/hiphi.ubbcluj.ro\/SD_ICC\/wp-json\/wp\/v2\/users\/1"}],"replies":[{"embeddable":true,"href":"https:\/\/hiphi.ubbcluj.ro\/SD_ICC\/wp-json\/wp\/v2\/comments?post=1351"}],"version-history":[{"count":8,"href":"https:\/\/hiphi.ubbcluj.ro\/SD_ICC\/wp-json\/wp\/v2\/pages\/1351\/revisions"}],"predecessor-version":[{"id":2352,"href":"https:\/\/hiphi.ubbcluj.ro\/SD_ICC\/wp-json\/wp\/v2\/pages\/1351\/revisions\/2352"}],"up":[{"embeddable":true,"href":"https:\/\/hiphi.ubbcluj.ro\/SD_ICC\/wp-json\/wp\/v2\/pages\/12"}],"wp:attachment":[{"href":"https:\/\/hiphi.ubbcluj.ro\/SD_ICC\/wp-json\/wp\/v2\/media?parent=1351"}],"curies":[{"name":"wp","href":"https:\/\/api.w.org\/{rel}","templated":true}]}}