{"id":126,"date":"2021-08-27T13:03:50","date_gmt":"2021-08-27T13:03:50","guid":{"rendered":"http:\/\/hiphi.ubbcluj.ro\/SD_ICC_nou\/?page_id=126"},"modified":"2024-05-20T18:19:51","modified_gmt":"2024-05-20T18:19:51","slug":"cadre-didactice-afiliate","status":"publish","type":"page","link":"https:\/\/hiphi.ubbcluj.ro\/SD_ICC\/structura\/cadre-didactice-afiliate\/","title":{"rendered":"Cadre didactice afiliate"},"content":{"rendered":"\n<p>acad. prof. univ. dr. <strong>Mihai B\u0102RBULESCU<\/strong><br>Domenii de competen\u0163\u0103: <em>Istoria lumii antice; Istoria Daciei romane; Istoria culturii antice; Patrimoniul Antichit\u0103\u021bii.<\/em><br>\u2022 <a rel=\"noreferrer noopener\" aria-label=\"Curriculum Vitae (se deschide \u00eentr-o fil\u0103 nou\u0103)\" href=\"http:\/\/hiphi.ubbcluj.ro\/SD_ICC\/wp-content\/uploads\/2021\/08\/Prof.-univ.-dr.-B\u0103rbulescu_Mihai.pdf\" target=\"_blank\">Curriculum Vitae<\/a><br>\u2022 <a rel=\"noreferrer noopener\" aria-label=\"Publica\u021bii  (se deschide \u00eentr-o fil\u0103 nou\u0103)\" href=\"http:\/\/hiphi.ubbcluj.ro\/personal\/mihai_barbulescu\/publicatii.html\" target=\"_blank\">Publica\u021bii <\/a><br><\/p>\n\n\n\n<p>prof. univ. dr. <strong>Radu ARDEVAN<\/strong><br>Domenii de competen\u0163\u0103: <em>Istorie antic\u0103; Civiliza\u021bia provincial\u0103 roman\u0103, economie \u0219i societate; Epigrafie antic\u0103 \u0219i Numismatic\u0103.<\/em><br>\u2022 <a rel=\"noreferrer noopener\" aria-label=\"Curriculum Vitae \/ Publica\u021bii (se deschide \u00eentr-o fil\u0103 nou\u0103)\" href=\"http:\/\/hiphi.ubbcluj.ro\/SD_ICC\/wp-content\/uploads\/2021\/08\/Prof.-univ.-dr.-Ardevan_Radu-1.pdf\" target=\"_blank\">Curriculum Vitae \/ Publica\u021bii<\/a><br><\/p>\n\n\n\n<p> prof. univ. dr. <strong>Florin DRA\u015eOVEAN<\/strong><br>Domenii de competen\u0163\u0103: <em>Preistorie, istoria societ\u0103\u021bilor primitive;<br> Metode de cercetare pentru arheologie.<\/em><br>\u2022 <a rel=\"noreferrer noopener\" aria-label=\"Curriculum Vitae \/ Publica\u021bii (se deschide \u00eentr-o fil\u0103 nou\u0103)\" href=\"http:\/\/hiphi.ubbcluj.ro\/SD_ICC\/wp-content\/uploads\/2021\/08\/Prof.-univ.-dr.-Dra\u0219ovean_Florin.pdf\" target=\"_blank\">Curriculum Vitae \/ Publica\u021bii<\/a><br><\/p>\n\n\n\n<p>prof. univ. dr. <strong>Doru RADOSAV<\/strong><br>Domenii de competen\u0163\u0103: <em>Istorie cultural\u0103; Istorie oral\u0103 \u0219i istoria recent\u0103; <br> Teoria istoriei.<\/em><br>\u2022 <a rel=\"noreferrer noopener\" aria-label=\"Curriculum Vitae \/ Publica\u021bii  (se deschide \u00eentr-o fil\u0103 nou\u0103)\" href=\"http:\/\/hiphi.ubbcluj.ro\/SD_ICC\/wp-content\/uploads\/2021\/08\/Prof.-univ.-dr.-Radosav_Doru.pdf\" target=\"_blank\">Curriculum Vitae \/ Publica\u021bii <\/a><br><\/p>\n\n\n\n<p class=\"has-very-dark-gray-color has-text-color\">prof. univ. dr. <strong>SIPOS G\u00e1bor<\/strong><br>Domenii de competen\u0163\u0103: <em>Istoria poporului maghiar; Istoria<br> bibliotecilor; Istoria ecleziastic\u0103.<\/em><br>\u2022 <a rel=\"noreferrer noopener\" aria-label=\"Curriculum Vitae (se deschide \u00eentr-o fil\u0103 nou\u0103)\" href=\"http:\/\/hiphi.ubbcluj.ro\/SD_ICC\/wp-content\/uploads\/2021\/08\/Prof.-univ.-dr.-Sipos_Gavril.pdf\" target=\"_blank\">Curriculum Vitae<\/a><\/p>\n\n\n\n<p>prof. univ. dr. <strong>Simona NICOAR\u0102<\/strong><br>Domenii de competen\u021b\u0103: <em>Istoria modern\u0103; Istoria imaginarului; Mituri \u0219i mitologii politice; Istoria credin\u021belor religioase; Istoria elitelor.<\/em><br>\u2022 <a rel=\"noreferrer noopener\" aria-label=\"Curriculum Vitae \/ Publica\u021bii (se deschide \u00eentr-o fil\u0103 nou\u0103)\" href=\"http:\/\/hiphi.ubbcluj.ro\/SD_ICC\/wp-content\/uploads\/2021\/08\/Prof.-univ.-dr.-Nicoar\u0103_Simona.pdf\" target=\"_blank\">Curriculum Vitae \/ Publica\u021bii<\/a><\/p>\n\n\n\n<p>prof. univ. dr. <strong>Toader NICOAR\u0102<\/strong><br>Domenii de competen\u021b\u0103: <em>Istoria modern\u0103 a Rom\u00e2niei; Antropologie istoric\u0103; Istoria mentalit\u0103\u021bilor colective \u0219i a socialului imaginar; Istorie cultural\u0103.<\/em><br>\u2022 <a rel=\"noreferrer noopener\" aria-label=\"Curriculum Vitae \/ Publica\u021bii (se deschide \u00eentr-o fil\u0103 nou\u0103)\" href=\"http:\/\/hiphi.ubbcluj.ro\/SD_ICC\/wp-content\/uploads\/2021\/08\/Prof.-univ.-dr.-Nicoar\u0103_Toader.pdf\" target=\"_blank\">Curriculum Vitae \/ Publica\u021bii<\/a><\/p>\n","protected":false},"excerpt":{"rendered":"<p>acad. prof. univ. dr. Mihai B\u0102RBULESCUDomenii de competen\u0163\u0103: Istoria lumii antice; Istoria Daciei romane; Istoria culturii antice; Patrimoniul Antichit\u0103\u021bii.\u2022 Curriculum Vitae\u2022 Publica\u021bii prof. univ. dr. Radu ARDEVANDomenii de competen\u0163\u0103: Istorie antic\u0103; Civiliza\u021bia provincial\u0103 roman\u0103, economie \u0219i societate; Epigrafie antic\u0103 \u0219i Numismatic\u0103.\u2022 Curriculum Vitae \/ Publica\u021bii prof. univ. dr. Florin DRA\u015eOVEANDomenii de competen\u0163\u0103: Preistorie, istoria societ\u0103\u021bilor &hellip; <\/p>\n<p class=\"link-more\"><a href=\"https:\/\/hiphi.ubbcluj.ro\/SD_ICC\/structura\/cadre-didactice-afiliate\/\" class=\"more-link\">Cite\u0219te mai multe<span class=\"screen-reader-text\">\u201eCadre didactice afiliate\u201d<\/span><\/a><\/p>\n","protected":false},"author":1,"featured_media":0,"parent":10,"menu_order":3,"comment_status":"closed","ping_status":"closed","template":"","meta":{"_inspiro_hide_title":false,"footnotes":""},"class_list":["post-126","page","type-page","status-publish","hentry"],"_links":{"self":[{"href":"https:\/\/hiphi.ubbcluj.ro\/SD_ICC\/wp-json\/wp\/v2\/pages\/126","targetHints":{"allow":["GET"]}}],"collection":[{"href":"https:\/\/hiphi.ubbcluj.ro\/SD_ICC\/wp-json\/wp\/v2\/pages"}],"about":[{"href":"https:\/\/hiphi.ubbcluj.ro\/SD_ICC\/wp-json\/wp\/v2\/types\/page"}],"author":[{"embeddable":true,"href":"https:\/\/hiphi.ubbcluj.ro\/SD_ICC\/wp-json\/wp\/v2\/users\/1"}],"replies":[{"embeddable":true,"href":"https:\/\/hiphi.ubbcluj.ro\/SD_ICC\/wp-json\/wp\/v2\/comments?post=126"}],"version-history":[{"count":16,"href":"https:\/\/hiphi.ubbcluj.ro\/SD_ICC\/wp-json\/wp\/v2\/pages\/126\/revisions"}],"predecessor-version":[{"id":2112,"href":"https:\/\/hiphi.ubbcluj.ro\/SD_ICC\/wp-json\/wp\/v2\/pages\/126\/revisions\/2112"}],"up":[{"embeddable":true,"href":"https:\/\/hiphi.ubbcluj.ro\/SD_ICC\/wp-json\/wp\/v2\/pages\/10"}],"wp:attachment":[{"href":"https:\/\/hiphi.ubbcluj.ro\/SD_ICC\/wp-json\/wp\/v2\/media?parent=126"}],"curies":[{"name":"wp","href":"https:\/\/api.w.org\/{rel}","templated":true}]}}