{"id":1120,"date":"2021-12-15T13:06:22","date_gmt":"2021-12-15T13:06:22","guid":{"rendered":"http:\/\/hiphi.ubbcluj.ro\/SD_ICC\/?page_id=1120"},"modified":"2021-12-16T20:46:03","modified_gmt":"2021-12-16T20:46:03","slug":"studii-de-teren-arheologice-pentru-fundamentarea-proiectului-de-restaurare-conservare-si-protectie-a-sitului-arheologic-castrul-legiunii-v-macedonica-potaissa-turda","status":"publish","type":"page","link":"https:\/\/hiphi.ubbcluj.ro\/SD_ICC\/cercetare\/proiecte\/studii-de-teren-arheologice-pentru-fundamentarea-proiectului-de-restaurare-conservare-si-protectie-a-sitului-arheologic-castrul-legiunii-v-macedonica-potaissa-turda\/","title":{"rendered":"Studii de teren (arheologice) pentru fundamentarea proiectului de restaurare, conservare \u0219i protec\u021bie a sitului arheologic Castrul Legiunii V Macedonica, Potaissa-Turda"},"content":{"rendered":"\n<p>Consultan\u021b\u0103 \u0219i cercet\u0103ri arheologice \u00een cadrul proiectului european <em><strong>Restaurarea, punerea \u00een valoare \u0219i introducerea \u00een circuitul turistic a Castrului Legiunii V Macedonica, Potaissa-Turda, <\/strong><\/em>finan\u021bat prin Programul Operational Regional 2014-2020 (pentru  lucr\u0103rile de interven\u0163ie \u015fi de restaurare la obiectivul Castrul Legiunii V Macedonica de pe platoul Cetate, municipiul Turda, jud. Cluj).<\/p>\n\n\n\n<p><strong>Coordonator al proiectului: prof. dr. Sorin Nemeti<\/strong><br>Lucr\u0103rile de cercetare arheologic\u0103\/supraveghere au fost efectuate \u00een cursul anului 2021, cu posibil\u0103 extindere \u00een anul 2022, de c\u0103tre doctoranzii ICC, ace\u0219tia fiind remunera\u021bi prin Centrul de Transfer Tehnologic \u0219i Cognitiv al UBB.<\/p>\n\n\n\n<p><strong>Echipa<\/strong><br>drd. Paul Chiorean (coordonator doctorat: conf. dr. Florin Fodorean)<br>drd. M\u00e1ty\u00e1s J\u00f3szef (coordonator doctorat: conf. dr. Florin Fodorean)<br>drd. Comiati Andra (coordonator doctorat: conf. dr. Florin Fodorean)<br>drd. Barbocz Be\u00e1ta (coordonator doctorat: prof. dr. Sorin Nemeti)<\/p>\n\n\n\n<p>Cercet\u0103rile arheologice sistematice de pe \u0219antierul <em>Potaissa &#8211; a\u0219ezarea civil\u0103 (canabae)<\/em>, derulat \u00een perioada septembrie-octombrie 2021, i-a avut \u00een echip\u0103 pe doctoranzii  <br>Matyas Joszef \u0219i Barbocz Be\u00e1ta (activitate realizat\u0103 prin intermediul  Muzeului Na\u021bional de Istorie a Transilvaniei Cluj-Napoca). <br><\/p>\n","protected":false},"excerpt":{"rendered":"<p>Consultan\u021b\u0103 \u0219i cercet\u0103ri arheologice \u00een cadrul proiectului european Restaurarea, punerea \u00een valoare \u0219i introducerea \u00een circuitul turistic a Castrului Legiunii V Macedonica, Potaissa-Turda, finan\u021bat prin Programul Operational Regional 2014-2020 (pentru lucr\u0103rile de interven\u0163ie \u015fi de restaurare la obiectivul Castrul Legiunii V Macedonica de pe platoul Cetate, municipiul Turda, jud. Cluj). Coordonator al proiectului: prof. dr. &hellip; <\/p>\n<p class=\"link-more\"><a href=\"https:\/\/hiphi.ubbcluj.ro\/SD_ICC\/cercetare\/proiecte\/studii-de-teren-arheologice-pentru-fundamentarea-proiectului-de-restaurare-conservare-si-protectie-a-sitului-arheologic-castrul-legiunii-v-macedonica-potaissa-turda\/\" class=\"more-link\">Cite\u0219te mai multe<span class=\"screen-reader-text\">\u201eStudii de teren (arheologice) pentru fundamentarea proiectului de restaurare, conservare \u0219i protec\u021bie a sitului arheologic Castrul Legiunii V Macedonica, Potaissa-Turda\u201d<\/span><\/a><\/p>\n","protected":false},"author":1,"featured_media":0,"parent":386,"menu_order":7,"comment_status":"closed","ping_status":"closed","template":"","meta":{"_inspiro_hide_title":false,"footnotes":""},"class_list":["post-1120","page","type-page","status-publish","hentry"],"_links":{"self":[{"href":"https:\/\/hiphi.ubbcluj.ro\/SD_ICC\/wp-json\/wp\/v2\/pages\/1120","targetHints":{"allow":["GET"]}}],"collection":[{"href":"https:\/\/hiphi.ubbcluj.ro\/SD_ICC\/wp-json\/wp\/v2\/pages"}],"about":[{"href":"https:\/\/hiphi.ubbcluj.ro\/SD_ICC\/wp-json\/wp\/v2\/types\/page"}],"author":[{"embeddable":true,"href":"https:\/\/hiphi.ubbcluj.ro\/SD_ICC\/wp-json\/wp\/v2\/users\/1"}],"replies":[{"embeddable":true,"href":"https:\/\/hiphi.ubbcluj.ro\/SD_ICC\/wp-json\/wp\/v2\/comments?post=1120"}],"version-history":[{"count":4,"href":"https:\/\/hiphi.ubbcluj.ro\/SD_ICC\/wp-json\/wp\/v2\/pages\/1120\/revisions"}],"predecessor-version":[{"id":1143,"href":"https:\/\/hiphi.ubbcluj.ro\/SD_ICC\/wp-json\/wp\/v2\/pages\/1120\/revisions\/1143"}],"up":[{"embeddable":true,"href":"https:\/\/hiphi.ubbcluj.ro\/SD_ICC\/wp-json\/wp\/v2\/pages\/386"}],"wp:attachment":[{"href":"https:\/\/hiphi.ubbcluj.ro\/SD_ICC\/wp-json\/wp\/v2\/media?parent=1120"}],"curies":[{"name":"wp","href":"https:\/\/api.w.org\/{rel}","templated":true}]}}