{"id":1111,"date":"2021-12-14T18:53:00","date_gmt":"2021-12-14T18:53:00","guid":{"rendered":"http:\/\/hiphi.ubbcluj.ro\/SD_ICC\/?page_id=1111"},"modified":"2021-12-15T13:13:11","modified_gmt":"2021-12-15T13:13:11","slug":"repertoriul-vietii-breslelor-din-transilvania","status":"publish","type":"page","link":"https:\/\/hiphi.ubbcluj.ro\/SD_ICC\/cercetare\/proiecte\/repertoriul-vietii-breslelor-din-transilvania\/","title":{"rendered":"Conexiuni pe harta profesiilor din Transilvania \u00een epoca medie \u0219i premodern\u0103 &#8211; construc\u021bia unei baze de date a documentelor de breasl\u0103"},"content":{"rendered":"\n<p><strong>Conduc\u0103tor de proiect<\/strong><br>prof. univ. dr. R\u00fcsz-Fogarasi Enik\u0151 <\/p>\n\n\n\n<p><strong>Doctoranzi implica\u021bi<\/strong><br>S\u00fct\u0151 Zsolt<br>Bicsok Zolt\u00e1n<br>Karda-Markaly Aranka<br>Gy\u00f6rgy \u00c1rp\u00e1d Botond<br>Izs\u00e1n Csaba<br>B\u00e1lint Ildik\u00f3<br>Lad\u00f3 \u00c1rp\u00e1d<br>Lad\u00f3 Gy\u00f6ngyv\u00e9r<br>Bakk Antal P\u00e1l<br>Bo\u00e9r Ilka<br>Ciorb\u0103 Mihai<br>F\u00f6ldi Imelga (drd. coordonat\u0103 de prof. Judit P\u00e1l)<\/p>\n","protected":false},"excerpt":{"rendered":"<p>Conduc\u0103tor de proiectprof. univ. dr. R\u00fcsz-Fogarasi Enik\u0151 Doctoranzi implica\u021biS\u00fct\u0151 ZsoltBicsok Zolt\u00e1nKarda-Markaly ArankaGy\u00f6rgy \u00c1rp\u00e1d BotondIzs\u00e1n CsabaB\u00e1lint Ildik\u00f3Lad\u00f3 \u00c1rp\u00e1dLad\u00f3 Gy\u00f6ngyv\u00e9rBakk Antal P\u00e1lBo\u00e9r IlkaCiorb\u0103 MihaiF\u00f6ldi Imelga (drd. coordonat\u0103 de prof. Judit P\u00e1l)<\/p>\n","protected":false},"author":1,"featured_media":0,"parent":386,"menu_order":6,"comment_status":"closed","ping_status":"closed","template":"","meta":{"_inspiro_hide_title":false,"footnotes":""},"class_list":["post-1111","page","type-page","status-publish","hentry"],"_links":{"self":[{"href":"https:\/\/hiphi.ubbcluj.ro\/SD_ICC\/wp-json\/wp\/v2\/pages\/1111","targetHints":{"allow":["GET"]}}],"collection":[{"href":"https:\/\/hiphi.ubbcluj.ro\/SD_ICC\/wp-json\/wp\/v2\/pages"}],"about":[{"href":"https:\/\/hiphi.ubbcluj.ro\/SD_ICC\/wp-json\/wp\/v2\/types\/page"}],"author":[{"embeddable":true,"href":"https:\/\/hiphi.ubbcluj.ro\/SD_ICC\/wp-json\/wp\/v2\/users\/1"}],"replies":[{"embeddable":true,"href":"https:\/\/hiphi.ubbcluj.ro\/SD_ICC\/wp-json\/wp\/v2\/comments?post=1111"}],"version-history":[{"count":3,"href":"https:\/\/hiphi.ubbcluj.ro\/SD_ICC\/wp-json\/wp\/v2\/pages\/1111\/revisions"}],"predecessor-version":[{"id":1129,"href":"https:\/\/hiphi.ubbcluj.ro\/SD_ICC\/wp-json\/wp\/v2\/pages\/1111\/revisions\/1129"}],"up":[{"embeddable":true,"href":"https:\/\/hiphi.ubbcluj.ro\/SD_ICC\/wp-json\/wp\/v2\/pages\/386"}],"wp:attachment":[{"href":"https:\/\/hiphi.ubbcluj.ro\/SD_ICC\/wp-json\/wp\/v2\/media?parent=1111"}],"curies":[{"name":"wp","href":"https:\/\/api.w.org\/{rel}","templated":true}]}}