{"id":1103,"date":"2021-12-14T18:27:39","date_gmt":"2021-12-14T18:27:39","guid":{"rendered":"http:\/\/hiphi.ubbcluj.ro\/SD_ICC\/?page_id=1103"},"modified":"2021-12-16T16:08:57","modified_gmt":"2021-12-16T16:08:57","slug":"les-grandes-portes","status":"publish","type":"page","link":"https:\/\/hiphi.ubbcluj.ro\/SD_ICC\/cercetare\/proiecte\/les-grandes-portes\/","title":{"rendered":"Les Grandes Portes"},"content":{"rendered":"\n<p><strong>Coordonatori ai proiectului<\/strong><br>prof. univ. dr. Gelu Florea<br>prof. Sophie Krausz (Universit\u00e9 Paris I Panth\u00e9on-Sorbonne)<\/p>\n\n\n\n<p><strong>Cercet\u0103tor<\/strong><br>drd. <a rel=\"noreferrer noopener\" aria-label=\"\u0218tefan Vasilache (se deschide \u00eentr-o fil\u0103 nou\u0103)\" href=\"http:\/\/hiphi.ubbcluj.ro\/SD_ICC\/wp-content\/uploads\/2021\/12\/CV-S.V.-2021.pdf\" target=\"_blank\">\u0218tefan Vasilache<\/a>, cercet\u0103tor arheolog \u00een campania de s\u0103p\u0103turi de la Bibracte (Glux-en-Glenne, Fran\u021ba)<br>\u2022 De asemenea, \u0218tefan Vasilache este membru \u00een <em><strong>Re\u021beaua \u0219tiin\u021bific\u0103 interna\u021bional\u0103 IRN NEMESIS <\/strong><\/em>(acreditat\u0103 CNRS), \u00eempreun\u0103 cu prof. Gelu Florea.<br><\/p>\n\n\n\n<p><em>Obiectivul cercet\u0103rilor a fost sectorul \u201cLes Grandes Portes\u201d \u2013 una dintre por\u021bile monumentale ale a\u0219ez\u0103rii fortificate: a fost continuat\u0103 dezvelirea unei por\u021biuni de murus Gallicus (\u00eenceput\u0103 \u00een 2019) \u0219i a \u00eenceput investigarea unei terase de mari dimensiuni aflat\u0103 \u00een imediata apropiere a intr\u0103rii, pe care se presupune c\u0103 a func\u021bionat \u0219i o carier\u0103 de piatr\u0103.<\/em><br>Detalii suplimentare <a rel=\"noreferrer noopener\" aria-label=\"aici (se deschide \u00eentr-o fil\u0103 nou\u0103)\" href=\"http:\/\/hiphi.ubbcluj.ro\/evenimente?n=Bibracte_2021.html\" target=\"_blank\">aici<\/a>.<\/p>\n\n\n\n<p><\/p>\n","protected":false},"excerpt":{"rendered":"<p>Coordonatori ai proiectuluiprof. univ. dr. Gelu Floreaprof. Sophie Krausz (Universit\u00e9 Paris I Panth\u00e9on-Sorbonne) Cercet\u0103tordrd. \u0218tefan Vasilache, cercet\u0103tor arheolog \u00een campania de s\u0103p\u0103turi de la Bibracte (Glux-en-Glenne, Fran\u021ba)\u2022 De asemenea, \u0218tefan Vasilache este membru \u00een Re\u021beaua \u0219tiin\u021bific\u0103 interna\u021bional\u0103 IRN NEMESIS (acreditat\u0103 CNRS), \u00eempreun\u0103 cu prof. Gelu Florea. Obiectivul cercet\u0103rilor a fost sectorul \u201cLes Grandes Portes\u201d \u2013 &hellip; <\/p>\n<p class=\"link-more\"><a href=\"https:\/\/hiphi.ubbcluj.ro\/SD_ICC\/cercetare\/proiecte\/les-grandes-portes\/\" class=\"more-link\">Cite\u0219te mai multe<span class=\"screen-reader-text\">\u201eLes Grandes Portes\u201d<\/span><\/a><\/p>\n","protected":false},"author":1,"featured_media":0,"parent":386,"menu_order":5,"comment_status":"closed","ping_status":"closed","template":"","meta":{"_inspiro_hide_title":false,"footnotes":""},"class_list":["post-1103","page","type-page","status-publish","hentry"],"_links":{"self":[{"href":"https:\/\/hiphi.ubbcluj.ro\/SD_ICC\/wp-json\/wp\/v2\/pages\/1103","targetHints":{"allow":["GET"]}}],"collection":[{"href":"https:\/\/hiphi.ubbcluj.ro\/SD_ICC\/wp-json\/wp\/v2\/pages"}],"about":[{"href":"https:\/\/hiphi.ubbcluj.ro\/SD_ICC\/wp-json\/wp\/v2\/types\/page"}],"author":[{"embeddable":true,"href":"https:\/\/hiphi.ubbcluj.ro\/SD_ICC\/wp-json\/wp\/v2\/users\/1"}],"replies":[{"embeddable":true,"href":"https:\/\/hiphi.ubbcluj.ro\/SD_ICC\/wp-json\/wp\/v2\/comments?post=1103"}],"version-history":[{"count":5,"href":"https:\/\/hiphi.ubbcluj.ro\/SD_ICC\/wp-json\/wp\/v2\/pages\/1103\/revisions"}],"predecessor-version":[{"id":1141,"href":"https:\/\/hiphi.ubbcluj.ro\/SD_ICC\/wp-json\/wp\/v2\/pages\/1103\/revisions\/1141"}],"up":[{"embeddable":true,"href":"https:\/\/hiphi.ubbcluj.ro\/SD_ICC\/wp-json\/wp\/v2\/pages\/386"}],"wp:attachment":[{"href":"https:\/\/hiphi.ubbcluj.ro\/SD_ICC\/wp-json\/wp\/v2\/media?parent=1103"}],"curies":[{"name":"wp","href":"https:\/\/api.w.org\/{rel}","templated":true}]}}