{"id":1045,"date":"2021-12-03T11:26:05","date_gmt":"2021-12-03T11:26:05","guid":{"rendered":"http:\/\/hiphi.ubbcluj.ro\/SD_ICC\/?page_id=1045"},"modified":"2021-12-03T11:27:12","modified_gmt":"2021-12-03T11:27:12","slug":"inregistrarea-interactiva-si-cartografierea-siturilor-daciei-romane-versiunea-online-actualizata-a-tabula-imperii-romani-tir-l-34-l-35-si-forma-orbis-romani-for-2015","status":"publish","type":"page","link":"https:\/\/hiphi.ubbcluj.ro\/SD_ICC\/cercetare\/proiecte\/inregistrarea-interactiva-si-cartografierea-siturilor-daciei-romane-versiunea-online-actualizata-a-tabula-imperii-romani-tir-l-34-l-35-si-forma-orbis-romani-for-2015\/","title":{"rendered":"\u00cenregistrarea interactiv\u0103 \u015fi cartografierea siturilor Daciei Romane. Versiunea online, actualizat\u0103, a Tabula Imperii Romani (TIR) L 34, L 35 \u015fi Forma Orbis Romani (FOR) (2015-)"},"content":{"rendered":"\n<p><strong>Echipa cercet\u0103torilor rom\u00e2ni<br><\/strong>conf. univ. dr. Florin Fodorean<br>drd. \u0218tefania Dog\u0103rel<br>drd. Szil\u00e1gyi Orsolya<br>drd. Andrei-C\u0103t\u0103lin D\u00eesc\u0103<br><\/p>\n\n\n\n<p>Proiectul interna\u021bional se desf\u0103\u0219oar\u0103 sub patronajul Union Acad\u00e9mique Internationale, aduc\u00e2nd \u00eempreun\u0103 echipe de cercet\u0103tori din cadrul universit\u0103\u021bilor \u0219i a institutelor de cercetare din \u021b\u0103ri precum Spania, Italia, Polonia, Grecia, Tunisia \u0219i Rom\u00e2nia. <br><\/p>\n\n\n\n<ul class=\"wp-block-list\"><li>Spania (Josep Guitart, Marta Prevosti, Pau de Soto, N\u00faria Roman\u00ed, Institut Catal\u00e0 d&#8217;Arqueologia Cl\u00e0ssica &#8211; ICAC)<\/li><li>Italia (Luisa Migliorati, Universitatea Roma Sapienza)<\/li><li>Polonia (Judyta Rodzi\u0144ska, Jagiellonian University, Cracovia)<\/li><li>Grecia (Georgios Zachos, Academy of Athens, Research Centre for Antiquity, and Vyron Antoniadis, National Hellenic Research Foundation, Institute of Historical Research)<\/li><li>Tunisia (Fathi Bejaoui and Mo\u00e8z Achour, National Institute of Heritage)<\/li><li>Rom\u00e2nia (Institutul de Studii Clasice, Facultatea de Istorie \u0219i Filosofie, UBB)<\/li><\/ul>\n\n\n\n<p>Scopul acestui proiect este de a inventaria complet \u0219i a cartografia \u00een format digital toate punctele cu descoperiri romane din volumele TIR L 34 \u015fi TIR L 35, precum \u0219i toate descoperirile ob\u021binute \u00een urma cercet\u0103rilor arheologice \u00eencep\u00e2nd cu anii 1968-1969 p\u00e2n\u0103 \u00een prezent. Totalul punctelor cu descoperiri arheologice din Dacia roman\u0103 ajunge la un num\u0103r de cca. 2000. <\/p>\n\n\n\n<p>Platforma care face posibil\u0103 \u00eenregistrarea tuturor datelor este <a rel=\"noreferrer noopener\" aria-label=\"aceasta (se deschide \u00eentr-o fil\u0103 nou\u0103)\" href=\"https:\/\/tir-for.iec.cat\/tirforAdm\/login.jsp;jsessionid=385F2A88BCDB364A33340B04A8D8F1C8\" target=\"_blank\"><strong>aceasta<\/strong><\/a>, membrii fiec\u0103rei echipe av\u00e2nd acces personalizat. Exist\u0103 o comunicare permanent\u0103 \u00eentre echipe pentru a discuta progresele f\u0103cute, problemele \u00eent\u00e2mpinate, precum \u015fi pentru a stabili strategia pentru a g\u0103si solu\u0163ii \u00een vederea \u00eembun\u0103t\u0103\u021birii con\u021biutului plaformei.<\/p>\n\n\n\n<p>\u00cen perioada 26-27 octombrie 2020 s-a desf\u0103\u0219urat online primul simpozion interna\u021bional TIR (Tabula Imperii Romani) \u2013 FOR (Forma Ortbis Romani), <em>From territory studies to digital cartography<\/em>, organizat de c\u0103tre <a rel=\"noreferrer noopener\" aria-label=\"Institut d\u2019estudis Catalans, Barcelona (se deschide \u00eentr-o fil\u0103 nou\u0103)\" href=\"http:\/\/icac.cat\/en\/actualitat\/noticies\/2020\/1st-tir-for-symposium-on-digital-cartography-next-october-26-and-27-fully-online\/\" target=\"_blank\">Institut d\u2019estudis Catalans, Barcelona<\/a>, \u00een cadrul c\u0103ruia conf. univ. dr. Florin Gheorghe Fodorean a prezentat dou\u0103 prelegeri, <strong><em>TIR FOR Romania. State of research<\/em><\/strong> \u0219i <em><strong>Landscape archaeology in northern Dacia. Potaissa and its surroundings.<\/strong><\/em> \u00cen volumul dedicat simpozionului interna\u021bional vor fi publicate cele dou\u0103 studii. <br><\/p>\n","protected":false},"excerpt":{"rendered":"<p>Echipa cercet\u0103torilor rom\u00e2niconf. univ. dr. Florin Fodoreandrd. \u0218tefania Dog\u0103reldrd. Szil\u00e1gyi Orsolyadrd. Andrei-C\u0103t\u0103lin D\u00eesc\u0103 Proiectul interna\u021bional se desf\u0103\u0219oar\u0103 sub patronajul Union Acad\u00e9mique Internationale, aduc\u00e2nd \u00eempreun\u0103 echipe de cercet\u0103tori din cadrul universit\u0103\u021bilor \u0219i a institutelor de cercetare din \u021b\u0103ri precum Spania, Italia, Polonia, Grecia, Tunisia \u0219i Rom\u00e2nia. Spania (Josep Guitart, Marta Prevosti, Pau de Soto, N\u00faria Roman\u00ed, &hellip; <\/p>\n<p class=\"link-more\"><a href=\"https:\/\/hiphi.ubbcluj.ro\/SD_ICC\/cercetare\/proiecte\/inregistrarea-interactiva-si-cartografierea-siturilor-daciei-romane-versiunea-online-actualizata-a-tabula-imperii-romani-tir-l-34-l-35-si-forma-orbis-romani-for-2015\/\" class=\"more-link\">Cite\u0219te mai multe<span class=\"screen-reader-text\">\u201e\u00cenregistrarea interactiv\u0103 \u015fi cartografierea siturilor Daciei Romane. Versiunea online, actualizat\u0103, a Tabula Imperii Romani (TIR) L 34, L 35 \u015fi Forma Orbis Romani (FOR) (2015-)\u201d<\/span><\/a><\/p>\n","protected":false},"author":1,"featured_media":0,"parent":386,"menu_order":4,"comment_status":"closed","ping_status":"closed","template":"","meta":{"_inspiro_hide_title":false,"footnotes":""},"class_list":["post-1045","page","type-page","status-publish","hentry"],"_links":{"self":[{"href":"https:\/\/hiphi.ubbcluj.ro\/SD_ICC\/wp-json\/wp\/v2\/pages\/1045","targetHints":{"allow":["GET"]}}],"collection":[{"href":"https:\/\/hiphi.ubbcluj.ro\/SD_ICC\/wp-json\/wp\/v2\/pages"}],"about":[{"href":"https:\/\/hiphi.ubbcluj.ro\/SD_ICC\/wp-json\/wp\/v2\/types\/page"}],"author":[{"embeddable":true,"href":"https:\/\/hiphi.ubbcluj.ro\/SD_ICC\/wp-json\/wp\/v2\/users\/1"}],"replies":[{"embeddable":true,"href":"https:\/\/hiphi.ubbcluj.ro\/SD_ICC\/wp-json\/wp\/v2\/comments?post=1045"}],"version-history":[{"count":2,"href":"https:\/\/hiphi.ubbcluj.ro\/SD_ICC\/wp-json\/wp\/v2\/pages\/1045\/revisions"}],"predecessor-version":[{"id":1047,"href":"https:\/\/hiphi.ubbcluj.ro\/SD_ICC\/wp-json\/wp\/v2\/pages\/1045\/revisions\/1047"}],"up":[{"embeddable":true,"href":"https:\/\/hiphi.ubbcluj.ro\/SD_ICC\/wp-json\/wp\/v2\/pages\/386"}],"wp:attachment":[{"href":"https:\/\/hiphi.ubbcluj.ro\/SD_ICC\/wp-json\/wp\/v2\/media?parent=1045"}],"curies":[{"name":"wp","href":"https:\/\/api.w.org\/{rel}","templated":true}]}}