{"id":1042,"date":"2021-12-03T11:13:59","date_gmt":"2021-12-03T11:13:59","guid":{"rendered":"http:\/\/hiphi.ubbcluj.ro\/SD_ICC\/?page_id=1042"},"modified":"2021-12-14T10:12:03","modified_gmt":"2021-12-14T10:12:03","slug":"promotion-of-crafts-and-gastronomy","status":"publish","type":"page","link":"https:\/\/hiphi.ubbcluj.ro\/SD_ICC\/cercetare\/proiecte\/promotion-of-crafts-and-gastronomy\/","title":{"rendered":"Promotion of Crafts and Gastronomy, as Relevant Components of the Cultural Heritage of the Carpathian Euroregion"},"content":{"rendered":"\n<figure class=\"wp-block-image is-resized\"><img fetchpriority=\"high\" decoding=\"async\" src=\"https:\/\/viagastrocarpathia.com\/wp-content\/uploads\/2021\/07\/logo-2.png\" alt=\"Via Gastrocarpathia - The Carpathian Route of Crafts and Tastes\" width=\"307\" height=\"307\"\/><\/figure>\n\n\n\n<p><a rel=\"noreferrer noopener\" aria-label=\"Project overview (se deschide \u00eentr-o fil\u0103 nou\u0103)\" href=\"https:\/\/viagastrocarpathia.com\/\" target=\"_blank\">Project overview<\/a><\/p>\n\n\n\n<p><strong>Echipa<\/strong><br>conf. univ. dr. Constantin B\u0103rbulescu &#8211; membru<br>drd. Iuliana Feren\u021b (octombrie 2018 &#8211; martie  2021) <br>drd. Smaranda Mure\u0219an (octombrie 2018 &#8211; martie  2021)<\/p>\n\n\n\n<p>O abordare inovatoare \u00een promovarea patrimoniului \u0219i poten\u021bialului turistic al me\u0219te\u0219ugurilor \u0219i gastronomiei \u00een regiunea transfrontalier\u0103 Ungaria-Rom\u00e2nia-Ucraina.<\/p>\n","protected":false},"excerpt":{"rendered":"<p>Project overview Echipaconf. univ. dr. Constantin B\u0103rbulescu &#8211; membrudrd. Iuliana Feren\u021b (octombrie 2018 &#8211; martie 2021) drd. Smaranda Mure\u0219an (octombrie 2018 &#8211; martie 2021) O abordare inovatoare \u00een promovarea patrimoniului \u0219i poten\u021bialului turistic al me\u0219te\u0219ugurilor \u0219i gastronomiei \u00een regiunea transfrontalier\u0103 Ungaria-Rom\u00e2nia-Ucraina.<\/p>\n","protected":false},"author":1,"featured_media":0,"parent":386,"menu_order":3,"comment_status":"closed","ping_status":"closed","template":"","meta":{"_inspiro_hide_title":false,"footnotes":""},"class_list":["post-1042","page","type-page","status-publish","hentry"],"_links":{"self":[{"href":"https:\/\/hiphi.ubbcluj.ro\/SD_ICC\/wp-json\/wp\/v2\/pages\/1042","targetHints":{"allow":["GET"]}}],"collection":[{"href":"https:\/\/hiphi.ubbcluj.ro\/SD_ICC\/wp-json\/wp\/v2\/pages"}],"about":[{"href":"https:\/\/hiphi.ubbcluj.ro\/SD_ICC\/wp-json\/wp\/v2\/types\/page"}],"author":[{"embeddable":true,"href":"https:\/\/hiphi.ubbcluj.ro\/SD_ICC\/wp-json\/wp\/v2\/users\/1"}],"replies":[{"embeddable":true,"href":"https:\/\/hiphi.ubbcluj.ro\/SD_ICC\/wp-json\/wp\/v2\/comments?post=1042"}],"version-history":[{"count":1,"href":"https:\/\/hiphi.ubbcluj.ro\/SD_ICC\/wp-json\/wp\/v2\/pages\/1042\/revisions"}],"predecessor-version":[{"id":1043,"href":"https:\/\/hiphi.ubbcluj.ro\/SD_ICC\/wp-json\/wp\/v2\/pages\/1042\/revisions\/1043"}],"up":[{"embeddable":true,"href":"https:\/\/hiphi.ubbcluj.ro\/SD_ICC\/wp-json\/wp\/v2\/pages\/386"}],"wp:attachment":[{"href":"https:\/\/hiphi.ubbcluj.ro\/SD_ICC\/wp-json\/wp\/v2\/media?parent=1042"}],"curies":[{"name":"wp","href":"https:\/\/api.w.org\/{rel}","templated":true}]}}