{"id":1040,"date":"2021-12-03T11:10:24","date_gmt":"2021-12-03T11:10:24","guid":{"rendered":"http:\/\/hiphi.ubbcluj.ro\/SD_ICC\/?page_id=1040"},"modified":"2021-12-14T10:10:15","modified_gmt":"2021-12-14T10:10:15","slug":"the-rise-of-an-intellectual-elite-in-central-europe-university-of-vienna-1389-1450","status":"publish","type":"page","link":"https:\/\/hiphi.ubbcluj.ro\/SD_ICC\/cercetare\/proiecte\/the-rise-of-an-intellectual-elite-in-central-europe-university-of-vienna-1389-1450\/","title":{"rendered":"The rise of an intellectual elite in Central Europe: University of Vienna 1389-1450"},"content":{"rendered":"\n<figure class=\"wp-block-image is-resized\"><img fetchpriority=\"high\" decoding=\"async\" src=\"http:\/\/hiphi.ubbcluj.ro\/SD_ICC\/wp-content\/uploads\/2021\/10\/therise-1-300x209.jpg\" alt=\"Aceast\u0103 imagine are atributul alt gol; numele fi\u0219ierului este therise-1-300x209.jpg\" width=\"300\" height=\"209\"\/><\/figure>\n\n\n\n<p><a rel=\"noreferrer noopener\" aria-label=\"Project overview (se deschide \u00eentr-o fil\u0103 nou\u0103)\" href=\"https:\/\/rise-ubb.com\/\" target=\"_blank\">Project overview<\/a><\/p>\n\n\n\n<p><strong>Echipa<\/strong><br>conf. univ. dr. Adinel C. Dinc\u0103<br>dr. Monica Br\u00eenzei<br>asistent cercet\u0103tor dr. Alexandra Baneu<br>drd. Cristian Baumgarten<br>drd. Luciana Cioca<br>drd. Daniel Coman<br>drd. Paula Cotoi <br>drd. Ioana Curu\u0163<br>lect. univ. dr. Iulian-Mihai Damian (Facultatea de Litere)<br>drd. Lavinia Grijac<br>CS Edit Anna Luk\u00e1cs<br>dr. Mihai Maga<br>drd. Andrei Marinca<br>drd. M\u0103d\u0103lina-Gabriela Pantea<br>drd. Isabela Stoian <\/p>\n\n\n\n<p>Scopul proiectului RISE este de a oferi acces la un corpus unic de materiale din colec\u021bia bibliotecii Universit\u0103\u021bii din Basel (provenind ini\u021bial de la m\u0103n\u0103stirea dominican\u0103 medieval\u0103 din Basel) \u0219i care va pune \u00eentr-o lumin\u0103 nou\u0103 \u00eenfiin\u021barea Facult\u0103\u021bii de Teologie din cadrul Universit\u0103\u021bii medievale din Viena.<br>Facultatea de Teologie de la Viena a jucat un rol crucial \u00een dezvoltarea \u00eenv\u0103\u021b\u0103m\u00e2ntului academic \u00een Europa de Est \u00een secolul al XV-lea; ea este str\u00e2ns legat\u0103 de istoria intelectual\u0103 a Rom\u00e2niei, deoarece unii dintre primii studen\u021bi ai universit\u0103\u021bii au venit din Transilvania.<br><br>Scopul proiectului RISE va fi atins prin identificarea, editarea \u0219i analiza unor texte neexplorate anterior, p\u0103strate \u00een biblioteca Universit\u0103\u021bii din Basel. Pe baza acestui material, proiectul RISE va produce primul studiu cuprinz\u0103tor al ideilor \u0219i exerci\u021biilor academice ale primilor profesori ai Facult\u0103\u021bii de Teologie din cadrul Universit\u0103\u021bii medievale din Viena.<\/p>\n","protected":false},"excerpt":{"rendered":"<p>Project overview Echipaconf. univ. dr. Adinel C. Dinc\u0103dr. Monica Br\u00eenzeiasistent cercet\u0103tor dr. Alexandra Baneudrd. Cristian Baumgartendrd. Luciana Ciocadrd. Daniel Comandrd. Paula Cotoi drd. Ioana Curu\u0163lect. univ. dr. Iulian-Mihai Damian (Facultatea de Litere)drd. Lavinia GrijacCS Edit Anna Luk\u00e1csdr. Mihai Magadrd. Andrei Marincadrd. M\u0103d\u0103lina-Gabriela Panteadrd. Isabela Stoian Scopul proiectului RISE este de a oferi acces la un &hellip; <\/p>\n<p class=\"link-more\"><a href=\"https:\/\/hiphi.ubbcluj.ro\/SD_ICC\/cercetare\/proiecte\/the-rise-of-an-intellectual-elite-in-central-europe-university-of-vienna-1389-1450\/\" class=\"more-link\">Cite\u0219te mai multe<span class=\"screen-reader-text\">\u201eThe rise of an intellectual elite in Central Europe: University of Vienna 1389-1450\u201d<\/span><\/a><\/p>\n","protected":false},"author":1,"featured_media":0,"parent":386,"menu_order":2,"comment_status":"closed","ping_status":"closed","template":"","meta":{"_inspiro_hide_title":false,"footnotes":""},"class_list":["post-1040","page","type-page","status-publish","hentry"],"_links":{"self":[{"href":"https:\/\/hiphi.ubbcluj.ro\/SD_ICC\/wp-json\/wp\/v2\/pages\/1040","targetHints":{"allow":["GET"]}}],"collection":[{"href":"https:\/\/hiphi.ubbcluj.ro\/SD_ICC\/wp-json\/wp\/v2\/pages"}],"about":[{"href":"https:\/\/hiphi.ubbcluj.ro\/SD_ICC\/wp-json\/wp\/v2\/types\/page"}],"author":[{"embeddable":true,"href":"https:\/\/hiphi.ubbcluj.ro\/SD_ICC\/wp-json\/wp\/v2\/users\/1"}],"replies":[{"embeddable":true,"href":"https:\/\/hiphi.ubbcluj.ro\/SD_ICC\/wp-json\/wp\/v2\/comments?post=1040"}],"version-history":[{"count":1,"href":"https:\/\/hiphi.ubbcluj.ro\/SD_ICC\/wp-json\/wp\/v2\/pages\/1040\/revisions"}],"predecessor-version":[{"id":1041,"href":"https:\/\/hiphi.ubbcluj.ro\/SD_ICC\/wp-json\/wp\/v2\/pages\/1040\/revisions\/1041"}],"up":[{"embeddable":true,"href":"https:\/\/hiphi.ubbcluj.ro\/SD_ICC\/wp-json\/wp\/v2\/pages\/386"}],"wp:attachment":[{"href":"https:\/\/hiphi.ubbcluj.ro\/SD_ICC\/wp-json\/wp\/v2\/media?parent=1040"}],"curies":[{"name":"wp","href":"https:\/\/api.w.org\/{rel}","templated":true}]}}