{"id":1035,"date":"2021-12-03T10:35:46","date_gmt":"2021-12-03T10:35:46","guid":{"rendered":"http:\/\/hiphi.ubbcluj.ro\/SD_ICC\/?page_id=1035"},"modified":"2021-12-14T10:03:31","modified_gmt":"2021-12-14T10:03:31","slug":"change-and-continuity","status":"publish","type":"page","link":"https:\/\/hiphi.ubbcluj.ro\/SD_ICC\/cercetare\/proiecte\/change-and-continuity\/","title":{"rendered":"Change and continuity: the public administration and the civil servants\u2019 corps from Transylvania before and after the First World War (1910-1925)"},"content":{"rendered":"\n<figure class=\"wp-block-image is-resized\"><img fetchpriority=\"high\" decoding=\"async\" src=\"http:\/\/hiphi.ubbcluj.ro\/SD_ICC\/wp-content\/uploads\/2021\/10\/Scan-2021.-okt.-27._page-0001-2-190x300.jpg\" alt=\"Aceast\u0103 imagine are atributul alt gol; numele fi\u0219ierului este Scan-2021.-okt.-27._page-0001-2-190x300.jpg\" width=\"190\" height=\"300\"\/><\/figure>\n\n\n\n<p><a rel=\"noreferrer noopener\" aria-label=\"Project overview (se deschide \u00eentr-o fil\u0103 nou\u0103)\" href=\"http:\/\/elite-research.eu\/Change_and_Continuity_home.html\" target=\"_blank\">Project overview<\/a><\/p>\n\n\n\n<p><strong>Echipa<\/strong><br>prof. univ. dr. Judit P\u00e1l<br>lect. univ. dr. Andrei Florin Sora<br>lect. univ. dr. Vlad Popovici<br>drd. Edina G\u00e1l (octombrie 2017 \u2013 decembrie 2019) <br>drd. Csaba Horv\u00e1th (octombrie 2017 \u2013 decembrie 2018)<br>asistent cercet\u0103tor dr. Szil\u00e1rd Ferenczi (ianuarie \u2013 decembrie 2019)<br>asistent cercet\u0103tor dr. Ovidiu Iudean (iulie 2017 \u2013 iunie 2018)<br>masterand Timea Longaver (octombrie 2017 \u2013 iunie 2019)<br>masterand Florina Sas (iulie \u2013 decembrie 2019)<\/p>\n","protected":false},"excerpt":{"rendered":"<p>Project overview Echipaprof. univ. dr. Judit P\u00e1llect. univ. dr. Andrei Florin Soralect. univ. dr. Vlad Popovicidrd. Edina G\u00e1l (octombrie 2017 \u2013 decembrie 2019) drd. Csaba Horv\u00e1th (octombrie 2017 \u2013 decembrie 2018)asistent cercet\u0103tor dr. Szil\u00e1rd Ferenczi (ianuarie \u2013 decembrie 2019)asistent cercet\u0103tor dr. Ovidiu Iudean (iulie 2017 \u2013 iunie 2018)masterand Timea Longaver (octombrie 2017 \u2013 iunie 2019)masterand &hellip; <\/p>\n<p class=\"link-more\"><a href=\"https:\/\/hiphi.ubbcluj.ro\/SD_ICC\/cercetare\/proiecte\/change-and-continuity\/\" class=\"more-link\">Cite\u0219te mai multe<span class=\"screen-reader-text\">\u201eChange and continuity: the public administration and the civil servants\u2019 corps from Transylvania before and after the First World War (1910-1925)\u201d<\/span><\/a><\/p>\n","protected":false},"author":1,"featured_media":0,"parent":386,"menu_order":1,"comment_status":"closed","ping_status":"closed","template":"","meta":{"_inspiro_hide_title":false,"footnotes":""},"class_list":["post-1035","page","type-page","status-publish","hentry"],"_links":{"self":[{"href":"https:\/\/hiphi.ubbcluj.ro\/SD_ICC\/wp-json\/wp\/v2\/pages\/1035","targetHints":{"allow":["GET"]}}],"collection":[{"href":"https:\/\/hiphi.ubbcluj.ro\/SD_ICC\/wp-json\/wp\/v2\/pages"}],"about":[{"href":"https:\/\/hiphi.ubbcluj.ro\/SD_ICC\/wp-json\/wp\/v2\/types\/page"}],"author":[{"embeddable":true,"href":"https:\/\/hiphi.ubbcluj.ro\/SD_ICC\/wp-json\/wp\/v2\/users\/1"}],"replies":[{"embeddable":true,"href":"https:\/\/hiphi.ubbcluj.ro\/SD_ICC\/wp-json\/wp\/v2\/comments?post=1035"}],"version-history":[{"count":4,"href":"https:\/\/hiphi.ubbcluj.ro\/SD_ICC\/wp-json\/wp\/v2\/pages\/1035\/revisions"}],"predecessor-version":[{"id":1099,"href":"https:\/\/hiphi.ubbcluj.ro\/SD_ICC\/wp-json\/wp\/v2\/pages\/1035\/revisions\/1099"}],"up":[{"embeddable":true,"href":"https:\/\/hiphi.ubbcluj.ro\/SD_ICC\/wp-json\/wp\/v2\/pages\/386"}],"wp:attachment":[{"href":"https:\/\/hiphi.ubbcluj.ro\/SD_ICC\/wp-json\/wp\/v2\/media?parent=1035"}],"curies":[{"name":"wp","href":"https:\/\/api.w.org\/{rel}","templated":true}]}}